{"id":811,"date":"2017-12-11T17:47:58","date_gmt":"2017-12-11T16:47:58","guid":{"rendered":"https:\/\/www.biomore.eu\/product\/fulvic-acid-inhalation\/"},"modified":"2023-06-05T15:53:24","modified_gmt":"2023-06-05T14:53:24","slug":"fulvic-acid-inhalation","status":"publish","type":"product","link":"https:\/\/www.biomore.eu\/fr\/product\/fulvic-acid-inhalation\/","title":{"rendered":"Fulvic Acid (inhalation)"},"content":{"rendered":"<p>[vc_row][vc_column][vc_column_text]<strong>L&rsquo;acide fulvique<\/strong> est un compos\u00e9 naturel et fait partie des acides dits humiques (acides produits lors du compostage du mat\u00e9riel v\u00e9g\u00e9tal). Il a une \u00e9norme capacit\u00e9 de liaison pour les m\u00e9taux, et c&rsquo;est la raison pour laquelle la mol\u00e9cule est difficile \u00e0 trouver en tant que \u00abmol\u00e9cule propre\u00bb de nos jours. L&rsquo;acide fulvique que nous proposons est unique en raison de son proc\u00e9d\u00e9 brevet\u00e9 et il est 100% exempt de m\u00e9taux lourds et de pesticides. L&rsquo;acide fulvique peut \u00eatre consomm\u00e9 sans aucun effet ind\u00e9sirable connu. Il soutient l&rsquo;absorption de compl\u00e9ments alimentaires, il aide \u00e0 lib\u00e9rer les m\u00e9taux lourds du corps et soutient le syst\u00e8me immunitaire du corps.[\/vc_column_text][\/vc_column][\/vc_row]<\/p>\n","protected":false},"excerpt":{"rendered":"<p><strong>L&rsquo;acide fulvique<\/strong> que nous proposons est unique de par son proc\u00e9d\u00e9 brevet\u00e9 et 100% exempt de m\u00e9taux lourds. L&rsquo;acide fulvique peut \u00eatre consomm\u00e9 sans aucun effet ind\u00e9sirable connu. Il soutient l&rsquo;absorption de compl\u00e9ments alimentaires, il aide \u00e0 lib\u00e9rer les m\u00e9taux lourds du corps et soutient le syst\u00e8me immunitaire du corps.<\/p>\n","protected":false},"featured_media":4253,"comment_status":"open","ping_status":"closed","template":"","meta":{"_uag_custom_page_level_css":""},"product_brand":[],"product_cat":[33],"product_tag":[],"class_list":{"0":"post-811","1":"product","2":"type-product","3":"status-publish","4":"has-post-thumbnail","6":"product_cat-resistance-fr","8":"first","9":"instock","10":"taxable","11":"shipping-taxable","12":"purchasable","13":"product-type-variable","14":"layout-style-2","15":"col-md-4 col-sm-4 col-xs-6","16":"col-lg-3","17":"product-style-quickview"},"yoast_head":"<!-- This site is optimized with the Yoast SEO plugin v26.6 - https:\/\/yoast.com\/wordpress\/plugins\/seo\/ -->\n<title>Fulvic Acid(drink)<\/title>\n<meta name=\"description\" content=\"L&#039;acide fulvique soutient l&#039;absorption des compl\u00e9ments alimentaires, il aide \u00e0 lib\u00e9rer les m\u00e9taux lourds du corps et soutient le syst\u00e8me immunitaire du corps.\" \/>\n<meta name=\"robots\" content=\"index, follow, max-snippet:-1, max-image-preview:large, max-video-preview:-1\" \/>\n<link rel=\"canonical\" href=\"https:\/\/www.biomore.eu\/product\/fulvic-acid-inhalation\/\" \/>\n<meta property=\"og:locale\" content=\"fr_FR\" \/>\n<meta property=\"og:type\" content=\"article\" \/>\n<meta property=\"og:title\" content=\"Fulvic Acid(drink)\" \/>\n<meta property=\"og:description\" content=\"L&#039;acide fulvique soutient l&#039;absorption des compl\u00e9ments alimentaires, il aide \u00e0 lib\u00e9rer les m\u00e9taux lourds du corps et soutient le syst\u00e8me immunitaire du corps.\" \/>\n<meta property=\"og:url\" content=\"https:\/\/www.biomore.eu\/product\/fulvic-acid-inhalation\/\" \/>\n<meta property=\"og:site_name\" content=\"Biomore\" \/>\n<meta property=\"article:modified_time\" content=\"2023-06-05T14:53:24+00:00\" \/>\n<meta property=\"og:image\" content=\"https:\/\/www.biomore.eu\/wp-content\/uploads\/2018\/06\/Fulvic-acid-050L-inhalationv7.png\" \/>\n\t<meta property=\"og:image:width\" content=\"900\" \/>\n\t<meta property=\"og:image:height\" content=\"900\" \/>\n\t<meta property=\"og:image:type\" content=\"image\/png\" \/>\n<meta name=\"twitter:card\" content=\"summary_large_image\" \/>\n<meta name=\"twitter:label1\" content=\"Dur\u00e9e de lecture estim\u00e9e\" \/>\n\t<meta name=\"twitter:data1\" content=\"1 minute\" \/>\n<script type=\"application\/ld+json\" class=\"yoast-schema-graph\">{\"@context\":\"https:\/\/schema.org\",\"@graph\":[{\"@type\":\"WebPage\",\"@id\":\"https:\/\/www.biomore.eu\/product\/fulvic-acid-inhalation\/\",\"url\":\"https:\/\/www.biomore.eu\/product\/fulvic-acid-inhalation\/\",\"name\":\"Fulvic Acid(drink)\",\"isPartOf\":{\"@id\":\"https:\/\/www.biomore.eu\/de\/#website\"},\"primaryImageOfPage\":{\"@id\":\"https:\/\/www.biomore.eu\/product\/fulvic-acid-inhalation\/#primaryimage\"},\"image\":{\"@id\":\"https:\/\/www.biomore.eu\/product\/fulvic-acid-inhalation\/#primaryimage\"},\"thumbnailUrl\":\"https:\/\/www.biomore.eu\/wp-content\/uploads\/2025\/07\/Fulvic-acid-0.5L-inhalation.webp\",\"datePublished\":\"2017-12-11T16:47:58+00:00\",\"dateModified\":\"2023-06-05T14:53:24+00:00\",\"description\":\"L'acide fulvique soutient l'absorption des compl\u00e9ments alimentaires, il aide \u00e0 lib\u00e9rer les m\u00e9taux lourds du corps et soutient le syst\u00e8me immunitaire du corps.\",\"breadcrumb\":{\"@id\":\"https:\/\/www.biomore.eu\/product\/fulvic-acid-inhalation\/#breadcrumb\"},\"inLanguage\":\"fr-FR\",\"potentialAction\":[{\"@type\":\"ReadAction\",\"target\":[\"https:\/\/www.biomore.eu\/product\/fulvic-acid-inhalation\/\"]}]},{\"@type\":\"ImageObject\",\"inLanguage\":\"fr-FR\",\"@id\":\"https:\/\/www.biomore.eu\/product\/fulvic-acid-inhalation\/#primaryimage\",\"url\":\"https:\/\/www.biomore.eu\/wp-content\/uploads\/2025\/07\/Fulvic-acid-0.5L-inhalation.webp\",\"contentUrl\":\"https:\/\/www.biomore.eu\/wp-content\/uploads\/2025\/07\/Fulvic-acid-0.5L-inhalation.webp\",\"width\":900,\"height\":900,\"caption\":\"Fulvic acid inhalation\"},{\"@type\":\"BreadcrumbList\",\"@id\":\"https:\/\/www.biomore.eu\/product\/fulvic-acid-inhalation\/#breadcrumb\",\"itemListElement\":[{\"@type\":\"ListItem\",\"position\":1,\"name\":\"Home\",\"item\":\"https:\/\/www.biomore.eu\/fr\/\"},{\"@type\":\"ListItem\",\"position\":2,\"name\":\"Boutique\",\"item\":\"https:\/\/www.biomore.eu\/fr\/boutique\/\"},{\"@type\":\"ListItem\",\"position\":3,\"name\":\"Fulvic Acid (inhalation)\"}]},{\"@type\":\"WebSite\",\"@id\":\"https:\/\/www.biomore.eu\/de\/#website\",\"url\":\"https:\/\/www.biomore.eu\/de\/\",\"name\":\"Biomore\",\"description\":\"\",\"potentialAction\":[{\"@type\":\"SearchAction\",\"target\":{\"@type\":\"EntryPoint\",\"urlTemplate\":\"https:\/\/www.biomore.eu\/de\/?s={search_term_string}\"},\"query-input\":{\"@type\":\"PropertyValueSpecification\",\"valueRequired\":true,\"valueName\":\"search_term_string\"}}],\"inLanguage\":\"fr-FR\"}]}<\/script>\n<!-- \/ Yoast SEO plugin. -->","yoast_head_json":{"title":"Fulvic Acid(drink)","description":"L'acide fulvique soutient l'absorption des compl\u00e9ments alimentaires, il aide \u00e0 lib\u00e9rer les m\u00e9taux lourds du corps et soutient le syst\u00e8me immunitaire du corps.","robots":{"index":"index","follow":"follow","max-snippet":"max-snippet:-1","max-image-preview":"max-image-preview:large","max-video-preview":"max-video-preview:-1"},"canonical":"https:\/\/www.biomore.eu\/product\/fulvic-acid-inhalation\/","og_locale":"fr_FR","og_type":"article","og_title":"Fulvic Acid(drink)","og_description":"L'acide fulvique soutient l'absorption des compl\u00e9ments alimentaires, il aide \u00e0 lib\u00e9rer les m\u00e9taux lourds du corps et soutient le syst\u00e8me immunitaire du corps.","og_url":"https:\/\/www.biomore.eu\/product\/fulvic-acid-inhalation\/","og_site_name":"Biomore","article_modified_time":"2023-06-05T14:53:24+00:00","og_image":[{"width":900,"height":900,"url":"https:\/\/www.biomore.eu\/wp-content\/uploads\/2018\/06\/Fulvic-acid-050L-inhalationv7.png","type":"image\/png"}],"twitter_card":"summary_large_image","twitter_misc":{"Dur\u00e9e de lecture estim\u00e9e":"1 minute"},"schema":{"@context":"https:\/\/schema.org","@graph":[{"@type":"WebPage","@id":"https:\/\/www.biomore.eu\/product\/fulvic-acid-inhalation\/","url":"https:\/\/www.biomore.eu\/product\/fulvic-acid-inhalation\/","name":"Fulvic Acid(drink)","isPartOf":{"@id":"https:\/\/www.biomore.eu\/de\/#website"},"primaryImageOfPage":{"@id":"https:\/\/www.biomore.eu\/product\/fulvic-acid-inhalation\/#primaryimage"},"image":{"@id":"https:\/\/www.biomore.eu\/product\/fulvic-acid-inhalation\/#primaryimage"},"thumbnailUrl":"https:\/\/www.biomore.eu\/wp-content\/uploads\/2025\/07\/Fulvic-acid-0.5L-inhalation.webp","datePublished":"2017-12-11T16:47:58+00:00","dateModified":"2023-06-05T14:53:24+00:00","description":"L'acide fulvique soutient l'absorption des compl\u00e9ments alimentaires, il aide \u00e0 lib\u00e9rer les m\u00e9taux lourds du corps et soutient le syst\u00e8me immunitaire du corps.","breadcrumb":{"@id":"https:\/\/www.biomore.eu\/product\/fulvic-acid-inhalation\/#breadcrumb"},"inLanguage":"fr-FR","potentialAction":[{"@type":"ReadAction","target":["https:\/\/www.biomore.eu\/product\/fulvic-acid-inhalation\/"]}]},{"@type":"ImageObject","inLanguage":"fr-FR","@id":"https:\/\/www.biomore.eu\/product\/fulvic-acid-inhalation\/#primaryimage","url":"https:\/\/www.biomore.eu\/wp-content\/uploads\/2025\/07\/Fulvic-acid-0.5L-inhalation.webp","contentUrl":"https:\/\/www.biomore.eu\/wp-content\/uploads\/2025\/07\/Fulvic-acid-0.5L-inhalation.webp","width":900,"height":900,"caption":"Fulvic acid inhalation"},{"@type":"BreadcrumbList","@id":"https:\/\/www.biomore.eu\/product\/fulvic-acid-inhalation\/#breadcrumb","itemListElement":[{"@type":"ListItem","position":1,"name":"Home","item":"https:\/\/www.biomore.eu\/fr\/"},{"@type":"ListItem","position":2,"name":"Boutique","item":"https:\/\/www.biomore.eu\/fr\/boutique\/"},{"@type":"ListItem","position":3,"name":"Fulvic Acid (inhalation)"}]},{"@type":"WebSite","@id":"https:\/\/www.biomore.eu\/de\/#website","url":"https:\/\/www.biomore.eu\/de\/","name":"Biomore","description":"","potentialAction":[{"@type":"SearchAction","target":{"@type":"EntryPoint","urlTemplate":"https:\/\/www.biomore.eu\/de\/?s={search_term_string}"},"query-input":{"@type":"PropertyValueSpecification","valueRequired":true,"valueName":"search_term_string"}}],"inLanguage":"fr-FR"}]}},"uagb_featured_image_src":{"full":["https:\/\/www.biomore.eu\/wp-content\/uploads\/2025\/07\/Fulvic-acid-0.5L-inhalation.webp",900,900,false],"thumbnail":["https:\/\/www.biomore.eu\/wp-content\/uploads\/2025\/07\/Fulvic-acid-0.5L-inhalation-150x150.webp",150,150,true],"medium":["https:\/\/www.biomore.eu\/wp-content\/uploads\/2025\/07\/Fulvic-acid-0.5L-inhalation-300x300.webp",300,300,true],"medium_large":["https:\/\/www.biomore.eu\/wp-content\/uploads\/2025\/07\/Fulvic-acid-0.5L-inhalation-768x768.webp",640,640,true],"large":["https:\/\/www.biomore.eu\/wp-content\/uploads\/2025\/07\/Fulvic-acid-0.5L-inhalation.webp",640,640,false],"1536x1536":["https:\/\/www.biomore.eu\/wp-content\/uploads\/2025\/07\/Fulvic-acid-0.5L-inhalation.webp",900,900,false],"2048x2048":["https:\/\/www.biomore.eu\/wp-content\/uploads\/2025\/07\/Fulvic-acid-0.5L-inhalation.webp",900,900,false],"post-thumbnail":["https:\/\/www.biomore.eu\/wp-content\/uploads\/2025\/07\/Fulvic-acid-0.5L-inhalation-100x100.webp",100,100,true],"sober-blog-thumbnail":["https:\/\/www.biomore.eu\/wp-content\/uploads\/2025\/07\/Fulvic-acid-0.5L-inhalation-750x480.webp",750,480,true],"sober-blog-grid":["https:\/\/www.biomore.eu\/wp-content\/uploads\/2025\/07\/Fulvic-acid-0.5L-inhalation-360x240.webp",360,240,true],"sober-widget-thumbnail":["https:\/\/www.biomore.eu\/wp-content\/uploads\/2025\/07\/Fulvic-acid-0.5L-inhalation-100x100.webp",100,100,true],"woocommerce_thumbnail":["https:\/\/www.biomore.eu\/wp-content\/uploads\/2025\/07\/Fulvic-acid-0.5L-inhalation-433x516.webp",433,516,true],"woocommerce_single":["https:\/\/www.biomore.eu\/wp-content\/uploads\/2025\/07\/Fulvic-acid-0.5L-inhalation-897x897.webp",897,897,true],"woocommerce_gallery_thumbnail":["https:\/\/www.biomore.eu\/wp-content\/uploads\/2025\/07\/Fulvic-acid-0.5L-inhalation-80x100.webp",80,100,true],"sober_wc_gallery_thumbnail":["https:\/\/www.biomore.eu\/wp-content\/uploads\/2025\/07\/Fulvic-acid-0.5L-inhalation-160x200.webp",160,200,true]},"uagb_author_info":{"display_name":"Jan Pieter","author_link":"https:\/\/www.biomore.eu\/fr\/author\/"},"uagb_comment_info":0,"uagb_excerpt":"L'acide fulvique que nous proposons est unique de par son proc\u00e9d\u00e9 brevet\u00e9 et 100% exempt de m\u00e9taux lourds. L'acide fulvique peut \u00eatre consomm\u00e9 sans aucun effet ind\u00e9sirable connu. Il soutient l'absorption de compl\u00e9ments alimentaires, il aide \u00e0 lib\u00e9rer les m\u00e9taux lourds du corps et soutient le syst\u00e8me immunitaire du corps.","_links":{"self":[{"href":"https:\/\/www.biomore.eu\/fr\/wp-json\/wp\/v2\/product\/811","targetHints":{"allow":["GET"]}}],"collection":[{"href":"https:\/\/www.biomore.eu\/fr\/wp-json\/wp\/v2\/product"}],"about":[{"href":"https:\/\/www.biomore.eu\/fr\/wp-json\/wp\/v2\/types\/product"}],"replies":[{"embeddable":true,"href":"https:\/\/www.biomore.eu\/fr\/wp-json\/wp\/v2\/comments?post=811"}],"wp:featuredmedia":[{"embeddable":true,"href":"https:\/\/www.biomore.eu\/fr\/wp-json\/wp\/v2\/media\/4253"}],"wp:attachment":[{"href":"https:\/\/www.biomore.eu\/fr\/wp-json\/wp\/v2\/media?parent=811"}],"wp:term":[{"taxonomy":"product_brand","embeddable":true,"href":"https:\/\/www.biomore.eu\/fr\/wp-json\/wp\/v2\/product_brand?post=811"},{"taxonomy":"product_cat","embeddable":true,"href":"https:\/\/www.biomore.eu\/fr\/wp-json\/wp\/v2\/product_cat?post=811"},{"taxonomy":"product_tag","embeddable":true,"href":"https:\/\/www.biomore.eu\/fr\/wp-json\/wp\/v2\/product_tag?post=811"}],"curies":[{"name":"wp","href":"https:\/\/api.w.org\/{rel}","templated":true}]}}