{"id":4190,"date":"2025-06-02T15:51:48","date_gmt":"2025-06-02T14:51:48","guid":{"rendered":"https:\/\/www.biomore.eu\/product\/magnesium-sport\/"},"modified":"2025-06-02T16:19:33","modified_gmt":"2025-06-02T15:19:33","slug":"magnesium-sport","status":"publish","type":"product","link":"https:\/\/www.biomore.eu\/fr\/product\/magnesium-sport\/","title":{"rendered":"Magnesium Sport"},"content":{"rendered":"<p>Le <strong>magn\u00e9sium<\/strong> joue un r\u00f4le important dans notre \u00e9quilibre \u00e9nerg\u00e9tique, et notamment dans le bon fonctionnement des muscles. <strong>Magnesium Sport<\/strong> est b\u00e9n\u00e9fique pour la force, la relaxation et l&rsquo;endurance musculaires. Il peut soulager les muscles raides et tendus apr\u00e8s l&rsquo;effort. En raison d&rsquo;un besoin accru et d&rsquo;une perte accrue en cas de transpiration abondante, les athl\u00e8tes d&rsquo;endurance, en particulier, peuvent b\u00e9n\u00e9ficier d&rsquo;un apport suppl\u00e9mentaire en magn\u00e9sium. Les besoins en magn\u00e9sium des sportifs sont donc 10 \u00e0 20 % sup\u00e9rieurs \u00e0 la normale. Un faible taux de magn\u00e9sium peut entra\u00eener des carences et des troubles tels que des crampes musculaires, ce qui peut \u00e0 terme r\u00e9duire les performances physiques. C&rsquo;est pourquoi de nombreux athl\u00e8tes (de haut niveau) optent pour des compl\u00e9ments de magn\u00e9sium, notamment en p\u00e9riode d&rsquo;effort intense.<\/p>\n<p><strong>Magnesium Sport<\/strong>, une solution unique, contient du bicarbonate de magn\u00e9sium. Dans cette solution, le magn\u00e9sium est 100 % soluble et est absorb\u00e9 tr\u00e8s rapidement par l&rsquo;organisme. Magnesium Sport pr\u00e9sente une tr\u00e8s grande absorbabilit\u00e9 et le bicarbonate neutralise l&rsquo;acidification de l&rsquo;organisme.<\/p>\n<p>Magnesium Sport se glisse facilement dans votre sac de sport ou votre sac \u00e0 dos, et vous permet de pr\u00e9parer votre propre boisson au magn\u00e9sium tr\u00e8s rapidement avant, pendant et apr\u00e8s votre effort sportif.<\/p>\n<p>Le contenu du flacon, contenant 50 g\/l de bicarbonate de magn\u00e9sium, permet de pr\u00e9parer 20 doses de 10 ml.<\/p>\n","protected":false},"excerpt":{"rendered":"<p><strong>Magnesium Sport<\/strong> est un magn\u00e9sium liquide destin\u00e9 aux sportifs d&rsquo;endurance.<\/p>\n<p>Magnesium Sport au bicarbonate de magn\u00e9sium contient <strong>20 doses de 10 ml<\/strong>, faciles et rapides \u00e0 doser dans un verre contenant 250 ml d&rsquo;eau ou dans une bouteille d&rsquo;eau.<\/p>\n<p>Le bicarbonate de magn\u00e9sium est une forme sup\u00e9rieure de magn\u00e9sium, car il est rapidement et compl\u00e8tement absorb\u00e9 par l&rsquo;organisme.<\/p>\n","protected":false},"featured_media":4134,"comment_status":"open","ping_status":"closed","template":"","meta":{"_uag_custom_page_level_css":""},"product_brand":[],"product_cat":[31,32],"product_tag":[],"class_list":{"0":"post-4190","1":"product","2":"type-product","3":"status-publish","4":"has-post-thumbnail","6":"product_cat-les-articulations-et-les-os","7":"product_cat-muscles-fr","9":"first","10":"instock","11":"taxable","12":"shipping-taxable","13":"purchasable","14":"product-type-simple","15":"layout-style-2","16":"col-md-4 col-sm-4 col-xs-6","17":"col-lg-3","18":"product-style-quickview"},"yoast_head":"<!-- This site is optimized with the Yoast SEO plugin v26.6 - https:\/\/yoast.com\/wordpress\/plugins\/seo\/ -->\n<title>Magnesium Sport - Biomore<\/title>\n<meta name=\"description\" content=\"Magnesium Sport est un magn\u00e9sium liquide utilis\u00e9 par les athl\u00e8tes passionn\u00e9s (d&#039;endurance). Il contient 20 doses de 10 ml qui peuvent \u00eatre dos\u00e9es facilement et rapidement.\" \/>\n<meta name=\"robots\" content=\"index, follow, max-snippet:-1, max-image-preview:large, max-video-preview:-1\" \/>\n<link rel=\"canonical\" href=\"https:\/\/www.biomore.eu\/fr\/product\/magnesium-sport\/\" \/>\n<meta property=\"og:locale\" content=\"fr_FR\" \/>\n<meta property=\"og:type\" content=\"article\" \/>\n<meta property=\"og:title\" content=\"Magnesium Sport - Biomore\" \/>\n<meta property=\"og:description\" content=\"Magnesium Sport est un magn\u00e9sium liquide utilis\u00e9 par les athl\u00e8tes passionn\u00e9s (d&#039;endurance). Il contient 20 doses de 10 ml qui peuvent \u00eatre dos\u00e9es facilement et rapidement.\" \/>\n<meta property=\"og:url\" content=\"https:\/\/www.biomore.eu\/fr\/product\/magnesium-sport\/\" \/>\n<meta property=\"og:site_name\" content=\"Biomore\" \/>\n<meta property=\"article:modified_time\" content=\"2025-06-02T15:19:33+00:00\" \/>\n<meta property=\"og:image\" content=\"https:\/\/www.biomore.eu\/wp-content\/uploads\/2025\/06\/Magnesium-Sport-UK.webp\" \/>\n\t<meta property=\"og:image:width\" content=\"908\" \/>\n\t<meta property=\"og:image:height\" content=\"908\" \/>\n\t<meta property=\"og:image:type\" content=\"image\/webp\" \/>\n<meta name=\"twitter:card\" content=\"summary_large_image\" \/>\n<meta name=\"twitter:label1\" content=\"Dur\u00e9e de lecture estim\u00e9e\" \/>\n\t<meta name=\"twitter:data1\" content=\"2 minutes\" \/>\n<script type=\"application\/ld+json\" class=\"yoast-schema-graph\">{\"@context\":\"https:\/\/schema.org\",\"@graph\":[{\"@type\":\"WebPage\",\"@id\":\"https:\/\/www.biomore.eu\/fr\/product\/magnesium-sport\/\",\"url\":\"https:\/\/www.biomore.eu\/fr\/product\/magnesium-sport\/\",\"name\":\"Magnesium Sport - Biomore\",\"isPartOf\":{\"@id\":\"https:\/\/www.biomore.eu\/de\/#website\"},\"primaryImageOfPage\":{\"@id\":\"https:\/\/www.biomore.eu\/fr\/product\/magnesium-sport\/#primaryimage\"},\"image\":{\"@id\":\"https:\/\/www.biomore.eu\/fr\/product\/magnesium-sport\/#primaryimage\"},\"thumbnailUrl\":\"https:\/\/www.biomore.eu\/wp-content\/uploads\/2025\/06\/Magnesium-Sport-UK.webp\",\"datePublished\":\"2025-06-02T14:51:48+00:00\",\"dateModified\":\"2025-06-02T15:19:33+00:00\",\"description\":\"Magnesium Sport est un magn\u00e9sium liquide utilis\u00e9 par les athl\u00e8tes passionn\u00e9s (d'endurance). Il contient 20 doses de 10 ml qui peuvent \u00eatre dos\u00e9es facilement et rapidement.\",\"breadcrumb\":{\"@id\":\"https:\/\/www.biomore.eu\/fr\/product\/magnesium-sport\/#breadcrumb\"},\"inLanguage\":\"fr-FR\",\"potentialAction\":[{\"@type\":\"ReadAction\",\"target\":[\"https:\/\/www.biomore.eu\/fr\/product\/magnesium-sport\/\"]}]},{\"@type\":\"ImageObject\",\"inLanguage\":\"fr-FR\",\"@id\":\"https:\/\/www.biomore.eu\/fr\/product\/magnesium-sport\/#primaryimage\",\"url\":\"https:\/\/www.biomore.eu\/wp-content\/uploads\/2025\/06\/Magnesium-Sport-UK.webp\",\"contentUrl\":\"https:\/\/www.biomore.eu\/wp-content\/uploads\/2025\/06\/Magnesium-Sport-UK.webp\",\"width\":908,\"height\":908,\"caption\":\"Magnesium Sport\"},{\"@type\":\"BreadcrumbList\",\"@id\":\"https:\/\/www.biomore.eu\/fr\/product\/magnesium-sport\/#breadcrumb\",\"itemListElement\":[{\"@type\":\"ListItem\",\"position\":1,\"name\":\"Home\",\"item\":\"https:\/\/www.biomore.eu\/fr\/\"},{\"@type\":\"ListItem\",\"position\":2,\"name\":\"Boutique\",\"item\":\"https:\/\/www.biomore.eu\/fr\/boutique\/\"},{\"@type\":\"ListItem\",\"position\":3,\"name\":\"Magnesium Sport\"}]},{\"@type\":\"WebSite\",\"@id\":\"https:\/\/www.biomore.eu\/de\/#website\",\"url\":\"https:\/\/www.biomore.eu\/de\/\",\"name\":\"Biomore\",\"description\":\"\",\"potentialAction\":[{\"@type\":\"SearchAction\",\"target\":{\"@type\":\"EntryPoint\",\"urlTemplate\":\"https:\/\/www.biomore.eu\/de\/?s={search_term_string}\"},\"query-input\":{\"@type\":\"PropertyValueSpecification\",\"valueRequired\":true,\"valueName\":\"search_term_string\"}}],\"inLanguage\":\"fr-FR\"}]}<\/script>\n<!-- \/ Yoast SEO plugin. -->","yoast_head_json":{"title":"Magnesium Sport - Biomore","description":"Magnesium Sport est un magn\u00e9sium liquide utilis\u00e9 par les athl\u00e8tes passionn\u00e9s (d'endurance). Il contient 20 doses de 10 ml qui peuvent \u00eatre dos\u00e9es facilement et rapidement.","robots":{"index":"index","follow":"follow","max-snippet":"max-snippet:-1","max-image-preview":"max-image-preview:large","max-video-preview":"max-video-preview:-1"},"canonical":"https:\/\/www.biomore.eu\/fr\/product\/magnesium-sport\/","og_locale":"fr_FR","og_type":"article","og_title":"Magnesium Sport - Biomore","og_description":"Magnesium Sport est un magn\u00e9sium liquide utilis\u00e9 par les athl\u00e8tes passionn\u00e9s (d'endurance). Il contient 20 doses de 10 ml qui peuvent \u00eatre dos\u00e9es facilement et rapidement.","og_url":"https:\/\/www.biomore.eu\/fr\/product\/magnesium-sport\/","og_site_name":"Biomore","article_modified_time":"2025-06-02T15:19:33+00:00","og_image":[{"width":908,"height":908,"url":"https:\/\/www.biomore.eu\/wp-content\/uploads\/2025\/06\/Magnesium-Sport-UK.webp","type":"image\/webp"}],"twitter_card":"summary_large_image","twitter_misc":{"Dur\u00e9e de lecture estim\u00e9e":"2 minutes"},"schema":{"@context":"https:\/\/schema.org","@graph":[{"@type":"WebPage","@id":"https:\/\/www.biomore.eu\/fr\/product\/magnesium-sport\/","url":"https:\/\/www.biomore.eu\/fr\/product\/magnesium-sport\/","name":"Magnesium Sport - Biomore","isPartOf":{"@id":"https:\/\/www.biomore.eu\/de\/#website"},"primaryImageOfPage":{"@id":"https:\/\/www.biomore.eu\/fr\/product\/magnesium-sport\/#primaryimage"},"image":{"@id":"https:\/\/www.biomore.eu\/fr\/product\/magnesium-sport\/#primaryimage"},"thumbnailUrl":"https:\/\/www.biomore.eu\/wp-content\/uploads\/2025\/06\/Magnesium-Sport-UK.webp","datePublished":"2025-06-02T14:51:48+00:00","dateModified":"2025-06-02T15:19:33+00:00","description":"Magnesium Sport est un magn\u00e9sium liquide utilis\u00e9 par les athl\u00e8tes passionn\u00e9s (d'endurance). Il contient 20 doses de 10 ml qui peuvent \u00eatre dos\u00e9es facilement et rapidement.","breadcrumb":{"@id":"https:\/\/www.biomore.eu\/fr\/product\/magnesium-sport\/#breadcrumb"},"inLanguage":"fr-FR","potentialAction":[{"@type":"ReadAction","target":["https:\/\/www.biomore.eu\/fr\/product\/magnesium-sport\/"]}]},{"@type":"ImageObject","inLanguage":"fr-FR","@id":"https:\/\/www.biomore.eu\/fr\/product\/magnesium-sport\/#primaryimage","url":"https:\/\/www.biomore.eu\/wp-content\/uploads\/2025\/06\/Magnesium-Sport-UK.webp","contentUrl":"https:\/\/www.biomore.eu\/wp-content\/uploads\/2025\/06\/Magnesium-Sport-UK.webp","width":908,"height":908,"caption":"Magnesium Sport"},{"@type":"BreadcrumbList","@id":"https:\/\/www.biomore.eu\/fr\/product\/magnesium-sport\/#breadcrumb","itemListElement":[{"@type":"ListItem","position":1,"name":"Home","item":"https:\/\/www.biomore.eu\/fr\/"},{"@type":"ListItem","position":2,"name":"Boutique","item":"https:\/\/www.biomore.eu\/fr\/boutique\/"},{"@type":"ListItem","position":3,"name":"Magnesium Sport"}]},{"@type":"WebSite","@id":"https:\/\/www.biomore.eu\/de\/#website","url":"https:\/\/www.biomore.eu\/de\/","name":"Biomore","description":"","potentialAction":[{"@type":"SearchAction","target":{"@type":"EntryPoint","urlTemplate":"https:\/\/www.biomore.eu\/de\/?s={search_term_string}"},"query-input":{"@type":"PropertyValueSpecification","valueRequired":true,"valueName":"search_term_string"}}],"inLanguage":"fr-FR"}]}},"uagb_featured_image_src":{"full":["https:\/\/www.biomore.eu\/wp-content\/uploads\/2025\/06\/Magnesium-Sport-UK.webp",908,908,false],"thumbnail":["https:\/\/www.biomore.eu\/wp-content\/uploads\/2025\/06\/Magnesium-Sport-UK-150x150.webp",150,150,true],"medium":["https:\/\/www.biomore.eu\/wp-content\/uploads\/2025\/06\/Magnesium-Sport-UK-300x300.webp",300,300,true],"medium_large":["https:\/\/www.biomore.eu\/wp-content\/uploads\/2025\/06\/Magnesium-Sport-UK-768x768.webp",640,640,true],"large":["https:\/\/www.biomore.eu\/wp-content\/uploads\/2025\/06\/Magnesium-Sport-UK.webp",640,640,false],"1536x1536":["https:\/\/www.biomore.eu\/wp-content\/uploads\/2025\/06\/Magnesium-Sport-UK.webp",908,908,false],"2048x2048":["https:\/\/www.biomore.eu\/wp-content\/uploads\/2025\/06\/Magnesium-Sport-UK.webp",908,908,false],"post-thumbnail":["https:\/\/www.biomore.eu\/wp-content\/uploads\/2025\/06\/Magnesium-Sport-UK-100x100.webp",100,100,true],"sober-blog-thumbnail":["https:\/\/www.biomore.eu\/wp-content\/uploads\/2025\/06\/Magnesium-Sport-UK-750x480.webp",750,480,true],"sober-blog-grid":["https:\/\/www.biomore.eu\/wp-content\/uploads\/2025\/06\/Magnesium-Sport-UK-360x240.webp",360,240,true],"sober-widget-thumbnail":["https:\/\/www.biomore.eu\/wp-content\/uploads\/2025\/06\/Magnesium-Sport-UK-100x100.webp",100,100,true],"woocommerce_thumbnail":["https:\/\/www.biomore.eu\/wp-content\/uploads\/2025\/06\/Magnesium-Sport-UK-433x516.webp",433,516,true],"woocommerce_single":["https:\/\/www.biomore.eu\/wp-content\/uploads\/2025\/06\/Magnesium-Sport-UK-897x897.webp",897,897,true],"woocommerce_gallery_thumbnail":["https:\/\/www.biomore.eu\/wp-content\/uploads\/2025\/06\/Magnesium-Sport-UK-80x100.webp",80,100,true],"sober_wc_gallery_thumbnail":["https:\/\/www.biomore.eu\/wp-content\/uploads\/2025\/06\/Magnesium-Sport-UK-160x200.webp",160,200,true]},"uagb_author_info":{"display_name":"Jan Pieter van der Lugt","author_link":"https:\/\/www.biomore.eu\/fr\/author\/"},"uagb_comment_info":0,"uagb_excerpt":"Magnesium Sport est un magn\u00e9sium liquide destin\u00e9 aux sportifs d'endurance. Magnesium Sport au bicarbonate de magn\u00e9sium contient 20 doses de 10 ml, faciles et rapides \u00e0 doser dans un verre contenant 250 ml d'eau ou dans une bouteille d'eau. Le bicarbonate de magn\u00e9sium est une forme sup\u00e9rieure de magn\u00e9sium, car il est rapidement et compl\u00e8tement\u2026","_links":{"self":[{"href":"https:\/\/www.biomore.eu\/fr\/wp-json\/wp\/v2\/product\/4190","targetHints":{"allow":["GET"]}}],"collection":[{"href":"https:\/\/www.biomore.eu\/fr\/wp-json\/wp\/v2\/product"}],"about":[{"href":"https:\/\/www.biomore.eu\/fr\/wp-json\/wp\/v2\/types\/product"}],"replies":[{"embeddable":true,"href":"https:\/\/www.biomore.eu\/fr\/wp-json\/wp\/v2\/comments?post=4190"}],"wp:featuredmedia":[{"embeddable":true,"href":"https:\/\/www.biomore.eu\/fr\/wp-json\/wp\/v2\/media\/4134"}],"wp:attachment":[{"href":"https:\/\/www.biomore.eu\/fr\/wp-json\/wp\/v2\/media?parent=4190"}],"wp:term":[{"taxonomy":"product_brand","embeddable":true,"href":"https:\/\/www.biomore.eu\/fr\/wp-json\/wp\/v2\/product_brand?post=4190"},{"taxonomy":"product_cat","embeddable":true,"href":"https:\/\/www.biomore.eu\/fr\/wp-json\/wp\/v2\/product_cat?post=4190"},{"taxonomy":"product_tag","embeddable":true,"href":"https:\/\/www.biomore.eu\/fr\/wp-json\/wp\/v2\/product_tag?post=4190"}],"curies":[{"name":"wp","href":"https:\/\/api.w.org\/{rel}","templated":true}]}}