{"id":3567,"date":"2024-03-18T17:52:13","date_gmt":"2024-03-18T16:52:13","guid":{"rendered":"https:\/\/www.biomore.eu\/product\/betaine-hcl-with-pepsin\/"},"modified":"2024-04-08T15:02:02","modified_gmt":"2024-04-08T14:02:02","slug":"betaine-hcl-with-pepsin","status":"publish","type":"product","link":"https:\/\/www.biomore.eu\/fr\/product\/betaine-hcl-with-pepsin\/","title":{"rendered":"B\u00e9ta\u00efne HCl avec de la pepsine"},"content":{"rendered":"<p>La b\u00e9ta\u00efne HCl avec de la pepsine favorise la digestion des aliments dans l&rsquo;estomac. En vieillissant, notre corps ralentit et cela s\u2019applique \u00e9galement \u00e0 notre estomac. La production d\u2019acide gastrique diminue, mais reste essentielle \u00e0 la d\u00e9gradation des aliments. L\u2019acide gastrique a plusieurs fonctions\u00a0; Par exemple, il st\u00e9rilise les aliments consomm\u00e9s, les rend acides et active \u00e9galement la puissante prot\u00e9ase (s\u00e9parateur de prot\u00e9ines) pepsine et permet d&rsquo;extraire la vitamine B12 des aliments. Apr\u00e8s cela, la nourriture p\u00e9n\u00e8tre dans les intestins, o\u00f9 elle est ensuite transform\u00e9e en divers nutriments.<\/p>\n<p>La b\u00e9ta\u00efne HCl avec pepsine contribue au m\u00e9tabolisme normal de l&rsquo;homocyst\u00e9ine avec un apport quotidien de 1 500 mg de b\u00e9ta\u00efne. Les doses sup\u00e9rieures \u00e0 4 000 mg augmentent consid\u00e9rablement le taux de cholest\u00e9rol.<\/p>\n","protected":false},"excerpt":{"rendered":"<p>La b\u00e9ta\u00efne HCL avec de la pepsine favorise la digestion des aliments dans l&rsquo;estomac. La b\u00e9ta\u00efne contribue au m\u00e9tabolisme normal de l&rsquo;homocyst\u00e9ine avec un apport quotidien de 1 500 mg de b\u00e9ta\u00efne. Les doses sup\u00e9rieures \u00e0 4 000 mg augmentent consid\u00e9rablement le taux de cholest\u00e9rol.<\/p>\n","protected":false},"featured_media":4335,"comment_status":"open","ping_status":"closed","template":"","meta":{"_uag_custom_page_level_css":""},"product_brand":[],"product_cat":[93],"product_tag":[],"class_list":{"0":"post-3567","1":"product","2":"type-product","3":"status-publish","4":"has-post-thumbnail","6":"product_cat-sante_intestinale","8":"first","9":"instock","10":"sale","11":"taxable","12":"shipping-taxable","13":"purchasable","14":"product-type-simple","15":"layout-style-2","16":"col-md-4 col-sm-4 col-xs-6","17":"col-lg-3","18":"product-style-quickview"},"yoast_head":"<!-- This site is optimized with the Yoast SEO plugin v26.6 - https:\/\/yoast.com\/wordpress\/plugins\/seo\/ -->\n<title>B\u00e9ta\u00efne HCl avec de la pepsine - Biomore<\/title>\n<meta name=\"description\" content=\"La b\u00e9ta\u00efne HCL avec de la pepsine favorise la digestion des aliments dans l&#039;estomac.\" \/>\n<meta name=\"robots\" content=\"index, follow, max-snippet:-1, max-image-preview:large, max-video-preview:-1\" \/>\n<link rel=\"canonical\" href=\"https:\/\/www.biomore.eu\/fr\/product\/betaine-hcl-with-pepsin\/\" \/>\n<meta property=\"og:locale\" content=\"fr_FR\" \/>\n<meta property=\"og:type\" content=\"article\" \/>\n<meta property=\"og:title\" content=\"B\u00e9ta\u00efne HCl avec de la pepsine - Biomore\" \/>\n<meta property=\"og:description\" content=\"La b\u00e9ta\u00efne HCL avec de la pepsine favorise la digestion des aliments dans l&#039;estomac.\" \/>\n<meta property=\"og:url\" content=\"https:\/\/www.biomore.eu\/fr\/product\/betaine-hcl-with-pepsin\/\" \/>\n<meta property=\"og:site_name\" content=\"Biomore\" \/>\n<meta property=\"article:modified_time\" content=\"2024-04-08T14:02:02+00:00\" \/>\n<meta property=\"og:image\" content=\"https:\/\/www.biomore.eu\/wp-content\/uploads\/2025\/07\/Betaine-HCL.webp\" \/>\n\t<meta property=\"og:image:width\" content=\"908\" \/>\n\t<meta property=\"og:image:height\" content=\"908\" \/>\n\t<meta property=\"og:image:type\" content=\"image\/webp\" \/>\n<meta name=\"twitter:card\" content=\"summary_large_image\" \/>\n<meta name=\"twitter:label1\" content=\"Dur\u00e9e de lecture estim\u00e9e\" \/>\n\t<meta name=\"twitter:data1\" content=\"1 minute\" \/>\n<script type=\"application\/ld+json\" class=\"yoast-schema-graph\">{\"@context\":\"https:\/\/schema.org\",\"@graph\":[{\"@type\":\"WebPage\",\"@id\":\"https:\/\/www.biomore.eu\/fr\/product\/betaine-hcl-with-pepsin\/\",\"url\":\"https:\/\/www.biomore.eu\/fr\/product\/betaine-hcl-with-pepsin\/\",\"name\":\"B\u00e9ta\u00efne HCl avec de la pepsine - Biomore\",\"isPartOf\":{\"@id\":\"https:\/\/www.biomore.eu\/de\/#website\"},\"primaryImageOfPage\":{\"@id\":\"https:\/\/www.biomore.eu\/fr\/product\/betaine-hcl-with-pepsin\/#primaryimage\"},\"image\":{\"@id\":\"https:\/\/www.biomore.eu\/fr\/product\/betaine-hcl-with-pepsin\/#primaryimage\"},\"thumbnailUrl\":\"https:\/\/www.biomore.eu\/wp-content\/uploads\/2025\/07\/Betaine-HCL.webp\",\"datePublished\":\"2024-03-18T16:52:13+00:00\",\"dateModified\":\"2024-04-08T14:02:02+00:00\",\"description\":\"La b\u00e9ta\u00efne HCL avec de la pepsine favorise la digestion des aliments dans l'estomac.\",\"breadcrumb\":{\"@id\":\"https:\/\/www.biomore.eu\/fr\/product\/betaine-hcl-with-pepsin\/#breadcrumb\"},\"inLanguage\":\"fr-FR\",\"potentialAction\":[{\"@type\":\"ReadAction\",\"target\":[\"https:\/\/www.biomore.eu\/fr\/product\/betaine-hcl-with-pepsin\/\"]}]},{\"@type\":\"ImageObject\",\"inLanguage\":\"fr-FR\",\"@id\":\"https:\/\/www.biomore.eu\/fr\/product\/betaine-hcl-with-pepsin\/#primaryimage\",\"url\":\"https:\/\/www.biomore.eu\/wp-content\/uploads\/2025\/07\/Betaine-HCL.webp\",\"contentUrl\":\"https:\/\/www.biomore.eu\/wp-content\/uploads\/2025\/07\/Betaine-HCL.webp\",\"width\":908,\"height\":908,\"caption\":\"Betaine-HCL\"},{\"@type\":\"BreadcrumbList\",\"@id\":\"https:\/\/www.biomore.eu\/fr\/product\/betaine-hcl-with-pepsin\/#breadcrumb\",\"itemListElement\":[{\"@type\":\"ListItem\",\"position\":1,\"name\":\"Home\",\"item\":\"https:\/\/www.biomore.eu\/fr\/\"},{\"@type\":\"ListItem\",\"position\":2,\"name\":\"Boutique\",\"item\":\"https:\/\/www.biomore.eu\/fr\/boutique\/\"},{\"@type\":\"ListItem\",\"position\":3,\"name\":\"B\u00e9ta\u00efne HCl avec de la pepsine\"}]},{\"@type\":\"WebSite\",\"@id\":\"https:\/\/www.biomore.eu\/de\/#website\",\"url\":\"https:\/\/www.biomore.eu\/de\/\",\"name\":\"Biomore\",\"description\":\"\",\"potentialAction\":[{\"@type\":\"SearchAction\",\"target\":{\"@type\":\"EntryPoint\",\"urlTemplate\":\"https:\/\/www.biomore.eu\/de\/?s={search_term_string}\"},\"query-input\":{\"@type\":\"PropertyValueSpecification\",\"valueRequired\":true,\"valueName\":\"search_term_string\"}}],\"inLanguage\":\"fr-FR\"}]}<\/script>\n<!-- \/ Yoast SEO plugin. -->","yoast_head_json":{"title":"B\u00e9ta\u00efne HCl avec de la pepsine - Biomore","description":"La b\u00e9ta\u00efne HCL avec de la pepsine favorise la digestion des aliments dans l'estomac.","robots":{"index":"index","follow":"follow","max-snippet":"max-snippet:-1","max-image-preview":"max-image-preview:large","max-video-preview":"max-video-preview:-1"},"canonical":"https:\/\/www.biomore.eu\/fr\/product\/betaine-hcl-with-pepsin\/","og_locale":"fr_FR","og_type":"article","og_title":"B\u00e9ta\u00efne HCl avec de la pepsine - Biomore","og_description":"La b\u00e9ta\u00efne HCL avec de la pepsine favorise la digestion des aliments dans l'estomac.","og_url":"https:\/\/www.biomore.eu\/fr\/product\/betaine-hcl-with-pepsin\/","og_site_name":"Biomore","article_modified_time":"2024-04-08T14:02:02+00:00","og_image":[{"width":908,"height":908,"url":"https:\/\/www.biomore.eu\/wp-content\/uploads\/2025\/07\/Betaine-HCL.webp","type":"image\/webp"}],"twitter_card":"summary_large_image","twitter_misc":{"Dur\u00e9e de lecture estim\u00e9e":"1 minute"},"schema":{"@context":"https:\/\/schema.org","@graph":[{"@type":"WebPage","@id":"https:\/\/www.biomore.eu\/fr\/product\/betaine-hcl-with-pepsin\/","url":"https:\/\/www.biomore.eu\/fr\/product\/betaine-hcl-with-pepsin\/","name":"B\u00e9ta\u00efne HCl avec de la pepsine - Biomore","isPartOf":{"@id":"https:\/\/www.biomore.eu\/de\/#website"},"primaryImageOfPage":{"@id":"https:\/\/www.biomore.eu\/fr\/product\/betaine-hcl-with-pepsin\/#primaryimage"},"image":{"@id":"https:\/\/www.biomore.eu\/fr\/product\/betaine-hcl-with-pepsin\/#primaryimage"},"thumbnailUrl":"https:\/\/www.biomore.eu\/wp-content\/uploads\/2025\/07\/Betaine-HCL.webp","datePublished":"2024-03-18T16:52:13+00:00","dateModified":"2024-04-08T14:02:02+00:00","description":"La b\u00e9ta\u00efne HCL avec de la pepsine favorise la digestion des aliments dans l'estomac.","breadcrumb":{"@id":"https:\/\/www.biomore.eu\/fr\/product\/betaine-hcl-with-pepsin\/#breadcrumb"},"inLanguage":"fr-FR","potentialAction":[{"@type":"ReadAction","target":["https:\/\/www.biomore.eu\/fr\/product\/betaine-hcl-with-pepsin\/"]}]},{"@type":"ImageObject","inLanguage":"fr-FR","@id":"https:\/\/www.biomore.eu\/fr\/product\/betaine-hcl-with-pepsin\/#primaryimage","url":"https:\/\/www.biomore.eu\/wp-content\/uploads\/2025\/07\/Betaine-HCL.webp","contentUrl":"https:\/\/www.biomore.eu\/wp-content\/uploads\/2025\/07\/Betaine-HCL.webp","width":908,"height":908,"caption":"Betaine-HCL"},{"@type":"BreadcrumbList","@id":"https:\/\/www.biomore.eu\/fr\/product\/betaine-hcl-with-pepsin\/#breadcrumb","itemListElement":[{"@type":"ListItem","position":1,"name":"Home","item":"https:\/\/www.biomore.eu\/fr\/"},{"@type":"ListItem","position":2,"name":"Boutique","item":"https:\/\/www.biomore.eu\/fr\/boutique\/"},{"@type":"ListItem","position":3,"name":"B\u00e9ta\u00efne HCl avec de la pepsine"}]},{"@type":"WebSite","@id":"https:\/\/www.biomore.eu\/de\/#website","url":"https:\/\/www.biomore.eu\/de\/","name":"Biomore","description":"","potentialAction":[{"@type":"SearchAction","target":{"@type":"EntryPoint","urlTemplate":"https:\/\/www.biomore.eu\/de\/?s={search_term_string}"},"query-input":{"@type":"PropertyValueSpecification","valueRequired":true,"valueName":"search_term_string"}}],"inLanguage":"fr-FR"}]}},"uagb_featured_image_src":{"full":["https:\/\/www.biomore.eu\/wp-content\/uploads\/2025\/07\/Betaine-HCL.webp",908,908,false],"thumbnail":["https:\/\/www.biomore.eu\/wp-content\/uploads\/2025\/07\/Betaine-HCL-150x150.webp",150,150,true],"medium":["https:\/\/www.biomore.eu\/wp-content\/uploads\/2025\/07\/Betaine-HCL-300x300.webp",300,300,true],"medium_large":["https:\/\/www.biomore.eu\/wp-content\/uploads\/2025\/07\/Betaine-HCL-768x768.webp",640,640,true],"large":["https:\/\/www.biomore.eu\/wp-content\/uploads\/2025\/07\/Betaine-HCL.webp",640,640,false],"1536x1536":["https:\/\/www.biomore.eu\/wp-content\/uploads\/2025\/07\/Betaine-HCL.webp",908,908,false],"2048x2048":["https:\/\/www.biomore.eu\/wp-content\/uploads\/2025\/07\/Betaine-HCL.webp",908,908,false],"post-thumbnail":["https:\/\/www.biomore.eu\/wp-content\/uploads\/2025\/07\/Betaine-HCL-100x100.webp",100,100,true],"sober-blog-thumbnail":["https:\/\/www.biomore.eu\/wp-content\/uploads\/2025\/07\/Betaine-HCL-750x480.webp",750,480,true],"sober-blog-grid":["https:\/\/www.biomore.eu\/wp-content\/uploads\/2025\/07\/Betaine-HCL-360x240.webp",360,240,true],"sober-widget-thumbnail":["https:\/\/www.biomore.eu\/wp-content\/uploads\/2025\/07\/Betaine-HCL-100x100.webp",100,100,true],"woocommerce_thumbnail":["https:\/\/www.biomore.eu\/wp-content\/uploads\/2025\/07\/Betaine-HCL-433x516.webp",433,516,true],"woocommerce_single":["https:\/\/www.biomore.eu\/wp-content\/uploads\/2025\/07\/Betaine-HCL-897x897.webp",897,897,true],"woocommerce_gallery_thumbnail":["https:\/\/www.biomore.eu\/wp-content\/uploads\/2025\/07\/Betaine-HCL-80x100.webp",80,100,true],"sober_wc_gallery_thumbnail":["https:\/\/www.biomore.eu\/wp-content\/uploads\/2025\/07\/Betaine-HCL-160x200.webp",160,200,true]},"uagb_author_info":{"display_name":"Jan Pieter van der Lugt","author_link":"https:\/\/www.biomore.eu\/fr\/author\/"},"uagb_comment_info":0,"uagb_excerpt":"La b\u00e9ta\u00efne HCL avec de la pepsine favorise la digestion des aliments dans l'estomac. La b\u00e9ta\u00efne contribue au m\u00e9tabolisme normal de l'homocyst\u00e9ine avec un apport quotidien de 1 500 mg de b\u00e9ta\u00efne. Les doses sup\u00e9rieures \u00e0 4 000 mg augmentent consid\u00e9rablement le taux de cholest\u00e9rol.","_links":{"self":[{"href":"https:\/\/www.biomore.eu\/fr\/wp-json\/wp\/v2\/product\/3567","targetHints":{"allow":["GET"]}}],"collection":[{"href":"https:\/\/www.biomore.eu\/fr\/wp-json\/wp\/v2\/product"}],"about":[{"href":"https:\/\/www.biomore.eu\/fr\/wp-json\/wp\/v2\/types\/product"}],"replies":[{"embeddable":true,"href":"https:\/\/www.biomore.eu\/fr\/wp-json\/wp\/v2\/comments?post=3567"}],"wp:featuredmedia":[{"embeddable":true,"href":"https:\/\/www.biomore.eu\/fr\/wp-json\/wp\/v2\/media\/4335"}],"wp:attachment":[{"href":"https:\/\/www.biomore.eu\/fr\/wp-json\/wp\/v2\/media?parent=3567"}],"wp:term":[{"taxonomy":"product_brand","embeddable":true,"href":"https:\/\/www.biomore.eu\/fr\/wp-json\/wp\/v2\/product_brand?post=3567"},{"taxonomy":"product_cat","embeddable":true,"href":"https:\/\/www.biomore.eu\/fr\/wp-json\/wp\/v2\/product_cat?post=3567"},{"taxonomy":"product_tag","embeddable":true,"href":"https:\/\/www.biomore.eu\/fr\/wp-json\/wp\/v2\/product_tag?post=3567"}],"curies":[{"name":"wp","href":"https:\/\/api.w.org\/{rel}","templated":true}]}}