{"id":1451,"date":"2021-01-01T17:39:49","date_gmt":"2021-01-01T16:39:49","guid":{"rendered":"https:\/\/www.biomore.eu\/product\/trienza\/"},"modified":"2024-01-02T15:46:41","modified_gmt":"2024-01-02T14:46:41","slug":"trienza","status":"publish","type":"product","link":"https:\/\/www.biomore.eu\/fr\/product\/trienza\/","title":{"rendered":"TriEnza"},"content":{"rendered":"<p><strong>TriEnza<\/strong> fournit un soutien digestif pour une large gamme d&rsquo;aliments. Le m\u00e9lange unique d&rsquo;enzymes de TriEnza d\u00e9compose les aliments pour aider \u00e0 pr\u00e9venir les malaises digestifs occasionnels dus aux intol\u00e9rances alimentaires.<\/p>\n<p>Les enzymes de TriEnza offrent un soutien pour:<\/p>\n<p>Prot\u00e9ines alimentaires, Gluten, Cas\u00e9ine dans les produits laitiers, Glucides, Sucres, Lactose, L\u00e9gumes et fruits polyph\u00e9noliques, Graisses dans les aliments et les suppl\u00e9ments, Fibres<\/p>\n<p>Les modifications r\u00e9cemment apport\u00e9es \u00e0 TriEnza devraient aboutir \u00e0 un produit plus apte \u00e0:<\/p>\n<p>D\u00e9composez le gluten, la cas\u00e9ine laiti\u00e8re, le soja et les prot\u00e9ines de viande.<\/p>\n<p>Soutenir la digestion des sucres, le saccharose et le maltose, ce qui sera \u00e9galement utile pour le microbiome intestinal.<\/p>\n<p>Aide aux gaz occasionnels et aux ballonnements dus \u00e0 la d\u00e9gradation des fibres.<\/p>\n<p><strong>La prot\u00e9ase est \u00e9chang\u00e9e.<\/strong><br \/>\nNous avons \u00e9chang\u00e9 l&rsquo;une des prot\u00e9ases, une enzyme contre des prot\u00e9ines, contre une prot\u00e9ase plus r\u00e9cente particuli\u00e8re qui est plus efficace pour la d\u00e9gradation du gluten, de la cas\u00e9ine laiti\u00e8re, du soja et d&rsquo;autres prot\u00e9ines alimentaires. Cette enzyme est r\u00e9pertori\u00e9e comme \u00abprot\u00e9ase\u00bb sur l&rsquo;\u00e9tiquette de TriEnza.<\/p>\n<p><strong>DPP IV est r\u00e9duit.<\/strong><br \/>\nAfin d&rsquo;ajouter la nouvelle Protease, la quantit\u00e9 d&rsquo;une autre enzyme pour les prot\u00e9ines, appel\u00e9e \u00abPeptidase avec DPP IV\u00bb, est r\u00e9duite. Avec l&rsquo;ajout de la nouvelle prot\u00e9ase, le besoin de l&rsquo;enzyme DPP IV peptidase est moindre.<br \/>\nNous pensons \u00e9galement que la DPP IV Peptidase peut \u00eatre une enzyme que certains consommateurs ne peuvent pas tol\u00e9rer. Nous esp\u00e9rons que la r\u00e9duction de la quantit\u00e9 de cette enzyme, sans aucune perte de capacit\u00e9 \u00e0 d\u00e9composer les prot\u00e9ines, permettra \u00e0 d&rsquo;autres de mieux tol\u00e9rer TriEnza.<\/p>\n<p><strong>Invertase est ajout\u00e9.<\/strong><br \/>\nNous avons ajout\u00e9 l&rsquo;enzyme Invertase pour mieux d\u00e9composer le sucre de table, appel\u00e9 saccharose.<\/p>\n<p><strong>La diastase est ajout\u00e9e.<\/strong><br \/>\nPour aider avec un autre sucre commun, le maltose, TriEnza a maintenant l&rsquo;enzyme Diastase sur l&rsquo;\u00e9tiquette. La diastase agit pour d\u00e9composer le maltose qui r\u00e9sulte de la consommation d&rsquo;amidons.<\/p>\n<p><strong>La cellulase est augment\u00e9e.<\/strong><br \/>\nLa plupart des gaz et des ballonnements des repas sont en fait dus \u00e0 la pr\u00e9sence de fibres. Pour aider avec ce probl\u00e8me, la cellulase est ajout\u00e9e. La cellulase peut agir sur les fibres avec les deux autres enzymes fibreuses d\u00e9j\u00e0 pr\u00e9sentes dans TriEnza (xylanase et b\u00eata-glucanase).<br \/>\nLa d\u00e9gradation des fibres contribue \u00e0 un environnement sain pour les bact\u00e9ries intestinales. TriEnza peut aider \u00e0 r\u00e9duire la quantit\u00e9 de gaz et de ballonnements en rendant les fibres plus solubles (solubles dans l&rsquo;eau) et digestibles.<\/p>\n<p><strong>L&rsquo;alpha-galactosidase est \u00e9limin\u00e9e.<\/strong><br \/>\nLa mise \u00e0 jour de TriEnza comprend la suppression de l&rsquo;enzyme Alpha-galactosidase, qui a permis d&rsquo;augmenter la cellulase. Cette enzyme se limite \u00e0 travailler sur deux des amidons pr\u00e9sents dans les haricots, le chou-fleur et le brocoli. D&rsquo;autres produits contenant de l&rsquo;alpha-galactosidase sont facilement disponibles pour les consommateurs \u00e0 la recherche de cette enzyme particuli\u00e8re, comme ZyCarb ou Zyme Prime.<\/p>\n<h3><strong>TriEnza est le produit enzymatique tant attendu qui combine le meilleur de l&rsquo;AFP-Peptizyde, du Zyme Prime et du No-Fenol en un seul produit!<\/strong><\/h3>\n<p>Deux (2) capsules ou quatre (4) comprim\u00e9s \u00e0 croquer de TriEnza contiennent:<br \/>\nToutes les enzymes prot\u00e9ases pour la digestion des prot\u00e9ines de l&rsquo;AFP-Peptizyde<br \/>\nToutes les enzymes (sauf la cellulase) de Zyme Prime<br \/>\n1\/2 les enzymes de No-Fenol (xylanase) pour certains fruits et l\u00e9gumes riches en ph\u00e9nols<br \/>\nMaintenant disponible en version comprim\u00e9 \u00e0 croquer avec ar\u00f4me naturel ananas \/ tutti frutti<br \/>\nDe plus, aucune charge n&rsquo;est ajout\u00e9e \u00e0 la version capsule. 1 mg d&rsquo;huile MCT est ajout\u00e9 par capsule comme excipient pour emp\u00eacher la poudre d&rsquo;enzyme de na\u00eetre dans l&rsquo;air si la capsule est ouverte. L&rsquo;huile assure \u00e9galement des poids d&rsquo;encapsulation corrects pendant la fabrication. L&rsquo;huile MCT est d\u00e9riv\u00e9e de l&rsquo;huile de coco. L&rsquo;enzyme cellulase n&rsquo;a pas \u00e9t\u00e9 ajout\u00e9e \u00e0 ce produit, vous n&rsquo;avez donc pas \u00e0 vous soucier de l&rsquo;utilisation de TriEnza avec des m\u00e9dicaments \u00e0 lib\u00e9ration prolong\u00e9e.<br \/>\nPlus de capsules \u00e0 fractionner pour obtenir des \u00abdemi-doses\u00bb. Une capsule (une demi-dose) facilite le d\u00e9marrage des enzymes.<\/p>\n<h3><strong>Qui devrait utiliser TriEnza?<\/strong><\/h3>\n<p>Quiconque utilise deux de nos produits enzymatiques actuels (Peptizyde, AFP Peptizyde, Zyme Prime, et No-Fenol) b\u00e9n\u00e9ficiera tr\u00e8s probablement d&rsquo;un point de vue des \u00e9conomies de co\u00fbts. Si un client utilise 3 produits enzymatiques HNI ou plus, des \u00e9conomies de co\u00fbts pr\u00e9cises seront r\u00e9alis\u00e9es.<\/p>\n<h3><strong>Contre-indications pour la suppl\u00e9mentation enzymatique<\/strong><\/h3>\n<p>Ces enzymes doivent \u00eatre utilis\u00e9es avec pr\u00e9caution en cas d&rsquo;ulc\u00e8res actifs de l&rsquo;estomac ou du duod\u00e9nal, d&rsquo;inflammation intestinale s\u00e9v\u00e8re (caract\u00e9ris\u00e9e par du sang dans les selles), d&rsquo;h\u00e9mophilie et d&rsquo;autres troubles h\u00e9morragiques, ou dans la semaine suivant une intervention chirurgicale pr\u00e9vue. Ce produit peut ne pas convenir aux personnes souffrant d&rsquo;allergies connues aux prot\u00e9ines enzymatiques d&rsquo;Aspergillus, bien que les allergies non sp\u00e9cifiques aux moisissures n&#8217;emp\u00eachent pas n\u00e9cessairement l&rsquo;utilisation d&rsquo;enzymes fongiques. Consultez votre m\u00e9decin pour obtenir des conseils suppl\u00e9mentaires et faites preuve de prudence. Les personnes ayant des r\u00e9actions allergiques anaphylactiques connues aux prot\u00e9ines fongiques ne doivent PAS ing\u00e9rer d&rsquo;enzymes d&rsquo;origine fongique.<\/p>\n<p>TriEnza est toujours notre meilleur produit enzymatique \u00e0 large spectre pour les prot\u00e9ines, le gluten, les produits laitiers, les amidons, les glucides, les graisses, les fibres et les aliments polyph\u00e9noliques.<\/p>\n","protected":false},"excerpt":{"rendered":"<p>Le m\u00e9lange unique d&rsquo;enzymes de <strong>TriEnza<\/strong> d\u00e9compose les aliments pour aider \u00e0 pr\u00e9venir les malaises digestifs occasionnels dus aux intol\u00e9rances alimentaires.<\/p>\n<p>&nbsp;<\/p>\n<p><strong>Nouvelle formule am\u00e9lior\u00e9e!<\/strong><\/p>\n<p>Produit enzymatique pour de multiples intol\u00e9rances alimentaires<\/p>\n<p>Soutient la digestion du gluten, des produits laitiers, des prot\u00e9ines, des glucides, des polyph\u00e9nols et des graisses<\/p>\n<p>Comprend l&rsquo;enzyme DPP IV (\u00abDPP 4\u00bb) pour soutenir la digestion de la glut\u00e9omorphine (\u00e0 partir du gluten) et de la casomorphine (\u00e0 partir de la cas\u00e9ine laiti\u00e8re)<\/p>\n<p>R\u00e9duit les gaz occasionnels et les ballonnements<\/p>\n<p>Disponible en capsules, comprim\u00e9s \u00e0 croquer<\/p>\n","protected":false},"featured_media":4459,"comment_status":"open","ping_status":"closed","template":"","meta":{"_uag_custom_page_level_css":""},"product_brand":[],"product_cat":[93],"product_tag":[],"class_list":{"0":"post-1451","1":"product","2":"type-product","3":"status-publish","4":"has-post-thumbnail","6":"product_cat-sante_intestinale","8":"first","9":"instock","10":"sale","11":"taxable","12":"shipping-taxable","13":"purchasable","14":"product-type-variable","15":"layout-style-2","16":"col-md-4 col-sm-4 col-xs-6","17":"col-lg-3","18":"product-style-quickview"},"yoast_head":"<!-- This site is optimized with the Yoast SEO plugin v26.6 - https:\/\/yoast.com\/wordpress\/plugins\/seo\/ -->\n<title>TriEnza - Biomore<\/title>\n<meta name=\"robots\" content=\"index, follow, max-snippet:-1, max-image-preview:large, max-video-preview:-1\" \/>\n<link rel=\"canonical\" href=\"https:\/\/www.biomore.eu\/fr\/product\/trienza\/\" \/>\n<meta property=\"og:locale\" content=\"fr_FR\" \/>\n<meta property=\"og:type\" content=\"article\" \/>\n<meta property=\"og:title\" content=\"TriEnza - Biomore\" \/>\n<meta property=\"og:description\" content=\"Le m\u00e9lange unique d&#039;enzymes de TriEnza d\u00e9compose les aliments pour aider \u00e0 pr\u00e9venir les malaises digestifs occasionnels dus aux intol\u00e9rances alimentaires.  &nbsp;  Nouvelle formule am\u00e9lior\u00e9e!  Produit enzymatique pour de multiples intol\u00e9rances alimentaires  Soutient la digestion du gluten, des produits laitiers, des prot\u00e9ines, des glucides, des polyph\u00e9nols et des graisses  Comprend l&#039;enzyme DPP IV (\u00abDPP 4\u00bb) pour soutenir la digestion de la glut\u00e9omorphine (\u00e0 partir du gluten) et de la casomorphine (\u00e0 partir de la cas\u00e9ine laiti\u00e8re)  R\u00e9duit les gaz occasionnels et les ballonnements  Disponible en capsules, comprim\u00e9s \u00e0 croquer\" \/>\n<meta property=\"og:url\" content=\"https:\/\/www.biomore.eu\/fr\/product\/trienza\/\" \/>\n<meta property=\"og:site_name\" content=\"Biomore\" \/>\n<meta property=\"article:modified_time\" content=\"2024-01-02T14:46:41+00:00\" \/>\n<meta property=\"og:image\" content=\"https:\/\/www.biomore.eu\/wp-content\/uploads\/2020\/12\/TriEnza-180-front.png\" \/>\n\t<meta property=\"og:image:width\" content=\"908\" \/>\n\t<meta property=\"og:image:height\" content=\"908\" \/>\n\t<meta property=\"og:image:type\" content=\"image\/png\" \/>\n<meta name=\"twitter:card\" content=\"summary_large_image\" \/>\n<meta name=\"twitter:label1\" content=\"Dur\u00e9e de lecture estim\u00e9e\" \/>\n\t<meta name=\"twitter:data1\" content=\"4 minutes\" \/>\n<script type=\"application\/ld+json\" class=\"yoast-schema-graph\">{\"@context\":\"https:\/\/schema.org\",\"@graph\":[{\"@type\":\"WebPage\",\"@id\":\"https:\/\/www.biomore.eu\/fr\/product\/trienza\/\",\"url\":\"https:\/\/www.biomore.eu\/fr\/product\/trienza\/\",\"name\":\"TriEnza - Biomore\",\"isPartOf\":{\"@id\":\"https:\/\/www.biomore.eu\/de\/#website\"},\"primaryImageOfPage\":{\"@id\":\"https:\/\/www.biomore.eu\/fr\/product\/trienza\/#primaryimage\"},\"image\":{\"@id\":\"https:\/\/www.biomore.eu\/fr\/product\/trienza\/#primaryimage\"},\"thumbnailUrl\":\"https:\/\/www.biomore.eu\/wp-content\/uploads\/2025\/10\/TriEnza-180-2025.webp\",\"datePublished\":\"2021-01-01T16:39:49+00:00\",\"dateModified\":\"2024-01-02T14:46:41+00:00\",\"breadcrumb\":{\"@id\":\"https:\/\/www.biomore.eu\/fr\/product\/trienza\/#breadcrumb\"},\"inLanguage\":\"fr-FR\",\"potentialAction\":[{\"@type\":\"ReadAction\",\"target\":[\"https:\/\/www.biomore.eu\/fr\/product\/trienza\/\"]}]},{\"@type\":\"ImageObject\",\"inLanguage\":\"fr-FR\",\"@id\":\"https:\/\/www.biomore.eu\/fr\/product\/trienza\/#primaryimage\",\"url\":\"https:\/\/www.biomore.eu\/wp-content\/uploads\/2025\/10\/TriEnza-180-2025.webp\",\"contentUrl\":\"https:\/\/www.biomore.eu\/wp-content\/uploads\/2025\/10\/TriEnza-180-2025.webp\",\"width\":908,\"height\":908,\"caption\":\"TriEnza 180\"},{\"@type\":\"BreadcrumbList\",\"@id\":\"https:\/\/www.biomore.eu\/fr\/product\/trienza\/#breadcrumb\",\"itemListElement\":[{\"@type\":\"ListItem\",\"position\":1,\"name\":\"Home\",\"item\":\"https:\/\/www.biomore.eu\/fr\/\"},{\"@type\":\"ListItem\",\"position\":2,\"name\":\"Boutique\",\"item\":\"https:\/\/www.biomore.eu\/fr\/boutique\/\"},{\"@type\":\"ListItem\",\"position\":3,\"name\":\"TriEnza\"}]},{\"@type\":\"WebSite\",\"@id\":\"https:\/\/www.biomore.eu\/de\/#website\",\"url\":\"https:\/\/www.biomore.eu\/de\/\",\"name\":\"Biomore\",\"description\":\"\",\"potentialAction\":[{\"@type\":\"SearchAction\",\"target\":{\"@type\":\"EntryPoint\",\"urlTemplate\":\"https:\/\/www.biomore.eu\/de\/?s={search_term_string}\"},\"query-input\":{\"@type\":\"PropertyValueSpecification\",\"valueRequired\":true,\"valueName\":\"search_term_string\"}}],\"inLanguage\":\"fr-FR\"}]}<\/script>\n<!-- \/ Yoast SEO plugin. -->","yoast_head_json":{"title":"TriEnza - Biomore","robots":{"index":"index","follow":"follow","max-snippet":"max-snippet:-1","max-image-preview":"max-image-preview:large","max-video-preview":"max-video-preview:-1"},"canonical":"https:\/\/www.biomore.eu\/fr\/product\/trienza\/","og_locale":"fr_FR","og_type":"article","og_title":"TriEnza - Biomore","og_description":"Le m\u00e9lange unique d'enzymes de TriEnza d\u00e9compose les aliments pour aider \u00e0 pr\u00e9venir les malaises digestifs occasionnels dus aux intol\u00e9rances alimentaires.  &nbsp;  Nouvelle formule am\u00e9lior\u00e9e!  Produit enzymatique pour de multiples intol\u00e9rances alimentaires  Soutient la digestion du gluten, des produits laitiers, des prot\u00e9ines, des glucides, des polyph\u00e9nols et des graisses  Comprend l'enzyme DPP IV (\u00abDPP 4\u00bb) pour soutenir la digestion de la glut\u00e9omorphine (\u00e0 partir du gluten) et de la casomorphine (\u00e0 partir de la cas\u00e9ine laiti\u00e8re)  R\u00e9duit les gaz occasionnels et les ballonnements  Disponible en capsules, comprim\u00e9s \u00e0 croquer","og_url":"https:\/\/www.biomore.eu\/fr\/product\/trienza\/","og_site_name":"Biomore","article_modified_time":"2024-01-02T14:46:41+00:00","og_image":[{"width":908,"height":908,"url":"https:\/\/www.biomore.eu\/wp-content\/uploads\/2020\/12\/TriEnza-180-front.png","type":"image\/png"}],"twitter_card":"summary_large_image","twitter_misc":{"Dur\u00e9e de lecture estim\u00e9e":"4 minutes"},"schema":{"@context":"https:\/\/schema.org","@graph":[{"@type":"WebPage","@id":"https:\/\/www.biomore.eu\/fr\/product\/trienza\/","url":"https:\/\/www.biomore.eu\/fr\/product\/trienza\/","name":"TriEnza - Biomore","isPartOf":{"@id":"https:\/\/www.biomore.eu\/de\/#website"},"primaryImageOfPage":{"@id":"https:\/\/www.biomore.eu\/fr\/product\/trienza\/#primaryimage"},"image":{"@id":"https:\/\/www.biomore.eu\/fr\/product\/trienza\/#primaryimage"},"thumbnailUrl":"https:\/\/www.biomore.eu\/wp-content\/uploads\/2025\/10\/TriEnza-180-2025.webp","datePublished":"2021-01-01T16:39:49+00:00","dateModified":"2024-01-02T14:46:41+00:00","breadcrumb":{"@id":"https:\/\/www.biomore.eu\/fr\/product\/trienza\/#breadcrumb"},"inLanguage":"fr-FR","potentialAction":[{"@type":"ReadAction","target":["https:\/\/www.biomore.eu\/fr\/product\/trienza\/"]}]},{"@type":"ImageObject","inLanguage":"fr-FR","@id":"https:\/\/www.biomore.eu\/fr\/product\/trienza\/#primaryimage","url":"https:\/\/www.biomore.eu\/wp-content\/uploads\/2025\/10\/TriEnza-180-2025.webp","contentUrl":"https:\/\/www.biomore.eu\/wp-content\/uploads\/2025\/10\/TriEnza-180-2025.webp","width":908,"height":908,"caption":"TriEnza 180"},{"@type":"BreadcrumbList","@id":"https:\/\/www.biomore.eu\/fr\/product\/trienza\/#breadcrumb","itemListElement":[{"@type":"ListItem","position":1,"name":"Home","item":"https:\/\/www.biomore.eu\/fr\/"},{"@type":"ListItem","position":2,"name":"Boutique","item":"https:\/\/www.biomore.eu\/fr\/boutique\/"},{"@type":"ListItem","position":3,"name":"TriEnza"}]},{"@type":"WebSite","@id":"https:\/\/www.biomore.eu\/de\/#website","url":"https:\/\/www.biomore.eu\/de\/","name":"Biomore","description":"","potentialAction":[{"@type":"SearchAction","target":{"@type":"EntryPoint","urlTemplate":"https:\/\/www.biomore.eu\/de\/?s={search_term_string}"},"query-input":{"@type":"PropertyValueSpecification","valueRequired":true,"valueName":"search_term_string"}}],"inLanguage":"fr-FR"}]}},"uagb_featured_image_src":{"full":["https:\/\/www.biomore.eu\/wp-content\/uploads\/2025\/10\/TriEnza-180-2025.webp",908,908,false],"thumbnail":["https:\/\/www.biomore.eu\/wp-content\/uploads\/2025\/10\/TriEnza-180-2025-150x150.webp",150,150,true],"medium":["https:\/\/www.biomore.eu\/wp-content\/uploads\/2025\/10\/TriEnza-180-2025-300x300.webp",300,300,true],"medium_large":["https:\/\/www.biomore.eu\/wp-content\/uploads\/2025\/10\/TriEnza-180-2025-768x768.webp",640,640,true],"large":["https:\/\/www.biomore.eu\/wp-content\/uploads\/2025\/10\/TriEnza-180-2025.webp",640,640,false],"1536x1536":["https:\/\/www.biomore.eu\/wp-content\/uploads\/2025\/10\/TriEnza-180-2025.webp",908,908,false],"2048x2048":["https:\/\/www.biomore.eu\/wp-content\/uploads\/2025\/10\/TriEnza-180-2025.webp",908,908,false],"post-thumbnail":["https:\/\/www.biomore.eu\/wp-content\/uploads\/2025\/10\/TriEnza-180-2025-100x100.webp",100,100,true],"sober-blog-thumbnail":["https:\/\/www.biomore.eu\/wp-content\/uploads\/2025\/10\/TriEnza-180-2025-750x480.webp",750,480,true],"sober-blog-grid":["https:\/\/www.biomore.eu\/wp-content\/uploads\/2025\/10\/TriEnza-180-2025-360x240.webp",360,240,true],"sober-widget-thumbnail":["https:\/\/www.biomore.eu\/wp-content\/uploads\/2025\/10\/TriEnza-180-2025-100x100.webp",100,100,true],"woocommerce_thumbnail":["https:\/\/www.biomore.eu\/wp-content\/uploads\/2025\/10\/TriEnza-180-2025-433x516.webp",433,516,true],"woocommerce_single":["https:\/\/www.biomore.eu\/wp-content\/uploads\/2025\/10\/TriEnza-180-2025-897x897.webp",897,897,true],"woocommerce_gallery_thumbnail":["https:\/\/www.biomore.eu\/wp-content\/uploads\/2025\/10\/TriEnza-180-2025-80x100.webp",80,100,true],"sober_wc_gallery_thumbnail":["https:\/\/www.biomore.eu\/wp-content\/uploads\/2025\/10\/TriEnza-180-2025-160x200.webp",160,200,true]},"uagb_author_info":{"display_name":"Jan Pieter","author_link":"https:\/\/www.biomore.eu\/fr\/author\/"},"uagb_comment_info":0,"uagb_excerpt":"Le m\u00e9lange unique d'enzymes de TriEnza d\u00e9compose les aliments pour aider \u00e0 pr\u00e9venir les malaises digestifs occasionnels dus aux intol\u00e9rances alimentaires. &nbsp; Nouvelle formule am\u00e9lior\u00e9e! Produit enzymatique pour de multiples intol\u00e9rances alimentaires Soutient la digestion du gluten, des produits laitiers, des prot\u00e9ines, des glucides, des polyph\u00e9nols et des graisses Comprend l'enzyme DPP IV (\u00abDPP 4\u00bb)\u2026","_links":{"self":[{"href":"https:\/\/www.biomore.eu\/fr\/wp-json\/wp\/v2\/product\/1451","targetHints":{"allow":["GET"]}}],"collection":[{"href":"https:\/\/www.biomore.eu\/fr\/wp-json\/wp\/v2\/product"}],"about":[{"href":"https:\/\/www.biomore.eu\/fr\/wp-json\/wp\/v2\/types\/product"}],"replies":[{"embeddable":true,"href":"https:\/\/www.biomore.eu\/fr\/wp-json\/wp\/v2\/comments?post=1451"}],"wp:featuredmedia":[{"embeddable":true,"href":"https:\/\/www.biomore.eu\/fr\/wp-json\/wp\/v2\/media\/4459"}],"wp:attachment":[{"href":"https:\/\/www.biomore.eu\/fr\/wp-json\/wp\/v2\/media?parent=1451"}],"wp:term":[{"taxonomy":"product_brand","embeddable":true,"href":"https:\/\/www.biomore.eu\/fr\/wp-json\/wp\/v2\/product_brand?post=1451"},{"taxonomy":"product_cat","embeddable":true,"href":"https:\/\/www.biomore.eu\/fr\/wp-json\/wp\/v2\/product_cat?post=1451"},{"taxonomy":"product_tag","embeddable":true,"href":"https:\/\/www.biomore.eu\/fr\/wp-json\/wp\/v2\/product_tag?post=1451"}],"curies":[{"name":"wp","href":"https:\/\/api.w.org\/{rel}","templated":true}]}}