{"id":1447,"date":"2021-01-01T23:12:58","date_gmt":"2021-01-01T22:12:58","guid":{"rendered":"https:\/\/www.biomore.eu\/product\/biomuve\/"},"modified":"2024-08-08T17:11:25","modified_gmt":"2024-08-08T16:11:25","slug":"biomuve","status":"publish","type":"product","link":"https:\/\/www.biomore.eu\/fr\/product\/biomuve\/","title":{"rendered":"Biomuve"},"content":{"rendered":"<p><strong>Biomuve<\/strong> est une combinaison d&rsquo;enzyme xylanase, de bact\u00e9ries probiotiques (2 milliards d&rsquo;UFC au total) et d&rsquo;une plante pr\u00e9biotique qui favorise la r\u00e9gularit\u00e9 et la sant\u00e9 des bact\u00e9ries intestinales.<\/p>\n<h3><strong>Exp\u00e9dition et stockage<\/strong><\/h3>\n<p>La nouvelle formule (vendue sous forme de capsules \u00e0 90 unit\u00e9s \/ 45 doses) n&rsquo;a PAS besoin d&rsquo;\u00eatre r\u00e9frig\u00e9r\u00e9e. Aucun sac de glace n&rsquo;est n\u00e9cessaire pour l&rsquo;exp\u00e9dition. Une fois que vous avez re\u00e7u Biomuve, vous n&rsquo;avez PAS besoin de le r\u00e9frig\u00e9rer &#8211; les probiotiques contenus dans Biomuve sont stables \u00e0 la conservation.<\/p>\n<h3><strong>Plus de d\u00e9tails<\/strong><\/h3>\n<p>Biomuve contient Actazin\u00ae, un extrait de kiwi qui est une source naturelle de pr\u00e9biotiques, de fibres et d&rsquo;enzymes. Actazin\u00ae fournit des pr\u00e9biotiques pour nourrir les bact\u00e9ries probiotiques fournies dans ce produit.<br \/>\nLa xylanase est ajout\u00e9e en tant qu&rsquo;enzyme qui d\u00e9compose l&rsquo;h\u00e9micellulose et les polysaccharides non amylac\u00e9s pour lib\u00e9rer les nutriments des aliments \u00e0 haute teneur en fibres. Cela peut r\u00e9duire la quantit\u00e9 d&rsquo;inconfort digestif associ\u00e9 aux l\u00e9gumes, aux c\u00e9r\u00e9ales et aux l\u00e9gumineuses.<\/p>\n<p>Biomuve comprend DE111\u00ae, qui est un m\u00e9lange probiotique de Bacillus subtilis qui peut aider \u00e0 maintenir la r\u00e9gularit\u00e9 dans le tube digestif.<\/p>\n","protected":false},"excerpt":{"rendered":"<p><strong>Biomuve<\/strong> est une combinaison d&rsquo;enzyme xylanase, de bact\u00e9ries probiotiques (2 milliards d&rsquo;UFC au total) et d&rsquo;une plante pr\u00e9biotique qui favorise la r\u00e9gularit\u00e9 et la sant\u00e9 des bact\u00e9ries intestinales.<\/p>\n","protected":false},"featured_media":4279,"comment_status":"open","ping_status":"closed","template":"","meta":{"_uag_custom_page_level_css":""},"product_brand":[],"product_cat":[93],"product_tag":[],"class_list":{"0":"post-1447","1":"product","2":"type-product","3":"status-publish","4":"has-post-thumbnail","6":"product_cat-sante_intestinale","8":"first","9":"instock","10":"taxable","11":"shipping-taxable","12":"purchasable","13":"product-type-simple","14":"layout-style-2","15":"col-md-4 col-sm-4 col-xs-6","16":"col-lg-3","17":"product-style-quickview"},"yoast_head":"<!-- This site is optimized with the Yoast SEO plugin v26.6 - https:\/\/yoast.com\/wordpress\/plugins\/seo\/ -->\n<title>Biomuve - Biomore<\/title>\n<meta name=\"robots\" content=\"index, follow, max-snippet:-1, max-image-preview:large, max-video-preview:-1\" \/>\n<link rel=\"canonical\" href=\"https:\/\/www.biomore.eu\/fr\/product\/biomuve\/\" \/>\n<meta property=\"og:locale\" content=\"fr_FR\" \/>\n<meta property=\"og:type\" content=\"article\" \/>\n<meta property=\"og:title\" content=\"Biomuve - Biomore\" \/>\n<meta property=\"og:description\" content=\"Biomuve est une combinaison d&#039;enzyme xylanase, de bact\u00e9ries probiotiques (2 milliards d&#039;UFC au total) et d&#039;une plante pr\u00e9biotique qui favorise la r\u00e9gularit\u00e9 et la sant\u00e9 des bact\u00e9ries intestinales.\" \/>\n<meta property=\"og:url\" content=\"https:\/\/www.biomore.eu\/fr\/product\/biomuve\/\" \/>\n<meta property=\"og:site_name\" content=\"Biomore\" \/>\n<meta property=\"article:modified_time\" content=\"2024-08-08T16:11:25+00:00\" \/>\n<meta property=\"og:image\" content=\"https:\/\/www.biomore.eu\/wp-content\/uploads\/2020\/12\/Biomuve-90-front.png\" \/>\n\t<meta property=\"og:image:width\" content=\"908\" \/>\n\t<meta property=\"og:image:height\" content=\"908\" \/>\n\t<meta property=\"og:image:type\" content=\"image\/png\" \/>\n<meta name=\"twitter:card\" content=\"summary_large_image\" \/>\n<meta name=\"twitter:label1\" content=\"Dur\u00e9e de lecture estim\u00e9e\" \/>\n\t<meta name=\"twitter:data1\" content=\"1 minute\" \/>\n<script type=\"application\/ld+json\" class=\"yoast-schema-graph\">{\"@context\":\"https:\/\/schema.org\",\"@graph\":[{\"@type\":\"WebPage\",\"@id\":\"https:\/\/www.biomore.eu\/fr\/product\/biomuve\/\",\"url\":\"https:\/\/www.biomore.eu\/fr\/product\/biomuve\/\",\"name\":\"Biomuve - Biomore\",\"isPartOf\":{\"@id\":\"https:\/\/www.biomore.eu\/de\/#website\"},\"primaryImageOfPage\":{\"@id\":\"https:\/\/www.biomore.eu\/fr\/product\/biomuve\/#primaryimage\"},\"image\":{\"@id\":\"https:\/\/www.biomore.eu\/fr\/product\/biomuve\/#primaryimage\"},\"thumbnailUrl\":\"https:\/\/www.biomore.eu\/wp-content\/uploads\/2025\/07\/Biomuve-90-front.webp\",\"datePublished\":\"2021-01-01T22:12:58+00:00\",\"dateModified\":\"2024-08-08T16:11:25+00:00\",\"breadcrumb\":{\"@id\":\"https:\/\/www.biomore.eu\/fr\/product\/biomuve\/#breadcrumb\"},\"inLanguage\":\"fr-FR\",\"potentialAction\":[{\"@type\":\"ReadAction\",\"target\":[\"https:\/\/www.biomore.eu\/fr\/product\/biomuve\/\"]}]},{\"@type\":\"ImageObject\",\"inLanguage\":\"fr-FR\",\"@id\":\"https:\/\/www.biomore.eu\/fr\/product\/biomuve\/#primaryimage\",\"url\":\"https:\/\/www.biomore.eu\/wp-content\/uploads\/2025\/07\/Biomuve-90-front.webp\",\"contentUrl\":\"https:\/\/www.biomore.eu\/wp-content\/uploads\/2025\/07\/Biomuve-90-front.webp\",\"width\":908,\"height\":908,\"caption\":\"Biomuve 90\"},{\"@type\":\"BreadcrumbList\",\"@id\":\"https:\/\/www.biomore.eu\/fr\/product\/biomuve\/#breadcrumb\",\"itemListElement\":[{\"@type\":\"ListItem\",\"position\":1,\"name\":\"Home\",\"item\":\"https:\/\/www.biomore.eu\/fr\/\"},{\"@type\":\"ListItem\",\"position\":2,\"name\":\"Boutique\",\"item\":\"https:\/\/www.biomore.eu\/fr\/boutique\/\"},{\"@type\":\"ListItem\",\"position\":3,\"name\":\"Biomuve\"}]},{\"@type\":\"WebSite\",\"@id\":\"https:\/\/www.biomore.eu\/de\/#website\",\"url\":\"https:\/\/www.biomore.eu\/de\/\",\"name\":\"Biomore\",\"description\":\"\",\"potentialAction\":[{\"@type\":\"SearchAction\",\"target\":{\"@type\":\"EntryPoint\",\"urlTemplate\":\"https:\/\/www.biomore.eu\/de\/?s={search_term_string}\"},\"query-input\":{\"@type\":\"PropertyValueSpecification\",\"valueRequired\":true,\"valueName\":\"search_term_string\"}}],\"inLanguage\":\"fr-FR\"}]}<\/script>\n<!-- \/ Yoast SEO plugin. -->","yoast_head_json":{"title":"Biomuve - Biomore","robots":{"index":"index","follow":"follow","max-snippet":"max-snippet:-1","max-image-preview":"max-image-preview:large","max-video-preview":"max-video-preview:-1"},"canonical":"https:\/\/www.biomore.eu\/fr\/product\/biomuve\/","og_locale":"fr_FR","og_type":"article","og_title":"Biomuve - Biomore","og_description":"Biomuve est une combinaison d'enzyme xylanase, de bact\u00e9ries probiotiques (2 milliards d'UFC au total) et d'une plante pr\u00e9biotique qui favorise la r\u00e9gularit\u00e9 et la sant\u00e9 des bact\u00e9ries intestinales.","og_url":"https:\/\/www.biomore.eu\/fr\/product\/biomuve\/","og_site_name":"Biomore","article_modified_time":"2024-08-08T16:11:25+00:00","og_image":[{"width":908,"height":908,"url":"https:\/\/www.biomore.eu\/wp-content\/uploads\/2020\/12\/Biomuve-90-front.png","type":"image\/png"}],"twitter_card":"summary_large_image","twitter_misc":{"Dur\u00e9e de lecture estim\u00e9e":"1 minute"},"schema":{"@context":"https:\/\/schema.org","@graph":[{"@type":"WebPage","@id":"https:\/\/www.biomore.eu\/fr\/product\/biomuve\/","url":"https:\/\/www.biomore.eu\/fr\/product\/biomuve\/","name":"Biomuve - Biomore","isPartOf":{"@id":"https:\/\/www.biomore.eu\/de\/#website"},"primaryImageOfPage":{"@id":"https:\/\/www.biomore.eu\/fr\/product\/biomuve\/#primaryimage"},"image":{"@id":"https:\/\/www.biomore.eu\/fr\/product\/biomuve\/#primaryimage"},"thumbnailUrl":"https:\/\/www.biomore.eu\/wp-content\/uploads\/2025\/07\/Biomuve-90-front.webp","datePublished":"2021-01-01T22:12:58+00:00","dateModified":"2024-08-08T16:11:25+00:00","breadcrumb":{"@id":"https:\/\/www.biomore.eu\/fr\/product\/biomuve\/#breadcrumb"},"inLanguage":"fr-FR","potentialAction":[{"@type":"ReadAction","target":["https:\/\/www.biomore.eu\/fr\/product\/biomuve\/"]}]},{"@type":"ImageObject","inLanguage":"fr-FR","@id":"https:\/\/www.biomore.eu\/fr\/product\/biomuve\/#primaryimage","url":"https:\/\/www.biomore.eu\/wp-content\/uploads\/2025\/07\/Biomuve-90-front.webp","contentUrl":"https:\/\/www.biomore.eu\/wp-content\/uploads\/2025\/07\/Biomuve-90-front.webp","width":908,"height":908,"caption":"Biomuve 90"},{"@type":"BreadcrumbList","@id":"https:\/\/www.biomore.eu\/fr\/product\/biomuve\/#breadcrumb","itemListElement":[{"@type":"ListItem","position":1,"name":"Home","item":"https:\/\/www.biomore.eu\/fr\/"},{"@type":"ListItem","position":2,"name":"Boutique","item":"https:\/\/www.biomore.eu\/fr\/boutique\/"},{"@type":"ListItem","position":3,"name":"Biomuve"}]},{"@type":"WebSite","@id":"https:\/\/www.biomore.eu\/de\/#website","url":"https:\/\/www.biomore.eu\/de\/","name":"Biomore","description":"","potentialAction":[{"@type":"SearchAction","target":{"@type":"EntryPoint","urlTemplate":"https:\/\/www.biomore.eu\/de\/?s={search_term_string}"},"query-input":{"@type":"PropertyValueSpecification","valueRequired":true,"valueName":"search_term_string"}}],"inLanguage":"fr-FR"}]}},"uagb_featured_image_src":{"full":["https:\/\/www.biomore.eu\/wp-content\/uploads\/2025\/07\/Biomuve-90-front.webp",908,908,false],"thumbnail":["https:\/\/www.biomore.eu\/wp-content\/uploads\/2025\/07\/Biomuve-90-front-150x150.webp",150,150,true],"medium":["https:\/\/www.biomore.eu\/wp-content\/uploads\/2025\/07\/Biomuve-90-front-300x300.webp",300,300,true],"medium_large":["https:\/\/www.biomore.eu\/wp-content\/uploads\/2025\/07\/Biomuve-90-front-768x768.webp",640,640,true],"large":["https:\/\/www.biomore.eu\/wp-content\/uploads\/2025\/07\/Biomuve-90-front.webp",640,640,false],"1536x1536":["https:\/\/www.biomore.eu\/wp-content\/uploads\/2025\/07\/Biomuve-90-front.webp",908,908,false],"2048x2048":["https:\/\/www.biomore.eu\/wp-content\/uploads\/2025\/07\/Biomuve-90-front.webp",908,908,false],"post-thumbnail":["https:\/\/www.biomore.eu\/wp-content\/uploads\/2025\/07\/Biomuve-90-front-100x100.webp",100,100,true],"sober-blog-thumbnail":["https:\/\/www.biomore.eu\/wp-content\/uploads\/2025\/07\/Biomuve-90-front-750x480.webp",750,480,true],"sober-blog-grid":["https:\/\/www.biomore.eu\/wp-content\/uploads\/2025\/07\/Biomuve-90-front-360x240.webp",360,240,true],"sober-widget-thumbnail":["https:\/\/www.biomore.eu\/wp-content\/uploads\/2025\/07\/Biomuve-90-front-100x100.webp",100,100,true],"woocommerce_thumbnail":["https:\/\/www.biomore.eu\/wp-content\/uploads\/2025\/07\/Biomuve-90-front-433x516.webp",433,516,true],"woocommerce_single":["https:\/\/www.biomore.eu\/wp-content\/uploads\/2025\/07\/Biomuve-90-front-897x897.webp",897,897,true],"woocommerce_gallery_thumbnail":["https:\/\/www.biomore.eu\/wp-content\/uploads\/2025\/07\/Biomuve-90-front-80x100.webp",80,100,true],"sober_wc_gallery_thumbnail":["https:\/\/www.biomore.eu\/wp-content\/uploads\/2025\/07\/Biomuve-90-front-160x200.webp",160,200,true]},"uagb_author_info":{"display_name":"Jan Pieter","author_link":"https:\/\/www.biomore.eu\/fr\/author\/"},"uagb_comment_info":0,"uagb_excerpt":"Biomuve est une combinaison d'enzyme xylanase, de bact\u00e9ries probiotiques (2 milliards d'UFC au total) et d'une plante pr\u00e9biotique qui favorise la r\u00e9gularit\u00e9 et la sant\u00e9 des bact\u00e9ries intestinales.","_links":{"self":[{"href":"https:\/\/www.biomore.eu\/fr\/wp-json\/wp\/v2\/product\/1447","targetHints":{"allow":["GET"]}}],"collection":[{"href":"https:\/\/www.biomore.eu\/fr\/wp-json\/wp\/v2\/product"}],"about":[{"href":"https:\/\/www.biomore.eu\/fr\/wp-json\/wp\/v2\/types\/product"}],"replies":[{"embeddable":true,"href":"https:\/\/www.biomore.eu\/fr\/wp-json\/wp\/v2\/comments?post=1447"}],"wp:featuredmedia":[{"embeddable":true,"href":"https:\/\/www.biomore.eu\/fr\/wp-json\/wp\/v2\/media\/4279"}],"wp:attachment":[{"href":"https:\/\/www.biomore.eu\/fr\/wp-json\/wp\/v2\/media?parent=1447"}],"wp:term":[{"taxonomy":"product_brand","embeddable":true,"href":"https:\/\/www.biomore.eu\/fr\/wp-json\/wp\/v2\/product_brand?post=1447"},{"taxonomy":"product_cat","embeddable":true,"href":"https:\/\/www.biomore.eu\/fr\/wp-json\/wp\/v2\/product_cat?post=1447"},{"taxonomy":"product_tag","embeddable":true,"href":"https:\/\/www.biomore.eu\/fr\/wp-json\/wp\/v2\/product_tag?post=1447"}],"curies":[{"name":"wp","href":"https:\/\/api.w.org\/{rel}","templated":true}]}}