{"id":1445,"date":"2021-01-01T23:25:59","date_gmt":"2021-01-01T22:25:59","guid":{"rendered":"https:\/\/www.biomore.eu\/?post_type=product&#038;p=1445"},"modified":"2021-01-18T23:43:43","modified_gmt":"2021-01-18T22:43:43","slug":"lypazyme","status":"publish","type":"product","link":"https:\/\/www.biomore.eu\/fr\/product\/lypazyme\/","title":{"rendered":"Lypazyme"},"content":{"rendered":"<p><strong>Lypazyme<\/strong> est une combinaison de 3 enzymes lipases diff\u00e9rentes qui aident \u00e0 d\u00e9composer les triglyc\u00e9rides alimentaires en acides gras \u00e0 cha\u00eene courte. Excellent pour les repas riches en mati\u00e8res grasses ou en compl\u00e9ment d&rsquo;huiles de poisson et \/ ou de produits om\u00e9ga-3. Les r\u00e9gimes riches en graisses tels que le r\u00e9gime c\u00e9tog\u00e8ne peuvent entra\u00eener une vidange plus lente de l&rsquo;estomac, ce qui produit des ballonnements et de l&rsquo;inconfort. Les enzymes lipases stables \u00e0 l&rsquo;acide de Lypazyme agissent dans l&rsquo;estomac pour commencer la digestion des triglyc\u00e9rides beaucoup plus t\u00f4t.<\/p>\n<h3><strong>Dosage:<\/strong><\/h3>\n<p>Aucune limite sup\u00e9rieure n&rsquo;a \u00e9t\u00e9 \u00e9tablie pour la suppl\u00e9mentation en enzymes orales. Les \u00e9tudes animales indiquent que des doses extr\u00eamement \u00e9lev\u00e9es d&rsquo;enzymes peuvent \u00eatre ing\u00e9r\u00e9es sans toxicit\u00e9 ni effet n\u00e9faste. Aucune limite sup\u00e9rieure n&rsquo;a \u00e9t\u00e9 \u00e9tablie pour le dosage de l&rsquo;enzyme lipase. La posologie recommand\u00e9e est d&rsquo;une (1) capsule par repas, mais deux (2) capsules peuvent \u00eatre prises si un repas est plus riche en graisses.<\/p>\n","protected":false},"excerpt":{"rendered":"<p><strong>Lypazyme<\/strong> est une combinaison de 3 enzymes lipases diff\u00e9rentes pour mieux aider \u00e0 la d\u00e9gradation compl\u00e8te des graisses triglyc\u00e9rides pr\u00e9sentes dans les aliments et de nombreux suppl\u00e9ments. L&rsquo;utilisation d&rsquo;un seul type de lipase peut entra\u00eener la formation de mono- et di-triglyc\u00e9rides plut\u00f4t qu&rsquo;une d\u00e9gradation compl\u00e8te en acides gras nutritionnels \u00e0 cha\u00eene courte.<\/p>\n<p>Aide \u00e0 la digestion des repas riches en graisses ou des suppl\u00e9ments d&rsquo;huile de poisson<br \/>\nD\u00e9compose les triglyc\u00e9rides alimentaires en acides gras \u00e0 cha\u00eene courte<br \/>\nSoutient le r\u00e9gime c\u00e9to<br \/>\nCompos\u00e9 de 3 enzymes lipases diff\u00e9rentes<br \/>\nCapsules de petite taille (n \u00b0 3)<\/p>\n","protected":false},"featured_media":4284,"comment_status":"open","ping_status":"closed","template":"","meta":{"_uag_custom_page_level_css":""},"product_brand":[],"product_cat":[93],"product_tag":[],"class_list":{"0":"post-1445","1":"product","2":"type-product","3":"status-publish","4":"has-post-thumbnail","6":"product_cat-sante_intestinale","8":"first","9":"instock","10":"taxable","11":"shipping-taxable","12":"purchasable","13":"product-type-simple","14":"layout-style-2","15":"col-md-4 col-sm-4 col-xs-6","16":"col-lg-3","17":"product-style-quickview"},"yoast_head":"<!-- This site is optimized with the Yoast SEO plugin v26.6 - https:\/\/yoast.com\/wordpress\/plugins\/seo\/ -->\n<title>Lypazyme - Biomore<\/title>\n<meta name=\"robots\" content=\"index, follow, max-snippet:-1, max-image-preview:large, max-video-preview:-1\" \/>\n<link rel=\"canonical\" href=\"https:\/\/www.biomore.eu\/fr\/product\/lypazyme\/\" \/>\n<meta property=\"og:locale\" content=\"fr_FR\" \/>\n<meta property=\"og:type\" content=\"article\" \/>\n<meta property=\"og:title\" content=\"Lypazyme - Biomore\" \/>\n<meta property=\"og:description\" content=\"Lypazyme est une combinaison de 3 enzymes lipases diff\u00e9rentes pour mieux aider \u00e0 la d\u00e9gradation compl\u00e8te des graisses triglyc\u00e9rides pr\u00e9sentes dans les aliments et de nombreux suppl\u00e9ments. L&#039;utilisation d&#039;un seul type de lipase peut entra\u00eener la formation de mono- et di-triglyc\u00e9rides plut\u00f4t qu&#039;une d\u00e9gradation compl\u00e8te en acides gras nutritionnels \u00e0 cha\u00eene courte.  Aide \u00e0 la digestion des repas riches en graisses ou des suppl\u00e9ments d&#039;huile de poisson D\u00e9compose les triglyc\u00e9rides alimentaires en acides gras \u00e0 cha\u00eene courte Soutient le r\u00e9gime c\u00e9to Compos\u00e9 de 3 enzymes lipases diff\u00e9rentes Capsules de petite taille (n \u00b0 3)\" \/>\n<meta property=\"og:url\" content=\"https:\/\/www.biomore.eu\/fr\/product\/lypazyme\/\" \/>\n<meta property=\"og:site_name\" content=\"Biomore\" \/>\n<meta property=\"article:modified_time\" content=\"2021-01-18T22:43:43+00:00\" \/>\n<meta property=\"og:image\" content=\"https:\/\/www.biomore.eu\/wp-content\/uploads\/2025\/07\/Lypazyme-120-front.webp\" \/>\n\t<meta property=\"og:image:width\" content=\"908\" \/>\n\t<meta property=\"og:image:height\" content=\"908\" \/>\n\t<meta property=\"og:image:type\" content=\"image\/webp\" \/>\n<meta name=\"twitter:card\" content=\"summary_large_image\" \/>\n<meta name=\"twitter:label1\" content=\"Dur\u00e9e de lecture estim\u00e9e\" \/>\n\t<meta name=\"twitter:data1\" content=\"1 minute\" \/>\n<script type=\"application\/ld+json\" class=\"yoast-schema-graph\">{\"@context\":\"https:\/\/schema.org\",\"@graph\":[{\"@type\":\"WebPage\",\"@id\":\"https:\/\/www.biomore.eu\/fr\/product\/lypazyme\/\",\"url\":\"https:\/\/www.biomore.eu\/fr\/product\/lypazyme\/\",\"name\":\"Lypazyme - Biomore\",\"isPartOf\":{\"@id\":\"https:\/\/www.biomore.eu\/de\/#website\"},\"primaryImageOfPage\":{\"@id\":\"https:\/\/www.biomore.eu\/fr\/product\/lypazyme\/#primaryimage\"},\"image\":{\"@id\":\"https:\/\/www.biomore.eu\/fr\/product\/lypazyme\/#primaryimage\"},\"thumbnailUrl\":\"https:\/\/www.biomore.eu\/wp-content\/uploads\/2025\/07\/Lypazyme-120-front.webp\",\"datePublished\":\"2021-01-01T22:25:59+00:00\",\"dateModified\":\"2021-01-18T22:43:43+00:00\",\"breadcrumb\":{\"@id\":\"https:\/\/www.biomore.eu\/fr\/product\/lypazyme\/#breadcrumb\"},\"inLanguage\":\"fr-FR\",\"potentialAction\":[{\"@type\":\"ReadAction\",\"target\":[\"https:\/\/www.biomore.eu\/fr\/product\/lypazyme\/\"]}]},{\"@type\":\"ImageObject\",\"inLanguage\":\"fr-FR\",\"@id\":\"https:\/\/www.biomore.eu\/fr\/product\/lypazyme\/#primaryimage\",\"url\":\"https:\/\/www.biomore.eu\/wp-content\/uploads\/2025\/07\/Lypazyme-120-front.webp\",\"contentUrl\":\"https:\/\/www.biomore.eu\/wp-content\/uploads\/2025\/07\/Lypazyme-120-front.webp\",\"width\":908,\"height\":908,\"caption\":\"Lypazyme 120\"},{\"@type\":\"BreadcrumbList\",\"@id\":\"https:\/\/www.biomore.eu\/fr\/product\/lypazyme\/#breadcrumb\",\"itemListElement\":[{\"@type\":\"ListItem\",\"position\":1,\"name\":\"Home\",\"item\":\"https:\/\/www.biomore.eu\/fr\/\"},{\"@type\":\"ListItem\",\"position\":2,\"name\":\"Boutique\",\"item\":\"https:\/\/www.biomore.eu\/fr\/boutique\/\"},{\"@type\":\"ListItem\",\"position\":3,\"name\":\"Lypazyme\"}]},{\"@type\":\"WebSite\",\"@id\":\"https:\/\/www.biomore.eu\/de\/#website\",\"url\":\"https:\/\/www.biomore.eu\/de\/\",\"name\":\"Biomore\",\"description\":\"\",\"potentialAction\":[{\"@type\":\"SearchAction\",\"target\":{\"@type\":\"EntryPoint\",\"urlTemplate\":\"https:\/\/www.biomore.eu\/de\/?s={search_term_string}\"},\"query-input\":{\"@type\":\"PropertyValueSpecification\",\"valueRequired\":true,\"valueName\":\"search_term_string\"}}],\"inLanguage\":\"fr-FR\"}]}<\/script>\n<!-- \/ Yoast SEO plugin. -->","yoast_head_json":{"title":"Lypazyme - Biomore","robots":{"index":"index","follow":"follow","max-snippet":"max-snippet:-1","max-image-preview":"max-image-preview:large","max-video-preview":"max-video-preview:-1"},"canonical":"https:\/\/www.biomore.eu\/fr\/product\/lypazyme\/","og_locale":"fr_FR","og_type":"article","og_title":"Lypazyme - Biomore","og_description":"Lypazyme est une combinaison de 3 enzymes lipases diff\u00e9rentes pour mieux aider \u00e0 la d\u00e9gradation compl\u00e8te des graisses triglyc\u00e9rides pr\u00e9sentes dans les aliments et de nombreux suppl\u00e9ments. L'utilisation d'un seul type de lipase peut entra\u00eener la formation de mono- et di-triglyc\u00e9rides plut\u00f4t qu'une d\u00e9gradation compl\u00e8te en acides gras nutritionnels \u00e0 cha\u00eene courte.  Aide \u00e0 la digestion des repas riches en graisses ou des suppl\u00e9ments d'huile de poisson D\u00e9compose les triglyc\u00e9rides alimentaires en acides gras \u00e0 cha\u00eene courte Soutient le r\u00e9gime c\u00e9to Compos\u00e9 de 3 enzymes lipases diff\u00e9rentes Capsules de petite taille (n \u00b0 3)","og_url":"https:\/\/www.biomore.eu\/fr\/product\/lypazyme\/","og_site_name":"Biomore","article_modified_time":"2021-01-18T22:43:43+00:00","og_image":[{"width":908,"height":908,"url":"https:\/\/www.biomore.eu\/wp-content\/uploads\/2025\/07\/Lypazyme-120-front.webp","type":"image\/webp"}],"twitter_card":"summary_large_image","twitter_misc":{"Dur\u00e9e de lecture estim\u00e9e":"1 minute"},"schema":{"@context":"https:\/\/schema.org","@graph":[{"@type":"WebPage","@id":"https:\/\/www.biomore.eu\/fr\/product\/lypazyme\/","url":"https:\/\/www.biomore.eu\/fr\/product\/lypazyme\/","name":"Lypazyme - Biomore","isPartOf":{"@id":"https:\/\/www.biomore.eu\/de\/#website"},"primaryImageOfPage":{"@id":"https:\/\/www.biomore.eu\/fr\/product\/lypazyme\/#primaryimage"},"image":{"@id":"https:\/\/www.biomore.eu\/fr\/product\/lypazyme\/#primaryimage"},"thumbnailUrl":"https:\/\/www.biomore.eu\/wp-content\/uploads\/2025\/07\/Lypazyme-120-front.webp","datePublished":"2021-01-01T22:25:59+00:00","dateModified":"2021-01-18T22:43:43+00:00","breadcrumb":{"@id":"https:\/\/www.biomore.eu\/fr\/product\/lypazyme\/#breadcrumb"},"inLanguage":"fr-FR","potentialAction":[{"@type":"ReadAction","target":["https:\/\/www.biomore.eu\/fr\/product\/lypazyme\/"]}]},{"@type":"ImageObject","inLanguage":"fr-FR","@id":"https:\/\/www.biomore.eu\/fr\/product\/lypazyme\/#primaryimage","url":"https:\/\/www.biomore.eu\/wp-content\/uploads\/2025\/07\/Lypazyme-120-front.webp","contentUrl":"https:\/\/www.biomore.eu\/wp-content\/uploads\/2025\/07\/Lypazyme-120-front.webp","width":908,"height":908,"caption":"Lypazyme 120"},{"@type":"BreadcrumbList","@id":"https:\/\/www.biomore.eu\/fr\/product\/lypazyme\/#breadcrumb","itemListElement":[{"@type":"ListItem","position":1,"name":"Home","item":"https:\/\/www.biomore.eu\/fr\/"},{"@type":"ListItem","position":2,"name":"Boutique","item":"https:\/\/www.biomore.eu\/fr\/boutique\/"},{"@type":"ListItem","position":3,"name":"Lypazyme"}]},{"@type":"WebSite","@id":"https:\/\/www.biomore.eu\/de\/#website","url":"https:\/\/www.biomore.eu\/de\/","name":"Biomore","description":"","potentialAction":[{"@type":"SearchAction","target":{"@type":"EntryPoint","urlTemplate":"https:\/\/www.biomore.eu\/de\/?s={search_term_string}"},"query-input":{"@type":"PropertyValueSpecification","valueRequired":true,"valueName":"search_term_string"}}],"inLanguage":"fr-FR"}]}},"uagb_featured_image_src":{"full":["https:\/\/www.biomore.eu\/wp-content\/uploads\/2025\/07\/Lypazyme-120-front.webp",908,908,false],"thumbnail":["https:\/\/www.biomore.eu\/wp-content\/uploads\/2025\/07\/Lypazyme-120-front-150x150.webp",150,150,true],"medium":["https:\/\/www.biomore.eu\/wp-content\/uploads\/2025\/07\/Lypazyme-120-front-300x300.webp",300,300,true],"medium_large":["https:\/\/www.biomore.eu\/wp-content\/uploads\/2025\/07\/Lypazyme-120-front-768x768.webp",640,640,true],"large":["https:\/\/www.biomore.eu\/wp-content\/uploads\/2025\/07\/Lypazyme-120-front.webp",640,640,false],"1536x1536":["https:\/\/www.biomore.eu\/wp-content\/uploads\/2025\/07\/Lypazyme-120-front.webp",908,908,false],"2048x2048":["https:\/\/www.biomore.eu\/wp-content\/uploads\/2025\/07\/Lypazyme-120-front.webp",908,908,false],"post-thumbnail":["https:\/\/www.biomore.eu\/wp-content\/uploads\/2025\/07\/Lypazyme-120-front-100x100.webp",100,100,true],"sober-blog-thumbnail":["https:\/\/www.biomore.eu\/wp-content\/uploads\/2025\/07\/Lypazyme-120-front-750x480.webp",750,480,true],"sober-blog-grid":["https:\/\/www.biomore.eu\/wp-content\/uploads\/2025\/07\/Lypazyme-120-front-360x240.webp",360,240,true],"sober-widget-thumbnail":["https:\/\/www.biomore.eu\/wp-content\/uploads\/2025\/07\/Lypazyme-120-front-100x100.webp",100,100,true],"woocommerce_thumbnail":["https:\/\/www.biomore.eu\/wp-content\/uploads\/2025\/07\/Lypazyme-120-front-433x516.webp",433,516,true],"woocommerce_single":["https:\/\/www.biomore.eu\/wp-content\/uploads\/2025\/07\/Lypazyme-120-front-897x897.webp",897,897,true],"woocommerce_gallery_thumbnail":["https:\/\/www.biomore.eu\/wp-content\/uploads\/2025\/07\/Lypazyme-120-front-80x100.webp",80,100,true],"sober_wc_gallery_thumbnail":["https:\/\/www.biomore.eu\/wp-content\/uploads\/2025\/07\/Lypazyme-120-front-160x200.webp",160,200,true]},"uagb_author_info":{"display_name":"Jan Pieter","author_link":"https:\/\/www.biomore.eu\/fr\/author\/"},"uagb_comment_info":0,"uagb_excerpt":"Lypazyme est une combinaison de 3 enzymes lipases diff\u00e9rentes pour mieux aider \u00e0 la d\u00e9gradation compl\u00e8te des graisses triglyc\u00e9rides pr\u00e9sentes dans les aliments et de nombreux suppl\u00e9ments. L'utilisation d'un seul type de lipase peut entra\u00eener la formation de mono- et di-triglyc\u00e9rides plut\u00f4t qu'une d\u00e9gradation compl\u00e8te en acides gras nutritionnels \u00e0 cha\u00eene courte. Aide \u00e0 la\u2026","_links":{"self":[{"href":"https:\/\/www.biomore.eu\/fr\/wp-json\/wp\/v2\/product\/1445","targetHints":{"allow":["GET"]}}],"collection":[{"href":"https:\/\/www.biomore.eu\/fr\/wp-json\/wp\/v2\/product"}],"about":[{"href":"https:\/\/www.biomore.eu\/fr\/wp-json\/wp\/v2\/types\/product"}],"replies":[{"embeddable":true,"href":"https:\/\/www.biomore.eu\/fr\/wp-json\/wp\/v2\/comments?post=1445"}],"wp:featuredmedia":[{"embeddable":true,"href":"https:\/\/www.biomore.eu\/fr\/wp-json\/wp\/v2\/media\/4284"}],"wp:attachment":[{"href":"https:\/\/www.biomore.eu\/fr\/wp-json\/wp\/v2\/media?parent=1445"}],"wp:term":[{"taxonomy":"product_brand","embeddable":true,"href":"https:\/\/www.biomore.eu\/fr\/wp-json\/wp\/v2\/product_brand?post=1445"},{"taxonomy":"product_cat","embeddable":true,"href":"https:\/\/www.biomore.eu\/fr\/wp-json\/wp\/v2\/product_cat?post=1445"},{"taxonomy":"product_tag","embeddable":true,"href":"https:\/\/www.biomore.eu\/fr\/wp-json\/wp\/v2\/product_tag?post=1445"}],"curies":[{"name":"wp","href":"https:\/\/api.w.org\/{rel}","templated":true}]}}