{"id":1436,"date":"2021-01-01T23:44:08","date_gmt":"2021-01-17T22:44:22","guid":{"rendered":"https:\/\/www.biomore.eu\/?post_type=product&#038;p=1436"},"modified":"2021-01-17T23:44:22","modified_gmt":"2021-01-17T22:44:22","slug":"zyme-prime","status":"publish","type":"product","link":"https:\/\/www.biomore.eu\/fr\/product\/zyme-prime\/","title":{"rendered":"Zyme Prime"},"content":{"rendered":"<p><strong>Zyme Prime<\/strong> est une combinaison de 9 m\u00e9langes d&rsquo;enzymes \u00e0 haute concentration. Ces enzymes sont efficaces pour am\u00e9liorer la d\u00e9gradation des glucides complexes, des graisses triglyc\u00e9rides, des amidons et des prot\u00e9ines. Bien qu&rsquo;il ne soit pas aussi puissant dans la d\u00e9gradation des prot\u00e9ines que l&rsquo;AFP Peptizyde, Zyme Prime excelle dans la d\u00e9gradation des glucides. Cela se traduit par moins de ballonnements et de production de gaz, ainsi que par certains probl\u00e8mes alimentaires tels que l&rsquo;intol\u00e9rance au lactose. Les r\u00e9sultats peuvent inclure des selles plus fermes et plus form\u00e9es.<\/p>\n<p>Une certaine am\u00e9lioration de la tol\u00e9rance des aliments polyph\u00e9noliques a \u00e9t\u00e9 not\u00e9e. On a observ\u00e9 que Zyme Prime augmentait souvent le gain de poids chez les enfants de taille insuffisante, peut-\u00eatre en augmentant la biodisponibilit\u00e9 des nutriments alimentaires.<\/p>\n<h3><strong>Contre-indications pour la suppl\u00e9mentation enzymatique<\/strong><\/h3>\n<p>Ce produit peut ne pas convenir aux personnes souffrant d&rsquo;allergies connues aux prot\u00e9ines enzymatiques d&rsquo;Aspergillus, bien que les allergies non sp\u00e9cifiques aux moisissures n&#8217;emp\u00eachent pas n\u00e9cessairement l&rsquo;utilisation d&rsquo;enzymes fongiques. Consultez votre m\u00e9decin pour plus de conseils et faites preuve de prudence. Les personnes ayant des r\u00e9actions allergiques anaphylactiques connues aux prot\u00e9ines fongiques ne doivent PAS ing\u00e9rer d&rsquo;enzymes d&rsquo;origine fongique.<\/p>\n<h3><strong>Quel produit est le meilleur, Zyme Prime ou ZyCarb?<\/strong><\/h3>\n<p>Il n&rsquo;y a pas un \u00abmeilleur\u00bb produit pour tous. Choisissez le produit en fonction de vos besoins individuels en fonction de la description du produit. Par exemple, si la constipation est un probl\u00e8me, choisissez ZyCarb plut\u00f4t que Zyme Prime.<\/p>\n<h3><strong>La prise d&rsquo;enzymes orales va-t-elle emp\u00eacher mon pancr\u00e9as de fabriquer des enzymes?<\/strong><\/h3>\n<p>Non. Des \u00e9tudes ont montr\u00e9 peu ou pas d&rsquo;effet des enzymes orales sur la production d&rsquo;enzymes pancr\u00e9atiques. La production d&rsquo;enzymes pancr\u00e9atiques n&rsquo;est pas r\u00e9gul\u00e9e par un syst\u00e8me de r\u00e9troaction et n&rsquo;a aucun moyen de d\u00e9terminer si vous prenez des enzymes orales.<\/p>\n<h3><strong>Puis-je prendre des produits Zyme Prime avec mes m\u00e9dicaments?<\/strong><\/h3>\n<p>Oui. Zyme Prime et ZyCarb peuvent \u00eatre pris avec d&rsquo;autres suppl\u00e9ments et m\u00e9dicaments. Il faut faire preuve de prudence avec les produits contenant de la cellulase avec des produits \u00e0 lib\u00e9ration prolong\u00e9e. Bien qu&rsquo;aucun incident n&rsquo;ait \u00e9t\u00e9 signal\u00e9, en th\u00e9orie, la cellulase peut affecter un m\u00e9canisme de lib\u00e9ration r\u00e9gul\u00e9 par la cellulose.<\/p>\n<h3 class=\"fusion-responsive-typography-calculated\" data-fontsize=\"16\" data-lineheight=\"24px\"><strong>Quelle est la posologie de Zyme Prime et ZyCarb?<\/strong><\/h3>\n<p>Aucune dose ne convient \u00e0 tous. La posologie n&rsquo;est pas calcul\u00e9e en fonction de l&rsquo;\u00e2ge ou du poids corporel, mais en fonction de la quantit\u00e9 consomm\u00e9e au cours d&rsquo;un repas. Les repas copieux ou les repas avec des aliments qui peuvent ne pas \u00eatre bien tol\u00e9r\u00e9s peuvent n\u00e9cessiter des niveaux plus \u00e9lev\u00e9s d&rsquo;enzymes. Aucune toxicit\u00e9 ne se produit \u00e0 aucun niveau de dosage pour les enzymes, vous pouvez donc en prendre beaucoup sans vous soucier des effets secondaires. Nous vous encourageons \u00e0 exp\u00e9rimenter pour trouver le montant qui vous convient le mieux. Cependant, 1 ou 2 capsules par repas semblent convenir \u00e0 la plupart. Ces repas riches en glucides et \/ ou en graisses peuvent n\u00e9cessiter des doses plus \u00e9lev\u00e9es de Zyme Prime. Pour des raisons pratiques, pas plus de 5 g\u00e9lules doivent \u00eatre prises \u00e0 la fois, avec pas plus de 9 g\u00e9lules prises de mani\u00e8re coh\u00e9rente par p\u00e9riode de 24 heures.<\/p>\n","protected":false},"excerpt":{"rendered":"<p><strong>Zyme Prime<\/strong> contient environ 1 mg. cellulose et huile MCT par capsule pour le contr\u00f4le de la poussi\u00e8re de l&rsquo;enzyme en poudre. Aide \u00e0 la digestion des glucides et des graisses Aide aux gaz et aux ballonnements des amidons dans les l\u00e9gumes, les produits laitiers, les haricots et les c\u00e9r\u00e9ales Contient de la lactase pour l&rsquo;intol\u00e9rance au lactose Fournit une aide douce pour les prot\u00e9ines A tendance \u00e0 raffermir les selles<\/p>\n","protected":false},"featured_media":4289,"comment_status":"open","ping_status":"closed","template":"","meta":{"_uag_custom_page_level_css":""},"product_brand":[],"product_cat":[93],"product_tag":[],"class_list":{"0":"post-1436","1":"product","2":"type-product","3":"status-publish","4":"has-post-thumbnail","6":"product_cat-sante_intestinale","8":"first","9":"instock","10":"taxable","11":"shipping-taxable","12":"purchasable","13":"product-type-simple","14":"layout-style-2","15":"col-md-4 col-sm-4 col-xs-6","16":"col-lg-3","17":"product-style-quickview"},"yoast_head":"<!-- This site is optimized with the Yoast SEO plugin v26.6 - https:\/\/yoast.com\/wordpress\/plugins\/seo\/ -->\n<title>Zyme Prime - Biomore<\/title>\n<meta name=\"robots\" content=\"index, follow, max-snippet:-1, max-image-preview:large, max-video-preview:-1\" \/>\n<link rel=\"canonical\" href=\"https:\/\/www.biomore.eu\/fr\/product\/zyme-prime\/\" \/>\n<meta property=\"og:locale\" content=\"fr_FR\" \/>\n<meta property=\"og:type\" content=\"article\" \/>\n<meta property=\"og:title\" content=\"Zyme Prime - Biomore\" \/>\n<meta property=\"og:description\" content=\"Zyme Prime contient environ 1 mg. cellulose et huile MCT par capsule pour le contr\u00f4le de la poussi\u00e8re de l&#039;enzyme en poudre. Aide \u00e0 la digestion des glucides et des graisses Aide aux gaz et aux ballonnements des amidons dans les l\u00e9gumes, les produits laitiers, les haricots et les c\u00e9r\u00e9ales Contient de la lactase pour l&#039;intol\u00e9rance au lactose Fournit une aide douce pour les prot\u00e9ines A tendance \u00e0 raffermir les selles\" \/>\n<meta property=\"og:url\" content=\"https:\/\/www.biomore.eu\/fr\/product\/zyme-prime\/\" \/>\n<meta property=\"og:site_name\" content=\"Biomore\" \/>\n<meta property=\"og:image\" content=\"https:\/\/www.biomore.eu\/wp-content\/uploads\/2020\/12\/Zyme-Prime-90-front.png\" \/>\n\t<meta property=\"og:image:width\" content=\"908\" \/>\n\t<meta property=\"og:image:height\" content=\"908\" \/>\n\t<meta property=\"og:image:type\" content=\"image\/png\" \/>\n<meta name=\"twitter:card\" content=\"summary_large_image\" \/>\n<meta name=\"twitter:label1\" content=\"Dur\u00e9e de lecture estim\u00e9e\" \/>\n\t<meta name=\"twitter:data1\" content=\"3 minutes\" \/>\n<script type=\"application\/ld+json\" class=\"yoast-schema-graph\">{\"@context\":\"https:\/\/schema.org\",\"@graph\":[{\"@type\":\"WebPage\",\"@id\":\"https:\/\/www.biomore.eu\/fr\/product\/zyme-prime\/\",\"url\":\"https:\/\/www.biomore.eu\/fr\/product\/zyme-prime\/\",\"name\":\"Zyme Prime - Biomore\",\"isPartOf\":{\"@id\":\"https:\/\/www.biomore.eu\/de\/#website\"},\"primaryImageOfPage\":{\"@id\":\"https:\/\/www.biomore.eu\/fr\/product\/zyme-prime\/#primaryimage\"},\"image\":{\"@id\":\"https:\/\/www.biomore.eu\/fr\/product\/zyme-prime\/#primaryimage\"},\"thumbnailUrl\":\"https:\/\/www.biomore.eu\/wp-content\/uploads\/2025\/07\/Zyme-Prime-90-front.webp\",\"datePublished\":\"2021-01-17T22:44:22+00:00\",\"breadcrumb\":{\"@id\":\"https:\/\/www.biomore.eu\/fr\/product\/zyme-prime\/#breadcrumb\"},\"inLanguage\":\"fr-FR\",\"potentialAction\":[{\"@type\":\"ReadAction\",\"target\":[\"https:\/\/www.biomore.eu\/fr\/product\/zyme-prime\/\"]}]},{\"@type\":\"ImageObject\",\"inLanguage\":\"fr-FR\",\"@id\":\"https:\/\/www.biomore.eu\/fr\/product\/zyme-prime\/#primaryimage\",\"url\":\"https:\/\/www.biomore.eu\/wp-content\/uploads\/2025\/07\/Zyme-Prime-90-front.webp\",\"contentUrl\":\"https:\/\/www.biomore.eu\/wp-content\/uploads\/2025\/07\/Zyme-Prime-90-front.webp\",\"width\":908,\"height\":908,\"caption\":\"Zyme Prime 90\"},{\"@type\":\"BreadcrumbList\",\"@id\":\"https:\/\/www.biomore.eu\/fr\/product\/zyme-prime\/#breadcrumb\",\"itemListElement\":[{\"@type\":\"ListItem\",\"position\":1,\"name\":\"Home\",\"item\":\"https:\/\/www.biomore.eu\/fr\/\"},{\"@type\":\"ListItem\",\"position\":2,\"name\":\"Boutique\",\"item\":\"https:\/\/www.biomore.eu\/fr\/boutique\/\"},{\"@type\":\"ListItem\",\"position\":3,\"name\":\"Zyme Prime\"}]},{\"@type\":\"WebSite\",\"@id\":\"https:\/\/www.biomore.eu\/de\/#website\",\"url\":\"https:\/\/www.biomore.eu\/de\/\",\"name\":\"Biomore\",\"description\":\"\",\"potentialAction\":[{\"@type\":\"SearchAction\",\"target\":{\"@type\":\"EntryPoint\",\"urlTemplate\":\"https:\/\/www.biomore.eu\/de\/?s={search_term_string}\"},\"query-input\":{\"@type\":\"PropertyValueSpecification\",\"valueRequired\":true,\"valueName\":\"search_term_string\"}}],\"inLanguage\":\"fr-FR\"}]}<\/script>\n<!-- \/ Yoast SEO plugin. -->","yoast_head_json":{"title":"Zyme Prime - Biomore","robots":{"index":"index","follow":"follow","max-snippet":"max-snippet:-1","max-image-preview":"max-image-preview:large","max-video-preview":"max-video-preview:-1"},"canonical":"https:\/\/www.biomore.eu\/fr\/product\/zyme-prime\/","og_locale":"fr_FR","og_type":"article","og_title":"Zyme Prime - Biomore","og_description":"Zyme Prime contient environ 1 mg. cellulose et huile MCT par capsule pour le contr\u00f4le de la poussi\u00e8re de l'enzyme en poudre. Aide \u00e0 la digestion des glucides et des graisses Aide aux gaz et aux ballonnements des amidons dans les l\u00e9gumes, les produits laitiers, les haricots et les c\u00e9r\u00e9ales Contient de la lactase pour l'intol\u00e9rance au lactose Fournit une aide douce pour les prot\u00e9ines A tendance \u00e0 raffermir les selles","og_url":"https:\/\/www.biomore.eu\/fr\/product\/zyme-prime\/","og_site_name":"Biomore","og_image":[{"width":908,"height":908,"url":"https:\/\/www.biomore.eu\/wp-content\/uploads\/2020\/12\/Zyme-Prime-90-front.png","type":"image\/png"}],"twitter_card":"summary_large_image","twitter_misc":{"Dur\u00e9e de lecture estim\u00e9e":"3 minutes"},"schema":{"@context":"https:\/\/schema.org","@graph":[{"@type":"WebPage","@id":"https:\/\/www.biomore.eu\/fr\/product\/zyme-prime\/","url":"https:\/\/www.biomore.eu\/fr\/product\/zyme-prime\/","name":"Zyme Prime - Biomore","isPartOf":{"@id":"https:\/\/www.biomore.eu\/de\/#website"},"primaryImageOfPage":{"@id":"https:\/\/www.biomore.eu\/fr\/product\/zyme-prime\/#primaryimage"},"image":{"@id":"https:\/\/www.biomore.eu\/fr\/product\/zyme-prime\/#primaryimage"},"thumbnailUrl":"https:\/\/www.biomore.eu\/wp-content\/uploads\/2025\/07\/Zyme-Prime-90-front.webp","datePublished":"2021-01-17T22:44:22+00:00","breadcrumb":{"@id":"https:\/\/www.biomore.eu\/fr\/product\/zyme-prime\/#breadcrumb"},"inLanguage":"fr-FR","potentialAction":[{"@type":"ReadAction","target":["https:\/\/www.biomore.eu\/fr\/product\/zyme-prime\/"]}]},{"@type":"ImageObject","inLanguage":"fr-FR","@id":"https:\/\/www.biomore.eu\/fr\/product\/zyme-prime\/#primaryimage","url":"https:\/\/www.biomore.eu\/wp-content\/uploads\/2025\/07\/Zyme-Prime-90-front.webp","contentUrl":"https:\/\/www.biomore.eu\/wp-content\/uploads\/2025\/07\/Zyme-Prime-90-front.webp","width":908,"height":908,"caption":"Zyme Prime 90"},{"@type":"BreadcrumbList","@id":"https:\/\/www.biomore.eu\/fr\/product\/zyme-prime\/#breadcrumb","itemListElement":[{"@type":"ListItem","position":1,"name":"Home","item":"https:\/\/www.biomore.eu\/fr\/"},{"@type":"ListItem","position":2,"name":"Boutique","item":"https:\/\/www.biomore.eu\/fr\/boutique\/"},{"@type":"ListItem","position":3,"name":"Zyme Prime"}]},{"@type":"WebSite","@id":"https:\/\/www.biomore.eu\/de\/#website","url":"https:\/\/www.biomore.eu\/de\/","name":"Biomore","description":"","potentialAction":[{"@type":"SearchAction","target":{"@type":"EntryPoint","urlTemplate":"https:\/\/www.biomore.eu\/de\/?s={search_term_string}"},"query-input":{"@type":"PropertyValueSpecification","valueRequired":true,"valueName":"search_term_string"}}],"inLanguage":"fr-FR"}]}},"uagb_featured_image_src":{"full":["https:\/\/www.biomore.eu\/wp-content\/uploads\/2025\/07\/Zyme-Prime-90-front.webp",908,908,false],"thumbnail":["https:\/\/www.biomore.eu\/wp-content\/uploads\/2025\/07\/Zyme-Prime-90-front-150x150.webp",150,150,true],"medium":["https:\/\/www.biomore.eu\/wp-content\/uploads\/2025\/07\/Zyme-Prime-90-front-300x300.webp",300,300,true],"medium_large":["https:\/\/www.biomore.eu\/wp-content\/uploads\/2025\/07\/Zyme-Prime-90-front-768x768.webp",640,640,true],"large":["https:\/\/www.biomore.eu\/wp-content\/uploads\/2025\/07\/Zyme-Prime-90-front.webp",640,640,false],"1536x1536":["https:\/\/www.biomore.eu\/wp-content\/uploads\/2025\/07\/Zyme-Prime-90-front.webp",908,908,false],"2048x2048":["https:\/\/www.biomore.eu\/wp-content\/uploads\/2025\/07\/Zyme-Prime-90-front.webp",908,908,false],"post-thumbnail":["https:\/\/www.biomore.eu\/wp-content\/uploads\/2025\/07\/Zyme-Prime-90-front-100x100.webp",100,100,true],"sober-blog-thumbnail":["https:\/\/www.biomore.eu\/wp-content\/uploads\/2025\/07\/Zyme-Prime-90-front-750x480.webp",750,480,true],"sober-blog-grid":["https:\/\/www.biomore.eu\/wp-content\/uploads\/2025\/07\/Zyme-Prime-90-front-360x240.webp",360,240,true],"sober-widget-thumbnail":["https:\/\/www.biomore.eu\/wp-content\/uploads\/2025\/07\/Zyme-Prime-90-front-100x100.webp",100,100,true],"woocommerce_thumbnail":["https:\/\/www.biomore.eu\/wp-content\/uploads\/2025\/07\/Zyme-Prime-90-front-433x516.webp",433,516,true],"woocommerce_single":["https:\/\/www.biomore.eu\/wp-content\/uploads\/2025\/07\/Zyme-Prime-90-front-897x897.webp",897,897,true],"woocommerce_gallery_thumbnail":["https:\/\/www.biomore.eu\/wp-content\/uploads\/2025\/07\/Zyme-Prime-90-front-80x100.webp",80,100,true],"sober_wc_gallery_thumbnail":["https:\/\/www.biomore.eu\/wp-content\/uploads\/2025\/07\/Zyme-Prime-90-front-160x200.webp",160,200,true]},"uagb_author_info":{"display_name":"Jan Pieter","author_link":"https:\/\/www.biomore.eu\/fr\/author\/"},"uagb_comment_info":0,"uagb_excerpt":"Zyme Prime contient environ 1 mg. cellulose et huile MCT par capsule pour le contr\u00f4le de la poussi\u00e8re de l'enzyme en poudre. Aide \u00e0 la digestion des glucides et des graisses Aide aux gaz et aux ballonnements des amidons dans les l\u00e9gumes, les produits laitiers, les haricots et les c\u00e9r\u00e9ales Contient de la lactase pour\u2026","_links":{"self":[{"href":"https:\/\/www.biomore.eu\/fr\/wp-json\/wp\/v2\/product\/1436","targetHints":{"allow":["GET"]}}],"collection":[{"href":"https:\/\/www.biomore.eu\/fr\/wp-json\/wp\/v2\/product"}],"about":[{"href":"https:\/\/www.biomore.eu\/fr\/wp-json\/wp\/v2\/types\/product"}],"replies":[{"embeddable":true,"href":"https:\/\/www.biomore.eu\/fr\/wp-json\/wp\/v2\/comments?post=1436"}],"wp:featuredmedia":[{"embeddable":true,"href":"https:\/\/www.biomore.eu\/fr\/wp-json\/wp\/v2\/media\/4289"}],"wp:attachment":[{"href":"https:\/\/www.biomore.eu\/fr\/wp-json\/wp\/v2\/media?parent=1436"}],"wp:term":[{"taxonomy":"product_brand","embeddable":true,"href":"https:\/\/www.biomore.eu\/fr\/wp-json\/wp\/v2\/product_brand?post=1436"},{"taxonomy":"product_cat","embeddable":true,"href":"https:\/\/www.biomore.eu\/fr\/wp-json\/wp\/v2\/product_cat?post=1436"},{"taxonomy":"product_tag","embeddable":true,"href":"https:\/\/www.biomore.eu\/fr\/wp-json\/wp\/v2\/product_tag?post=1436"}],"curies":[{"name":"wp","href":"https:\/\/api.w.org\/{rel}","templated":true}]}}