{"id":772,"date":"2018-07-01T22:41:04","date_gmt":"2018-07-01T21:41:04","guid":{"rendered":"https:\/\/www.biomore.eu\/total-living-drinks\/"},"modified":"2018-07-01T22:49:54","modified_gmt":"2018-07-01T21:49:54","slug":"total-living-drinks","status":"publish","type":"page","link":"https:\/\/www.biomore.eu\/fr\/total-living-drinks\/","title":{"rendered":"Total Living Drinks"},"content":{"rendered":"<p>[vc_row][vc_column][vc_column_text]<\/p>\n<h3>Pourquoi Total Living Drinks<\/h3>\n<h4>L&rsquo;importance de consommer la bonne quantit\u00e9 de l\u00e9gumes et de fruits est bien connue. Au cours des derni\u00e8res ann\u00e9es, nous avons tous constat\u00e9 une demande et un int\u00e9r\u00eat croissants pour la fabrication de tous types de smoothies \u00e0 la maison.<\/h4>\n<p>Beaucoup de m\u00e9nages ont commenc\u00e9 tr\u00e8s enthousiastes. Une centrifugeuse lente a \u00e9t\u00e9 achet\u00e9e et des exp\u00e9riences ont \u00e9t\u00e9 effectu\u00e9es pour trouver le bon go\u00fbt et d&rsquo;autres r\u00e9sultats. Des sacs pleins de fruits et de l\u00e9gumes ont \u00e9t\u00e9 utilis\u00e9s, de pr\u00e9f\u00e9rence d&rsquo;origine biologique, pour \u00e9viter d&rsquo;\u00e9ventuels pesticides dans votre smoothie color\u00e9. Le r\u00e9sultat final \u00e9tait souvent un verre de jus d\u00e9cevant, et beaucoup de pulpe \u00e9tant jet\u00e9s. Ne pas parler du nettoyage ult\u00e9rieur de tout l&rsquo;\u00e9quipement utilis\u00e9. Apr\u00e8s un moment tout le mat\u00e9riel a \u00e9t\u00e9 vendu sur E-bay &#8230;..<br \/>\nImaginez juste pour convertir facilement des phytonutriments de la quantit\u00e9 de 7-10 portions de l\u00e9gumes et fruits biologiques, dans un smoothie sain! Ceci est possible avec <strong> Total Living Drinks <\/strong> (TLD). Pas de pulpe dans votre verre mais le jus lyophilis\u00e9, seulement de bons ingr\u00e9dients solubles et disponibles.<br \/>\nUne \u00e9tape facile, d\u00e9licieuse et saine dans votre menu quotidien.<br \/>\nUn choix parfait pour remplacer 1 repas par jour. Ce repas contient 9 diff\u00e9rentes cat\u00e9gories d&rsquo;ingr\u00e9dients alimentaires sains, n\u00e9cessaires pour votre maintien quotidien de la sant\u00e9 et la vitalit\u00e9. Gardez le contr\u00f4le de votre \u00e9nergie et \u00e9conomisez de l&rsquo;argent avec la meilleure formule de superalimentation compl\u00e8te.[\/vc_column_text][vc_empty_space][\/vc_column][\/vc_row][vc_row][vc_column width=\u00a0\u00bb1\/3&Prime;][vc_single_image image=\u00a0\u00bb641&Prime; img_size=\u00a0\u00bb600&#215;600&Prime; add_caption=\u00a0\u00bbyes\u00a0\u00bb style=\u00a0\u00bbvc_box_shadow\u00a0\u00bb][vc_empty_space][\/vc_column][vc_column width=\u00a0\u00bb1\/3&Prime;][vc_empty_space height=\u00a0\u00bb28px\u00a0\u00bb][vc_single_image image=\u00a0\u00bb180&Prime; img_size=\u00a0\u00bblarge\u00a0\u00bb add_caption=\u00a0\u00bbyes\u00a0\u00bb style=\u00a0\u00bbvc_box_shadow\u00a0\u00bb][\/vc_column][vc_column width=\u00a0\u00bb1\/3&Prime;][vc_single_image image=\u00a0\u00bb638&Prime; img_size=\u00a0\u00bb600&#215;600&Prime; add_caption=\u00a0\u00bbyes\u00a0\u00bb style=\u00a0\u00bbvc_box_shadow\u00a0\u00bb][vc_empty_space][\/vc_column][\/vc_row][vc_row][vc_column][vc_row_inner][vc_column_inner][vc_column_text]<\/p>\n<h3>Qu&rsquo;est-ce que Total Living Drinks exactement?<\/h3>\n<p>Ce n&rsquo;est pas un aliment di\u00e9t\u00e9tique sp\u00e9cial mais un superaliment: une nourriture normale, pleine de phytonutriments avec des propri\u00e9t\u00e9s favorisant la sant\u00e9. Le produit en tant que tel est unique en raison de la tr\u00e8s grande vari\u00e9t\u00e9 d&rsquo;ingr\u00e9dients dans un sac. Tout simplement parl\u00e9, les calories riches en nutriments contribuent \u00e0 un style de vie sain. Que vous preniez un demi-scoop par jour (20 grammes) \u00e0 c\u00f4t\u00e9 de vos repas et une main pleine de suppl\u00e9ments, ou que vous remplaciez un repas complet par jour avec 1 mesure (40 grammes). Dans les deux sens, vous obtenez une large gamme d&rsquo;ingr\u00e9dients alimentaires sains d&rsquo;une mani\u00e8re facile et pour un prix raisonnable! Pur, nourriture concentr\u00e9e dans un verre.[\/vc_column_text][\/vc_column_inner][\/vc_row_inner][vc_empty_space][\/vc_column][\/vc_row][vc_row][vc_column][vc_column_text]<\/p>\n<h4><span style=\"font-size: 14pt;\">Chaque portion de Total Living Drink contient:<\/span><\/h4>\n<ul>\n<li><em>Prot\u00e9ine<\/em>\u00a0&#8211; pour construire la masse musculaire maigre<\/li>\n<li><em>Fruits et l\u00e9gumes, herbes et algues<\/em>\u00a0&#8211; charg\u00e9 de nutriments vivifiants et de calories riches en nutriments<\/li>\n<li><em>Enzymes<\/em>\u00a0-pour une meilleure digestion et l&rsquo;utilisation calorique<\/li>\n<li><em>Probiotiques<\/em>\u00a0-pour un \u00e9cosyst\u00e8me sain de l&rsquo;intestin<\/li>\n<li><em>Acides amin\u00e9s<\/em>\u00a0-pour la sant\u00e9 globale et l&rsquo;\u00e9nergie<\/li>\n<li><em>Antioxydants<\/em>\u00a0-pour am\u00e9liorer la fonction immunitaire<\/li>\n<li><em>Herbes<\/em> -pour le nettoyage des intestins, du sang et des organes internes<\/li>\n<li><em>Vitamines\u00a0<\/em>-les blocs de construction de la nutrition<\/li>\n<li><em>Min\u00e9raux<\/em>\u00a0-pour soutenir la vie et am\u00e9liorer les fonctions corporelles<\/li>\n<\/ul>\n<p>[\/vc_column_text][\/vc_column][\/vc_row][vc_row][vc_column][vc_column_text]<\/p>\n<h3>Puis-je perdre du poids avec Total Living Drinks<span style=\"color: #008000;\"><em>\u00a0<\/em><\/span>?<\/h3>\n<p>Oui, vous pouvez. Mais s&rsquo;il vous plait r\u00e9alisez, la perte de poids et le contr\u00f4le est un processus complexe qui ne peut pas \u00eatre r\u00e9solu en mangeant moins! La plupart des r\u00e9gimes ax\u00e9s sur la perte de calories structurelles font tous la m\u00eame erreur: cela entra\u00eene un retard dans le m\u00e9tabolisme au repos du corps. Le fameux effet jojo est le r\u00e9sultat final.Un moyen efficace est le je\u00fbne intermittent, tel que d\u00e9velopp\u00e9 par le docteur anglais et producteur de documentaires \u00e0 la BBC, le Dr Michael Mosley. La combinaison de <strong> Total Living Drinks &lt;\/ strong&gt; avec le r\u00e9gime \u00e0 jeun 2: 5 est tr\u00e8s efficace, vous n&rsquo;aurez pas de pertes nutritionnelles, et c&rsquo;est une m\u00e9thode tr\u00e8s facile. Sans compter les calories, pas de recettes chronophages, mais en seulement 2 jours, un shake avec <strong> Total Living Drinks <\/strong><br \/>\n[\/vc_column_text][vc_empty_space][\/vc_column][\/vc_row][vc_row][vc_column width=\u00a0\u00bb1\/6&Prime;][\/vc_column][vc_column width=\u00a0\u00bb2\/3&Prime;][vc_column_text]<\/strong><\/p>\n<h3>Questions fr\u00e9quemment pos\u00e9es<\/h3>\n<p>[\/vc_column_text][vc_empty_space]<div class=\"sober-faq  \">\n\t\t\t\t<div class=\"question\">\n\t\t\t\t\t<span class=\"question-label\">Question<\/span>\n\t\t\t\t\t<span class=\"question-icon\"><span class=\"toggle-icon\"><\/span><\/span>\n\t\t\t\t\t<span class=\"question-title\">Est-ce que Total Living Drinks est un produit di\u00e9t\u00e9tique?<\/span>\n\t\t\t\t<\/div>\n\t\t\t\t<div class=\"answer\"><span class=\"answer-label\">Answer<\/span><strong> Total Living Drinks <\/strong> n&rsquo;est pas un produit alimentaire, mais peut \u00eatre utilis\u00e9 comme tout autre type d&rsquo;aliment pour r\u00e9duire le poids. Juste recevoir moins de calories dans votre corps, puis vous br\u00fblez tous les jours.<\/div>\n\t\t\t<\/div><div class=\"sober-faq  \">\n\t\t\t\t<div class=\"question\">\n\t\t\t\t\t<span class=\"question-label\">Question<\/span>\n\t\t\t\t\t<span class=\"question-icon\"><span class=\"toggle-icon\"><\/span><\/span>\n\t\t\t\t\t<span class=\"question-title\">Quels types d&#039;ingr\u00e9dients sont pr\u00e9sents dans Total Living Drinks?<\/span>\n\t\t\t\t<\/div>\n\t\t\t\t<div class=\"answer\"><span class=\"answer-label\">Answer<\/span><strong>Total Living Drinks <\/strong> contient 9 cat\u00e9gories de produits diff\u00e9rents: prot\u00e9ines, min\u00e9raux de vitamines, acides amin\u00e9s, l\u00e9gumes et fruits, antioxydants, probiotiques, enzymes et herbes. La liste compl\u00e8te des ingr\u00e9dients peut \u00eatre trouv\u00e9e avec la description du produit dans notre boutique en ligne. La liste des vitamines et des sels min\u00e9raux est conforme \u00e0 l&rsquo;avis officiel de l &lsquo;<a href=\"http:\/\/www.efsa.europa.eu\/en\/aboutefsa\/\"> Autorit\u00e9 europ\u00e9enne de s\u00e9curit\u00e9 des aliments (EFSA)<\/a>.<\/div>\n\t\t\t<\/div><div class=\"sober-faq  \">\n\t\t\t\t<div class=\"question\">\n\t\t\t\t\t<span class=\"question-label\">Question<\/span>\n\t\t\t\t\t<span class=\"question-icon\"><span class=\"toggle-icon\"><\/span><\/span>\n\t\t\t\t\t<span class=\"question-title\">Qu&#039;en est-il des allergies?<\/span>\n\t\t\t\t<\/div>\n\t\t\t\t<div class=\"answer\"><span class=\"answer-label\">Answer<\/span>Bon point!<\/p>\n<p><strong>Total Living Drinks<\/strong> sont sans lactose et sans arachides. Nous travaillons dur pour rendre le produit sans gluten. Nous esp\u00e9rons avoir r\u00e9solu cela bient\u00f4t.<\/div>\n\t\t\t<\/div><div class=\"sober-faq  \">\n\t\t\t\t<div class=\"question\">\n\t\t\t\t\t<span class=\"question-label\">Question<\/span>\n\t\t\t\t\t<span class=\"question-icon\"><span class=\"toggle-icon\"><\/span><\/span>\n\t\t\t\t\t<span class=\"question-title\">Je suis v\u00e9g\u00e9tarien, et maintenant?<\/span>\n\t\t\t\t<\/div>\n\t\t\t\t<div class=\"answer\"><span class=\"answer-label\">Answer<\/span>Ce n&rsquo;est pas un probl\u00e8me. <strong>Total Living Drinks<\/strong> ne contiennent pas d&rsquo;ingr\u00e9dients d&rsquo;origine animale.<\/div>\n\t\t\t<\/div><div class=\"sober-faq  \">\n\t\t\t\t<div class=\"question\">\n\t\t\t\t\t<span class=\"question-label\">Question<\/span>\n\t\t\t\t\t<span class=\"question-icon\"><span class=\"toggle-icon\"><\/span><\/span>\n\t\t\t\t\t<span class=\"question-title\">Combien de smoothies puis-je boire par jour?<\/span>\n\t\t\t\t<\/div>\n\t\t\t\t<div class=\"answer\"><span class=\"answer-label\">Answer<\/span>C&rsquo;est quelque chose que vous d\u00e9cidez vous-m\u00eame. Il est conseill\u00e9 de remplacer 1 repas par jour par Total Living Drinks avec une cuill\u00e8re (40 g). Il est \u00e9galement possible d&rsquo;utiliser le produit en suppl\u00e9ment avec votre nourriture quotidienne lorsque vous \u00eates compl\u00e8tement en bonne sant\u00e9 et de r\u00e9pondre \u00e0 votre portion quotidienne de compl\u00e9ments alimentaires (20-40 g \/ jour).<\/div>\n\t\t\t<\/div><div class=\"sober-faq  \">\n\t\t\t\t<div class=\"question\">\n\t\t\t\t\t<span class=\"question-label\">Question<\/span>\n\t\t\t\t\t<span class=\"question-icon\"><span class=\"toggle-icon\"><\/span><\/span>\n\t\t\t\t\t<span class=\"question-title\">Comment puis-je pr\u00e9parer le smoothie?<\/span>\n\t\t\t\t<\/div>\n\t\t\t\t<div class=\"answer\"><span class=\"answer-label\">Answer<\/span>C&rsquo;est tr\u00e8s facile. Prenez la quantit\u00e9 que vous souhaitez consommer et ajoutez-la \u00e0 un verre d&rsquo;eau ou de jus de fruits, secouez-la, c&rsquo;est fait! M\u00e9langer la poudre avec le jus de 2 oranges et 1 citron est \u00e9galement une combinaison souvent utilis\u00e9e.<\/div>\n\t\t\t<\/div>[\/vc_column][vc_column width=\u00a0\u00bb1\/6&Prime;][\/vc_column][\/vc_row]<\/p>\n","protected":false},"excerpt":{"rendered":"<p>[vc_row][vc_column][vc_column_text] Pourquoi Total Living Drinks L&rsquo;importance de consommer la bonne quantit\u00e9 de l\u00e9gumes et de fruits est bien connue. Au cours des derni\u00e8res ann\u00e9es, nous avons tous constat\u00e9 une demande et un int\u00e9r\u00eat croissants pour la fabrication de tous types de smoothies \u00e0 la maison. Beaucoup de m\u00e9nages ont commenc\u00e9 tr\u00e8s enthousiastes. Une centrifugeuse lente a \u00e9t\u00e9 achet\u00e9e et des exp\u00e9riences ont \u00e9t\u00e9 effectu\u00e9es pour trouver le bon go\u00fbt et d&rsquo;autres r\u00e9sultats. Des sacs pleins&hellip;<\/p>\n","protected":false},"author":1,"featured_media":0,"parent":0,"menu_order":0,"comment_status":"closed","ping_status":"closed","template":"","meta":{"_uag_custom_page_level_css":"","footnotes":""},"class_list":["post-772","page","type-page","status-publish","hentry"],"yoast_head":"<!-- This site is optimized with the Yoast SEO plugin v26.6 - https:\/\/yoast.com\/wordpress\/plugins\/seo\/ -->\n<title>Boisson super saine<\/title>\n<meta name=\"description\" content=\"convertir phytonutriments de la quantit\u00e9 de 7-10 portions de l\u00e9gumes et de fruits biologiques, dans un smoothie sain!\" \/>\n<meta name=\"robots\" content=\"index, follow, max-snippet:-1, max-image-preview:large, max-video-preview:-1\" \/>\n<link rel=\"canonical\" href=\"https:\/\/www.biomore.eu\/fr\/total-living-drinks\/\" \/>\n<meta property=\"og:locale\" content=\"fr_FR\" \/>\n<meta property=\"og:type\" content=\"article\" \/>\n<meta property=\"og:title\" content=\"Boisson super saine\" \/>\n<meta property=\"og:description\" content=\"convertir phytonutriments de la quantit\u00e9 de 7-10 portions de l\u00e9gumes et de fruits biologiques, dans un smoothie sain!\" \/>\n<meta property=\"og:url\" content=\"https:\/\/www.biomore.eu\/fr\/total-living-drinks\/\" \/>\n<meta property=\"og:site_name\" content=\"Biomore\" \/>\n<meta property=\"article:modified_time\" content=\"2018-07-01T21:49:54+00:00\" \/>\n<meta name=\"twitter:card\" content=\"summary_large_image\" \/>\n<meta name=\"twitter:label1\" content=\"Dur\u00e9e de lecture estim\u00e9e\" \/>\n\t<meta name=\"twitter:data1\" content=\"6 minutes\" \/>\n<script type=\"application\/ld+json\" class=\"yoast-schema-graph\">{\"@context\":\"https:\/\/schema.org\",\"@graph\":[{\"@type\":\"WebPage\",\"@id\":\"https:\/\/www.biomore.eu\/fr\/total-living-drinks\/\",\"url\":\"https:\/\/www.biomore.eu\/fr\/total-living-drinks\/\",\"name\":\"Boisson super saine\",\"isPartOf\":{\"@id\":\"https:\/\/www.biomore.eu\/de\/#website\"},\"datePublished\":\"2018-07-01T21:41:04+00:00\",\"dateModified\":\"2018-07-01T21:49:54+00:00\",\"description\":\"convertir phytonutriments de la quantit\u00e9 de 7-10 portions de l\u00e9gumes et de fruits biologiques, dans un smoothie sain!\",\"breadcrumb\":{\"@id\":\"https:\/\/www.biomore.eu\/fr\/total-living-drinks\/#breadcrumb\"},\"inLanguage\":\"fr-FR\",\"potentialAction\":[{\"@type\":\"ReadAction\",\"target\":[\"https:\/\/www.biomore.eu\/fr\/total-living-drinks\/\"]}]},{\"@type\":\"BreadcrumbList\",\"@id\":\"https:\/\/www.biomore.eu\/fr\/total-living-drinks\/#breadcrumb\",\"itemListElement\":[{\"@type\":\"ListItem\",\"position\":1,\"name\":\"Home\",\"item\":\"https:\/\/www.biomore.eu\/fr\/\"},{\"@type\":\"ListItem\",\"position\":2,\"name\":\"Total Living Drinks\"}]},{\"@type\":\"WebSite\",\"@id\":\"https:\/\/www.biomore.eu\/de\/#website\",\"url\":\"https:\/\/www.biomore.eu\/de\/\",\"name\":\"Biomore\",\"description\":\"\",\"potentialAction\":[{\"@type\":\"SearchAction\",\"target\":{\"@type\":\"EntryPoint\",\"urlTemplate\":\"https:\/\/www.biomore.eu\/de\/?s={search_term_string}\"},\"query-input\":{\"@type\":\"PropertyValueSpecification\",\"valueRequired\":true,\"valueName\":\"search_term_string\"}}],\"inLanguage\":\"fr-FR\"}]}<\/script>\n<!-- \/ Yoast SEO plugin. -->","yoast_head_json":{"title":"Boisson super saine","description":"convertir phytonutriments de la quantit\u00e9 de 7-10 portions de l\u00e9gumes et de fruits biologiques, dans un smoothie sain!","robots":{"index":"index","follow":"follow","max-snippet":"max-snippet:-1","max-image-preview":"max-image-preview:large","max-video-preview":"max-video-preview:-1"},"canonical":"https:\/\/www.biomore.eu\/fr\/total-living-drinks\/","og_locale":"fr_FR","og_type":"article","og_title":"Boisson super saine","og_description":"convertir phytonutriments de la quantit\u00e9 de 7-10 portions de l\u00e9gumes et de fruits biologiques, dans un smoothie sain!","og_url":"https:\/\/www.biomore.eu\/fr\/total-living-drinks\/","og_site_name":"Biomore","article_modified_time":"2018-07-01T21:49:54+00:00","twitter_card":"summary_large_image","twitter_misc":{"Dur\u00e9e de lecture estim\u00e9e":"6 minutes"},"schema":{"@context":"https:\/\/schema.org","@graph":[{"@type":"WebPage","@id":"https:\/\/www.biomore.eu\/fr\/total-living-drinks\/","url":"https:\/\/www.biomore.eu\/fr\/total-living-drinks\/","name":"Boisson super saine","isPartOf":{"@id":"https:\/\/www.biomore.eu\/de\/#website"},"datePublished":"2018-07-01T21:41:04+00:00","dateModified":"2018-07-01T21:49:54+00:00","description":"convertir phytonutriments de la quantit\u00e9 de 7-10 portions de l\u00e9gumes et de fruits biologiques, dans un smoothie sain!","breadcrumb":{"@id":"https:\/\/www.biomore.eu\/fr\/total-living-drinks\/#breadcrumb"},"inLanguage":"fr-FR","potentialAction":[{"@type":"ReadAction","target":["https:\/\/www.biomore.eu\/fr\/total-living-drinks\/"]}]},{"@type":"BreadcrumbList","@id":"https:\/\/www.biomore.eu\/fr\/total-living-drinks\/#breadcrumb","itemListElement":[{"@type":"ListItem","position":1,"name":"Home","item":"https:\/\/www.biomore.eu\/fr\/"},{"@type":"ListItem","position":2,"name":"Total Living Drinks"}]},{"@type":"WebSite","@id":"https:\/\/www.biomore.eu\/de\/#website","url":"https:\/\/www.biomore.eu\/de\/","name":"Biomore","description":"","potentialAction":[{"@type":"SearchAction","target":{"@type":"EntryPoint","urlTemplate":"https:\/\/www.biomore.eu\/de\/?s={search_term_string}"},"query-input":{"@type":"PropertyValueSpecification","valueRequired":true,"valueName":"search_term_string"}}],"inLanguage":"fr-FR"}]}},"uagb_featured_image_src":{"full":false,"thumbnail":false,"medium":false,"medium_large":false,"large":false,"1536x1536":false,"2048x2048":false,"post-thumbnail":false,"sober-blog-thumbnail":false,"sober-blog-grid":false,"sober-widget-thumbnail":false,"woocommerce_thumbnail":false,"woocommerce_single":false,"woocommerce_gallery_thumbnail":false,"sober_wc_gallery_thumbnail":false},"uagb_author_info":{"display_name":"Jan Pieter","author_link":"https:\/\/www.biomore.eu\/fr\/author\/admin\/"},"uagb_comment_info":0,"uagb_excerpt":"[vc_row][vc_column][vc_column_text] Pourquoi Total Living Drinks L&rsquo;importance de consommer la bonne quantit\u00e9 de l\u00e9gumes et de fruits est bien connue. Au cours des derni\u00e8res ann\u00e9es, nous avons tous constat\u00e9 une demande et un int\u00e9r\u00eat croissants pour la fabrication de tous types de smoothies \u00e0 la maison. Beaucoup de m\u00e9nages ont commenc\u00e9 tr\u00e8s enthousiastes. Une centrifugeuse lente\u2026","_links":{"self":[{"href":"https:\/\/www.biomore.eu\/fr\/wp-json\/wp\/v2\/pages\/772","targetHints":{"allow":["GET"]}}],"collection":[{"href":"https:\/\/www.biomore.eu\/fr\/wp-json\/wp\/v2\/pages"}],"about":[{"href":"https:\/\/www.biomore.eu\/fr\/wp-json\/wp\/v2\/types\/page"}],"author":[{"embeddable":true,"href":"https:\/\/www.biomore.eu\/fr\/wp-json\/wp\/v2\/users\/1"}],"replies":[{"embeddable":true,"href":"https:\/\/www.biomore.eu\/fr\/wp-json\/wp\/v2\/comments?post=772"}],"version-history":[{"count":0,"href":"https:\/\/www.biomore.eu\/fr\/wp-json\/wp\/v2\/pages\/772\/revisions"}],"wp:attachment":[{"href":"https:\/\/www.biomore.eu\/fr\/wp-json\/wp\/v2\/media?parent=772"}],"curies":[{"name":"wp","href":"https:\/\/api.w.org\/{rel}","templated":true}]}}