{"id":731,"date":"2018-06-29T22:34:53","date_gmt":"2018-06-29T21:34:53","guid":{"rendered":"https:\/\/www.biomore.eu\/debut\/"},"modified":"2025-07-30T21:07:00","modified_gmt":"2025-07-30T20:07:00","slug":"debut","status":"publish","type":"page","link":"https:\/\/www.biomore.eu\/fr\/","title":{"rendered":"D\u00e9but"},"content":{"rendered":"\n<h1 class=\"wp-block-heading has-text-align-center\"><strong>Essayer de g\u00e9rer votre \u00e9quilibre de stress?<\/strong><\/h1>\n\n\n\n<h3 class=\"wp-block-heading has-text-align-center\"><em>Prenez bien soin de votre corps et r\u00e9duisez le stress interne en utilisant des solutions naturelles<\/em><\/h3>\n\n\n\n<div class=\"wp-block-uagb-container uagb-block-a4cafe02 alignfull uagb-is-root-container\"><div class=\"uagb-container-inner-blocks-wrap\">\n<div class=\"wp-block-uagb-container uagb-block-4a8adfe4\">\n<div class=\"wp-block-buttons is-content-justification-center is-layout-flex wp-container-core-buttons-is-layout-16018d1d wp-block-buttons-is-layout-flex\">\n<div class=\"wp-block-button is-style-fill\"><a class=\"wp-block-button__link has-white-color has-vivid-cyan-blue-background-color has-text-color has-background has-link-color has-text-align-center wp-element-button\" href=\"https:\/\/www.biomore.eu\/fr\/digestion\/\" style=\"border-radius:5px\">Soutenez votre intestin avec des enzymes\u00a0\u00bb<\/a><\/div>\n<\/div>\n\n\n\n<p class=\"has-text-align-center has-large-font-size\"><strong>Digestion<\/strong><\/p>\n\n\n<div class=\"wp-block-image\">\n<figure class=\"aligncenter size-full\"><img loading=\"lazy\" decoding=\"async\" width=\"293\" height=\"293\" src=\"https:\/\/www.biomore.eu\/wp-content\/uploads\/2025\/07\/digestive-enzymes.webp\" alt=\"digestive-enzymes\" class=\"wp-image-4355\" style=\"object-fit:cover\" srcset=\"https:\/\/www.biomore.eu\/wp-content\/uploads\/2025\/07\/digestive-enzymes.webp 293w, https:\/\/www.biomore.eu\/wp-content\/uploads\/2025\/07\/digestive-enzymes-150x150.webp 150w, https:\/\/www.biomore.eu\/wp-content\/uploads\/2025\/07\/digestive-enzymes-100x100.webp 100w\" sizes=\"auto, (max-width: 293px) 100vw, 293px\" \/><\/figure>\n<\/div><\/div>\n\n\n\n<div class=\"wp-block-uagb-container uagb-block-ad384a81\">\n<div class=\"wp-block-buttons is-content-justification-center is-layout-flex wp-container-core-buttons-is-layout-16018d1d wp-block-buttons-is-layout-flex\">\n<div class=\"wp-block-button is-style-fill\"><a class=\"wp-block-button__link has-white-color has-vivid-cyan-blue-background-color has-text-color has-background has-link-color has-text-align-center wp-element-button\" href=\"https:\/\/www.biomore.eu\/fr\/bicarbonate-de-magnesium\/\" style=\"border-radius:5px\">R\u00e9cup\u00e9ration musculaire avec du bicarbonate de magn\u00e9sium<\/a><\/div>\n<\/div>\n\n\n\n<p class=\"has-text-align-center has-large-font-size\"><strong>Relaxxx<\/strong><\/p>\n\n\n<div class=\"wp-block-image\">\n<figure class=\"aligncenter size-full is-resized\"><img loading=\"lazy\" decoding=\"async\" width=\"900\" height=\"900\" src=\"https:\/\/www.biomore.eu\/wp-content\/uploads\/2025\/07\/Relaxxx-Sleep-duo.webp\" alt=\"Relaxxx Sleep duo\" class=\"wp-image-4320\" style=\"object-fit:cover;width:293px;height:293px\" srcset=\"https:\/\/www.biomore.eu\/wp-content\/uploads\/2025\/07\/Relaxxx-Sleep-duo.webp 900w, https:\/\/www.biomore.eu\/wp-content\/uploads\/2025\/07\/Relaxxx-Sleep-duo-300x300.webp 300w, https:\/\/www.biomore.eu\/wp-content\/uploads\/2025\/07\/Relaxxx-Sleep-duo-150x150.webp 150w, https:\/\/www.biomore.eu\/wp-content\/uploads\/2025\/07\/Relaxxx-Sleep-duo-768x768.webp 768w, https:\/\/www.biomore.eu\/wp-content\/uploads\/2025\/07\/Relaxxx-Sleep-duo-100x100.webp 100w, https:\/\/www.biomore.eu\/wp-content\/uploads\/2025\/07\/Relaxxx-Sleep-duo-897x897.webp 897w\" sizes=\"auto, (max-width: 900px) 100vw, 900px\" \/><\/figure>\n<\/div><\/div>\n\n\n\n<div class=\"wp-block-uagb-container uagb-block-a5affbc6\">\n<div class=\"wp-block-buttons is-layout-flex wp-block-buttons-is-layout-flex\">\n<div class=\"wp-block-button\"><a class=\"wp-block-button__link has-white-color has-vivid-cyan-blue-background-color has-text-color has-background has-link-color has-text-align-center wp-element-button\" href=\"https:\/\/www.biomore.eu\/fr\/purifier\/\" style=\"border-radius:5px\">D\u00e9toxifier votre corps des m\u00e9taux toxiques<\/a><\/div>\n<\/div>\n\n\n\n<p class=\"has-text-align-center has-large-font-size\"><strong>Fulvic Acid<\/strong><\/p>\n\n\n<div class=\"wp-block-image\">\n<figure class=\"aligncenter size-full is-resized\"><img loading=\"lazy\" decoding=\"async\" width=\"400\" height=\"400\" src=\"https:\/\/www.biomore.eu\/wp-content\/uploads\/2025\/07\/Detox.webp\" alt=\"Fulvic acid\" class=\"wp-image-4350\" style=\"object-fit:cover;width:293px;height:293px\" srcset=\"https:\/\/www.biomore.eu\/wp-content\/uploads\/2025\/07\/Detox.webp 400w, https:\/\/www.biomore.eu\/wp-content\/uploads\/2025\/07\/Detox-300x300.webp 300w, https:\/\/www.biomore.eu\/wp-content\/uploads\/2025\/07\/Detox-150x150.webp 150w, https:\/\/www.biomore.eu\/wp-content\/uploads\/2025\/07\/Detox-100x100.webp 100w\" sizes=\"auto, (max-width: 400px) 100vw, 400px\" \/><\/figure>\n<\/div><\/div>\n<\/div><\/div>\n","protected":false},"excerpt":{"rendered":"<p>Essayer de g\u00e9rer votre \u00e9quilibre de stress? Prenez bien soin de votre corps et r\u00e9duisez le stress interne en utilisant des solutions naturelles Digestion Relaxxx Fulvic Acid<\/p>\n","protected":false},"author":1,"featured_media":0,"parent":0,"menu_order":0,"comment_status":"closed","ping_status":"closed","template":"","meta":{"_uag_custom_page_level_css":"","footnotes":""},"class_list":["post-731","page","type-page","status-publish","hentry"],"yoast_head":"<!-- This site is optimized with the Yoast SEO plugin v26.6 - https:\/\/yoast.com\/wordpress\/plugins\/seo\/ -->\n<title>G\u00e9rez votre propre \u00e9quilibre du stress corporel<\/title>\n<meta name=\"description\" content=\"Prenez bien soin de votre corps et r\u00e9duisez le stress interne en utilisant des solutions naturelles\" \/>\n<meta name=\"robots\" content=\"index, follow, max-snippet:-1, max-image-preview:large, max-video-preview:-1\" \/>\n<link rel=\"canonical\" href=\"https:\/\/www.biomore.eu\/fr\/\" \/>\n<meta property=\"og:locale\" content=\"fr_FR\" \/>\n<meta property=\"og:type\" content=\"article\" \/>\n<meta property=\"og:title\" content=\"G\u00e9rez votre propre \u00e9quilibre du stress corporel\" \/>\n<meta property=\"og:description\" content=\"Prenez bien soin de votre corps et r\u00e9duisez le stress interne en utilisant des solutions naturelles\" \/>\n<meta property=\"og:url\" content=\"https:\/\/www.biomore.eu\/fr\/\" \/>\n<meta property=\"og:site_name\" content=\"Biomore\" \/>\n<meta property=\"article:modified_time\" content=\"2025-07-30T20:07:00+00:00\" \/>\n<meta property=\"og:image\" content=\"https:\/\/www.biomore.eu\/wp-content\/uploads\/2025\/07\/digestive-enzymes.webp\" \/>\n\t<meta property=\"og:image:width\" content=\"293\" \/>\n\t<meta property=\"og:image:height\" content=\"293\" \/>\n\t<meta property=\"og:image:type\" content=\"image\/webp\" \/>\n<meta name=\"twitter:card\" content=\"summary_large_image\" \/>\n<meta name=\"twitter:label1\" content=\"Dur\u00e9e de lecture estim\u00e9e\" \/>\n\t<meta name=\"twitter:data1\" content=\"1 minute\" \/>\n<script type=\"application\/ld+json\" class=\"yoast-schema-graph\">{\"@context\":\"https:\/\/schema.org\",\"@graph\":[{\"@type\":\"WebPage\",\"@id\":\"https:\/\/www.biomore.eu\/fr\/\",\"url\":\"https:\/\/www.biomore.eu\/fr\/\",\"name\":\"G\u00e9rez votre propre \u00e9quilibre du stress corporel\",\"isPartOf\":{\"@id\":\"https:\/\/www.biomore.eu\/de\/#website\"},\"primaryImageOfPage\":{\"@id\":\"https:\/\/www.biomore.eu\/fr\/#primaryimage\"},\"image\":{\"@id\":\"https:\/\/www.biomore.eu\/fr\/#primaryimage\"},\"thumbnailUrl\":\"https:\/\/www.biomore.eu\/wp-content\/uploads\/2025\/07\/digestive-enzymes.webp\",\"datePublished\":\"2018-06-29T21:34:53+00:00\",\"dateModified\":\"2025-07-30T20:07:00+00:00\",\"description\":\"Prenez bien soin de votre corps et r\u00e9duisez le stress interne en utilisant des solutions naturelles\",\"breadcrumb\":{\"@id\":\"https:\/\/www.biomore.eu\/fr\/#breadcrumb\"},\"inLanguage\":\"fr-FR\",\"potentialAction\":[{\"@type\":\"ReadAction\",\"target\":[\"https:\/\/www.biomore.eu\/fr\/\"]}]},{\"@type\":\"ImageObject\",\"inLanguage\":\"fr-FR\",\"@id\":\"https:\/\/www.biomore.eu\/fr\/#primaryimage\",\"url\":\"https:\/\/www.biomore.eu\/wp-content\/uploads\/2025\/07\/digestive-enzymes.webp\",\"contentUrl\":\"https:\/\/www.biomore.eu\/wp-content\/uploads\/2025\/07\/digestive-enzymes.webp\"},{\"@type\":\"BreadcrumbList\",\"@id\":\"https:\/\/www.biomore.eu\/fr\/#breadcrumb\",\"itemListElement\":[{\"@type\":\"ListItem\",\"position\":1,\"name\":\"Home\",\"item\":\"https:\/\/www.biomore.eu\/fr\/\"},{\"@type\":\"ListItem\",\"position\":2,\"name\":\"D\u00e9but\"}]},{\"@type\":\"WebSite\",\"@id\":\"https:\/\/www.biomore.eu\/de\/#website\",\"url\":\"https:\/\/www.biomore.eu\/de\/\",\"name\":\"Biomore\",\"description\":\"\",\"potentialAction\":[{\"@type\":\"SearchAction\",\"target\":{\"@type\":\"EntryPoint\",\"urlTemplate\":\"https:\/\/www.biomore.eu\/de\/?s={search_term_string}\"},\"query-input\":{\"@type\":\"PropertyValueSpecification\",\"valueRequired\":true,\"valueName\":\"search_term_string\"}}],\"inLanguage\":\"fr-FR\"}]}<\/script>\n<!-- \/ Yoast SEO plugin. -->","yoast_head_json":{"title":"G\u00e9rez votre propre \u00e9quilibre du stress corporel","description":"Prenez bien soin de votre corps et r\u00e9duisez le stress interne en utilisant des solutions naturelles","robots":{"index":"index","follow":"follow","max-snippet":"max-snippet:-1","max-image-preview":"max-image-preview:large","max-video-preview":"max-video-preview:-1"},"canonical":"https:\/\/www.biomore.eu\/fr\/","og_locale":"fr_FR","og_type":"article","og_title":"G\u00e9rez votre propre \u00e9quilibre du stress corporel","og_description":"Prenez bien soin de votre corps et r\u00e9duisez le stress interne en utilisant des solutions naturelles","og_url":"https:\/\/www.biomore.eu\/fr\/","og_site_name":"Biomore","article_modified_time":"2025-07-30T20:07:00+00:00","og_image":[{"width":293,"height":293,"url":"https:\/\/www.biomore.eu\/wp-content\/uploads\/2025\/07\/digestive-enzymes.webp","type":"image\/webp"}],"twitter_card":"summary_large_image","twitter_misc":{"Dur\u00e9e de lecture estim\u00e9e":"1 minute"},"schema":{"@context":"https:\/\/schema.org","@graph":[{"@type":"WebPage","@id":"https:\/\/www.biomore.eu\/fr\/","url":"https:\/\/www.biomore.eu\/fr\/","name":"G\u00e9rez votre propre \u00e9quilibre du stress corporel","isPartOf":{"@id":"https:\/\/www.biomore.eu\/de\/#website"},"primaryImageOfPage":{"@id":"https:\/\/www.biomore.eu\/fr\/#primaryimage"},"image":{"@id":"https:\/\/www.biomore.eu\/fr\/#primaryimage"},"thumbnailUrl":"https:\/\/www.biomore.eu\/wp-content\/uploads\/2025\/07\/digestive-enzymes.webp","datePublished":"2018-06-29T21:34:53+00:00","dateModified":"2025-07-30T20:07:00+00:00","description":"Prenez bien soin de votre corps et r\u00e9duisez le stress interne en utilisant des solutions naturelles","breadcrumb":{"@id":"https:\/\/www.biomore.eu\/fr\/#breadcrumb"},"inLanguage":"fr-FR","potentialAction":[{"@type":"ReadAction","target":["https:\/\/www.biomore.eu\/fr\/"]}]},{"@type":"ImageObject","inLanguage":"fr-FR","@id":"https:\/\/www.biomore.eu\/fr\/#primaryimage","url":"https:\/\/www.biomore.eu\/wp-content\/uploads\/2025\/07\/digestive-enzymes.webp","contentUrl":"https:\/\/www.biomore.eu\/wp-content\/uploads\/2025\/07\/digestive-enzymes.webp"},{"@type":"BreadcrumbList","@id":"https:\/\/www.biomore.eu\/fr\/#breadcrumb","itemListElement":[{"@type":"ListItem","position":1,"name":"Home","item":"https:\/\/www.biomore.eu\/fr\/"},{"@type":"ListItem","position":2,"name":"D\u00e9but"}]},{"@type":"WebSite","@id":"https:\/\/www.biomore.eu\/de\/#website","url":"https:\/\/www.biomore.eu\/de\/","name":"Biomore","description":"","potentialAction":[{"@type":"SearchAction","target":{"@type":"EntryPoint","urlTemplate":"https:\/\/www.biomore.eu\/de\/?s={search_term_string}"},"query-input":{"@type":"PropertyValueSpecification","valueRequired":true,"valueName":"search_term_string"}}],"inLanguage":"fr-FR"}]}},"uagb_featured_image_src":{"full":false,"thumbnail":false,"medium":false,"medium_large":false,"large":false,"1536x1536":false,"2048x2048":false,"post-thumbnail":false,"sober-blog-thumbnail":false,"sober-blog-grid":false,"sober-widget-thumbnail":false,"woocommerce_thumbnail":false,"woocommerce_single":false,"woocommerce_gallery_thumbnail":false,"sober_wc_gallery_thumbnail":false},"uagb_author_info":{"display_name":"Jan Pieter","author_link":"https:\/\/www.biomore.eu\/fr\/author\/admin\/"},"uagb_comment_info":0,"uagb_excerpt":"Essayer de g\u00e9rer votre \u00e9quilibre de stress? Prenez bien soin de votre corps et r\u00e9duisez le stress interne en utilisant des solutions naturelles Digestion Relaxxx Fulvic Acid","_links":{"self":[{"href":"https:\/\/www.biomore.eu\/fr\/wp-json\/wp\/v2\/pages\/731","targetHints":{"allow":["GET"]}}],"collection":[{"href":"https:\/\/www.biomore.eu\/fr\/wp-json\/wp\/v2\/pages"}],"about":[{"href":"https:\/\/www.biomore.eu\/fr\/wp-json\/wp\/v2\/types\/page"}],"author":[{"embeddable":true,"href":"https:\/\/www.biomore.eu\/fr\/wp-json\/wp\/v2\/users\/1"}],"replies":[{"embeddable":true,"href":"https:\/\/www.biomore.eu\/fr\/wp-json\/wp\/v2\/comments?post=731"}],"version-history":[{"count":0,"href":"https:\/\/www.biomore.eu\/fr\/wp-json\/wp\/v2\/pages\/731\/revisions"}],"wp:attachment":[{"href":"https:\/\/www.biomore.eu\/fr\/wp-json\/wp\/v2\/media?parent=731"}],"curies":[{"name":"wp","href":"https:\/\/api.w.org\/{rel}","templated":true}]}}