{"id":675,"date":"2018-06-27T13:35:36","date_gmt":"2018-06-27T12:35:36","guid":{"rendered":"https:\/\/www.biomore.eu\/purifier\/"},"modified":"2025-08-04T20:15:54","modified_gmt":"2025-08-04T19:15:54","slug":"purifier","status":"publish","type":"page","link":"https:\/\/www.biomore.eu\/fr\/purifier\/","title":{"rendered":"Purifier"},"content":{"rendered":"\n<h3 class=\"wp-block-heading\">Pourquoi l&rsquo;\u00e9limination des compos\u00e9s toxiques de votre corps est-elle si importante?<\/h3>\n\n\n\n<p>D\u00e8s le d\u00e9but de votre vie, votre corps est expos\u00e9 \u00e0 toutes sortes de diff\u00e9rents m\u00e9taux lourds toxiques. Ces compos\u00e9s sont peu solubles dans l&rsquo;eau, de sorte que le processus d&rsquo;absorption et d&rsquo;accumulation est tr\u00e8s lent. Mais t\u00f4t ou tard, les m\u00e9taux lourds sont responsables des d\u00e9s\u00e9quilibres de la physiologie dans votre corps, car ils bloquent les parties vitales des r\u00e9cepteurs. Les m\u00e9taux toxiques communs sont le cuivre, le mercure, le plomb, l&rsquo;aluminium, l&rsquo;arsenicum, le bore, le lithium, le cadmium, le nickel, le cobalt et le molybd\u00e8ne.<\/p>\n\n\n\n<p>En dehors de l&rsquo;exposition aux m\u00e9taux lourds, votre corps est expos\u00e9 aux pesticides, aux herbicides et aux virus du PCB. Ils ont en commun qu&rsquo;ils affaiblissent votre syst\u00e8me immunitaire.<\/p>\n\n\n\n<p>Biomore a une solution de d\u00e9sintoxication tr\u00e8s efficace pour votre corps; l&rsquo;acide fulvique. Cette mol\u00e9cule a une fonction tr\u00e8s polyvalente en liant toutes les mol\u00e9cules de type al, et en le transportant \u00e0 travers votre corps. Il en r\u00e9sulte une \u00e9limination de toutes sortes de mol\u00e9cules ind\u00e9sirables, en particulier celles qui se d\u00e9posent dans les tissus et sont peu solubles!<\/p>\n\n\n\n<h3 class=\"wp-block-heading\">Qu&rsquo;est-ce que l&rsquo;acide fulvique?<\/h3>\n\n\n\n<p>L&rsquo;acide fulvique est l&rsquo;une des deux classes de compos\u00e9s organiques acides humiques pr\u00e9sents dans les sols et les plans d&rsquo;eau de la Terre. Au cours des derni\u00e8res d\u00e9cennies, nous avons appris beaucoup plus sur la fa\u00e7on dont les substances humiques pr\u00e9sentes dans la salet\u00e9, y compris l&rsquo;acide fulvique, peuvent r\u00e9ellement am\u00e9liorer la sant\u00e9 de l&rsquo;intestin humain et donc les fonctions immunitaires.<\/p>\n\n\n\n<p>L&rsquo;acquisition d&rsquo;une quantit\u00e9 suffisante d&rsquo;\u00e9lectrolytes et d&rsquo;autres oligo-\u00e9l\u00e9ments est importante pour les fonctions m\u00e9taboliques, la sant\u00e9 digestive et l&rsquo;assimilation des nutriments. En plus de fournir des nutriments crus, l&rsquo;acide fulvique <strong> transporte les min\u00e9raux et autres nutriments <\/strong> aux cellules plus efficacement, stimule le taux d&rsquo;absorption des nutriments en rendant les cellules plus perm\u00e9ables et joue un r\u00f4le important dans les organes digestifs.<\/p>\n\n\n\n<p>Un autre avantage de prendre de l&rsquo;acide fulvique en tant que suppl\u00e9ment est qu&rsquo;il aide \u00e0 r\u00e9tablir le <strong> niveau de pH optimal <\/strong>. En alcalinisant le corps et en emp\u00eachant la formation d&rsquo;un environnement trop acide, les acides humiques pourraient aider \u00e0 maintenir le pH du sang dans votre corps.<\/p>\n\n\n\n<p>Les acides humiques sont b\u00e9n\u00e9fiques pour la digestion et l&rsquo;am\u00e9lioration de l&rsquo;\u00e9nergie en raison de leurs capacit\u00e9s d\u00e9toxifiantes. Les acides humiques sont capables de se lier aux toxines et aux m\u00e9taux qui p\u00e9n\u00e8trent dans le corps par l&rsquo;interm\u00e9diaire de l&rsquo;alimentation, de l&rsquo;eau, des m\u00e9dicaments sur ordonnance, des produits m\u00e9nagers et de la pollution de l&rsquo;air.<\/p>\n\n\n\n<p>Les acides fulviques contiennent des antioxydants qui combattent les effets des radicaux libres et aident \u00e0 d\u00e9toxifier le corps de nombreuses toxines qui contribuent au probl\u00e8me: les produits chimiques utilis\u00e9s dans l&rsquo;agriculture, les d\u00e9chets radioactifs et les m\u00e9taux lourds, par exemple. Il contribue \u00e9galement \u00e0 prolonger la perm\u00e9abilit\u00e9 et la vie des cellules en fournissant des \u00e9lectrolytes qui ont de nombreuses fonctions dans le c\u0153ur, les muscles, le cerveau et le tube digestif.<\/p>\n\n\n\n<h3 class=\"wp-block-heading\">Comment fonctionne l&rsquo;acide de Fulvic? <a href=\"https:\/\/www.biomore.eu\/wp-content\/uploads\/2017\/12\/fulvicacid_molecule.jpg\"> <img decoding=\"async\" class=\"alignright size-full wp\" src=\" https:\/\/www.biomore.eu\/wp-content\/uploads\/2025\/07\/fulvicacid_molecule.webp\" alt=\" \" width=\" 537 \" height=\" 291 \"> <\/a><\/h3>\n\n\n\n<p>Sa structure est compos\u00e9e de polym\u00e8res organiques aromatiques avec de nombreux groupes carboxyle qui lib\u00e8rent des ions hydrog\u00e8ne, entra\u00eenant une charge \u00e9lectrique qui aide \u00e0 attirer les radicaux libres, les m\u00e9taux lourds et autres toxines dans le corps, lui permettant d&rsquo;agir comme agent de nettoyage. Une fois qu&rsquo;il devient r\u00e9actif avec les m\u00e9taux, l&rsquo;acide fulvique les aide \u00e0 devenir plus solubles dans l&rsquo;eau, ce qui signifie qu&rsquo;ils sont plus facilement \u00e9vacu\u00e9s du corps.<\/p>\n\n\n\n<p>En tant que source majeure d&rsquo;\u00e9lectrolytes et d&rsquo;antioxydants cl\u00e9s, il a \u00e9t\u00e9 d\u00e9montr\u00e9 qu&rsquo;il am\u00e9liore divers processus cellulaires, les fonctions musculaires, les capacit\u00e9s digestives, la sant\u00e9 du c\u0153ur et du cerveau. L&rsquo;acide fulvique aide les cellules \u00e0 absorber la quantit\u00e9 de min\u00e9raux dont ils ont besoin et \u00e0 se d\u00e9barrasser des d\u00e9chets en agissant comme un transporteur d&rsquo;ions.<\/p>\n\n\n\n<h3 class=\"wp-block-heading has-text-align-center\">2 versions de produits &#8211; uniques et efficaces<\/h3>\n\n\n\n<div class=\"wp-block-uagb-container uagb-block-2086dcb2 alignfull uagb-is-root-container\"><div class=\"uagb-container-inner-blocks-wrap\">\n<div class=\"wp-block-uagb-container uagb-block-e73058c7\">\n<p>Une <strong>solution-m\u00e8re de boisson de bien-\u00eatre<\/strong> \u00e0 diluer avant utilisation, et utilis\u00e9e comme boisson. Vous pouvez choisir pour l&rsquo;eau, ou de l&rsquo;eau gazeuse, et m\u00eame un jus de fruit. Boire 1 litre d&rsquo;acide fulvique dilu\u00e9 pendant la journ\u00e9e.<\/p>\n<\/div>\n\n\n\n<div class=\"wp-block-uagb-container uagb-block-496d0fdf\">\n<p>Une <strong>solution m\u00e8re par inhalation<\/strong>, \u00e0 diluer avant utilisation et \u00e0 inhaler. Ce produit est sp\u00e9cialement con\u00e7u pour nettoyer vos sinus. Le sinus est une cavit\u00e9 dans un os ou un autre tissu, en particulier un dans les os du visage ou du cr\u00e2ne reliant les cavit\u00e9s nasales.<\/p>\n<\/div>\n<\/div><\/div>\n\n\n\n<div class=\"wp-block-uagb-container uagb-block-72e913fc alignfull uagb-is-root-container\"><div class=\"uagb-container-inner-blocks-wrap\">\n<div class=\"wp-block-uagb-container uagb-block-6517e641\"><div data-background-color=\"black\" data-block-name=\"woocommerce\/featured-product\" data-dim-ratio=\"0\" data-edit-mode=\"false\" data-image-fit=\"cover\" data-product-id=\"817\" data-show-desc=\"false\" data-show-price=\"false\" data-style=\"{&quot;elements&quot;:{&quot;link&quot;:{&quot;color&quot;:{&quot;text&quot;:&quot;var:preset|color|white&quot;}}}}\" data-text-color=\"white\" class=\"wc-block-featured-product alignnone has-background has-black-background-color has-text-color has-white-color wp-elements-9987050e3040a77e27cc8816874d506d wp-block-woocommerce-featured-product\" style=\"min-height:500px;\"><div class=\"wc-block-featured-product__wrapper\"><div class=\"background-dim__overlay\" style=\"background-color: #000000\"><\/div><img decoding=\"async\" alt=\"Fulvic Acid (drink)\" class=\"wc-block-featured-product__background-image\" src=\"https:\/\/www.biomore.eu\/wp-content\/uploads\/2025\/07\/Fulvic-Acid-Drink-0.5L.webp\" style=\"object-fit: cover;object-position: 50% 50%;\" \/><h2 class=\"wc-block-featured-product__title\">Fulvic Acid (drink)<\/h2><div class=\"wc-block-featured-product__inner-blocks\">\n\n<div class=\"wp-block-buttons is-content-justification-center is-layout-flex wp-container-core-buttons-is-layout-16018d1d wp-block-buttons-is-layout-flex\">\n<div class=\"wp-block-button has-custom-width wp-block-button__width-100\"><a class=\"wp-block-button__link has-white-color has-black-background-color has-text-color has-background has-link-color has-small-font-size has-custom-font-size wp-element-button\" href=\"https:\/\/www.biomore.eu\/fr\/product\/fulvic-acid-drink\/\">Shop now<\/a><\/div>\n<\/div>\n\n<\/div><\/div><\/div><\/div>\n\n\n\n<div class=\"wp-block-uagb-container uagb-block-1a08bbbb\"><div data-background-color=\"black\" data-block-name=\"woocommerce\/featured-product\" data-dim-ratio=\"0\" data-edit-mode=\"false\" data-image-fit=\"cover\" data-product-id=\"811\" data-show-desc=\"false\" data-show-price=\"false\" data-style=\"{&quot;elements&quot;:{&quot;link&quot;:{&quot;color&quot;:{&quot;text&quot;:&quot;var:preset|color|white&quot;}}}}\" data-text-color=\"white\" class=\"wc-block-featured-product alignnone has-background has-black-background-color has-text-color has-white-color wp-elements-1ceb56879ec062f97cf9036616c55665 wp-block-woocommerce-featured-product\" style=\"min-height:500px;\"><div class=\"wc-block-featured-product__wrapper\"><div class=\"background-dim__overlay\" style=\"background-color: #000000\"><\/div><img decoding=\"async\" alt=\"Fulvic Acid (inhalation)\" class=\"wc-block-featured-product__background-image\" src=\"https:\/\/www.biomore.eu\/wp-content\/uploads\/2025\/07\/Fulvic-acid-0.5L-inhalation.webp\" style=\"object-fit: cover;object-position: 50% 50%;\" \/><h2 class=\"wc-block-featured-product__title\">Fulvic Acid (inhalation)<\/h2><div class=\"wc-block-featured-product__inner-blocks\">\n\n<div class=\"wp-block-buttons is-content-justification-center is-layout-flex wp-container-core-buttons-is-layout-16018d1d wp-block-buttons-is-layout-flex\">\n<div class=\"wp-block-button has-custom-width wp-block-button__width-100\"><a class=\"wp-block-button__link has-white-color has-black-background-color has-text-color has-background has-link-color has-small-font-size has-custom-font-size wp-element-button\" href=\"https:\/\/www.biomore.eu\/fr\/product\/fulvic-acid-inhalation\/\">Shop now<\/a><\/div>\n<\/div>\n\n<\/div><\/div><\/div><\/div>\n\n\n\n<div class=\"wp-block-uagb-container uagb-block-7f507c59\">\n<h3 class=\"wp-block-heading\">Pourquoi l&rsquo;acide de Biomore Fulvic est-il si unique?<\/h3>\n\n\n\n<p>Au fil des ans, les gens ont utilis\u00e9 des sources naturelles pour utiliser l&rsquo;acide fulvique. En raison de la pollution de la nature dans le monde entier avec les m\u00e9taux lourds, les PCB, les pesticides et les herbicides, il n&rsquo;est plus possible de trouver des sources vraiment propres. De nos jours, tous les acides fulviques d\u00e9riv\u00e9s de la nature sont contamin\u00e9s, ce qui rend le produit moins pr\u00e9cieux qu&rsquo;il y a 100 ans. Une fois que les m\u00e9taux toxiques sont li\u00e9s par cette mol\u00e9cule, il est impossible de l&rsquo;enlever. Donc, au lieu d&rsquo;une cure de d\u00e9sintoxication, votre corps est expos\u00e9 avec des mol\u00e9cules que vous voulez vraiment supprimer!<br><br>Nous avons donc d\u00e9velopp\u00e9 un processus dans lequel l&rsquo;acide fulvique est produit de mani\u00e8re 100 % propre et exempt de m\u00e9taux lourds, PCB, pesticides et herbicides. Nous sommes la seule entreprise \u00e0 vendre ce produit en Europe.<\/p>\n<\/div>\n\n\n\n<div class=\"wp-block-uagb-container uagb-block-2fc1d88e\">\n<h3 class=\"wp-block-heading\">Caract\u00e9ristiques<\/h3>\n\n\n\n<p>\u2714\ufe0f Am\u00e9liore la biodisponibilit\u00e9 des ingr\u00e9dients alimentaires<\/p>\n\n\n\n<p><br>\u2714\ufe0f Aide \u00e0 lib\u00e9rer les m\u00e9taux lourds, les PCB et les pesticides du corps<\/p>\n\n\n\n<p><br>\u2714\ufe0f Formule d&rsquo;inhalation pour le sinus<\/p>\n\n\n\n<p><br>\u2714\ufe0f Formule de boisson pour les tissus et les organes du corps<\/p>\n<\/div>\n<\/div><\/div>\n","protected":false},"excerpt":{"rendered":"<p>Pourquoi l&rsquo;\u00e9limination des compos\u00e9s toxiques de votre corps est-elle si importante? D\u00e8s le d\u00e9but de votre vie, votre corps est expos\u00e9 \u00e0 toutes sortes de diff\u00e9rents m\u00e9taux lourds toxiques. Ces compos\u00e9s sont peu solubles dans l&rsquo;eau, de sorte que le processus d&rsquo;absorption et d&rsquo;accumulation est tr\u00e8s lent. Mais t\u00f4t ou tard, les m\u00e9taux lourds sont responsables des d\u00e9s\u00e9quilibres de la physiologie dans votre corps, car ils bloquent les parties vitales des r\u00e9cepteurs. Les m\u00e9taux toxiques&hellip;<\/p>\n","protected":false},"author":1,"featured_media":0,"parent":0,"menu_order":0,"comment_status":"closed","ping_status":"closed","template":"","meta":{"_uag_custom_page_level_css":"","footnotes":""},"class_list":["post-675","page","type-page","status-publish","hentry"],"yoast_head":"<!-- This site is optimized with the Yoast SEO plugin v26.6 - https:\/\/yoast.com\/wordpress\/plugins\/seo\/ -->\n<title>Purifie ton corps<\/title>\n<meta name=\"description\" content=\"Une fois qu&#039;il devient r\u00e9actif avec les m\u00e9taux, l&#039;acide fulvique les aide \u00e0 devenir plus solubles dans l&#039;eau, ce qui signifie qu&#039;ils sont plus facilement \u00e9vacu\u00e9s du corps.\" \/>\n<meta name=\"robots\" content=\"index, follow, max-snippet:-1, max-image-preview:large, max-video-preview:-1\" \/>\n<link rel=\"canonical\" href=\"https:\/\/www.biomore.eu\/fr\/purifier\/\" \/>\n<meta property=\"og:locale\" content=\"fr_FR\" \/>\n<meta property=\"og:type\" content=\"article\" \/>\n<meta property=\"og:title\" content=\"Purifie ton corps\" \/>\n<meta property=\"og:description\" content=\"Une fois qu&#039;il devient r\u00e9actif avec les m\u00e9taux, l&#039;acide fulvique les aide \u00e0 devenir plus solubles dans l&#039;eau, ce qui signifie qu&#039;ils sont plus facilement \u00e9vacu\u00e9s du corps.\" \/>\n<meta property=\"og:url\" content=\"https:\/\/www.biomore.eu\/fr\/purifier\/\" \/>\n<meta property=\"og:site_name\" content=\"Biomore\" \/>\n<meta property=\"article:modified_time\" content=\"2025-08-04T19:15:54+00:00\" \/>\n<meta name=\"twitter:card\" content=\"summary_large_image\" \/>\n<meta name=\"twitter:label1\" content=\"Dur\u00e9e de lecture estim\u00e9e\" \/>\n\t<meta name=\"twitter:data1\" content=\"5 minutes\" \/>\n<script type=\"application\/ld+json\" class=\"yoast-schema-graph\">{\"@context\":\"https:\/\/schema.org\",\"@graph\":[{\"@type\":\"WebPage\",\"@id\":\"https:\/\/www.biomore.eu\/fr\/purifier\/\",\"url\":\"https:\/\/www.biomore.eu\/fr\/purifier\/\",\"name\":\"Purifie ton corps\",\"isPartOf\":{\"@id\":\"https:\/\/www.biomore.eu\/de\/#website\"},\"datePublished\":\"2018-06-27T12:35:36+00:00\",\"dateModified\":\"2025-08-04T19:15:54+00:00\",\"description\":\"Une fois qu'il devient r\u00e9actif avec les m\u00e9taux, l'acide fulvique les aide \u00e0 devenir plus solubles dans l'eau, ce qui signifie qu'ils sont plus facilement \u00e9vacu\u00e9s du corps.\",\"breadcrumb\":{\"@id\":\"https:\/\/www.biomore.eu\/fr\/purifier\/#breadcrumb\"},\"inLanguage\":\"fr-FR\",\"potentialAction\":[{\"@type\":\"ReadAction\",\"target\":[\"https:\/\/www.biomore.eu\/fr\/purifier\/\"]}]},{\"@type\":\"BreadcrumbList\",\"@id\":\"https:\/\/www.biomore.eu\/fr\/purifier\/#breadcrumb\",\"itemListElement\":[{\"@type\":\"ListItem\",\"position\":1,\"name\":\"Home\",\"item\":\"https:\/\/www.biomore.eu\/fr\/\"},{\"@type\":\"ListItem\",\"position\":2,\"name\":\"Purifier\"}]},{\"@type\":\"WebSite\",\"@id\":\"https:\/\/www.biomore.eu\/de\/#website\",\"url\":\"https:\/\/www.biomore.eu\/de\/\",\"name\":\"Biomore\",\"description\":\"\",\"potentialAction\":[{\"@type\":\"SearchAction\",\"target\":{\"@type\":\"EntryPoint\",\"urlTemplate\":\"https:\/\/www.biomore.eu\/de\/?s={search_term_string}\"},\"query-input\":{\"@type\":\"PropertyValueSpecification\",\"valueRequired\":true,\"valueName\":\"search_term_string\"}}],\"inLanguage\":\"fr-FR\"}]}<\/script>\n<!-- \/ Yoast SEO plugin. -->","yoast_head_json":{"title":"Purifie ton corps","description":"Une fois qu'il devient r\u00e9actif avec les m\u00e9taux, l'acide fulvique les aide \u00e0 devenir plus solubles dans l'eau, ce qui signifie qu'ils sont plus facilement \u00e9vacu\u00e9s du corps.","robots":{"index":"index","follow":"follow","max-snippet":"max-snippet:-1","max-image-preview":"max-image-preview:large","max-video-preview":"max-video-preview:-1"},"canonical":"https:\/\/www.biomore.eu\/fr\/purifier\/","og_locale":"fr_FR","og_type":"article","og_title":"Purifie ton corps","og_description":"Une fois qu'il devient r\u00e9actif avec les m\u00e9taux, l'acide fulvique les aide \u00e0 devenir plus solubles dans l'eau, ce qui signifie qu'ils sont plus facilement \u00e9vacu\u00e9s du corps.","og_url":"https:\/\/www.biomore.eu\/fr\/purifier\/","og_site_name":"Biomore","article_modified_time":"2025-08-04T19:15:54+00:00","twitter_card":"summary_large_image","twitter_misc":{"Dur\u00e9e de lecture estim\u00e9e":"5 minutes"},"schema":{"@context":"https:\/\/schema.org","@graph":[{"@type":"WebPage","@id":"https:\/\/www.biomore.eu\/fr\/purifier\/","url":"https:\/\/www.biomore.eu\/fr\/purifier\/","name":"Purifie ton corps","isPartOf":{"@id":"https:\/\/www.biomore.eu\/de\/#website"},"datePublished":"2018-06-27T12:35:36+00:00","dateModified":"2025-08-04T19:15:54+00:00","description":"Une fois qu'il devient r\u00e9actif avec les m\u00e9taux, l'acide fulvique les aide \u00e0 devenir plus solubles dans l'eau, ce qui signifie qu'ils sont plus facilement \u00e9vacu\u00e9s du corps.","breadcrumb":{"@id":"https:\/\/www.biomore.eu\/fr\/purifier\/#breadcrumb"},"inLanguage":"fr-FR","potentialAction":[{"@type":"ReadAction","target":["https:\/\/www.biomore.eu\/fr\/purifier\/"]}]},{"@type":"BreadcrumbList","@id":"https:\/\/www.biomore.eu\/fr\/purifier\/#breadcrumb","itemListElement":[{"@type":"ListItem","position":1,"name":"Home","item":"https:\/\/www.biomore.eu\/fr\/"},{"@type":"ListItem","position":2,"name":"Purifier"}]},{"@type":"WebSite","@id":"https:\/\/www.biomore.eu\/de\/#website","url":"https:\/\/www.biomore.eu\/de\/","name":"Biomore","description":"","potentialAction":[{"@type":"SearchAction","target":{"@type":"EntryPoint","urlTemplate":"https:\/\/www.biomore.eu\/de\/?s={search_term_string}"},"query-input":{"@type":"PropertyValueSpecification","valueRequired":true,"valueName":"search_term_string"}}],"inLanguage":"fr-FR"}]}},"uagb_featured_image_src":{"full":false,"thumbnail":false,"medium":false,"medium_large":false,"large":false,"1536x1536":false,"2048x2048":false,"post-thumbnail":false,"sober-blog-thumbnail":false,"sober-blog-grid":false,"sober-widget-thumbnail":false,"woocommerce_thumbnail":false,"woocommerce_single":false,"woocommerce_gallery_thumbnail":false,"sober_wc_gallery_thumbnail":false},"uagb_author_info":{"display_name":"Jan Pieter","author_link":"https:\/\/www.biomore.eu\/fr\/author\/admin\/"},"uagb_comment_info":0,"uagb_excerpt":"Pourquoi l&rsquo;\u00e9limination des compos\u00e9s toxiques de votre corps est-elle si importante? D\u00e8s le d\u00e9but de votre vie, votre corps est expos\u00e9 \u00e0 toutes sortes de diff\u00e9rents m\u00e9taux lourds toxiques. Ces compos\u00e9s sont peu solubles dans l&rsquo;eau, de sorte que le processus d&rsquo;absorption et d&rsquo;accumulation est tr\u00e8s lent. Mais t\u00f4t ou tard, les m\u00e9taux lourds sont\u2026","_links":{"self":[{"href":"https:\/\/www.biomore.eu\/fr\/wp-json\/wp\/v2\/pages\/675","targetHints":{"allow":["GET"]}}],"collection":[{"href":"https:\/\/www.biomore.eu\/fr\/wp-json\/wp\/v2\/pages"}],"about":[{"href":"https:\/\/www.biomore.eu\/fr\/wp-json\/wp\/v2\/types\/page"}],"author":[{"embeddable":true,"href":"https:\/\/www.biomore.eu\/fr\/wp-json\/wp\/v2\/users\/1"}],"replies":[{"embeddable":true,"href":"https:\/\/www.biomore.eu\/fr\/wp-json\/wp\/v2\/comments?post=675"}],"version-history":[{"count":1,"href":"https:\/\/www.biomore.eu\/fr\/wp-json\/wp\/v2\/pages\/675\/revisions"}],"predecessor-version":[{"id":4403,"href":"https:\/\/www.biomore.eu\/fr\/wp-json\/wp\/v2\/pages\/675\/revisions\/4403"}],"wp:attachment":[{"href":"https:\/\/www.biomore.eu\/fr\/wp-json\/wp\/v2\/media?parent=675"}],"curies":[{"name":"wp","href":"https:\/\/api.w.org\/{rel}","templated":true}]}}