{"id":2872,"date":"2022-10-08T10:44:36","date_gmt":"2022-10-08T09:44:37","guid":{"rendered":"https:\/\/www.biomore.eu\/?post_type=product&#038;p=2872"},"modified":"2022-10-08T12:43:49","modified_gmt":"2022-10-08T11:43:49","slug":"relaxxx-sleep","status":"publish","type":"product","link":"https:\/\/www.biomore.eu\/es\/product\/relaxxx-sleep\/","title":{"rendered":"Relaxxx-sleep 35 g\/L"},"content":{"rendered":"<p><strong>Relaxxx-Sleep es una combinaci\u00f3n de bicarbonato de magnesio y bisglicinato de magnesio.<\/strong><\/p>\n<p>El cuerpo de un adulto contiene aproximadamente 25 g de magnesio, con un 50% a 60% presente en los huesos y la mayor parte del resto en los tejidos blandos. En el trabajo diario y el ejercicio\/deporte, el Magnesio juega un papel fundamental en las funciones musculares \u00f3ptimas y el metabolismo energ\u00e9tico. El magnesio ayuda a disminuir la sensaci\u00f3n de fatiga. El magnesio y el calcio son antagonistas. Esto significa que una alta concentraci\u00f3n de Magnesio ayuda al cuerpo a excretar Calcio de los tejidos blandos.<\/p>\n<p>El <strong>bicarbonato de magnesio<\/strong> es la forma m\u00e1s conveniente de reponer su cuerpo con la cantidad necesaria de magnesio. Muy alta biodisponibilidad, sin calcio presente y el bicarbonato ayuda a mantener el pH de la sangre. Este producto es adecuado para ayudar al cuerpo a eliminar el exceso de Calcio. La proporci\u00f3n de calcio\/magnesio determinada en el an\u00e1lisis de minerales del tejido capilar se puede ajustar a los valores normales en varios meses.<\/p>\n<p>\u00a1Se ha agregado <strong>bisglicinato de magnesio<\/strong> en esta f\u00f3rmula! Un concentrado de 1 litro contiene el contenido de 33 tabletas de bisglicinato de magnesio 150 mg. \u00a1As\u00ed que ya no tiene que tragar tabletas grandes y dif\u00edciles! La glicina es un amino\u00e1cido no esencial responsable de la estructura compacta de la prote\u00edna col\u00e1geno. El nutriente normaliza la funci\u00f3n cerebral y promueve el sue\u00f1o. \u00a1En combinaci\u00f3n con bicarbonato de magnesio, Relaxxx-Sleep es la f\u00f3rmula \u00f3ptima para una buena noche de sue\u00f1o!<\/p>\n<p>La bebida <strong>Relaxxx-Sleep<\/strong> es un concentrado (30 g\/L de bicarbonato de magnesio y 5 g\/L de bisglicinato de magnesio) y debe diluirse antes de su uso. Este frasco se adapta a tus necesidades durante 4-8 semanas, dependiendo de la diluci\u00f3n aplicada.<\/p>\n<p>Lea <a href=\"https:\/\/www.biomore.eu\/es\/bicarbonato-de-magnesio\/\"><strong>M\u00c1S<\/strong><\/a> sobre el bicarbonato de magnesio.<\/p>\n","protected":false},"excerpt":{"rendered":"<p>El bicarbonato de magnesio es la forma m\u00e1s conveniente de reponer su cuerpo con la cantidad necesaria de magnesio. Muy alta biodisponibilidad, sin calcio presente y el bicarbonato ayuda a mantener el pH sangu\u00edneo.<\/p>\n<p>\u00a1La soluci\u00f3n es un concentrado (50 g \/ L) y debe diluirse antes de su uso! Este frasco se adapta a sus necesidades durante 4-8 semanas, dependiendo de la diluci\u00f3n aplicada.<\/p>\n<p>Compra de 2 a 4 botellas: \u00a15% de descuento!<br \/>\nCompra 5 botellas o m\u00e1s: \u00a110% de descuento!<\/p>\n","protected":false},"featured_media":4322,"comment_status":"open","ping_status":"closed","template":"","meta":{"_uag_custom_page_level_css":""},"product_brand":[],"product_cat":[82,83],"product_tag":[],"class_list":{"0":"post-2872","1":"product","2":"type-product","3":"status-publish","4":"has-post-thumbnail","6":"product_cat-joint-and-bones-es","7":"product_cat-muscles-es","9":"first","10":"instock","11":"taxable","12":"shipping-taxable","13":"purchasable","14":"product-type-variable","15":"layout-style-2","16":"col-md-4 col-sm-4 col-xs-6","17":"col-lg-3","18":"product-style-quickview"},"yoast_head":"<!-- This site is optimized with the Yoast SEO plugin v26.6 - https:\/\/yoast.com\/wordpress\/plugins\/seo\/ -->\n<title>Relaxxx-sleep<\/title>\n<meta name=\"description\" content=\"Relaxxx-Sleep es una combinaci\u00f3n de bicarbonato de magnesio y bisglicinato de magnesio.\" \/>\n<meta name=\"robots\" content=\"index, follow, max-snippet:-1, max-image-preview:large, max-video-preview:-1\" \/>\n<link rel=\"canonical\" href=\"https:\/\/www.biomore.eu\/es\/product\/relaxxx-sleep\/\" \/>\n<meta property=\"og:locale\" content=\"es_ES\" \/>\n<meta property=\"og:type\" content=\"article\" \/>\n<meta property=\"og:title\" content=\"Relaxxx-sleep\" \/>\n<meta property=\"og:description\" content=\"Relaxxx-Sleep es una combinaci\u00f3n de bicarbonato de magnesio y bisglicinato de magnesio.\" \/>\n<meta property=\"og:url\" content=\"https:\/\/www.biomore.eu\/es\/product\/relaxxx-sleep\/\" \/>\n<meta property=\"og:site_name\" content=\"Biomore\" \/>\n<meta property=\"article:modified_time\" content=\"2022-10-08T11:43:49+00:00\" \/>\n<meta property=\"og:image\" content=\"https:\/\/www.biomore.eu\/wp-content\/uploads\/2025\/07\/Relaxxx-Sleep-duo.webp\" \/>\n\t<meta property=\"og:image:width\" content=\"900\" \/>\n\t<meta property=\"og:image:height\" content=\"900\" \/>\n\t<meta property=\"og:image:type\" content=\"image\/webp\" \/>\n<meta name=\"twitter:card\" content=\"summary_large_image\" \/>\n<meta name=\"twitter:label1\" content=\"Tiempo de lectura\" \/>\n\t<meta name=\"twitter:data1\" content=\"2 minutos\" \/>\n<script type=\"application\/ld+json\" class=\"yoast-schema-graph\">{\"@context\":\"https:\/\/schema.org\",\"@graph\":[{\"@type\":\"WebPage\",\"@id\":\"https:\/\/www.biomore.eu\/es\/product\/relaxxx-sleep\/\",\"url\":\"https:\/\/www.biomore.eu\/es\/product\/relaxxx-sleep\/\",\"name\":\"Relaxxx-sleep\",\"isPartOf\":{\"@id\":\"https:\/\/www.biomore.eu\/de\/#website\"},\"primaryImageOfPage\":{\"@id\":\"https:\/\/www.biomore.eu\/es\/product\/relaxxx-sleep\/#primaryimage\"},\"image\":{\"@id\":\"https:\/\/www.biomore.eu\/es\/product\/relaxxx-sleep\/#primaryimage\"},\"thumbnailUrl\":\"https:\/\/www.biomore.eu\/wp-content\/uploads\/2025\/07\/Relaxxx-Sleep-duo.webp\",\"datePublished\":\"2022-10-08T09:44:37+00:00\",\"dateModified\":\"2022-10-08T11:43:49+00:00\",\"description\":\"Relaxxx-Sleep es una combinaci\u00f3n de bicarbonato de magnesio y bisglicinato de magnesio.\",\"breadcrumb\":{\"@id\":\"https:\/\/www.biomore.eu\/es\/product\/relaxxx-sleep\/#breadcrumb\"},\"inLanguage\":\"es\",\"potentialAction\":[{\"@type\":\"ReadAction\",\"target\":[\"https:\/\/www.biomore.eu\/es\/product\/relaxxx-sleep\/\"]}]},{\"@type\":\"ImageObject\",\"inLanguage\":\"es\",\"@id\":\"https:\/\/www.biomore.eu\/es\/product\/relaxxx-sleep\/#primaryimage\",\"url\":\"https:\/\/www.biomore.eu\/wp-content\/uploads\/2025\/07\/Relaxxx-Sleep-duo.webp\",\"contentUrl\":\"https:\/\/www.biomore.eu\/wp-content\/uploads\/2025\/07\/Relaxxx-Sleep-duo.webp\",\"width\":900,\"height\":900,\"caption\":\"Relaxxx Sleep duo\"},{\"@type\":\"BreadcrumbList\",\"@id\":\"https:\/\/www.biomore.eu\/es\/product\/relaxxx-sleep\/#breadcrumb\",\"itemListElement\":[{\"@type\":\"ListItem\",\"position\":1,\"name\":\"Home\",\"item\":\"https:\/\/www.biomore.eu\/es\/\"},{\"@type\":\"ListItem\",\"position\":2,\"name\":\"tienda\",\"item\":\"https:\/\/www.biomore.eu\/es\/tienda\/\"},{\"@type\":\"ListItem\",\"position\":3,\"name\":\"Relaxxx-sleep 35 g\/L\"}]},{\"@type\":\"WebSite\",\"@id\":\"https:\/\/www.biomore.eu\/de\/#website\",\"url\":\"https:\/\/www.biomore.eu\/de\/\",\"name\":\"Biomore\",\"description\":\"\",\"potentialAction\":[{\"@type\":\"SearchAction\",\"target\":{\"@type\":\"EntryPoint\",\"urlTemplate\":\"https:\/\/www.biomore.eu\/de\/?s={search_term_string}\"},\"query-input\":{\"@type\":\"PropertyValueSpecification\",\"valueRequired\":true,\"valueName\":\"search_term_string\"}}],\"inLanguage\":\"es\"}]}<\/script>\n<!-- \/ Yoast SEO plugin. -->","yoast_head_json":{"title":"Relaxxx-sleep","description":"Relaxxx-Sleep es una combinaci\u00f3n de bicarbonato de magnesio y bisglicinato de magnesio.","robots":{"index":"index","follow":"follow","max-snippet":"max-snippet:-1","max-image-preview":"max-image-preview:large","max-video-preview":"max-video-preview:-1"},"canonical":"https:\/\/www.biomore.eu\/es\/product\/relaxxx-sleep\/","og_locale":"es_ES","og_type":"article","og_title":"Relaxxx-sleep","og_description":"Relaxxx-Sleep es una combinaci\u00f3n de bicarbonato de magnesio y bisglicinato de magnesio.","og_url":"https:\/\/www.biomore.eu\/es\/product\/relaxxx-sleep\/","og_site_name":"Biomore","article_modified_time":"2022-10-08T11:43:49+00:00","og_image":[{"width":900,"height":900,"url":"https:\/\/www.biomore.eu\/wp-content\/uploads\/2025\/07\/Relaxxx-Sleep-duo.webp","type":"image\/webp"}],"twitter_card":"summary_large_image","twitter_misc":{"Tiempo de lectura":"2 minutos"},"schema":{"@context":"https:\/\/schema.org","@graph":[{"@type":"WebPage","@id":"https:\/\/www.biomore.eu\/es\/product\/relaxxx-sleep\/","url":"https:\/\/www.biomore.eu\/es\/product\/relaxxx-sleep\/","name":"Relaxxx-sleep","isPartOf":{"@id":"https:\/\/www.biomore.eu\/de\/#website"},"primaryImageOfPage":{"@id":"https:\/\/www.biomore.eu\/es\/product\/relaxxx-sleep\/#primaryimage"},"image":{"@id":"https:\/\/www.biomore.eu\/es\/product\/relaxxx-sleep\/#primaryimage"},"thumbnailUrl":"https:\/\/www.biomore.eu\/wp-content\/uploads\/2025\/07\/Relaxxx-Sleep-duo.webp","datePublished":"2022-10-08T09:44:37+00:00","dateModified":"2022-10-08T11:43:49+00:00","description":"Relaxxx-Sleep es una combinaci\u00f3n de bicarbonato de magnesio y bisglicinato de magnesio.","breadcrumb":{"@id":"https:\/\/www.biomore.eu\/es\/product\/relaxxx-sleep\/#breadcrumb"},"inLanguage":"es","potentialAction":[{"@type":"ReadAction","target":["https:\/\/www.biomore.eu\/es\/product\/relaxxx-sleep\/"]}]},{"@type":"ImageObject","inLanguage":"es","@id":"https:\/\/www.biomore.eu\/es\/product\/relaxxx-sleep\/#primaryimage","url":"https:\/\/www.biomore.eu\/wp-content\/uploads\/2025\/07\/Relaxxx-Sleep-duo.webp","contentUrl":"https:\/\/www.biomore.eu\/wp-content\/uploads\/2025\/07\/Relaxxx-Sleep-duo.webp","width":900,"height":900,"caption":"Relaxxx Sleep duo"},{"@type":"BreadcrumbList","@id":"https:\/\/www.biomore.eu\/es\/product\/relaxxx-sleep\/#breadcrumb","itemListElement":[{"@type":"ListItem","position":1,"name":"Home","item":"https:\/\/www.biomore.eu\/es\/"},{"@type":"ListItem","position":2,"name":"tienda","item":"https:\/\/www.biomore.eu\/es\/tienda\/"},{"@type":"ListItem","position":3,"name":"Relaxxx-sleep 35 g\/L"}]},{"@type":"WebSite","@id":"https:\/\/www.biomore.eu\/de\/#website","url":"https:\/\/www.biomore.eu\/de\/","name":"Biomore","description":"","potentialAction":[{"@type":"SearchAction","target":{"@type":"EntryPoint","urlTemplate":"https:\/\/www.biomore.eu\/de\/?s={search_term_string}"},"query-input":{"@type":"PropertyValueSpecification","valueRequired":true,"valueName":"search_term_string"}}],"inLanguage":"es"}]}},"uagb_featured_image_src":{"full":["https:\/\/www.biomore.eu\/wp-content\/uploads\/2025\/07\/Relaxxx-Sleep-duo.webp",900,900,false],"thumbnail":["https:\/\/www.biomore.eu\/wp-content\/uploads\/2025\/07\/Relaxxx-Sleep-duo-150x150.webp",150,150,true],"medium":["https:\/\/www.biomore.eu\/wp-content\/uploads\/2025\/07\/Relaxxx-Sleep-duo-300x300.webp",300,300,true],"medium_large":["https:\/\/www.biomore.eu\/wp-content\/uploads\/2025\/07\/Relaxxx-Sleep-duo-768x768.webp",640,640,true],"large":["https:\/\/www.biomore.eu\/wp-content\/uploads\/2025\/07\/Relaxxx-Sleep-duo.webp",640,640,false],"1536x1536":["https:\/\/www.biomore.eu\/wp-content\/uploads\/2025\/07\/Relaxxx-Sleep-duo.webp",900,900,false],"2048x2048":["https:\/\/www.biomore.eu\/wp-content\/uploads\/2025\/07\/Relaxxx-Sleep-duo.webp",900,900,false],"post-thumbnail":["https:\/\/www.biomore.eu\/wp-content\/uploads\/2025\/07\/Relaxxx-Sleep-duo-100x100.webp",100,100,true],"sober-blog-thumbnail":["https:\/\/www.biomore.eu\/wp-content\/uploads\/2025\/07\/Relaxxx-Sleep-duo-750x480.webp",750,480,true],"sober-blog-grid":["https:\/\/www.biomore.eu\/wp-content\/uploads\/2025\/07\/Relaxxx-Sleep-duo-360x240.webp",360,240,true],"sober-widget-thumbnail":["https:\/\/www.biomore.eu\/wp-content\/uploads\/2025\/07\/Relaxxx-Sleep-duo-100x100.webp",100,100,true],"woocommerce_thumbnail":["https:\/\/www.biomore.eu\/wp-content\/uploads\/2025\/07\/Relaxxx-Sleep-duo-433x516.webp",433,516,true],"woocommerce_single":["https:\/\/www.biomore.eu\/wp-content\/uploads\/2025\/07\/Relaxxx-Sleep-duo-897x897.webp",897,897,true],"woocommerce_gallery_thumbnail":["https:\/\/www.biomore.eu\/wp-content\/uploads\/2025\/07\/Relaxxx-Sleep-duo-80x100.webp",80,100,true],"sober_wc_gallery_thumbnail":["https:\/\/www.biomore.eu\/wp-content\/uploads\/2025\/07\/Relaxxx-Sleep-duo-160x200.webp",160,200,true]},"uagb_author_info":{"display_name":"Jan Pieter","author_link":"https:\/\/www.biomore.eu\/es\/author\/"},"uagb_comment_info":0,"uagb_excerpt":"El bicarbonato de magnesio es la forma m\u00e1s conveniente de reponer su cuerpo con la cantidad necesaria de magnesio. Muy alta biodisponibilidad, sin calcio presente y el bicarbonato ayuda a mantener el pH sangu\u00edneo. \u00a1La soluci\u00f3n es un concentrado (50 g \/ L) y debe diluirse antes de su uso! Este frasco se adapta a&hellip;","_links":{"self":[{"href":"https:\/\/www.biomore.eu\/es\/wp-json\/wp\/v2\/product\/2872","targetHints":{"allow":["GET"]}}],"collection":[{"href":"https:\/\/www.biomore.eu\/es\/wp-json\/wp\/v2\/product"}],"about":[{"href":"https:\/\/www.biomore.eu\/es\/wp-json\/wp\/v2\/types\/product"}],"replies":[{"embeddable":true,"href":"https:\/\/www.biomore.eu\/es\/wp-json\/wp\/v2\/comments?post=2872"}],"wp:featuredmedia":[{"embeddable":true,"href":"https:\/\/www.biomore.eu\/es\/wp-json\/wp\/v2\/media\/4322"}],"wp:attachment":[{"href":"https:\/\/www.biomore.eu\/es\/wp-json\/wp\/v2\/media?parent=2872"}],"wp:term":[{"taxonomy":"product_brand","embeddable":true,"href":"https:\/\/www.biomore.eu\/es\/wp-json\/wp\/v2\/product_brand?post=2872"},{"taxonomy":"product_cat","embeddable":true,"href":"https:\/\/www.biomore.eu\/es\/wp-json\/wp\/v2\/product_cat?post=2872"},{"taxonomy":"product_tag","embeddable":true,"href":"https:\/\/www.biomore.eu\/es\/wp-json\/wp\/v2\/product_tag?post=2872"}],"curies":[{"name":"wp","href":"https:\/\/api.w.org\/{rel}","templated":true}]}}