{"id":2197,"date":"2022-02-02T16:26:48","date_gmt":"2022-02-02T15:26:48","guid":{"rendered":"https:\/\/www.biomore.eu\/product\/vitamin-b-complex\/"},"modified":"2022-02-02T17:19:11","modified_gmt":"2022-02-02T16:19:11","slug":"vitamin-b-complex","status":"publish","type":"product","link":"https:\/\/www.biomore.eu\/es\/product\/vitamin-b-complex\/","title":{"rendered":"Vitamin B complex"},"content":{"rendered":"<p><strong>Vitamin B complex<\/strong> se usa en el cuerpo individualmente o en combinaci\u00f3n con enzimas para contribuir a la disminuci\u00f3n de la fatiga y al metabolismo normal de las prote\u00ednas y el gluc\u00f3geno. Vitamin B-Complex contiene cantidades potentes pero seguras y cient\u00edficamente validadas de vitaminas B.<\/p>\n<p>Siempre que ha sido posible, se han elegido formas biol\u00f3gicamente activas (coenzim\u00e1ticas). Esto se aplica a la vitamina B2 (riboflavina-5&#8242;-fosfato, R-5&#8242;-P), B6 \u200b\u200b\u200b\u200b(piridoxal-5&#8242;-fosfato, P-5&#8242;-P), B12 (metilcobalamina y adenosilcobalamina, tambi\u00e9n llamada dibencozida) y folato (5-metiltetrahidrofolato, 5-MTHF). La ventaja de esto es que no tienen que convertirse antes de que puedan estar activos en el metabolismo como una coenzima. Por lo tanto, son las formas propias del cuerpo y, a menudo, tambi\u00e9n las formas en que las vitaminas B se encuentran en los alimentos.<\/p>\n<p>las vitaminas B1, B3, B6, B12, el folato y la biotina contribuyen al funcionamiento psicol\u00f3gico normal (como la concentraci\u00f3n, la memoria y la capacidad de aprendizaje)<br \/>\nlas vitaminas B2, B3, B5, B6, B12 y el folato pueden ayudar con la fatiga<br \/>\nlas vitaminas B1, B2, B3, B5, B6, B12 y la biotina ayudan a liberar la energ\u00eda de los alimentos<br \/>\nlas vitaminas B2, B3 y la biotina son buenas para la piel<br \/>\nla vitamina B5 contribuye a la resistencia normal al estr\u00e9s, la vitamina B5 contribuye a la s\u00edntesis y el metabolismo normales de las hormonas esteroides, la vitamina D y algunos neurotransmisores<br \/>\nla vitamina B6 tambi\u00e9n regula la actividad de las hormonas<br \/>\nla biotina contribuye al crecimiento normal del cabello<br \/>\nla colina apoya el metabolismo normal de los l\u00edpidos<br \/>\nla colina apoya el metabolismo normal de la homociste\u00edna<br \/>\nla colina tiene un efecto positivo en la funci\u00f3n hep\u00e1tica<br \/>\nla colina contribuye al mantenimiento de la estructura de las membranas celulares<\/p>\n","protected":false},"excerpt":{"rendered":"<p><strong>Vitamin B complex<\/strong> se usa en el cuerpo individualmente o en combinaci\u00f3n con enzimas para contribuir a la disminuci\u00f3n de la fatiga y al metabolismo normal de las prote\u00ednas y el gluc\u00f3geno. Vitamin B-Complex contiene cantidades potentes pero seguras y cient\u00edficamente validadas de vitaminas B.<\/p>\n","protected":false},"featured_media":4141,"comment_status":"open","ping_status":"closed","template":"","meta":{"_uag_custom_page_level_css":""},"product_brand":[],"product_cat":[79],"product_tag":[],"class_list":{"0":"post-2197","1":"product","2":"type-product","3":"status-publish","4":"has-post-thumbnail","6":"product_cat-resistance-es","8":"first","9":"instock","10":"taxable","11":"shipping-taxable","12":"purchasable","13":"product-type-variable","14":"has-default-attributes","15":"layout-style-2","16":"col-md-4 col-sm-4 col-xs-6","17":"col-lg-3","18":"product-style-quickview"},"yoast_head":"<!-- This site is optimized with the Yoast SEO plugin v26.6 - https:\/\/yoast.com\/wordpress\/plugins\/seo\/ -->\n<title>Vitamin B complex - Biomore<\/title>\n<meta name=\"description\" content=\"Vitamin B complex se usa en el cuerpo individualmente o en combinaci\u00f3n con enzimas para contribuir a la disminuci\u00f3n de la fatiga y al metabolismo normal\" \/>\n<meta name=\"robots\" content=\"index, follow, max-snippet:-1, max-image-preview:large, max-video-preview:-1\" \/>\n<link rel=\"canonical\" href=\"https:\/\/www.biomore.eu\/es\/product\/vitamin-b-complex\/\" \/>\n<meta property=\"og:locale\" content=\"es_ES\" \/>\n<meta property=\"og:type\" content=\"article\" \/>\n<meta property=\"og:title\" content=\"Vitamin B complex - Biomore\" \/>\n<meta property=\"og:description\" content=\"Vitamin B complex se usa en el cuerpo individualmente o en combinaci\u00f3n con enzimas para contribuir a la disminuci\u00f3n de la fatiga y al metabolismo normal\" \/>\n<meta property=\"og:url\" content=\"https:\/\/www.biomore.eu\/es\/product\/vitamin-b-complex\/\" \/>\n<meta property=\"og:site_name\" content=\"Biomore\" \/>\n<meta property=\"article:modified_time\" content=\"2022-02-02T16:19:11+00:00\" \/>\n<meta property=\"og:image\" content=\"https:\/\/www.biomore.eu\/wp-content\/uploads\/2025\/06\/Vitamin-B-complex-60-Sober.webp\" \/>\n\t<meta property=\"og:image:width\" content=\"908\" \/>\n\t<meta property=\"og:image:height\" content=\"908\" \/>\n\t<meta property=\"og:image:type\" content=\"image\/webp\" \/>\n<meta name=\"twitter:card\" content=\"summary_large_image\" \/>\n<meta name=\"twitter:label1\" content=\"Tiempo de lectura\" \/>\n\t<meta name=\"twitter:data1\" content=\"2 minutos\" \/>\n<script type=\"application\/ld+json\" class=\"yoast-schema-graph\">{\"@context\":\"https:\/\/schema.org\",\"@graph\":[{\"@type\":\"WebPage\",\"@id\":\"https:\/\/www.biomore.eu\/es\/product\/vitamin-b-complex\/\",\"url\":\"https:\/\/www.biomore.eu\/es\/product\/vitamin-b-complex\/\",\"name\":\"Vitamin B complex - Biomore\",\"isPartOf\":{\"@id\":\"https:\/\/www.biomore.eu\/de\/#website\"},\"primaryImageOfPage\":{\"@id\":\"https:\/\/www.biomore.eu\/es\/product\/vitamin-b-complex\/#primaryimage\"},\"image\":{\"@id\":\"https:\/\/www.biomore.eu\/es\/product\/vitamin-b-complex\/#primaryimage\"},\"thumbnailUrl\":\"https:\/\/www.biomore.eu\/wp-content\/uploads\/2025\/06\/Vitamin-B-complex-60-Sober.webp\",\"datePublished\":\"2022-02-02T15:26:48+00:00\",\"dateModified\":\"2022-02-02T16:19:11+00:00\",\"description\":\"Vitamin B complex se usa en el cuerpo individualmente o en combinaci\u00f3n con enzimas para contribuir a la disminuci\u00f3n de la fatiga y al metabolismo normal\",\"breadcrumb\":{\"@id\":\"https:\/\/www.biomore.eu\/es\/product\/vitamin-b-complex\/#breadcrumb\"},\"inLanguage\":\"es\",\"potentialAction\":[{\"@type\":\"ReadAction\",\"target\":[\"https:\/\/www.biomore.eu\/es\/product\/vitamin-b-complex\/\"]}]},{\"@type\":\"ImageObject\",\"inLanguage\":\"es\",\"@id\":\"https:\/\/www.biomore.eu\/es\/product\/vitamin-b-complex\/#primaryimage\",\"url\":\"https:\/\/www.biomore.eu\/wp-content\/uploads\/2025\/06\/Vitamin-B-complex-60-Sober.webp\",\"contentUrl\":\"https:\/\/www.biomore.eu\/wp-content\/uploads\/2025\/06\/Vitamin-B-complex-60-Sober.webp\",\"width\":908,\"height\":908,\"caption\":\"Vitamin B complex 60\"},{\"@type\":\"BreadcrumbList\",\"@id\":\"https:\/\/www.biomore.eu\/es\/product\/vitamin-b-complex\/#breadcrumb\",\"itemListElement\":[{\"@type\":\"ListItem\",\"position\":1,\"name\":\"Home\",\"item\":\"https:\/\/www.biomore.eu\/es\/\"},{\"@type\":\"ListItem\",\"position\":2,\"name\":\"tienda\",\"item\":\"https:\/\/www.biomore.eu\/es\/tienda\/\"},{\"@type\":\"ListItem\",\"position\":3,\"name\":\"Vitamin B complex\"}]},{\"@type\":\"WebSite\",\"@id\":\"https:\/\/www.biomore.eu\/de\/#website\",\"url\":\"https:\/\/www.biomore.eu\/de\/\",\"name\":\"Biomore\",\"description\":\"\",\"potentialAction\":[{\"@type\":\"SearchAction\",\"target\":{\"@type\":\"EntryPoint\",\"urlTemplate\":\"https:\/\/www.biomore.eu\/de\/?s={search_term_string}\"},\"query-input\":{\"@type\":\"PropertyValueSpecification\",\"valueRequired\":true,\"valueName\":\"search_term_string\"}}],\"inLanguage\":\"es\"}]}<\/script>\n<!-- \/ Yoast SEO plugin. -->","yoast_head_json":{"title":"Vitamin B complex - Biomore","description":"Vitamin B complex se usa en el cuerpo individualmente o en combinaci\u00f3n con enzimas para contribuir a la disminuci\u00f3n de la fatiga y al metabolismo normal","robots":{"index":"index","follow":"follow","max-snippet":"max-snippet:-1","max-image-preview":"max-image-preview:large","max-video-preview":"max-video-preview:-1"},"canonical":"https:\/\/www.biomore.eu\/es\/product\/vitamin-b-complex\/","og_locale":"es_ES","og_type":"article","og_title":"Vitamin B complex - Biomore","og_description":"Vitamin B complex se usa en el cuerpo individualmente o en combinaci\u00f3n con enzimas para contribuir a la disminuci\u00f3n de la fatiga y al metabolismo normal","og_url":"https:\/\/www.biomore.eu\/es\/product\/vitamin-b-complex\/","og_site_name":"Biomore","article_modified_time":"2022-02-02T16:19:11+00:00","og_image":[{"width":908,"height":908,"url":"https:\/\/www.biomore.eu\/wp-content\/uploads\/2025\/06\/Vitamin-B-complex-60-Sober.webp","type":"image\/webp"}],"twitter_card":"summary_large_image","twitter_misc":{"Tiempo de lectura":"2 minutos"},"schema":{"@context":"https:\/\/schema.org","@graph":[{"@type":"WebPage","@id":"https:\/\/www.biomore.eu\/es\/product\/vitamin-b-complex\/","url":"https:\/\/www.biomore.eu\/es\/product\/vitamin-b-complex\/","name":"Vitamin B complex - Biomore","isPartOf":{"@id":"https:\/\/www.biomore.eu\/de\/#website"},"primaryImageOfPage":{"@id":"https:\/\/www.biomore.eu\/es\/product\/vitamin-b-complex\/#primaryimage"},"image":{"@id":"https:\/\/www.biomore.eu\/es\/product\/vitamin-b-complex\/#primaryimage"},"thumbnailUrl":"https:\/\/www.biomore.eu\/wp-content\/uploads\/2025\/06\/Vitamin-B-complex-60-Sober.webp","datePublished":"2022-02-02T15:26:48+00:00","dateModified":"2022-02-02T16:19:11+00:00","description":"Vitamin B complex se usa en el cuerpo individualmente o en combinaci\u00f3n con enzimas para contribuir a la disminuci\u00f3n de la fatiga y al metabolismo normal","breadcrumb":{"@id":"https:\/\/www.biomore.eu\/es\/product\/vitamin-b-complex\/#breadcrumb"},"inLanguage":"es","potentialAction":[{"@type":"ReadAction","target":["https:\/\/www.biomore.eu\/es\/product\/vitamin-b-complex\/"]}]},{"@type":"ImageObject","inLanguage":"es","@id":"https:\/\/www.biomore.eu\/es\/product\/vitamin-b-complex\/#primaryimage","url":"https:\/\/www.biomore.eu\/wp-content\/uploads\/2025\/06\/Vitamin-B-complex-60-Sober.webp","contentUrl":"https:\/\/www.biomore.eu\/wp-content\/uploads\/2025\/06\/Vitamin-B-complex-60-Sober.webp","width":908,"height":908,"caption":"Vitamin B complex 60"},{"@type":"BreadcrumbList","@id":"https:\/\/www.biomore.eu\/es\/product\/vitamin-b-complex\/#breadcrumb","itemListElement":[{"@type":"ListItem","position":1,"name":"Home","item":"https:\/\/www.biomore.eu\/es\/"},{"@type":"ListItem","position":2,"name":"tienda","item":"https:\/\/www.biomore.eu\/es\/tienda\/"},{"@type":"ListItem","position":3,"name":"Vitamin B complex"}]},{"@type":"WebSite","@id":"https:\/\/www.biomore.eu\/de\/#website","url":"https:\/\/www.biomore.eu\/de\/","name":"Biomore","description":"","potentialAction":[{"@type":"SearchAction","target":{"@type":"EntryPoint","urlTemplate":"https:\/\/www.biomore.eu\/de\/?s={search_term_string}"},"query-input":{"@type":"PropertyValueSpecification","valueRequired":true,"valueName":"search_term_string"}}],"inLanguage":"es"}]}},"uagb_featured_image_src":{"full":["https:\/\/www.biomore.eu\/wp-content\/uploads\/2025\/06\/Vitamin-B-complex-60-Sober.webp",908,908,false],"thumbnail":["https:\/\/www.biomore.eu\/wp-content\/uploads\/2025\/06\/Vitamin-B-complex-60-Sober-150x150.webp",150,150,true],"medium":["https:\/\/www.biomore.eu\/wp-content\/uploads\/2025\/06\/Vitamin-B-complex-60-Sober-300x300.webp",300,300,true],"medium_large":["https:\/\/www.biomore.eu\/wp-content\/uploads\/2025\/06\/Vitamin-B-complex-60-Sober-768x768.webp",640,640,true],"large":["https:\/\/www.biomore.eu\/wp-content\/uploads\/2025\/06\/Vitamin-B-complex-60-Sober.webp",640,640,false],"1536x1536":["https:\/\/www.biomore.eu\/wp-content\/uploads\/2025\/06\/Vitamin-B-complex-60-Sober.webp",908,908,false],"2048x2048":["https:\/\/www.biomore.eu\/wp-content\/uploads\/2025\/06\/Vitamin-B-complex-60-Sober.webp",908,908,false],"post-thumbnail":["https:\/\/www.biomore.eu\/wp-content\/uploads\/2025\/06\/Vitamin-B-complex-60-Sober-100x100.webp",100,100,true],"sober-blog-thumbnail":["https:\/\/www.biomore.eu\/wp-content\/uploads\/2025\/06\/Vitamin-B-complex-60-Sober-750x480.webp",750,480,true],"sober-blog-grid":["https:\/\/www.biomore.eu\/wp-content\/uploads\/2025\/06\/Vitamin-B-complex-60-Sober-360x240.webp",360,240,true],"sober-widget-thumbnail":["https:\/\/www.biomore.eu\/wp-content\/uploads\/2025\/06\/Vitamin-B-complex-60-Sober-100x100.webp",100,100,true],"woocommerce_thumbnail":["https:\/\/www.biomore.eu\/wp-content\/uploads\/2025\/06\/Vitamin-B-complex-60-Sober-433x516.webp",433,516,true],"woocommerce_single":["https:\/\/www.biomore.eu\/wp-content\/uploads\/2025\/06\/Vitamin-B-complex-60-Sober-897x897.webp",897,897,true],"woocommerce_gallery_thumbnail":["https:\/\/www.biomore.eu\/wp-content\/uploads\/2025\/06\/Vitamin-B-complex-60-Sober-80x100.webp",80,100,true],"sober_wc_gallery_thumbnail":["https:\/\/www.biomore.eu\/wp-content\/uploads\/2025\/06\/Vitamin-B-complex-60-Sober-160x200.webp",160,200,true]},"uagb_author_info":{"display_name":"Jan Pieter","author_link":"https:\/\/www.biomore.eu\/es\/author\/"},"uagb_comment_info":0,"uagb_excerpt":"Vitamin B complex se usa en el cuerpo individualmente o en combinaci\u00f3n con enzimas para contribuir a la disminuci\u00f3n de la fatiga y al metabolismo normal de las prote\u00ednas y el gluc\u00f3geno. Vitamin B-Complex contiene cantidades potentes pero seguras y cient\u00edficamente validadas de vitaminas B.","_links":{"self":[{"href":"https:\/\/www.biomore.eu\/es\/wp-json\/wp\/v2\/product\/2197","targetHints":{"allow":["GET"]}}],"collection":[{"href":"https:\/\/www.biomore.eu\/es\/wp-json\/wp\/v2\/product"}],"about":[{"href":"https:\/\/www.biomore.eu\/es\/wp-json\/wp\/v2\/types\/product"}],"replies":[{"embeddable":true,"href":"https:\/\/www.biomore.eu\/es\/wp-json\/wp\/v2\/comments?post=2197"}],"wp:featuredmedia":[{"embeddable":true,"href":"https:\/\/www.biomore.eu\/es\/wp-json\/wp\/v2\/media\/4141"}],"wp:attachment":[{"href":"https:\/\/www.biomore.eu\/es\/wp-json\/wp\/v2\/media?parent=2197"}],"wp:term":[{"taxonomy":"product_brand","embeddable":true,"href":"https:\/\/www.biomore.eu\/es\/wp-json\/wp\/v2\/product_brand?post=2197"},{"taxonomy":"product_cat","embeddable":true,"href":"https:\/\/www.biomore.eu\/es\/wp-json\/wp\/v2\/product_cat?post=2197"},{"taxonomy":"product_tag","embeddable":true,"href":"https:\/\/www.biomore.eu\/es\/wp-json\/wp\/v2\/product_tag?post=2197"}],"curies":[{"name":"wp","href":"https:\/\/api.w.org\/{rel}","templated":true}]}}