{"id":1479,"date":"2021-01-01T18:10:36","date_gmt":"2021-01-01T17:10:36","guid":{"rendered":"https:\/\/www.biomore.eu\/product\/afp-peptizyde\/"},"modified":"2021-01-19T23:38:51","modified_gmt":"2021-01-19T22:38:51","slug":"afp-peptizyde","status":"publish","type":"product","link":"https:\/\/www.biomore.eu\/es\/product\/afp-peptizyde\/","title":{"rendered":"AFP Peptizyde"},"content":{"rendered":"<p><strong>AFP Peptizyde<\/strong>\u00a0es una combinaci\u00f3n de tres enzimas diferentes que descomponen las prote\u00ednas. Estas enzimas se a\u00edslan y purifican de fuentes f\u00fangicas. La combinaci\u00f3n de estas enzimas espec\u00edficas permite un medio mucho m\u00e1s eficiente de descomponer (hidrolizar) prote\u00ednas r\u00e1pida y completamente en componentes m\u00e1s peque\u00f1os. Las enzimas de AFP Peptizyde solo act\u00faan sobre las prote\u00ednas de los alimentos, no sobre los carbohidratos, las grasas u otros compuestos, y no interfieren con los medicamentos u otros suplementos (a menos que tambi\u00e9n sean prote\u00ednas, lo cual es extremadamente improbable). AFP Peptizyde se puede utilizar en combinaci\u00f3n con otros productos enzim\u00e1ticos.<\/p>\n<p>La enzima dipeptidil peptidasa IV, o DPP IV, es capaz de descomponer e inactivar el p\u00e9ptido exorfina casomorfina, de los l\u00e1cteos. Sin embargo, para la degradaci\u00f3n m\u00e1xima de prote\u00ednas, la DPP IV no es \u00fatil sola y debe combinarse con otras proteasas con una especificidad de enlace pept\u00eddico diferente y menos estricta. Por esta raz\u00f3n, AFP Peptizyde contiene otras dos proteasas derivadas de hongos con alta actividad en condiciones \u00e1cidas. Estas enzimas est\u00e1n presentes en AFP Peptizyde en grandes cantidades con el prop\u00f3sito de hidrolizar (descomponer) r\u00e1pidamente las prote\u00ednas mientras la comida a\u00fan est\u00e1 en el est\u00f3mago.<\/p>\n<p>La capacidad de las enzimas AFP Peptizyde para resistir el pH bajo del est\u00f3mago y permanecer activas en condiciones \u00e1cidas permite la descomposici\u00f3n de la case\u00edna y el gluten antes de su entrada en el intestino delgado. La case\u00edna y el gluten, en presencia de enzimas pancre\u00e1ticas en el intestino delgado, pueden producir p\u00e9ptidos de exorfina que pueden absorberse f\u00e1cilmente en el intestino (estos p\u00e9ptidos no se absorben en el est\u00f3mago).<\/p>\n<p>AFP Peptizyde complementa la degradaci\u00f3n \u00abnormal\u00bb de la case\u00edna, el gluten y otras prote\u00ednas alimentarias, de modo que los p\u00e9ptidos de exorfina no se producen porque se altera el patr\u00f3n de escisi\u00f3n espec\u00edfico para producir estos p\u00e9ptidos. AFP Peptizyde tambi\u00e9n contiene solo aquellas enzimas necesarias para la hidr\u00f3lisis de prote\u00ednas. No se han agregado otras enzimas. Esto le permite personalizar la suplementaci\u00f3n con enzimas seg\u00fan sus necesidades espec\u00edficas.<\/p>\n<p>Otra ventaja de este enfoque es que existe menos potencial de reacciones de intolerancia debido a prote\u00ednas enzim\u00e1ticas adicionales y quiz\u00e1s innecesarias. Adem\u00e1s, al usar solo tres mezclas de enzimas en AFP Peptizyde, se pueden agregar cantidades mayores de cada enzima por c\u00e1psula. Esto asegura que se pueda producir una mayor hidr\u00f3lisis de las prote\u00ednas alimentarias en el poco tiempo que la comida est\u00e1 en el est\u00f3mago. AFP Peptizyde tambi\u00e9n se diferencia de los productos de otras empresas en que ha permitido a muchas familias modificar de forma segura o incluso abandonar la dieta sin gluten y sin case\u00edna (FBCF), lo que permite a las familias m\u00e1s opciones en los alimentos disponibles, mejor nutrici\u00f3n (por re -incorporar importantes fuentes de prote\u00ednas a la dieta familiar), y mucho menos estr\u00e9s y preocupaci\u00f3n por el miedo a las reacciones a los alimentos.<\/p>\n<p>El apetito puede aumentar y mostrar m\u00e1s inter\u00e9s en otros tipos de alimentos. AFP Peptizyde puede permitir la reintroducci\u00f3n de productos l\u00e1cteos y de trigo a la dieta sin que se produzcan comportamientos anormales. Los beneficios de AFP Peptizyde var\u00edan con cada individuo y pueden verse afectados por otros suplementos y dietas. Otros suplementos, especialmente vitaminas y minerales, pueden disminuir en cantidad o frecuencia de dosificaci\u00f3n a medida que se obtiene m\u00e1s nutrici\u00f3n de la dieta con enzimas.<\/p>\n<p>AFP Peptizyde se recomienda para dietas altas en prote\u00ednas y entrenamiento atl\u00e9tico; y la dosificaci\u00f3n puede aumentarse para aquellas comidas que son m\u00e1s altas en prote\u00edna de carne.<\/p>\n<h3><strong>Uso de AFP Peptizyde como alternativa a la dieta FBCF<\/strong><\/h3>\n<p>El procedimiento recomendado por la mayor\u00eda de los padres que han abandonado con \u00e9xito la dieta GFCF (sin gluten, sin case\u00edna) usando AFP Peptizyde es usar las enzimas mientras mantienen la dieta durante un per\u00edodo de al menos 2 meses. Cuando desaf\u00ede con alimentos que se sabe que son un problema, use porciones peque\u00f1as inicialmente con 1 o 2 c\u00e1psulas de AFP Peptizyde. La intenci\u00f3n es proporcionar AFP Peptizyde m\u00e1s que suficiente para contrarrestar los efectos de la case\u00edna \/ gluten.<br \/>\nSi el desaf\u00edo fue exitoso, se puede intentar aumentar la cantidad de alimento administrado, teniendo en cuenta que puede ser necesario m\u00e1s AFP Peptizyde para contrarrestar el aumento del tama\u00f1o del desaf\u00edo alimentario. Para uso ocasional, se pueden administrar hasta 4 c\u00e1psulas para las infracciones, m\u00e1s de eso probablemente no proporcionar\u00e1 ning\u00fan beneficio adicional.<\/p>\n<h3><strong>Contraindicaciones para la suplementaci\u00f3n enzim\u00e1tica<\/strong><\/h3>\n<p>Estas enzimas deben usarse con precauci\u00f3n en casos de \u00falceras de est\u00f3mago o duodenales activas, inflamaci\u00f3n intestinal grave (caracterizada por sangre en las heces), hemofilia y otros trastornos hemorr\u00e1gicos, o dentro de una semana de la cirug\u00eda programada. Este producto puede no ser apropiado para personas con alergias conocidas a las prote\u00ednas de la enzima Aspergillus, aunque las alergias no espec\u00edficas al moho no necesariamente excluyen el uso de enzimas f\u00fangicas. Consulte a su m\u00e9dico para obtener m\u00e1s consejos y sea precavido. Aquellos con reacciones al\u00e9rgicas anafil\u00e1cticas conocidas a prote\u00ednas f\u00fangicas NO deben ingerir enzimas derivadas de hongos.<\/p>\n<h3><strong>Dosis<\/strong><\/h3>\n<p>No se ha establecido un l\u00edmite superior para la dosificaci\u00f3n de enzimas, y los estudios en animales con enzimas similares no encontraron toxicidad en dosis tan altas como 2000 miligramos por kilogramo de peso corporal por d\u00eda durante 90 d\u00edas. La mayor\u00eda considera adecuado el uso de 1 a 2 c\u00e1psulas por comida, y lo m\u00e1s probable es que no se produzcan m\u00e1s beneficios con una dosis m\u00e1s alta, aunque se pueden administrar m\u00e1s para los desaf\u00edos alimentarios grandes y poco frecuentes. Cada persona es diferente por lo que fomentamos un poco de experimentaci\u00f3n para encontrar la dosis que mejor ayude a cada persona.<\/p>\n","protected":false},"excerpt":{"rendered":"<p><strong>AFP Peptizyde<\/strong>\u00ae es una combinaci\u00f3n de tres enzimas diferentes que descomponen las prote\u00ednas. Estas enzimas se a\u00edslan y purifican de fuentes f\u00fangicas.<\/p>\n<p>La combinaci\u00f3n de estas enzimas espec\u00edficas permite un medio mucho m\u00e1s eficiente de descomponer (hidrolizar) prote\u00ednas r\u00e1pida y completamente en componentes m\u00e1s peque\u00f1os. Las enzimas de AFP Peptizyde funcionan solo en las prote\u00ednas de los alimentos, no en los carbohidratos, las grasas u otros compuestos, y no interfieren con los medicamentos u otros suplementos (a menos que tambi\u00e9n sean prote\u00ednas, lo cual es extremadamente improbable). AFP Peptizyde se puede utilizar en combinaci\u00f3n con otros productos enzim\u00e1ticos.<\/p>\n","protected":false},"featured_media":4276,"comment_status":"open","ping_status":"closed","template":"","meta":{"_uag_custom_page_level_css":""},"product_brand":[],"product_cat":[94],"product_tag":[],"class_list":{"0":"post-1479","1":"product","2":"type-product","3":"status-publish","4":"has-post-thumbnail","6":"product_cat-salud_intestinal","8":"first","9":"instock","10":"taxable","11":"shipping-taxable","12":"purchasable","13":"product-type-simple","14":"layout-style-2","15":"col-md-4 col-sm-4 col-xs-6","16":"col-lg-3","17":"product-style-quickview"},"yoast_head":"<!-- This site is optimized with the Yoast SEO plugin v26.6 - https:\/\/yoast.com\/wordpress\/plugins\/seo\/ -->\n<title>AFP Peptizyde - Biomore<\/title>\n<meta name=\"robots\" content=\"index, follow, max-snippet:-1, max-image-preview:large, max-video-preview:-1\" \/>\n<link rel=\"canonical\" href=\"https:\/\/www.biomore.eu\/es\/product\/afp-peptizyde\/\" \/>\n<meta property=\"og:locale\" content=\"es_ES\" \/>\n<meta property=\"og:type\" content=\"article\" \/>\n<meta property=\"og:title\" content=\"AFP Peptizyde - Biomore\" \/>\n<meta property=\"og:description\" content=\"AFP Peptizyde\u00ae es una combinaci\u00f3n de tres enzimas diferentes que descomponen las prote\u00ednas. Estas enzimas se a\u00edslan y purifican de fuentes f\u00fangicas.  La combinaci\u00f3n de estas enzimas espec\u00edficas permite un medio mucho m\u00e1s eficiente de descomponer (hidrolizar) prote\u00ednas r\u00e1pida y completamente en componentes m\u00e1s peque\u00f1os. Las enzimas de AFP Peptizyde funcionan solo en las prote\u00ednas de los alimentos, no en los carbohidratos, las grasas u otros compuestos, y no interfieren con los medicamentos u otros suplementos (a menos que tambi\u00e9n sean prote\u00ednas, lo cual es extremadamente improbable). AFP Peptizyde se puede utilizar en combinaci\u00f3n con otros productos enzim\u00e1ticos.\" \/>\n<meta property=\"og:url\" content=\"https:\/\/www.biomore.eu\/es\/product\/afp-peptizyde\/\" \/>\n<meta property=\"og:site_name\" content=\"Biomore\" \/>\n<meta property=\"article:modified_time\" content=\"2021-01-19T22:38:51+00:00\" \/>\n<meta property=\"og:image\" content=\"https:\/\/www.biomore.eu\/wp-content\/uploads\/2020\/12\/AFP-Peptizyde-90-front.png\" \/>\n\t<meta property=\"og:image:width\" content=\"908\" \/>\n\t<meta property=\"og:image:height\" content=\"908\" \/>\n\t<meta property=\"og:image:type\" content=\"image\/png\" \/>\n<meta name=\"twitter:card\" content=\"summary_large_image\" \/>\n<meta name=\"twitter:label1\" content=\"Tiempo de lectura\" \/>\n\t<meta name=\"twitter:data1\" content=\"5 minutos\" \/>\n<script type=\"application\/ld+json\" class=\"yoast-schema-graph\">{\"@context\":\"https:\/\/schema.org\",\"@graph\":[{\"@type\":\"WebPage\",\"@id\":\"https:\/\/www.biomore.eu\/es\/product\/afp-peptizyde\/\",\"url\":\"https:\/\/www.biomore.eu\/es\/product\/afp-peptizyde\/\",\"name\":\"AFP Peptizyde - Biomore\",\"isPartOf\":{\"@id\":\"https:\/\/www.biomore.eu\/de\/#website\"},\"primaryImageOfPage\":{\"@id\":\"https:\/\/www.biomore.eu\/es\/product\/afp-peptizyde\/#primaryimage\"},\"image\":{\"@id\":\"https:\/\/www.biomore.eu\/es\/product\/afp-peptizyde\/#primaryimage\"},\"thumbnailUrl\":\"https:\/\/www.biomore.eu\/wp-content\/uploads\/2025\/07\/AFP-Peptizyde-90-front.webp\",\"datePublished\":\"2021-01-01T17:10:36+00:00\",\"dateModified\":\"2021-01-19T22:38:51+00:00\",\"breadcrumb\":{\"@id\":\"https:\/\/www.biomore.eu\/es\/product\/afp-peptizyde\/#breadcrumb\"},\"inLanguage\":\"es\",\"potentialAction\":[{\"@type\":\"ReadAction\",\"target\":[\"https:\/\/www.biomore.eu\/es\/product\/afp-peptizyde\/\"]}]},{\"@type\":\"ImageObject\",\"inLanguage\":\"es\",\"@id\":\"https:\/\/www.biomore.eu\/es\/product\/afp-peptizyde\/#primaryimage\",\"url\":\"https:\/\/www.biomore.eu\/wp-content\/uploads\/2025\/07\/AFP-Peptizyde-90-front.webp\",\"contentUrl\":\"https:\/\/www.biomore.eu\/wp-content\/uploads\/2025\/07\/AFP-Peptizyde-90-front.webp\",\"width\":908,\"height\":908,\"caption\":\"AFP Peptizyde 90\"},{\"@type\":\"BreadcrumbList\",\"@id\":\"https:\/\/www.biomore.eu\/es\/product\/afp-peptizyde\/#breadcrumb\",\"itemListElement\":[{\"@type\":\"ListItem\",\"position\":1,\"name\":\"Home\",\"item\":\"https:\/\/www.biomore.eu\/es\/\"},{\"@type\":\"ListItem\",\"position\":2,\"name\":\"tienda\",\"item\":\"https:\/\/www.biomore.eu\/es\/tienda\/\"},{\"@type\":\"ListItem\",\"position\":3,\"name\":\"AFP Peptizyde\"}]},{\"@type\":\"WebSite\",\"@id\":\"https:\/\/www.biomore.eu\/de\/#website\",\"url\":\"https:\/\/www.biomore.eu\/de\/\",\"name\":\"Biomore\",\"description\":\"\",\"potentialAction\":[{\"@type\":\"SearchAction\",\"target\":{\"@type\":\"EntryPoint\",\"urlTemplate\":\"https:\/\/www.biomore.eu\/de\/?s={search_term_string}\"},\"query-input\":{\"@type\":\"PropertyValueSpecification\",\"valueRequired\":true,\"valueName\":\"search_term_string\"}}],\"inLanguage\":\"es\"}]}<\/script>\n<!-- \/ Yoast SEO plugin. -->","yoast_head_json":{"title":"AFP Peptizyde - Biomore","robots":{"index":"index","follow":"follow","max-snippet":"max-snippet:-1","max-image-preview":"max-image-preview:large","max-video-preview":"max-video-preview:-1"},"canonical":"https:\/\/www.biomore.eu\/es\/product\/afp-peptizyde\/","og_locale":"es_ES","og_type":"article","og_title":"AFP Peptizyde - Biomore","og_description":"AFP Peptizyde\u00ae es una combinaci\u00f3n de tres enzimas diferentes que descomponen las prote\u00ednas. Estas enzimas se a\u00edslan y purifican de fuentes f\u00fangicas.  La combinaci\u00f3n de estas enzimas espec\u00edficas permite un medio mucho m\u00e1s eficiente de descomponer (hidrolizar) prote\u00ednas r\u00e1pida y completamente en componentes m\u00e1s peque\u00f1os. Las enzimas de AFP Peptizyde funcionan solo en las prote\u00ednas de los alimentos, no en los carbohidratos, las grasas u otros compuestos, y no interfieren con los medicamentos u otros suplementos (a menos que tambi\u00e9n sean prote\u00ednas, lo cual es extremadamente improbable). AFP Peptizyde se puede utilizar en combinaci\u00f3n con otros productos enzim\u00e1ticos.","og_url":"https:\/\/www.biomore.eu\/es\/product\/afp-peptizyde\/","og_site_name":"Biomore","article_modified_time":"2021-01-19T22:38:51+00:00","og_image":[{"width":908,"height":908,"url":"https:\/\/www.biomore.eu\/wp-content\/uploads\/2020\/12\/AFP-Peptizyde-90-front.png","type":"image\/png"}],"twitter_card":"summary_large_image","twitter_misc":{"Tiempo de lectura":"5 minutos"},"schema":{"@context":"https:\/\/schema.org","@graph":[{"@type":"WebPage","@id":"https:\/\/www.biomore.eu\/es\/product\/afp-peptizyde\/","url":"https:\/\/www.biomore.eu\/es\/product\/afp-peptizyde\/","name":"AFP Peptizyde - Biomore","isPartOf":{"@id":"https:\/\/www.biomore.eu\/de\/#website"},"primaryImageOfPage":{"@id":"https:\/\/www.biomore.eu\/es\/product\/afp-peptizyde\/#primaryimage"},"image":{"@id":"https:\/\/www.biomore.eu\/es\/product\/afp-peptizyde\/#primaryimage"},"thumbnailUrl":"https:\/\/www.biomore.eu\/wp-content\/uploads\/2025\/07\/AFP-Peptizyde-90-front.webp","datePublished":"2021-01-01T17:10:36+00:00","dateModified":"2021-01-19T22:38:51+00:00","breadcrumb":{"@id":"https:\/\/www.biomore.eu\/es\/product\/afp-peptizyde\/#breadcrumb"},"inLanguage":"es","potentialAction":[{"@type":"ReadAction","target":["https:\/\/www.biomore.eu\/es\/product\/afp-peptizyde\/"]}]},{"@type":"ImageObject","inLanguage":"es","@id":"https:\/\/www.biomore.eu\/es\/product\/afp-peptizyde\/#primaryimage","url":"https:\/\/www.biomore.eu\/wp-content\/uploads\/2025\/07\/AFP-Peptizyde-90-front.webp","contentUrl":"https:\/\/www.biomore.eu\/wp-content\/uploads\/2025\/07\/AFP-Peptizyde-90-front.webp","width":908,"height":908,"caption":"AFP Peptizyde 90"},{"@type":"BreadcrumbList","@id":"https:\/\/www.biomore.eu\/es\/product\/afp-peptizyde\/#breadcrumb","itemListElement":[{"@type":"ListItem","position":1,"name":"Home","item":"https:\/\/www.biomore.eu\/es\/"},{"@type":"ListItem","position":2,"name":"tienda","item":"https:\/\/www.biomore.eu\/es\/tienda\/"},{"@type":"ListItem","position":3,"name":"AFP Peptizyde"}]},{"@type":"WebSite","@id":"https:\/\/www.biomore.eu\/de\/#website","url":"https:\/\/www.biomore.eu\/de\/","name":"Biomore","description":"","potentialAction":[{"@type":"SearchAction","target":{"@type":"EntryPoint","urlTemplate":"https:\/\/www.biomore.eu\/de\/?s={search_term_string}"},"query-input":{"@type":"PropertyValueSpecification","valueRequired":true,"valueName":"search_term_string"}}],"inLanguage":"es"}]}},"uagb_featured_image_src":{"full":["https:\/\/www.biomore.eu\/wp-content\/uploads\/2025\/07\/AFP-Peptizyde-90-front.webp",908,908,false],"thumbnail":["https:\/\/www.biomore.eu\/wp-content\/uploads\/2025\/07\/AFP-Peptizyde-90-front-150x150.webp",150,150,true],"medium":["https:\/\/www.biomore.eu\/wp-content\/uploads\/2025\/07\/AFP-Peptizyde-90-front-300x300.webp",300,300,true],"medium_large":["https:\/\/www.biomore.eu\/wp-content\/uploads\/2025\/07\/AFP-Peptizyde-90-front-768x768.webp",640,640,true],"large":["https:\/\/www.biomore.eu\/wp-content\/uploads\/2025\/07\/AFP-Peptizyde-90-front.webp",640,640,false],"1536x1536":["https:\/\/www.biomore.eu\/wp-content\/uploads\/2025\/07\/AFP-Peptizyde-90-front.webp",908,908,false],"2048x2048":["https:\/\/www.biomore.eu\/wp-content\/uploads\/2025\/07\/AFP-Peptizyde-90-front.webp",908,908,false],"post-thumbnail":["https:\/\/www.biomore.eu\/wp-content\/uploads\/2025\/07\/AFP-Peptizyde-90-front-100x100.webp",100,100,true],"sober-blog-thumbnail":["https:\/\/www.biomore.eu\/wp-content\/uploads\/2025\/07\/AFP-Peptizyde-90-front-750x480.webp",750,480,true],"sober-blog-grid":["https:\/\/www.biomore.eu\/wp-content\/uploads\/2025\/07\/AFP-Peptizyde-90-front-360x240.webp",360,240,true],"sober-widget-thumbnail":["https:\/\/www.biomore.eu\/wp-content\/uploads\/2025\/07\/AFP-Peptizyde-90-front-100x100.webp",100,100,true],"woocommerce_thumbnail":["https:\/\/www.biomore.eu\/wp-content\/uploads\/2025\/07\/AFP-Peptizyde-90-front-433x516.webp",433,516,true],"woocommerce_single":["https:\/\/www.biomore.eu\/wp-content\/uploads\/2025\/07\/AFP-Peptizyde-90-front-897x897.webp",897,897,true],"woocommerce_gallery_thumbnail":["https:\/\/www.biomore.eu\/wp-content\/uploads\/2025\/07\/AFP-Peptizyde-90-front-80x100.webp",80,100,true],"sober_wc_gallery_thumbnail":["https:\/\/www.biomore.eu\/wp-content\/uploads\/2025\/07\/AFP-Peptizyde-90-front-160x200.webp",160,200,true]},"uagb_author_info":{"display_name":"Jan Pieter","author_link":"https:\/\/www.biomore.eu\/es\/author\/"},"uagb_comment_info":0,"uagb_excerpt":"AFP Peptizyde\u00ae es una combinaci\u00f3n de tres enzimas diferentes que descomponen las prote\u00ednas. Estas enzimas se a\u00edslan y purifican de fuentes f\u00fangicas. La combinaci\u00f3n de estas enzimas espec\u00edficas permite un medio mucho m\u00e1s eficiente de descomponer (hidrolizar) prote\u00ednas r\u00e1pida y completamente en componentes m\u00e1s peque\u00f1os. Las enzimas de AFP Peptizyde funcionan solo en las prote\u00ednas&hellip;","_links":{"self":[{"href":"https:\/\/www.biomore.eu\/es\/wp-json\/wp\/v2\/product\/1479","targetHints":{"allow":["GET"]}}],"collection":[{"href":"https:\/\/www.biomore.eu\/es\/wp-json\/wp\/v2\/product"}],"about":[{"href":"https:\/\/www.biomore.eu\/es\/wp-json\/wp\/v2\/types\/product"}],"replies":[{"embeddable":true,"href":"https:\/\/www.biomore.eu\/es\/wp-json\/wp\/v2\/comments?post=1479"}],"wp:featuredmedia":[{"embeddable":true,"href":"https:\/\/www.biomore.eu\/es\/wp-json\/wp\/v2\/media\/4276"}],"wp:attachment":[{"href":"https:\/\/www.biomore.eu\/es\/wp-json\/wp\/v2\/media?parent=1479"}],"wp:term":[{"taxonomy":"product_brand","embeddable":true,"href":"https:\/\/www.biomore.eu\/es\/wp-json\/wp\/v2\/product_brand?post=1479"},{"taxonomy":"product_cat","embeddable":true,"href":"https:\/\/www.biomore.eu\/es\/wp-json\/wp\/v2\/product_cat?post=1479"},{"taxonomy":"product_tag","embeddable":true,"href":"https:\/\/www.biomore.eu\/es\/wp-json\/wp\/v2\/product_tag?post=1479"}],"curies":[{"name":"wp","href":"https:\/\/api.w.org\/{rel}","templated":true}]}}