{"id":1459,"date":"2021-01-01T23:44:08","date_gmt":"2021-01-01T22:44:08","guid":{"rendered":"https:\/\/www.biomore.eu\/product\/zyme-prime\/"},"modified":"2021-01-19T17:18:44","modified_gmt":"2021-01-19T16:18:44","slug":"zyme-prime","status":"publish","type":"product","link":"https:\/\/www.biomore.eu\/es\/product\/zyme-prime\/","title":{"rendered":"Zyme Prime"},"content":{"rendered":"<p><strong>Zyme Prime<\/strong> es una combinaci\u00f3n de 9 mezclas de enzimas en alta concentraci\u00f3n. Estas enzimas son eficaces para mejorar la descomposici\u00f3n de carbohidratos complejos, grasas triglic\u00e9ridas, almidones y prote\u00ednas. Aunque no es tan potente en la degradaci\u00f3n de prote\u00ednas como AFP Peptizyde, Zyme Prime sobresale en la degradaci\u00f3n de carbohidratos. Esto da como resultado menos hinchaz\u00f3n y producci\u00f3n de gases, adem\u00e1s de ayudar a ciertos problemas alimentarios como la intolerancia a la lactosa. Los resultados pueden incluir heces m\u00e1s firmes y formadas.<\/p>\n<p>Se observ\u00f3 alguna mejora en la tolerancia de los alimentos polifen\u00f3licos. Se observ\u00f3 que Zyme Prime a menudo aumenta el aumento de peso en los ni\u00f1os de tama\u00f1o insuficiente, posiblemente a trav\u00e9s del aumento de la biodisponibilidad de los nutrientes alimentarios.<\/p>\n<h3><strong>Contraindicaciones para la suplementaci\u00f3n enzim\u00e1tica<\/strong><\/h3>\n<p>Este producto puede no ser apropiado para personas con alergias conocidas a las prote\u00ednas de la enzima Aspergillus, aunque las alergias no espec\u00edficas al moho no necesariamente excluyen el uso de enzimas f\u00fangicas. Consulte a su m\u00e9dico para obtener m\u00e1s consejos y sea precavido. Aquellos con reacciones al\u00e9rgicas anafil\u00e1cticas conocidas a prote\u00ednas f\u00fangicas NO deben ingerir enzimas derivadas de hongos.<\/p>\n<h3><strong>\u00bfQu\u00e9 producto es mejor, Zyme Prime o ZyCarb?<\/strong><\/h3>\n<p>No existe un producto \u00abmejor\u00bb para todos. Elija el producto seg\u00fan sus necesidades individuales seg\u00fan la descripci\u00f3n del producto. Por ejemplo, si el estre\u00f1imiento es un problema, elija ZyCarb sobre Zyme Prime.<\/p>\n<h3><strong>\u00bfTomar enzimas orales har\u00e1 que mi p\u00e1ncreas deje de producir enzimas?<\/strong><\/h3>\n<p>No. Los estudios han demostrado poco o ning\u00fan efecto de las enzimas orales sobre la producci\u00f3n de enzimas pancre\u00e1ticas. La producci\u00f3n de enzimas del p\u00e1ncreas no est\u00e1 regulada por un sistema de retroalimentaci\u00f3n y no tiene forma de determinar si est\u00e1 tomando enzimas orales.<\/p>\n<h3><strong>\u00bfPuedo tomar los productos Zyme Prime con mis medicamentos?<\/strong><\/h3>\n<p>Si. Zyme Prime y ZyCarb se pueden tomar con otros suplementos y medicamentos. Se debe tener cuidado con los productos que contienen celulasa con productos de liberaci\u00f3n sostenida. Si bien no se han informado incidentes, en teor\u00eda, la celulasa puede afectar un mecanismo de liberaci\u00f3n regulado por la celulosa.<\/p>\n<h3><strong>\u00bfCu\u00e1l es la dosis de Zyme Prime y ZyCarb?<\/strong><\/h3>\n<p>Ninguna dosis es adecuada para todos. La dosis no se calcula en funci\u00f3n de la edad o el peso corporal, sino de la cantidad que se ingiere en una comida. Las comidas abundantes o las comidas con alimentos que pueden no ser bien tolerados pueden requerir niveles m\u00e1s altos de enzimas. No se produce toxicidad en ning\u00fan nivel de dosificaci\u00f3n de enzimas, por lo que puede tomar muchas sin preocuparse por los efectos secundarios. Recomendamos que experimente un poco para encontrar la cantidad que mejor se adapte a sus necesidades. Sin embargo, 1 o 2 c\u00e1psulas por comida parece estar bien para la mayor\u00eda. Esas comidas ricas en carbohidratos y \/ o grasas pueden requerir dosis m\u00e1s altas de Zyme Prime. Por razones de practicidad, no es necesario tomar m\u00e1s de 5 c\u00e1psulas a la vez, y no m\u00e1s de 9 c\u00e1psulas tomadas consistentemente en un per\u00edodo de 24 horas.<\/p>\n","protected":false},"excerpt":{"rendered":"<p><strong>Zyme Prime<\/strong> contiene aproximadamente 1 mg. celulosa y aceite MCT por c\u00e1psula para el control del polvo de la enzima en polvo.<\/p>\n<p>&nbsp;<\/p>\n<p>Apoya la digesti\u00f3n de carbohidratos y grasas.<br \/>\nAyuda a los gases y la hinchaz\u00f3n de los almidones en verduras, l\u00e1cteos, frijoles y granos.<br \/>\nContiene lactasa para la intolerancia a la lactosa.<br \/>\nProporciona una ayuda suave para las prote\u00ednas.<br \/>\nTiende a endurecer las heces<\/p>\n","protected":false},"featured_media":4291,"comment_status":"open","ping_status":"closed","template":"","meta":{"_uag_custom_page_level_css":""},"product_brand":[],"product_cat":[94],"product_tag":[],"class_list":{"0":"post-1459","1":"product","2":"type-product","3":"status-publish","4":"has-post-thumbnail","6":"product_cat-salud_intestinal","8":"first","9":"instock","10":"taxable","11":"shipping-taxable","12":"purchasable","13":"product-type-simple","14":"layout-style-2","15":"col-md-4 col-sm-4 col-xs-6","16":"col-lg-3","17":"product-style-quickview"},"yoast_head":"<!-- This site is optimized with the Yoast SEO plugin v26.6 - https:\/\/yoast.com\/wordpress\/plugins\/seo\/ -->\n<title>Zyme Prime - Biomore<\/title>\n<meta name=\"robots\" content=\"index, follow, max-snippet:-1, max-image-preview:large, max-video-preview:-1\" \/>\n<link rel=\"canonical\" href=\"https:\/\/www.biomore.eu\/es\/product\/zyme-prime\/\" \/>\n<meta property=\"og:locale\" content=\"es_ES\" \/>\n<meta property=\"og:type\" content=\"article\" \/>\n<meta property=\"og:title\" content=\"Zyme Prime - Biomore\" \/>\n<meta property=\"og:description\" content=\"Zyme Prime contiene aproximadamente 1 mg. celulosa y aceite MCT por c\u00e1psula para el control del polvo de la enzima en polvo.  &nbsp;  Apoya la digesti\u00f3n de carbohidratos y grasas. Ayuda a los gases y la hinchaz\u00f3n de los almidones en verduras, l\u00e1cteos, frijoles y granos. Contiene lactasa para la intolerancia a la lactosa. Proporciona una ayuda suave para las prote\u00ednas. Tiende a endurecer las heces\" \/>\n<meta property=\"og:url\" content=\"https:\/\/www.biomore.eu\/es\/product\/zyme-prime\/\" \/>\n<meta property=\"og:site_name\" content=\"Biomore\" \/>\n<meta property=\"article:modified_time\" content=\"2021-01-19T16:18:44+00:00\" \/>\n<meta property=\"og:image\" content=\"https:\/\/www.biomore.eu\/wp-content\/uploads\/2020\/12\/Zyme-Prime-90-front.png\" \/>\n\t<meta property=\"og:image:width\" content=\"908\" \/>\n\t<meta property=\"og:image:height\" content=\"908\" \/>\n\t<meta property=\"og:image:type\" content=\"image\/png\" \/>\n<meta name=\"twitter:card\" content=\"summary_large_image\" \/>\n<meta name=\"twitter:label1\" content=\"Tiempo de lectura\" \/>\n\t<meta name=\"twitter:data1\" content=\"3 minutos\" \/>\n<script type=\"application\/ld+json\" class=\"yoast-schema-graph\">{\"@context\":\"https:\/\/schema.org\",\"@graph\":[{\"@type\":\"WebPage\",\"@id\":\"https:\/\/www.biomore.eu\/es\/product\/zyme-prime\/\",\"url\":\"https:\/\/www.biomore.eu\/es\/product\/zyme-prime\/\",\"name\":\"Zyme Prime - Biomore\",\"isPartOf\":{\"@id\":\"https:\/\/www.biomore.eu\/de\/#website\"},\"primaryImageOfPage\":{\"@id\":\"https:\/\/www.biomore.eu\/es\/product\/zyme-prime\/#primaryimage\"},\"image\":{\"@id\":\"https:\/\/www.biomore.eu\/es\/product\/zyme-prime\/#primaryimage\"},\"thumbnailUrl\":\"https:\/\/www.biomore.eu\/wp-content\/uploads\/2025\/07\/Zyme-Prime-90-front.webp\",\"datePublished\":\"2021-01-01T22:44:08+00:00\",\"dateModified\":\"2021-01-19T16:18:44+00:00\",\"breadcrumb\":{\"@id\":\"https:\/\/www.biomore.eu\/es\/product\/zyme-prime\/#breadcrumb\"},\"inLanguage\":\"es\",\"potentialAction\":[{\"@type\":\"ReadAction\",\"target\":[\"https:\/\/www.biomore.eu\/es\/product\/zyme-prime\/\"]}]},{\"@type\":\"ImageObject\",\"inLanguage\":\"es\",\"@id\":\"https:\/\/www.biomore.eu\/es\/product\/zyme-prime\/#primaryimage\",\"url\":\"https:\/\/www.biomore.eu\/wp-content\/uploads\/2025\/07\/Zyme-Prime-90-front.webp\",\"contentUrl\":\"https:\/\/www.biomore.eu\/wp-content\/uploads\/2025\/07\/Zyme-Prime-90-front.webp\",\"width\":908,\"height\":908,\"caption\":\"Zyme Prime 90\"},{\"@type\":\"BreadcrumbList\",\"@id\":\"https:\/\/www.biomore.eu\/es\/product\/zyme-prime\/#breadcrumb\",\"itemListElement\":[{\"@type\":\"ListItem\",\"position\":1,\"name\":\"Home\",\"item\":\"https:\/\/www.biomore.eu\/es\/\"},{\"@type\":\"ListItem\",\"position\":2,\"name\":\"tienda\",\"item\":\"https:\/\/www.biomore.eu\/es\/tienda\/\"},{\"@type\":\"ListItem\",\"position\":3,\"name\":\"Zyme Prime\"}]},{\"@type\":\"WebSite\",\"@id\":\"https:\/\/www.biomore.eu\/de\/#website\",\"url\":\"https:\/\/www.biomore.eu\/de\/\",\"name\":\"Biomore\",\"description\":\"\",\"potentialAction\":[{\"@type\":\"SearchAction\",\"target\":{\"@type\":\"EntryPoint\",\"urlTemplate\":\"https:\/\/www.biomore.eu\/de\/?s={search_term_string}\"},\"query-input\":{\"@type\":\"PropertyValueSpecification\",\"valueRequired\":true,\"valueName\":\"search_term_string\"}}],\"inLanguage\":\"es\"}]}<\/script>\n<!-- \/ Yoast SEO plugin. -->","yoast_head_json":{"title":"Zyme Prime - Biomore","robots":{"index":"index","follow":"follow","max-snippet":"max-snippet:-1","max-image-preview":"max-image-preview:large","max-video-preview":"max-video-preview:-1"},"canonical":"https:\/\/www.biomore.eu\/es\/product\/zyme-prime\/","og_locale":"es_ES","og_type":"article","og_title":"Zyme Prime - Biomore","og_description":"Zyme Prime contiene aproximadamente 1 mg. celulosa y aceite MCT por c\u00e1psula para el control del polvo de la enzima en polvo.  &nbsp;  Apoya la digesti\u00f3n de carbohidratos y grasas. Ayuda a los gases y la hinchaz\u00f3n de los almidones en verduras, l\u00e1cteos, frijoles y granos. Contiene lactasa para la intolerancia a la lactosa. Proporciona una ayuda suave para las prote\u00ednas. Tiende a endurecer las heces","og_url":"https:\/\/www.biomore.eu\/es\/product\/zyme-prime\/","og_site_name":"Biomore","article_modified_time":"2021-01-19T16:18:44+00:00","og_image":[{"width":908,"height":908,"url":"https:\/\/www.biomore.eu\/wp-content\/uploads\/2020\/12\/Zyme-Prime-90-front.png","type":"image\/png"}],"twitter_card":"summary_large_image","twitter_misc":{"Tiempo de lectura":"3 minutos"},"schema":{"@context":"https:\/\/schema.org","@graph":[{"@type":"WebPage","@id":"https:\/\/www.biomore.eu\/es\/product\/zyme-prime\/","url":"https:\/\/www.biomore.eu\/es\/product\/zyme-prime\/","name":"Zyme Prime - Biomore","isPartOf":{"@id":"https:\/\/www.biomore.eu\/de\/#website"},"primaryImageOfPage":{"@id":"https:\/\/www.biomore.eu\/es\/product\/zyme-prime\/#primaryimage"},"image":{"@id":"https:\/\/www.biomore.eu\/es\/product\/zyme-prime\/#primaryimage"},"thumbnailUrl":"https:\/\/www.biomore.eu\/wp-content\/uploads\/2025\/07\/Zyme-Prime-90-front.webp","datePublished":"2021-01-01T22:44:08+00:00","dateModified":"2021-01-19T16:18:44+00:00","breadcrumb":{"@id":"https:\/\/www.biomore.eu\/es\/product\/zyme-prime\/#breadcrumb"},"inLanguage":"es","potentialAction":[{"@type":"ReadAction","target":["https:\/\/www.biomore.eu\/es\/product\/zyme-prime\/"]}]},{"@type":"ImageObject","inLanguage":"es","@id":"https:\/\/www.biomore.eu\/es\/product\/zyme-prime\/#primaryimage","url":"https:\/\/www.biomore.eu\/wp-content\/uploads\/2025\/07\/Zyme-Prime-90-front.webp","contentUrl":"https:\/\/www.biomore.eu\/wp-content\/uploads\/2025\/07\/Zyme-Prime-90-front.webp","width":908,"height":908,"caption":"Zyme Prime 90"},{"@type":"BreadcrumbList","@id":"https:\/\/www.biomore.eu\/es\/product\/zyme-prime\/#breadcrumb","itemListElement":[{"@type":"ListItem","position":1,"name":"Home","item":"https:\/\/www.biomore.eu\/es\/"},{"@type":"ListItem","position":2,"name":"tienda","item":"https:\/\/www.biomore.eu\/es\/tienda\/"},{"@type":"ListItem","position":3,"name":"Zyme Prime"}]},{"@type":"WebSite","@id":"https:\/\/www.biomore.eu\/de\/#website","url":"https:\/\/www.biomore.eu\/de\/","name":"Biomore","description":"","potentialAction":[{"@type":"SearchAction","target":{"@type":"EntryPoint","urlTemplate":"https:\/\/www.biomore.eu\/de\/?s={search_term_string}"},"query-input":{"@type":"PropertyValueSpecification","valueRequired":true,"valueName":"search_term_string"}}],"inLanguage":"es"}]}},"uagb_featured_image_src":{"full":["https:\/\/www.biomore.eu\/wp-content\/uploads\/2025\/07\/Zyme-Prime-90-front.webp",908,908,false],"thumbnail":["https:\/\/www.biomore.eu\/wp-content\/uploads\/2025\/07\/Zyme-Prime-90-front-150x150.webp",150,150,true],"medium":["https:\/\/www.biomore.eu\/wp-content\/uploads\/2025\/07\/Zyme-Prime-90-front-300x300.webp",300,300,true],"medium_large":["https:\/\/www.biomore.eu\/wp-content\/uploads\/2025\/07\/Zyme-Prime-90-front-768x768.webp",640,640,true],"large":["https:\/\/www.biomore.eu\/wp-content\/uploads\/2025\/07\/Zyme-Prime-90-front.webp",640,640,false],"1536x1536":["https:\/\/www.biomore.eu\/wp-content\/uploads\/2025\/07\/Zyme-Prime-90-front.webp",908,908,false],"2048x2048":["https:\/\/www.biomore.eu\/wp-content\/uploads\/2025\/07\/Zyme-Prime-90-front.webp",908,908,false],"post-thumbnail":["https:\/\/www.biomore.eu\/wp-content\/uploads\/2025\/07\/Zyme-Prime-90-front-100x100.webp",100,100,true],"sober-blog-thumbnail":["https:\/\/www.biomore.eu\/wp-content\/uploads\/2025\/07\/Zyme-Prime-90-front-750x480.webp",750,480,true],"sober-blog-grid":["https:\/\/www.biomore.eu\/wp-content\/uploads\/2025\/07\/Zyme-Prime-90-front-360x240.webp",360,240,true],"sober-widget-thumbnail":["https:\/\/www.biomore.eu\/wp-content\/uploads\/2025\/07\/Zyme-Prime-90-front-100x100.webp",100,100,true],"woocommerce_thumbnail":["https:\/\/www.biomore.eu\/wp-content\/uploads\/2025\/07\/Zyme-Prime-90-front-433x516.webp",433,516,true],"woocommerce_single":["https:\/\/www.biomore.eu\/wp-content\/uploads\/2025\/07\/Zyme-Prime-90-front-897x897.webp",897,897,true],"woocommerce_gallery_thumbnail":["https:\/\/www.biomore.eu\/wp-content\/uploads\/2025\/07\/Zyme-Prime-90-front-80x100.webp",80,100,true],"sober_wc_gallery_thumbnail":["https:\/\/www.biomore.eu\/wp-content\/uploads\/2025\/07\/Zyme-Prime-90-front-160x200.webp",160,200,true]},"uagb_author_info":{"display_name":"Jan Pieter","author_link":"https:\/\/www.biomore.eu\/es\/author\/"},"uagb_comment_info":0,"uagb_excerpt":"Zyme Prime contiene aproximadamente 1 mg. celulosa y aceite MCT por c\u00e1psula para el control del polvo de la enzima en polvo. &nbsp; Apoya la digesti\u00f3n de carbohidratos y grasas. Ayuda a los gases y la hinchaz\u00f3n de los almidones en verduras, l\u00e1cteos, frijoles y granos. Contiene lactasa para la intolerancia a la lactosa. Proporciona&hellip;","_links":{"self":[{"href":"https:\/\/www.biomore.eu\/es\/wp-json\/wp\/v2\/product\/1459","targetHints":{"allow":["GET"]}}],"collection":[{"href":"https:\/\/www.biomore.eu\/es\/wp-json\/wp\/v2\/product"}],"about":[{"href":"https:\/\/www.biomore.eu\/es\/wp-json\/wp\/v2\/types\/product"}],"replies":[{"embeddable":true,"href":"https:\/\/www.biomore.eu\/es\/wp-json\/wp\/v2\/comments?post=1459"}],"wp:featuredmedia":[{"embeddable":true,"href":"https:\/\/www.biomore.eu\/es\/wp-json\/wp\/v2\/media\/4291"}],"wp:attachment":[{"href":"https:\/\/www.biomore.eu\/es\/wp-json\/wp\/v2\/media?parent=1459"}],"wp:term":[{"taxonomy":"product_brand","embeddable":true,"href":"https:\/\/www.biomore.eu\/es\/wp-json\/wp\/v2\/product_brand?post=1459"},{"taxonomy":"product_cat","embeddable":true,"href":"https:\/\/www.biomore.eu\/es\/wp-json\/wp\/v2\/product_cat?post=1459"},{"taxonomy":"product_tag","embeddable":true,"href":"https:\/\/www.biomore.eu\/es\/wp-json\/wp\/v2\/product_tag?post=1459"}],"curies":[{"name":"wp","href":"https:\/\/api.w.org\/{rel}","templated":true}]}}