{"id":1072,"date":"2017-11-24T18:52:35","date_gmt":"2017-11-24T17:52:35","guid":{"rendered":"https:\/\/www.biomore.eu\/product\/relaxxx\/"},"modified":"2025-02-18T12:06:42","modified_gmt":"2025-02-18T11:06:42","slug":"relaxxx","status":"publish","type":"product","link":"https:\/\/www.biomore.eu\/es\/product\/relaxxx\/","title":{"rendered":"Relaxxx &#8211; Bicarbonato de magnesio"},"content":{"rendered":"<p>El cuerpo de un adulto contiene aproximadamente 25 g de magnesio, del 50% al 60% presente en los huesos y la mayor parte del resto en los tejidos blandos. En el trabajo diario y el ejercicio \/ deporte, el magnesio juega un papel fundamental en las funciones musculares \u00f3ptimas y en el metabolismo energ\u00e9tico. El magnesio ayuda a disminuir la sensaci\u00f3n de fatiga. El magnesio y el calcio son antagonistas. Esto significa que una alta concentraci\u00f3n de magnesio ayuda al cuerpo a excretar calcio de los tejidos blandos.<\/p>\n<p>El <strong>bicarbonato de magnesio<\/strong> es la forma m\u00e1s conveniente de reponer su cuerpo con la cantidad necesaria de magnesio. Muy alta biodisponibilidad, ausencia de calcio y el bicarbonato ayuda a mantener el pH sangu\u00edneo. Este producto est\u00e1 indicado para ayudar al organismo a eliminar el exceso de calcio. La relaci\u00f3n calcio \/ magnesio determinada en el <a href=\"https:\/\/www.biocoherence.eu\/en\/hair-mineral-analysis\/\" target=\"_blank\" rel=\"noopener\">an\u00e1lisis de minerales<\/a> del tejido capilar se puede ajustar a valores normales en varios meses.<\/p>\n<p>La soluci\u00f3n es un concentrado (37 g \/ L de bicarbonato de magnesio) y debe diluirse antes de su uso. Este frasco se adapta a sus necesidades durante 4-8 semanas, dependiendo de la diluci\u00f3n aplicada.<\/p>\n","protected":false},"excerpt":{"rendered":"<p>El bicarbonato de magnesio es la forma m\u00e1s conveniente de reponer su cuerpo con la cantidad necesaria de magnesio. Muy alta biodisponibilidad, sin calcio presente y el bicarbonato ayuda a mantener el pH sangu\u00edneo.<\/p>\n<p>\u00a1La soluci\u00f3n es un concentrado (37 g \/ L) y debe diluirse antes de su uso! Este frasco se adapta a sus necesidades durante 4-8 semanas, dependiendo de la diluci\u00f3n aplicada.<\/p>\n","protected":false},"featured_media":4244,"comment_status":"open","ping_status":"closed","template":"","meta":{"_uag_custom_page_level_css":""},"product_brand":[],"product_cat":[82,83],"product_tag":[],"class_list":{"0":"post-1072","1":"product","2":"type-product","3":"status-publish","4":"has-post-thumbnail","6":"product_cat-joint-and-bones-es","7":"product_cat-muscles-es","9":"first","10":"instock","11":"taxable","12":"shipping-taxable","13":"purchasable","14":"product-type-variable","15":"layout-style-2","16":"col-md-4 col-sm-4 col-xs-6","17":"col-lg-3","18":"product-style-quickview"},"yoast_head":"<!-- This site is optimized with the Yoast SEO plugin v26.6 - https:\/\/yoast.com\/wordpress\/plugins\/seo\/ -->\n<title>Relaxxx - bicarbonato de magnesio<\/title>\n<meta name=\"description\" content=\"El bicarbonato de magnesio es la forma m\u00e1s conveniente de reponer su cuerpo con la cantidad necesaria de magnesio.\" \/>\n<meta name=\"robots\" content=\"index, follow, max-snippet:-1, max-image-preview:large, max-video-preview:-1\" \/>\n<link rel=\"canonical\" href=\"https:\/\/www.biomore.eu\/es\/product\/relaxxx\/\" \/>\n<meta property=\"og:locale\" content=\"es_ES\" \/>\n<meta property=\"og:type\" content=\"article\" \/>\n<meta property=\"og:title\" content=\"Relaxxx - bicarbonato de magnesio\" \/>\n<meta property=\"og:description\" content=\"El bicarbonato de magnesio es la forma m\u00e1s conveniente de reponer su cuerpo con la cantidad necesaria de magnesio.\" \/>\n<meta property=\"og:url\" content=\"https:\/\/www.biomore.eu\/es\/product\/relaxxx\/\" \/>\n<meta property=\"og:site_name\" content=\"Biomore\" \/>\n<meta property=\"article:modified_time\" content=\"2025-02-18T11:06:42+00:00\" \/>\n<meta property=\"og:image\" content=\"https:\/\/www.biomore.eu\/wp-content\/uploads\/2020\/10\/Relaxxx-duo-UK.png\" \/>\n\t<meta property=\"og:image:width\" content=\"900\" \/>\n\t<meta property=\"og:image:height\" content=\"900\" \/>\n\t<meta property=\"og:image:type\" content=\"image\/png\" \/>\n<meta name=\"twitter:card\" content=\"summary_large_image\" \/>\n<meta name=\"twitter:label1\" content=\"Tiempo de lectura\" \/>\n\t<meta name=\"twitter:data1\" content=\"2 minutos\" \/>\n<script type=\"application\/ld+json\" class=\"yoast-schema-graph\">{\"@context\":\"https:\/\/schema.org\",\"@graph\":[{\"@type\":\"WebPage\",\"@id\":\"https:\/\/www.biomore.eu\/es\/product\/relaxxx\/\",\"url\":\"https:\/\/www.biomore.eu\/es\/product\/relaxxx\/\",\"name\":\"Relaxxx - bicarbonato de magnesio\",\"isPartOf\":{\"@id\":\"https:\/\/www.biomore.eu\/de\/#website\"},\"primaryImageOfPage\":{\"@id\":\"https:\/\/www.biomore.eu\/es\/product\/relaxxx\/#primaryimage\"},\"image\":{\"@id\":\"https:\/\/www.biomore.eu\/es\/product\/relaxxx\/#primaryimage\"},\"thumbnailUrl\":\"https:\/\/www.biomore.eu\/wp-content\/uploads\/2025\/07\/Relaxxx-duo-UK.webp\",\"datePublished\":\"2017-11-24T17:52:35+00:00\",\"dateModified\":\"2025-02-18T11:06:42+00:00\",\"description\":\"El bicarbonato de magnesio es la forma m\u00e1s conveniente de reponer su cuerpo con la cantidad necesaria de magnesio.\",\"breadcrumb\":{\"@id\":\"https:\/\/www.biomore.eu\/es\/product\/relaxxx\/#breadcrumb\"},\"inLanguage\":\"es\",\"potentialAction\":[{\"@type\":\"ReadAction\",\"target\":[\"https:\/\/www.biomore.eu\/es\/product\/relaxxx\/\"]}]},{\"@type\":\"ImageObject\",\"inLanguage\":\"es\",\"@id\":\"https:\/\/www.biomore.eu\/es\/product\/relaxxx\/#primaryimage\",\"url\":\"https:\/\/www.biomore.eu\/wp-content\/uploads\/2025\/07\/Relaxxx-duo-UK.webp\",\"contentUrl\":\"https:\/\/www.biomore.eu\/wp-content\/uploads\/2025\/07\/Relaxxx-duo-UK.webp\",\"width\":900,\"height\":900,\"caption\":\"Magnesium bicarbonate\"},{\"@type\":\"BreadcrumbList\",\"@id\":\"https:\/\/www.biomore.eu\/es\/product\/relaxxx\/#breadcrumb\",\"itemListElement\":[{\"@type\":\"ListItem\",\"position\":1,\"name\":\"Home\",\"item\":\"https:\/\/www.biomore.eu\/es\/\"},{\"@type\":\"ListItem\",\"position\":2,\"name\":\"tienda\",\"item\":\"https:\/\/www.biomore.eu\/es\/tienda\/\"},{\"@type\":\"ListItem\",\"position\":3,\"name\":\"Relaxxx &#8211; Bicarbonato de magnesio\"}]},{\"@type\":\"WebSite\",\"@id\":\"https:\/\/www.biomore.eu\/de\/#website\",\"url\":\"https:\/\/www.biomore.eu\/de\/\",\"name\":\"Biomore\",\"description\":\"\",\"potentialAction\":[{\"@type\":\"SearchAction\",\"target\":{\"@type\":\"EntryPoint\",\"urlTemplate\":\"https:\/\/www.biomore.eu\/de\/?s={search_term_string}\"},\"query-input\":{\"@type\":\"PropertyValueSpecification\",\"valueRequired\":true,\"valueName\":\"search_term_string\"}}],\"inLanguage\":\"es\"}]}<\/script>\n<!-- \/ Yoast SEO plugin. -->","yoast_head_json":{"title":"Relaxxx - bicarbonato de magnesio","description":"El bicarbonato de magnesio es la forma m\u00e1s conveniente de reponer su cuerpo con la cantidad necesaria de magnesio.","robots":{"index":"index","follow":"follow","max-snippet":"max-snippet:-1","max-image-preview":"max-image-preview:large","max-video-preview":"max-video-preview:-1"},"canonical":"https:\/\/www.biomore.eu\/es\/product\/relaxxx\/","og_locale":"es_ES","og_type":"article","og_title":"Relaxxx - bicarbonato de magnesio","og_description":"El bicarbonato de magnesio es la forma m\u00e1s conveniente de reponer su cuerpo con la cantidad necesaria de magnesio.","og_url":"https:\/\/www.biomore.eu\/es\/product\/relaxxx\/","og_site_name":"Biomore","article_modified_time":"2025-02-18T11:06:42+00:00","og_image":[{"width":900,"height":900,"url":"https:\/\/www.biomore.eu\/wp-content\/uploads\/2020\/10\/Relaxxx-duo-UK.png","type":"image\/png"}],"twitter_card":"summary_large_image","twitter_misc":{"Tiempo de lectura":"2 minutos"},"schema":{"@context":"https:\/\/schema.org","@graph":[{"@type":"WebPage","@id":"https:\/\/www.biomore.eu\/es\/product\/relaxxx\/","url":"https:\/\/www.biomore.eu\/es\/product\/relaxxx\/","name":"Relaxxx - bicarbonato de magnesio","isPartOf":{"@id":"https:\/\/www.biomore.eu\/de\/#website"},"primaryImageOfPage":{"@id":"https:\/\/www.biomore.eu\/es\/product\/relaxxx\/#primaryimage"},"image":{"@id":"https:\/\/www.biomore.eu\/es\/product\/relaxxx\/#primaryimage"},"thumbnailUrl":"https:\/\/www.biomore.eu\/wp-content\/uploads\/2025\/07\/Relaxxx-duo-UK.webp","datePublished":"2017-11-24T17:52:35+00:00","dateModified":"2025-02-18T11:06:42+00:00","description":"El bicarbonato de magnesio es la forma m\u00e1s conveniente de reponer su cuerpo con la cantidad necesaria de magnesio.","breadcrumb":{"@id":"https:\/\/www.biomore.eu\/es\/product\/relaxxx\/#breadcrumb"},"inLanguage":"es","potentialAction":[{"@type":"ReadAction","target":["https:\/\/www.biomore.eu\/es\/product\/relaxxx\/"]}]},{"@type":"ImageObject","inLanguage":"es","@id":"https:\/\/www.biomore.eu\/es\/product\/relaxxx\/#primaryimage","url":"https:\/\/www.biomore.eu\/wp-content\/uploads\/2025\/07\/Relaxxx-duo-UK.webp","contentUrl":"https:\/\/www.biomore.eu\/wp-content\/uploads\/2025\/07\/Relaxxx-duo-UK.webp","width":900,"height":900,"caption":"Magnesium bicarbonate"},{"@type":"BreadcrumbList","@id":"https:\/\/www.biomore.eu\/es\/product\/relaxxx\/#breadcrumb","itemListElement":[{"@type":"ListItem","position":1,"name":"Home","item":"https:\/\/www.biomore.eu\/es\/"},{"@type":"ListItem","position":2,"name":"tienda","item":"https:\/\/www.biomore.eu\/es\/tienda\/"},{"@type":"ListItem","position":3,"name":"Relaxxx &#8211; Bicarbonato de magnesio"}]},{"@type":"WebSite","@id":"https:\/\/www.biomore.eu\/de\/#website","url":"https:\/\/www.biomore.eu\/de\/","name":"Biomore","description":"","potentialAction":[{"@type":"SearchAction","target":{"@type":"EntryPoint","urlTemplate":"https:\/\/www.biomore.eu\/de\/?s={search_term_string}"},"query-input":{"@type":"PropertyValueSpecification","valueRequired":true,"valueName":"search_term_string"}}],"inLanguage":"es"}]}},"uagb_featured_image_src":{"full":["https:\/\/www.biomore.eu\/wp-content\/uploads\/2025\/07\/Relaxxx-duo-UK.webp",900,900,false],"thumbnail":["https:\/\/www.biomore.eu\/wp-content\/uploads\/2025\/07\/Relaxxx-duo-UK-150x150.webp",150,150,true],"medium":["https:\/\/www.biomore.eu\/wp-content\/uploads\/2025\/07\/Relaxxx-duo-UK-300x300.webp",300,300,true],"medium_large":["https:\/\/www.biomore.eu\/wp-content\/uploads\/2025\/07\/Relaxxx-duo-UK-768x768.webp",640,640,true],"large":["https:\/\/www.biomore.eu\/wp-content\/uploads\/2025\/07\/Relaxxx-duo-UK.webp",640,640,false],"1536x1536":["https:\/\/www.biomore.eu\/wp-content\/uploads\/2025\/07\/Relaxxx-duo-UK.webp",900,900,false],"2048x2048":["https:\/\/www.biomore.eu\/wp-content\/uploads\/2025\/07\/Relaxxx-duo-UK.webp",900,900,false],"post-thumbnail":["https:\/\/www.biomore.eu\/wp-content\/uploads\/2025\/07\/Relaxxx-duo-UK-100x100.webp",100,100,true],"sober-blog-thumbnail":["https:\/\/www.biomore.eu\/wp-content\/uploads\/2025\/07\/Relaxxx-duo-UK-750x480.webp",750,480,true],"sober-blog-grid":["https:\/\/www.biomore.eu\/wp-content\/uploads\/2025\/07\/Relaxxx-duo-UK-360x240.webp",360,240,true],"sober-widget-thumbnail":["https:\/\/www.biomore.eu\/wp-content\/uploads\/2025\/07\/Relaxxx-duo-UK-100x100.webp",100,100,true],"woocommerce_thumbnail":["https:\/\/www.biomore.eu\/wp-content\/uploads\/2025\/07\/Relaxxx-duo-UK-433x516.webp",433,516,true],"woocommerce_single":["https:\/\/www.biomore.eu\/wp-content\/uploads\/2025\/07\/Relaxxx-duo-UK-897x897.webp",897,897,true],"woocommerce_gallery_thumbnail":["https:\/\/www.biomore.eu\/wp-content\/uploads\/2025\/07\/Relaxxx-duo-UK-80x100.webp",80,100,true],"sober_wc_gallery_thumbnail":["https:\/\/www.biomore.eu\/wp-content\/uploads\/2025\/07\/Relaxxx-duo-UK-160x200.webp",160,200,true]},"uagb_author_info":{"display_name":"Jan Pieter","author_link":"https:\/\/www.biomore.eu\/es\/author\/"},"uagb_comment_info":2,"uagb_excerpt":"El bicarbonato de magnesio es la forma m\u00e1s conveniente de reponer su cuerpo con la cantidad necesaria de magnesio. Muy alta biodisponibilidad, sin calcio presente y el bicarbonato ayuda a mantener el pH sangu\u00edneo. \u00a1La soluci\u00f3n es un concentrado (37 g \/ L) y debe diluirse antes de su uso! Este frasco se adapta a&hellip;","_links":{"self":[{"href":"https:\/\/www.biomore.eu\/es\/wp-json\/wp\/v2\/product\/1072","targetHints":{"allow":["GET"]}}],"collection":[{"href":"https:\/\/www.biomore.eu\/es\/wp-json\/wp\/v2\/product"}],"about":[{"href":"https:\/\/www.biomore.eu\/es\/wp-json\/wp\/v2\/types\/product"}],"replies":[{"embeddable":true,"href":"https:\/\/www.biomore.eu\/es\/wp-json\/wp\/v2\/comments?post=1072"}],"wp:featuredmedia":[{"embeddable":true,"href":"https:\/\/www.biomore.eu\/es\/wp-json\/wp\/v2\/media\/4244"}],"wp:attachment":[{"href":"https:\/\/www.biomore.eu\/es\/wp-json\/wp\/v2\/media?parent=1072"}],"wp:term":[{"taxonomy":"product_brand","embeddable":true,"href":"https:\/\/www.biomore.eu\/es\/wp-json\/wp\/v2\/product_brand?post=1072"},{"taxonomy":"product_cat","embeddable":true,"href":"https:\/\/www.biomore.eu\/es\/wp-json\/wp\/v2\/product_cat?post=1072"},{"taxonomy":"product_tag","embeddable":true,"href":"https:\/\/www.biomore.eu\/es\/wp-json\/wp\/v2\/product_tag?post=1072"}],"curies":[{"name":"wp","href":"https:\/\/api.w.org\/{rel}","templated":true}]}}