{"id":980,"date":"2018-07-20T22:39:45","date_gmt":"2018-07-20T21:39:45","guid":{"rendered":"https:\/\/www.biomore.eu\/total-living-drinks\/"},"modified":"2018-07-20T23:50:28","modified_gmt":"2018-07-20T22:50:28","slug":"total-living-drinks","status":"publish","type":"page","link":"https:\/\/www.biomore.eu\/es\/total-living-drinks\/","title":{"rendered":"Control de peso"},"content":{"rendered":"<p>[vc_row][vc_column][vc_column_text]<\/p>\n<h3>Por qu\u00e9 Total Living Drinks<\/h3>\n<h4>La importancia de consumir la cantidad correcta de verduras y frutas es bien conocida. En los \u00faltimos a\u00f1os, todos hemos visto una creciente demanda e inter\u00e9s en hacer todos los tipos diferentes de batidos en casa.<\/h4>\n<p>Muchos hogares comenzaron muy entusiasmados. Se compr\u00f3 un exprimidor lento y se llevaron a cabo experimentos para encontrar el sabor correcto y otros resultados. Se usaron bolsas llenas de frutas y verduras, preferiblemente de origen biol\u00f3gico, para evitar posibles pesticidas en su batido de colores. El resultado final a menudo fue un vaso de jugo decepcionante y una gran cantidad de pulpa tirada. No hablar de la limpieza posterior de todo el equipo utilizado. Despu\u00e9s de un tiempo, todas las cosas se vendieron en E-bay &#8230;..<br \/>\n\u00a1Imag\u00ednese convertir f\u00e1cilmente fitonutrientes de la cantidad de 7-10 porciones de verduras y frutas biol\u00f3gicas en un licuado saludable! Esto es posible con <strong> Total Living Drinks <\/strong> (TLD). No hay pulpa en el vaso, pero el jugo liofilizado solo contiene buenos ingredientes solubles y disponibles.<br \/>\nUn paso f\u00e1cil, delicioso y saludable en tu men\u00fa de comida diaria.<br \/>\nUna elecci\u00f3n perfecta para reemplazar 1 comida por d\u00eda. Esta comida contiene 9 categor\u00edas diferentes de ingredientes de alimentos saludables, necesarios para su mantenimiento diario de la salud y vitalidad. Mant\u00e9n el control de tu energ\u00eda y ahorra dinero con la mejor f\u00f3rmula de s\u00faper alimento que existe.[\/vc_column_text][vc_empty_space][\/vc_column][\/vc_row][vc_row][vc_column width=\u00bb1\/3&#8243;][vc_single_image image=\u00bb641&#8243; img_size=\u00bb600&#215;600&#8243; add_caption=\u00bbyes\u00bb style=\u00bbvc_box_shadow\u00bb][vc_empty_space][\/vc_column][vc_column width=\u00bb1\/3&#8243;][vc_empty_space height=\u00bb28px\u00bb][vc_single_image image=\u00bb180&#8243; img_size=\u00bblarge\u00bb add_caption=\u00bbyes\u00bb style=\u00bbvc_box_shadow\u00bb][\/vc_column][vc_column width=\u00bb1\/3&#8243;][vc_single_image image=\u00bb638&#8243; img_size=\u00bb600&#215;600&#8243; add_caption=\u00bbyes\u00bb style=\u00bbvc_box_shadow\u00bb][vc_empty_space][\/vc_column][\/vc_row][vc_row][vc_column][vc_row_inner][vc_column_inner][vc_column_text]<\/p>\n<h3>\u00bfQu\u00e9 es Total Living Drinks exactamente?<\/h3>\n<p>No es un alimento diet\u00e9tico especial, sino un s\u00faper alimento: alimento normal, lleno de fitonutrientes con propiedades promotoras de la salud. El producto como tal es \u00fanico debido a la gran variedad de ingredientes en una bolsa. Simplemente hablado, calor\u00edas ricas en nutrientes que contribuyen a un estilo de vida saludable. Ya sea que tome media cucharada por d\u00eda (20 gramos) junto a sus comidas y una mano llena de suplementos, o reemplace una comida completa por d\u00eda con 1 medida (40 gramos). En ambos sentidos obtienes una amplia gama de ingredientes de alimentos saludables de una manera f\u00e1cil y por un precio razonable. Comida pura y concentrada en un vaso.[\/vc_column_text][\/vc_column_inner][\/vc_row_inner][vc_empty_space][\/vc_column][\/vc_row][vc_row][vc_column][vc_column_text]<\/p>\n<h4><span style=\"font-size: 14pt;\">Each serving of\u00a0Total Living Drink\u00a0contains:<\/span><\/h4>\n<ul>\n<li><em>Protein<\/em>\u00a0\u2013\u00a0to build lean muscle<\/li>\n<li><em>Fruits, and vegetables, grasses and algae<\/em>\u00a0\u2013\u00a0loaded with life-giving nutrients and nutrient dense calories<\/li>\n<li><em>Enzymes<\/em>\u00a0\u2013 for better digestion and caloric utilization<\/li>\n<li><em>Probiotics<\/em>\u00a0\u2013 for a healthy bowel ecosystem<\/li>\n<li><em>Amino acids<\/em>\u00a0\u2013 for overall health and energy<\/li>\n<li><em>Antioxidants<\/em>\u00a0\u2013 for enhanced immune function<\/li>\n<li><em>Herbs<\/em> \u2013 for intestinal, blood and internal organ cleansing<\/li>\n<li><em>Vitamins\u00a0<\/em>\u2013 the building blocks of nutrition<\/li>\n<li><em>Minerals<\/em>\u00a0\u2013 to sustain life and improve bodily functions<\/li>\n<\/ul>\n<p>[\/vc_column_text][\/vc_column][\/vc_row][vc_row][vc_column][vc_column_text]<\/p>\n<h3>\u00bfPuedo perder peso con Total Living Drinks?<span style=\"color: #008000;\"><em>\u00a0<\/em><\/span>?<\/h3>\n<p class=\"p1\"><span class=\"s1\">S\u00ed tu puedes. Pero, por favor, tenga en cuenta que la p\u00e9rdida de peso y el control es un proceso complejo que no se puede resolver comiendo menos. La mayor\u00eda de las dietas que se centran en la p\u00e9rdida estructural de calor\u00edas cometen el mismo error: conduce a un retraso en el metabolismo en reposo del cuerpo. El famoso efecto jojo es el resultado final.<\/span><\/p>\n<p class=\"p1\"><span class=\"s1\">Una forma efectiva es el ayuno intermitente, tal como lo desarroll\u00f3 el m\u00e9dico y documentalista ingl\u00e9s de la BBC, el Dr. Michael Mosley. La combinaci\u00f3n de <strong> Total Living Drinks <\/strong> con la dieta de ayuno 2: 5 es muy efectiva, no tendr\u00e1 p\u00e9rdidas nutricionales, y es un m\u00e9todo muy f\u00e1cil. Sin contar calor\u00edas, sin recetas que consumen tiempo, pero con solo 2 d\u00edas de batido con <strong> Total Living Drinks<\/strong>.<\/span><\/p>\n<p>[\/vc_column_text][vc_empty_space][\/vc_column][\/vc_row][vc_row][vc_column width=\u00bb1\/6&#8243;][\/vc_column][vc_column width=\u00bb2\/3&#8243;][vc_column_text]<\/p>\n<h3>Preguntas frecuentes<\/h3>\n<p>[\/vc_column_text][vc_empty_space]<div class=\"sober-faq  \">\n\t\t\t\t<div class=\"question\">\n\t\t\t\t\t<span class=\"question-label\">Question<\/span>\n\t\t\t\t\t<span class=\"question-icon\"><span class=\"toggle-icon\"><\/span><\/span>\n\t\t\t\t\t<span class=\"question-title\">Is Total Living Drinks a dietary product?<\/span>\n\t\t\t\t<\/div>\n\t\t\t\t<div class=\"answer\"><span class=\"answer-label\">Answer<\/span><strong>Total Living Drinks<\/strong>\u00a0is no dietary product, but can be used like any other type of food to reduce weight. Just\u00a0receive less calories in your body then you burn every day.<\/div>\n\t\t\t<\/div><div class=\"sober-faq  \">\n\t\t\t\t<div class=\"question\">\n\t\t\t\t\t<span class=\"question-label\">Question<\/span>\n\t\t\t\t\t<span class=\"question-icon\"><span class=\"toggle-icon\"><\/span><\/span>\n\t\t\t\t\t<span class=\"question-title\">What kind of ingredients are present in Total Living Drinks?<\/span>\n\t\t\t\t<\/div>\n\t\t\t\t<div class=\"answer\"><span class=\"answer-label\">Answer<\/span><em><strong>Total Living Drinks\u00a0<\/strong><\/em>contains 9 different product categories: proteins, vitamins minerals, amino acids, vegetables and fruits, antioxidants, probiotics, enzymes and herbs. The complete list of ingredients can be found with the product description in our web-shop. The vitamin and mineral listing is according to the official advice of the <a href=\"http:\/\/www.efsa.europa.eu\/en\/aboutefsa\/\">European Food Safety Authority (EFSA)<\/a>.<\/div>\n\t\t\t<\/div><div class=\"sober-faq  \">\n\t\t\t\t<div class=\"question\">\n\t\t\t\t\t<span class=\"question-label\">Question<\/span>\n\t\t\t\t\t<span class=\"question-icon\"><span class=\"toggle-icon\"><\/span><\/span>\n\t\t\t\t\t<span class=\"question-title\">What about allergies?<\/span>\n\t\t\t\t<\/div>\n\t\t\t\t<div class=\"answer\"><span class=\"answer-label\">Answer<\/span>Good Point!<\/p>\n<p><strong>Total Living Drinks<\/strong>\u00a0is lactose free and peanut free. We are working hard to make the product gluten free. We hope to have solved this soon.<\/div>\n\t\t\t<\/div><div class=\"sober-faq  \">\n\t\t\t\t<div class=\"question\">\n\t\t\t\t\t<span class=\"question-label\">Question<\/span>\n\t\t\t\t\t<span class=\"question-icon\"><span class=\"toggle-icon\"><\/span><\/span>\n\t\t\t\t\t<span class=\"question-title\">I am a vegetarian, what now?<\/span>\n\t\t\t\t<\/div>\n\t\t\t\t<div class=\"answer\"><span class=\"answer-label\">Answer<\/span>This is no problem.\u00a0<strong>Total Living Drinks<\/strong>\u00a0does not contain animal derived ingredi\u00ebnts.<\/div>\n\t\t\t<\/div><div class=\"sober-faq  \">\n\t\t\t\t<div class=\"question\">\n\t\t\t\t\t<span class=\"question-label\">Question<\/span>\n\t\t\t\t\t<span class=\"question-icon\"><span class=\"toggle-icon\"><\/span><\/span>\n\t\t\t\t\t<span class=\"question-title\">How many smoothies do I drink per day?<\/span>\n\t\t\t\t<\/div>\n\t\t\t\t<div class=\"answer\"><span class=\"answer-label\">Answer<\/span>This is something you decide yourself.\u00a0It is being advised to replace 1 meal per day by Total Living Drinks\u00a0with one scoop (40 g). It also possible to use the product as an extra with your daily food when your are completely healthy and replace your daily portion of food supplements (20-40 g\/day).<\/div>\n\t\t\t<\/div><div class=\"sober-faq  \">\n\t\t\t\t<div class=\"question\">\n\t\t\t\t\t<span class=\"question-label\">Question<\/span>\n\t\t\t\t\t<span class=\"question-icon\"><span class=\"toggle-icon\"><\/span><\/span>\n\t\t\t\t\t<span class=\"question-title\">How do I prepare the smoothie?<\/span>\n\t\t\t\t<\/div>\n\t\t\t\t<div class=\"answer\"><span class=\"answer-label\">Answer<\/span>This is very easy. Take the amount you would like to consume and add it to a glass of water or fruit juice, shake it, done! Mixing the powder with the juice from 2 oranges and 1 lemon is also a often used combination.<\/div>\n\t\t\t<\/div>[\/vc_column][vc_column width=\u00bb1\/6&#8243;][\/vc_column][\/vc_row]<\/p>\n","protected":false},"excerpt":{"rendered":"<p>[vc_row][vc_column][vc_column_text] Por qu\u00e9 Total Living Drinks La importancia de consumir la cantidad correcta de verduras y frutas es bien conocida. En los \u00faltimos a\u00f1os, todos hemos visto una creciente demanda e inter\u00e9s en hacer todos los tipos diferentes de batidos en casa. Muchos hogares comenzaron muy entusiasmados. Se compr\u00f3 un exprimidor lento y se llevaron a cabo experimentos para encontrar el sabor correcto y otros resultados. Se usaron bolsas llenas de frutas y verduras, preferiblemente&hellip;<\/p>\n","protected":false},"author":1,"featured_media":0,"parent":0,"menu_order":0,"comment_status":"closed","ping_status":"closed","template":"","meta":{"_uag_custom_page_level_css":"","footnotes":""},"class_list":["post-980","page","type-page","status-publish","hentry"],"yoast_head":"<!-- This site is optimized with the Yoast SEO plugin v26.6 - https:\/\/yoast.com\/wordpress\/plugins\/seo\/ -->\n<title>Comida s\u00faper saludable<\/title>\n<meta name=\"description\" content=\"\u00a1convierta los fitonutrientes de la cantidad de 7-10 porciones de verduras y frutas biol\u00f3gicas en un batido saludable!\" \/>\n<meta name=\"robots\" content=\"index, follow, max-snippet:-1, max-image-preview:large, max-video-preview:-1\" \/>\n<link rel=\"canonical\" href=\"https:\/\/www.biomore.eu\/es\/total-living-drinks\/\" \/>\n<meta property=\"og:locale\" content=\"es_ES\" \/>\n<meta property=\"og:type\" content=\"article\" \/>\n<meta property=\"og:title\" content=\"Comida s\u00faper saludable\" \/>\n<meta property=\"og:description\" content=\"\u00a1convierta los fitonutrientes de la cantidad de 7-10 porciones de verduras y frutas biol\u00f3gicas en un batido saludable!\" \/>\n<meta property=\"og:url\" content=\"https:\/\/www.biomore.eu\/es\/total-living-drinks\/\" \/>\n<meta property=\"og:site_name\" content=\"Biomore\" \/>\n<meta property=\"article:modified_time\" content=\"2018-07-20T22:50:28+00:00\" \/>\n<meta name=\"twitter:card\" content=\"summary_large_image\" \/>\n<meta name=\"twitter:label1\" content=\"Tiempo de lectura\" \/>\n\t<meta name=\"twitter:data1\" content=\"5 minutos\" \/>\n<script type=\"application\/ld+json\" class=\"yoast-schema-graph\">{\"@context\":\"https:\/\/schema.org\",\"@graph\":[{\"@type\":\"WebPage\",\"@id\":\"https:\/\/www.biomore.eu\/es\/total-living-drinks\/\",\"url\":\"https:\/\/www.biomore.eu\/es\/total-living-drinks\/\",\"name\":\"Comida s\u00faper saludable\",\"isPartOf\":{\"@id\":\"https:\/\/www.biomore.eu\/de\/#website\"},\"datePublished\":\"2018-07-20T21:39:45+00:00\",\"dateModified\":\"2018-07-20T22:50:28+00:00\",\"description\":\"\u00a1convierta los fitonutrientes de la cantidad de 7-10 porciones de verduras y frutas biol\u00f3gicas en un batido saludable!\",\"breadcrumb\":{\"@id\":\"https:\/\/www.biomore.eu\/es\/total-living-drinks\/#breadcrumb\"},\"inLanguage\":\"es\",\"potentialAction\":[{\"@type\":\"ReadAction\",\"target\":[\"https:\/\/www.biomore.eu\/es\/total-living-drinks\/\"]}]},{\"@type\":\"BreadcrumbList\",\"@id\":\"https:\/\/www.biomore.eu\/es\/total-living-drinks\/#breadcrumb\",\"itemListElement\":[{\"@type\":\"ListItem\",\"position\":1,\"name\":\"Home\",\"item\":\"https:\/\/www.biomore.eu\/es\/\"},{\"@type\":\"ListItem\",\"position\":2,\"name\":\"Control de peso\"}]},{\"@type\":\"WebSite\",\"@id\":\"https:\/\/www.biomore.eu\/de\/#website\",\"url\":\"https:\/\/www.biomore.eu\/de\/\",\"name\":\"Biomore\",\"description\":\"\",\"potentialAction\":[{\"@type\":\"SearchAction\",\"target\":{\"@type\":\"EntryPoint\",\"urlTemplate\":\"https:\/\/www.biomore.eu\/de\/?s={search_term_string}\"},\"query-input\":{\"@type\":\"PropertyValueSpecification\",\"valueRequired\":true,\"valueName\":\"search_term_string\"}}],\"inLanguage\":\"es\"}]}<\/script>\n<!-- \/ Yoast SEO plugin. -->","yoast_head_json":{"title":"Comida s\u00faper saludable","description":"\u00a1convierta los fitonutrientes de la cantidad de 7-10 porciones de verduras y frutas biol\u00f3gicas en un batido saludable!","robots":{"index":"index","follow":"follow","max-snippet":"max-snippet:-1","max-image-preview":"max-image-preview:large","max-video-preview":"max-video-preview:-1"},"canonical":"https:\/\/www.biomore.eu\/es\/total-living-drinks\/","og_locale":"es_ES","og_type":"article","og_title":"Comida s\u00faper saludable","og_description":"\u00a1convierta los fitonutrientes de la cantidad de 7-10 porciones de verduras y frutas biol\u00f3gicas en un batido saludable!","og_url":"https:\/\/www.biomore.eu\/es\/total-living-drinks\/","og_site_name":"Biomore","article_modified_time":"2018-07-20T22:50:28+00:00","twitter_card":"summary_large_image","twitter_misc":{"Tiempo de lectura":"5 minutos"},"schema":{"@context":"https:\/\/schema.org","@graph":[{"@type":"WebPage","@id":"https:\/\/www.biomore.eu\/es\/total-living-drinks\/","url":"https:\/\/www.biomore.eu\/es\/total-living-drinks\/","name":"Comida s\u00faper saludable","isPartOf":{"@id":"https:\/\/www.biomore.eu\/de\/#website"},"datePublished":"2018-07-20T21:39:45+00:00","dateModified":"2018-07-20T22:50:28+00:00","description":"\u00a1convierta los fitonutrientes de la cantidad de 7-10 porciones de verduras y frutas biol\u00f3gicas en un batido saludable!","breadcrumb":{"@id":"https:\/\/www.biomore.eu\/es\/total-living-drinks\/#breadcrumb"},"inLanguage":"es","potentialAction":[{"@type":"ReadAction","target":["https:\/\/www.biomore.eu\/es\/total-living-drinks\/"]}]},{"@type":"BreadcrumbList","@id":"https:\/\/www.biomore.eu\/es\/total-living-drinks\/#breadcrumb","itemListElement":[{"@type":"ListItem","position":1,"name":"Home","item":"https:\/\/www.biomore.eu\/es\/"},{"@type":"ListItem","position":2,"name":"Control de peso"}]},{"@type":"WebSite","@id":"https:\/\/www.biomore.eu\/de\/#website","url":"https:\/\/www.biomore.eu\/de\/","name":"Biomore","description":"","potentialAction":[{"@type":"SearchAction","target":{"@type":"EntryPoint","urlTemplate":"https:\/\/www.biomore.eu\/de\/?s={search_term_string}"},"query-input":{"@type":"PropertyValueSpecification","valueRequired":true,"valueName":"search_term_string"}}],"inLanguage":"es"}]}},"uagb_featured_image_src":{"full":false,"thumbnail":false,"medium":false,"medium_large":false,"large":false,"1536x1536":false,"2048x2048":false,"post-thumbnail":false,"sober-blog-thumbnail":false,"sober-blog-grid":false,"sober-widget-thumbnail":false,"woocommerce_thumbnail":false,"woocommerce_single":false,"woocommerce_gallery_thumbnail":false,"sober_wc_gallery_thumbnail":false},"uagb_author_info":{"display_name":"Jan Pieter","author_link":"https:\/\/www.biomore.eu\/es\/author\/admin\/"},"uagb_comment_info":0,"uagb_excerpt":"[vc_row][vc_column][vc_column_text] Por qu\u00e9 Total Living Drinks La importancia de consumir la cantidad correcta de verduras y frutas es bien conocida. En los \u00faltimos a\u00f1os, todos hemos visto una creciente demanda e inter\u00e9s en hacer todos los tipos diferentes de batidos en casa. Muchos hogares comenzaron muy entusiasmados. Se compr\u00f3 un exprimidor lento y se llevaron&hellip;","_links":{"self":[{"href":"https:\/\/www.biomore.eu\/es\/wp-json\/wp\/v2\/pages\/980","targetHints":{"allow":["GET"]}}],"collection":[{"href":"https:\/\/www.biomore.eu\/es\/wp-json\/wp\/v2\/pages"}],"about":[{"href":"https:\/\/www.biomore.eu\/es\/wp-json\/wp\/v2\/types\/page"}],"author":[{"embeddable":true,"href":"https:\/\/www.biomore.eu\/es\/wp-json\/wp\/v2\/users\/1"}],"replies":[{"embeddable":true,"href":"https:\/\/www.biomore.eu\/es\/wp-json\/wp\/v2\/comments?post=980"}],"version-history":[{"count":0,"href":"https:\/\/www.biomore.eu\/es\/wp-json\/wp\/v2\/pages\/980\/revisions"}],"wp:attachment":[{"href":"https:\/\/www.biomore.eu\/es\/wp-json\/wp\/v2\/media?parent=980"}],"curies":[{"name":"wp","href":"https:\/\/api.w.org\/{rel}","templated":true}]}}