{"id":970,"date":"2018-07-20T15:59:41","date_gmt":"2018-07-20T14:59:41","guid":{"rendered":"https:\/\/www.biomore.eu\/purificar\/"},"modified":"2025-08-04T20:07:13","modified_gmt":"2025-08-04T19:07:13","slug":"purificar","status":"publish","type":"page","link":"https:\/\/www.biomore.eu\/es\/purificar\/","title":{"rendered":"Purificar"},"content":{"rendered":"\n<h3 class=\"wp-block-heading\">\u00bfPor qu\u00e9 es tan importante la eliminaci\u00f3n de compuestos t\u00f3xicos de su cuerpo?<\/h3>\n\n\n\n<p>Desde el principio de su vida, su cuerpo est\u00e1 expuesto a todo tipo de metales pesados t\u00f3xicos. Estos compuestos son poco solubles en agua, por lo que el proceso de ingesta y acumulaci\u00f3n va muy lento. Pero tarde o temprano, los metales pesados son responsables de los desequilibrios en la fisiolog\u00eda de su cuerpo, ya que bloquean las partes vitales de los receptores. Los metales t\u00f3xicos comunes son cobre, mercurio, plomo, aluminio, ars\u00e9nico, borio, litio, cadmio, n\u00edquel, cobalto y molibdeno.<\/p>\n\n\n\n<p>Adem\u00e1s de la exposici\u00f3n a metales pesados, su cuerpo est\u00e1 expuesto a pesticidas, herbicidas y virus de PCB. Tienen en com\u00fan que debilitan su sistema inmune.<\/p>\n\n\n\n<p>Biomore tiene una soluci\u00f3n de desintoxicaci\u00f3n muy efectiva para su cuerpo; \u00e1cido f\u00falvico. Esta mol\u00e9cula tiene una funci\u00f3n muy vers\u00e1til al unir todas las mol\u00e9culas del al al y transportarlo a trav\u00e9s de su cuerpo. Resulta en la eliminaci\u00f3n de todo tipo de mol\u00e9culas no deseadas, especialmente aquellas que est\u00e1n depositadas en los tejidos y son poco solubles.<\/p>\n\n\n\n<h3 class=\"wp-block-heading\">\u00bfQu\u00e9 es el \u00e1cido f\u00falvico?<\/h3>\n\n\n\n<p>El \u00e1cido f\u00falvico es una de las dos clases de compuestos org\u00e1nicos \u00e1cidas h\u00famicos que se encuentran en los suelos y cuerpos de agua de la tierra. En las \u00faltimas d\u00e9cadas, hemos aprendido mucho m\u00e1s sobre c\u00f3mo las sustancias h\u00famicas que se encuentran en la suciedad, incluido el \u00e1cido f\u00falvico, en realidad pueden mejorar la salud intestinal humana y, por lo tanto, las funciones inmunes.<\/p>\n\n\n\n<p>La adquisici\u00f3n de suficientes electrolitos y otros minerales es importante para las funciones metab\u00f3licas, la salud digestiva y la asimilaci\u00f3n de nutrientes. Adem\u00e1s de proporcionar nutrientes crudos, el \u00e1cido f\u00falvico <strong> transporta minerales y otros nutrientes <\/strong> a las c\u00e9lulas de manera m\u00e1s efectiva, aumenta la tasa de absorci\u00f3n de nutrientes haciendo que las c\u00e9lulas sean m\u00e1s permeables, y desempe\u00f1a un papel importante en los \u00f3rganos digestivos.<\/p>\n\n\n\n<p>Otro beneficio de tomar \u00e1cido f\u00falvico como suplemento es que ayuda a restaurar el <strong> nivel \u00f3ptimo de pH del cuerpo <\/strong>. Al alcalinizar el cuerpo y evitar que se forme un ambiente demasiado \u00e1cido, los \u00e1cidos h\u00famicos podr\u00edan ayudar a aumentar el pH de la sangre en su cuerpo.<\/p>\n\n\n\n<p>Los \u00e1cidos h\u00famicos son beneficiosos para la digesti\u00f3n y la mejora de la energ\u00eda debido a sus capacidades desintoxicantes. Los \u00e1cidos h\u00famicos son capaces de unirse a las toxinas y metales que ingresan al cuerpo a trav\u00e9s del suministro de alimentos, agua, medicamentos recetados, productos para el hogar y la contaminaci\u00f3n del aire.<\/p>\n\n\n\n<p>Los \u00e1cidos f\u00falvicos contienen antioxidantes que contrarrestan los efectos de los radicales libres y tambi\u00e9n ayudan a desintoxicar el cuerpo de muchas toxinas que contribuyen al problema: productos qu\u00edmicos utilizados en la agricultura, desechos radiactivos y metales pesados, por ejemplo. Tambi\u00e9n ayuda a extender la permeabilidad y la vida de las c\u00e9lulas al proporcionar electrolitos que tienen numerosas funciones dentro del coraz\u00f3n, los m\u00fasculos, el cerebro y el tracto digestivo.<\/p>\n\n\n\n<h3 class=\"wp-block-heading\">\u00bfC\u00f3mo funciona el \u00e1cido f\u00falvico?<a href=\"https:\/\/www.biomore.eu\/wp-content\/uploads\/2017\/12\/fulvicacid_molecule.jpg\"><img loading=\"lazy\" decoding=\"async\" class=\"alignright size-full wp-image-291\" src=\"https:\/\/www.biomore.eu\/wp-content\/uploads\/2025\/07\/fulvicacid_molecule.webp\" alt=\"\" width=\"537\" height=\"291\"><\/a><\/h3>\n\n\n\n<p>Su estructura est\u00e1 compuesta de pol\u00edmeros arom\u00e1ticos y org\u00e1nicos con muchos grupos carboxilo que liberan iones de hidr\u00f3geno, lo que genera una carga el\u00e9ctrica que ayuda a atraer radicales libres, metales pesados y otras toxinas dentro del cuerpo, lo que le permite actuar como un agente de \u00ablimpieza\u00bb. Una vez que se vuelve reactivo con los metales, el \u00e1cido f\u00falvico los ayuda a volverse m\u00e1s solubles en agua, lo que significa que son extra\u00eddos del cuerpo con mayor facilidad.<\/p>\n\n\n\n<p>Como fuente principal de electrolitos y antioxidantes claves, se ha demostrado que mejora varios procesos celulares, funciones musculares, capacidades digestivas, salud del coraz\u00f3n y del cerebro. El \u00e1cido f\u00falvico ayuda a las c\u00e9lulas a absorber la cantidad de minerales que necesitan y descartar los desechos al actuar como un transportador de iones.<\/p>\n\n\n\n<h3 class=\"wp-block-heading has-text-align-center\">2 versiones de productos, \u00fanicas y efectivas<\/h3>\n\n\n\n<div class=\"wp-block-uagb-container uagb-block-2086dcb2 alignfull uagb-is-root-container\"><div class=\"uagb-container-inner-blocks-wrap\">\n<div class=\"wp-block-uagb-container uagb-block-e73058c7\">\n<p>Una <strong>soluci\u00f3n madre de bebida de bienestar<\/strong> que se diluir\u00e1 antes de su uso y se utilizar\u00e1 como bebida. Puede elegir agua o agua carbonatada e incluso un jugo de fruta. Beba 1 litro de \u00e1cido f\u00falvico diluido durante el d\u00eda.<\/p>\n<\/div>\n\n\n\n<div class=\"wp-block-uagb-container uagb-block-496d0fdf\">\n<p>Una <strong>soluci\u00f3n madre de inhalaci\u00f3n <\/strong>, que se diluir\u00e1 antes de su uso y se inhalar\u00e1. Este producto est\u00e1 espec\u00edficamente dise\u00f1ado para limpiar sus senos. El seno es una cavidad dentro de un hueso u otro tejido, especialmente uno en los huesos de la cara o el cr\u00e1neo que se conecta con las cavidades nasales.<\/p>\n<\/div>\n<\/div><\/div>\n\n\n\n<div class=\"wp-block-uagb-container uagb-block-72e913fc alignfull uagb-is-root-container\"><div class=\"uagb-container-inner-blocks-wrap\">\n<div class=\"wp-block-uagb-container uagb-block-6517e641\"><div data-background-color=\"black\" data-block-name=\"woocommerce\/featured-product\" data-dim-ratio=\"0\" data-edit-mode=\"false\" data-image-fit=\"cover\" data-product-id=\"1054\" data-show-desc=\"false\" data-show-price=\"false\" data-style=\"{&quot;elements&quot;:{&quot;link&quot;:{&quot;color&quot;:{&quot;text&quot;:&quot;var:preset|color|white&quot;}}}}\" data-text-color=\"white\" class=\"wc-block-featured-product alignnone has-background has-black-background-color has-text-color has-white-color wp-elements-8c3334ebd556b74a724a11616c37e085 wp-block-woocommerce-featured-product\" style=\"min-height:500px;\"><div class=\"wc-block-featured-product__wrapper\"><div class=\"background-dim__overlay\" style=\"background-color: #000000\"><\/div><img decoding=\"async\" alt=\"Fulvic Acid (drink)\" class=\"wc-block-featured-product__background-image\" src=\"https:\/\/www.biomore.eu\/wp-content\/uploads\/2025\/07\/Fulvic-Acid-Drink-0.5L.webp\" style=\"object-fit: cover;object-position: 50% 50%;\" \/><h2 class=\"wc-block-featured-product__title\">Fulvic Acid (drink)<\/h2><div class=\"wc-block-featured-product__inner-blocks\">\n\n<div class=\"wp-block-buttons is-content-justification-center is-layout-flex wp-container-core-buttons-is-layout-16018d1d wp-block-buttons-is-layout-flex\">\n<div class=\"wp-block-button has-custom-width wp-block-button__width-100\"><a class=\"wp-block-button__link has-white-color has-black-background-color has-text-color has-background has-link-color has-small-font-size has-custom-font-size wp-element-button\" href=\"https:\/\/www.biomore.eu\/es\/product\/fulvic-acid-drink\/\">Shop now<\/a><\/div>\n<\/div>\n\n<\/div><\/div><\/div><\/div>\n\n\n\n<div class=\"wp-block-uagb-container uagb-block-1a08bbbb\"><div data-background-color=\"black\" data-block-name=\"woocommerce\/featured-product\" data-dim-ratio=\"0\" data-edit-mode=\"false\" data-image-fit=\"cover\" data-product-id=\"1046\" data-show-desc=\"false\" data-show-price=\"false\" data-style=\"{&quot;elements&quot;:{&quot;link&quot;:{&quot;color&quot;:{&quot;text&quot;:&quot;var:preset|color|white&quot;}}}}\" data-text-color=\"white\" class=\"wc-block-featured-product alignnone has-background has-black-background-color has-text-color has-white-color wp-elements-eb360a65024a00539ed8f105a782f096 wp-block-woocommerce-featured-product\" style=\"min-height:500px;\"><div class=\"wc-block-featured-product__wrapper\"><div class=\"background-dim__overlay\" style=\"background-color: #000000\"><\/div><img decoding=\"async\" alt=\"Fulvic Acid (inhalation)\" class=\"wc-block-featured-product__background-image\" src=\"https:\/\/www.biomore.eu\/wp-content\/uploads\/2025\/07\/Fulvic-acid-0.5L-inhalation.webp\" style=\"object-fit: cover;object-position: 50% 50%;\" \/><h2 class=\"wc-block-featured-product__title\">Fulvic Acid (inhalation)<\/h2><div class=\"wc-block-featured-product__inner-blocks\">\n\n<div class=\"wp-block-buttons is-content-justification-center is-layout-flex wp-container-core-buttons-is-layout-16018d1d wp-block-buttons-is-layout-flex\">\n<div class=\"wp-block-button has-custom-width wp-block-button__width-100\"><a class=\"wp-block-button__link has-white-color has-black-background-color has-text-color has-background has-link-color has-small-font-size has-custom-font-size wp-element-button\" href=\"https:\/\/www.biomore.eu\/es\/product\/fulvic-acid-inhalation\/\">Shop now<\/a><\/div>\n<\/div>\n\n<\/div><\/div><\/div><\/div>\n\n\n\n<div class=\"wp-block-uagb-container uagb-block-7f507c59\">\n<h3 class=\"wp-block-heading\">\u00bfPor qu\u00e9 Biomore Fulvic acid es tan \u00fanico?<\/h3>\n\n\n\n<p>Con los a\u00f1os, las personas usaron fuentes naturales para usar \u00e1cido f\u00falvico. Debido a la contaminaci\u00f3n en la naturaleza en todo el mundo con metales pesados, PCB, pesticidas y herbicidas, ya no es posible encontrar fuentes realmente limpias. Hoy en d\u00eda, todos los \u00e1cidos f\u00falvicos derivados de la naturaleza est\u00e1n contaminados, lo que hace que el producto sea menos valioso que hace 100 a\u00f1os. Una vez que los metales t\u00f3xicos est\u00e1n unidos por esta mol\u00e9cula, es imposible eliminarla. Entonces, en lugar de una desintoxicaci\u00f3n, su cuerpo est\u00e1 expuesto a mol\u00e9culas que realmente desea eliminar.<br><br>Por lo tanto, hemos desarrollado un proceso en el que el \u00e1cido f\u00falvico se produce 100% limpio y libre de metales pesados, PCB, pesticidas y herbicidas. Somos la \u00fanica empresa que vende este producto en Europa.<\/p>\n<\/div>\n\n\n\n<div class=\"wp-block-uagb-container uagb-block-2fc1d88e\">\n<h3 class=\"wp-block-heading\">Funciones<\/h3>\n\n\n\n<p>\u2714\ufe0f Mejora la biodisponibilidad de los ingredientes alimentarios<\/p>\n\n\n\n<p>\u2714\ufe0f Ayuda a liberar metales pesados, plaguicidas de PCB del cuerpo<\/p>\n\n\n\n<p>\u2714\ufe0f F\u00f3rmula de inhalaci\u00f3n para el seno<\/p>\n\n\n\n<p>\u2714\ufe0f Beber f\u00f3rmula para tejidos y \u00f3rganos del cuerpo<\/p>\n<\/div>\n<\/div><\/div>\n","protected":false},"excerpt":{"rendered":"<p>\u00bfPor qu\u00e9 es tan importante la eliminaci\u00f3n de compuestos t\u00f3xicos de su cuerpo? Desde el principio de su vida, su cuerpo est\u00e1 expuesto a todo tipo de metales pesados t\u00f3xicos. Estos compuestos son poco solubles en agua, por lo que el proceso de ingesta y acumulaci\u00f3n va muy lento. Pero tarde o temprano, los metales pesados son responsables de los desequilibrios en la fisiolog\u00eda de su cuerpo, ya que bloquean las partes vitales de los&hellip;<\/p>\n","protected":false},"author":1,"featured_media":0,"parent":0,"menu_order":0,"comment_status":"closed","ping_status":"closed","template":"","meta":{"_uag_custom_page_level_css":"","footnotes":""},"class_list":["post-970","page","type-page","status-publish","hentry"],"yoast_head":"<!-- This site is optimized with the Yoast SEO plugin v26.6 - https:\/\/yoast.com\/wordpress\/plugins\/seo\/ -->\n<title>Purifica tu cuerpo<\/title>\n<meta name=\"description\" content=\"Una vez que se vuelve reactivo con los metales, el \u00e1cido f\u00falvico los ayuda a volverse m\u00e1s solubles en agua, lo que significa que son extra\u00eddos del cuerpo con mayor facilidad.\" \/>\n<meta name=\"robots\" content=\"index, follow, max-snippet:-1, max-image-preview:large, max-video-preview:-1\" \/>\n<link rel=\"canonical\" href=\"https:\/\/www.biomore.eu\/es\/purificar\/\" \/>\n<meta property=\"og:locale\" content=\"es_ES\" \/>\n<meta property=\"og:type\" content=\"article\" \/>\n<meta property=\"og:title\" content=\"Purifica tu cuerpo\" \/>\n<meta property=\"og:description\" content=\"Una vez que se vuelve reactivo con los metales, el \u00e1cido f\u00falvico los ayuda a volverse m\u00e1s solubles en agua, lo que significa que son extra\u00eddos del cuerpo con mayor facilidad.\" \/>\n<meta property=\"og:url\" content=\"https:\/\/www.biomore.eu\/es\/purificar\/\" \/>\n<meta property=\"og:site_name\" content=\"Biomore\" \/>\n<meta property=\"article:modified_time\" content=\"2025-08-04T19:07:13+00:00\" \/>\n<meta name=\"twitter:card\" content=\"summary_large_image\" \/>\n<meta name=\"twitter:label1\" content=\"Tiempo de lectura\" \/>\n\t<meta name=\"twitter:data1\" content=\"5 minutos\" \/>\n<script type=\"application\/ld+json\" class=\"yoast-schema-graph\">{\"@context\":\"https:\/\/schema.org\",\"@graph\":[{\"@type\":\"WebPage\",\"@id\":\"https:\/\/www.biomore.eu\/es\/purificar\/\",\"url\":\"https:\/\/www.biomore.eu\/es\/purificar\/\",\"name\":\"Purifica tu cuerpo\",\"isPartOf\":{\"@id\":\"https:\/\/www.biomore.eu\/de\/#website\"},\"primaryImageOfPage\":{\"@id\":\"https:\/\/www.biomore.eu\/es\/purificar\/#primaryimage\"},\"image\":{\"@id\":\"https:\/\/www.biomore.eu\/es\/purificar\/#primaryimage\"},\"thumbnailUrl\":\"https:\/\/www.biomore.eu\/wp-content\/uploads\/2025\/07\/fulvicacid_molecule.webp\",\"datePublished\":\"2018-07-20T14:59:41+00:00\",\"dateModified\":\"2025-08-04T19:07:13+00:00\",\"description\":\"Una vez que se vuelve reactivo con los metales, el \u00e1cido f\u00falvico los ayuda a volverse m\u00e1s solubles en agua, lo que significa que son extra\u00eddos del cuerpo con mayor facilidad.\",\"breadcrumb\":{\"@id\":\"https:\/\/www.biomore.eu\/es\/purificar\/#breadcrumb\"},\"inLanguage\":\"es\",\"potentialAction\":[{\"@type\":\"ReadAction\",\"target\":[\"https:\/\/www.biomore.eu\/es\/purificar\/\"]}]},{\"@type\":\"ImageObject\",\"inLanguage\":\"es\",\"@id\":\"https:\/\/www.biomore.eu\/es\/purificar\/#primaryimage\",\"url\":\"https:\/\/www.biomore.eu\/wp-content\/uploads\/2025\/07\/fulvicacid_molecule.webp\",\"contentUrl\":\"https:\/\/www.biomore.eu\/wp-content\/uploads\/2025\/07\/fulvicacid_molecule.webp\"},{\"@type\":\"BreadcrumbList\",\"@id\":\"https:\/\/www.biomore.eu\/es\/purificar\/#breadcrumb\",\"itemListElement\":[{\"@type\":\"ListItem\",\"position\":1,\"name\":\"Home\",\"item\":\"https:\/\/www.biomore.eu\/es\/\"},{\"@type\":\"ListItem\",\"position\":2,\"name\":\"Purificar\"}]},{\"@type\":\"WebSite\",\"@id\":\"https:\/\/www.biomore.eu\/de\/#website\",\"url\":\"https:\/\/www.biomore.eu\/de\/\",\"name\":\"Biomore\",\"description\":\"\",\"potentialAction\":[{\"@type\":\"SearchAction\",\"target\":{\"@type\":\"EntryPoint\",\"urlTemplate\":\"https:\/\/www.biomore.eu\/de\/?s={search_term_string}\"},\"query-input\":{\"@type\":\"PropertyValueSpecification\",\"valueRequired\":true,\"valueName\":\"search_term_string\"}}],\"inLanguage\":\"es\"}]}<\/script>\n<!-- \/ Yoast SEO plugin. -->","yoast_head_json":{"title":"Purifica tu cuerpo","description":"Una vez que se vuelve reactivo con los metales, el \u00e1cido f\u00falvico los ayuda a volverse m\u00e1s solubles en agua, lo que significa que son extra\u00eddos del cuerpo con mayor facilidad.","robots":{"index":"index","follow":"follow","max-snippet":"max-snippet:-1","max-image-preview":"max-image-preview:large","max-video-preview":"max-video-preview:-1"},"canonical":"https:\/\/www.biomore.eu\/es\/purificar\/","og_locale":"es_ES","og_type":"article","og_title":"Purifica tu cuerpo","og_description":"Una vez que se vuelve reactivo con los metales, el \u00e1cido f\u00falvico los ayuda a volverse m\u00e1s solubles en agua, lo que significa que son extra\u00eddos del cuerpo con mayor facilidad.","og_url":"https:\/\/www.biomore.eu\/es\/purificar\/","og_site_name":"Biomore","article_modified_time":"2025-08-04T19:07:13+00:00","twitter_card":"summary_large_image","twitter_misc":{"Tiempo de lectura":"5 minutos"},"schema":{"@context":"https:\/\/schema.org","@graph":[{"@type":"WebPage","@id":"https:\/\/www.biomore.eu\/es\/purificar\/","url":"https:\/\/www.biomore.eu\/es\/purificar\/","name":"Purifica tu cuerpo","isPartOf":{"@id":"https:\/\/www.biomore.eu\/de\/#website"},"primaryImageOfPage":{"@id":"https:\/\/www.biomore.eu\/es\/purificar\/#primaryimage"},"image":{"@id":"https:\/\/www.biomore.eu\/es\/purificar\/#primaryimage"},"thumbnailUrl":"https:\/\/www.biomore.eu\/wp-content\/uploads\/2025\/07\/fulvicacid_molecule.webp","datePublished":"2018-07-20T14:59:41+00:00","dateModified":"2025-08-04T19:07:13+00:00","description":"Una vez que se vuelve reactivo con los metales, el \u00e1cido f\u00falvico los ayuda a volverse m\u00e1s solubles en agua, lo que significa que son extra\u00eddos del cuerpo con mayor facilidad.","breadcrumb":{"@id":"https:\/\/www.biomore.eu\/es\/purificar\/#breadcrumb"},"inLanguage":"es","potentialAction":[{"@type":"ReadAction","target":["https:\/\/www.biomore.eu\/es\/purificar\/"]}]},{"@type":"ImageObject","inLanguage":"es","@id":"https:\/\/www.biomore.eu\/es\/purificar\/#primaryimage","url":"https:\/\/www.biomore.eu\/wp-content\/uploads\/2025\/07\/fulvicacid_molecule.webp","contentUrl":"https:\/\/www.biomore.eu\/wp-content\/uploads\/2025\/07\/fulvicacid_molecule.webp"},{"@type":"BreadcrumbList","@id":"https:\/\/www.biomore.eu\/es\/purificar\/#breadcrumb","itemListElement":[{"@type":"ListItem","position":1,"name":"Home","item":"https:\/\/www.biomore.eu\/es\/"},{"@type":"ListItem","position":2,"name":"Purificar"}]},{"@type":"WebSite","@id":"https:\/\/www.biomore.eu\/de\/#website","url":"https:\/\/www.biomore.eu\/de\/","name":"Biomore","description":"","potentialAction":[{"@type":"SearchAction","target":{"@type":"EntryPoint","urlTemplate":"https:\/\/www.biomore.eu\/de\/?s={search_term_string}"},"query-input":{"@type":"PropertyValueSpecification","valueRequired":true,"valueName":"search_term_string"}}],"inLanguage":"es"}]}},"uagb_featured_image_src":{"full":false,"thumbnail":false,"medium":false,"medium_large":false,"large":false,"1536x1536":false,"2048x2048":false,"post-thumbnail":false,"sober-blog-thumbnail":false,"sober-blog-grid":false,"sober-widget-thumbnail":false,"woocommerce_thumbnail":false,"woocommerce_single":false,"woocommerce_gallery_thumbnail":false,"sober_wc_gallery_thumbnail":false},"uagb_author_info":{"display_name":"Jan Pieter","author_link":"https:\/\/www.biomore.eu\/es\/author\/admin\/"},"uagb_comment_info":0,"uagb_excerpt":"\u00bfPor qu\u00e9 es tan importante la eliminaci\u00f3n de compuestos t\u00f3xicos de su cuerpo? Desde el principio de su vida, su cuerpo est\u00e1 expuesto a todo tipo de metales pesados t\u00f3xicos. Estos compuestos son poco solubles en agua, por lo que el proceso de ingesta y acumulaci\u00f3n va muy lento. Pero tarde o temprano, los metales&hellip;","_links":{"self":[{"href":"https:\/\/www.biomore.eu\/es\/wp-json\/wp\/v2\/pages\/970","targetHints":{"allow":["GET"]}}],"collection":[{"href":"https:\/\/www.biomore.eu\/es\/wp-json\/wp\/v2\/pages"}],"about":[{"href":"https:\/\/www.biomore.eu\/es\/wp-json\/wp\/v2\/types\/page"}],"author":[{"embeddable":true,"href":"https:\/\/www.biomore.eu\/es\/wp-json\/wp\/v2\/users\/1"}],"replies":[{"embeddable":true,"href":"https:\/\/www.biomore.eu\/es\/wp-json\/wp\/v2\/comments?post=970"}],"version-history":[{"count":1,"href":"https:\/\/www.biomore.eu\/es\/wp-json\/wp\/v2\/pages\/970\/revisions"}],"predecessor-version":[{"id":4401,"href":"https:\/\/www.biomore.eu\/es\/wp-json\/wp\/v2\/pages\/970\/revisions\/4401"}],"wp:attachment":[{"href":"https:\/\/www.biomore.eu\/es\/wp-json\/wp\/v2\/media?parent=970"}],"curies":[{"name":"wp","href":"https:\/\/api.w.org\/{rel}","templated":true}]}}