{"id":908,"date":"2018-07-19T21:31:29","date_gmt":"2018-07-19T20:31:29","guid":{"rendered":"https:\/\/www.biomore.eu\/contactenos\/"},"modified":"2025-01-22T12:18:03","modified_gmt":"2025-01-22T11:18:03","slug":"contactenos","status":"publish","type":"page","link":"https:\/\/www.biomore.eu\/es\/contactenos\/","title":{"rendered":"Cont\u00e1ctenos"},"content":{"rendered":"\n<h2 class=\"wp-block-heading\">Biocoherence Nederland<\/h2>\n\n\n\n<hr class=\"wp-block-separator has-alpha-channel-opacity is-style-wide\"\/>\n\n\n\n<div class=\"wp-block-columns is-layout-flex wp-container-core-columns-is-layout-9d6595d7 wp-block-columns-is-layout-flex\">\n<div class=\"wp-block-column is-layout-flow wp-block-column-is-layout-flow\">\n<div class=\"wp-block-columns is-layout-flex wp-container-core-columns-is-layout-9d6595d7 wp-block-columns-is-layout-flex\">\n<div class=\"wp-block-column is-layout-flow wp-block-column-is-layout-flow\">\n<p><strong><strong>Direcci\u00f3n<\/strong><\/strong><br><strong><strong>Correo electr\u00f3nico<\/strong><\/strong><br><strong><strong>Tel\u00e9fono<\/strong><\/strong><\/p>\n<\/div>\n\n\n\n<div class=\"wp-block-column is-layout-flow wp-block-column-is-layout-flow\">\n<p>Planetenveld 23, 3893 GE, NL<br>info@biocoherence.eu<br>+31621100117<\/p>\n<\/div>\n<\/div>\n\n\n\n<figure class=\"wp-block-image size-full\"><a href=\"https:\/\/www.biomore.eu\/wp-content\/uploads\/2025\/01\/Planetenveld-23-2.png\"><img loading=\"lazy\" decoding=\"async\" width=\"640\" height=\"499\" src=\"https:\/\/www.biomore.eu\/wp-content\/uploads\/2025\/01\/Planetenveld-23-2.png\" alt=\"Planetenveld 23\" class=\"wp-image-3984\" srcset=\"https:\/\/www.biomore.eu\/wp-content\/uploads\/2025\/01\/Planetenveld-23-2.png 640w, https:\/\/www.biomore.eu\/wp-content\/uploads\/2025\/01\/Planetenveld-23-2-385x300.png 385w\" sizes=\"auto, (max-width: 640px) 100vw, 640px\" \/><\/a><\/figure>\n<\/div>\n\n\n\n<div class=\"wp-block-column is-layout-flow wp-block-column-is-layout-flow\">\n<h2 class=\"wp-block-heading has-text-align-center\">P\u00f3ngase en contacto con nosotros<\/h2>\n\n\n<div class=\"forminator-ui forminator-custom-form forminator-custom-form-3989 forminator-design--material  forminator_ajax\" data-forminator-render=\"0\" data-form=\"forminator-module-3989\" data-uid=\"69d0dc5bc6f8d\"><br\/><\/div><form\n\t\t\t\tid=\"forminator-module-3989\"\n\t\t\t\tclass=\"forminator-ui forminator-custom-form forminator-custom-form-3989 forminator-design--material  forminator_ajax\"\n\t\t\t\tmethod=\"post\"\n\t\t\t\tdata-forminator-render=\"0\"\n\t\t\t\tdata-form-id=\"3989\"\n\t\t\t\t data-color-option=\"theme\" data-design=\"material\" data-grid=\"open\" style=\"display: none;\"\n\t\t\t\tdata-uid=\"69d0dc5bc6f8d\"\n\t\t\t><div role=\"alert\" aria-live=\"polite\" class=\"forminator-response-message forminator-error\" aria-hidden=\"true\"><\/div><div class=\"forminator-row\"><div id=\"name-1\" class=\"forminator-field-name forminator-col forminator-col-12 \"><div class=\"forminator-field\"><label for=\"forminator-field-name-1_69d0dc5bc6f8d\" id=\"forminator-field-name-1_69d0dc5bc6f8d-label\" class=\"forminator-label\">Nombre <span class=\"forminator-required\">*<\/span><\/label><input type=\"text\" name=\"name-1\" value=\"\" placeholder=\"\" id=\"forminator-field-name-1_69d0dc5bc6f8d\" class=\"forminator-input forminator-name--field\" aria-required=\"true\" autocomplete=\"name\" \/><\/div><\/div><\/div><div class=\"forminator-row\"><div id=\"email-1\" class=\"forminator-field-email forminator-col forminator-col-12 \"><div class=\"forminator-field\"><label for=\"forminator-field-email-1_69d0dc5bc6f8d\" id=\"forminator-field-email-1_69d0dc5bc6f8d-label\" class=\"forminator-label\">Direcci\u00f3n de correo electr\u00f3nico <span class=\"forminator-required\">*<\/span><\/label><input type=\"email\" name=\"email-1\" value=\"\" placeholder=\"\" id=\"forminator-field-email-1_69d0dc5bc6f8d\" class=\"forminator-input forminator-email--field\" data-required=\"true\" aria-required=\"true\" autocomplete=\"email\" \/><\/div><\/div><\/div><div class=\"forminator-row\"><div id=\"phone-1\" class=\"forminator-field-phone forminator-col forminator-col-12 \"><div class=\"forminator-field\"><label for=\"forminator-field-phone-1_69d0dc5bc6f8d\" id=\"forminator-field-phone-1_69d0dc5bc6f8d-label\" class=\"forminator-label\">N\u00famero de tel\u00e9fono<\/label><input type=\"text\" name=\"phone-1\" value=\"\" placeholder=\"\" id=\"forminator-field-phone-1_69d0dc5bc6f8d\" class=\"forminator-input forminator-field--phone\" data-required=\"\" aria-required=\"false\" autocomplete=\"off\" \/><\/div><\/div><\/div><div class=\"forminator-row\"><div id=\"textarea-1\" class=\"forminator-field-textarea forminator-col forminator-col-12 \"><div class=\"forminator-field\"><label for=\"forminator-field-textarea-1_69d0dc5bc6f8d\" id=\"forminator-field-textarea-1_69d0dc5bc6f8d-label\" class=\"forminator-label\">Mensaje<\/label><textarea name=\"textarea-1\" placeholder=\"Ingrese su mensaje...\" id=\"forminator-field-textarea-1_69d0dc5bc6f8d\" class=\"forminator-textarea\" rows=\"6\" style=\"min-height:140px;\" maxlength=\"180\" ><\/textarea><span id=\"forminator-field-textarea-1_69d0dc5bc6f8d-description\" class=\"forminator-description\"><span data-limit=\"180\" data-type=\"characters\" data-editor=\"\">0 \/ 180<\/span><\/span><\/div><\/div><\/div><div class=\"forminator-row\"><div id=\"consent-1\" class=\"forminator-field-consent forminator-col forminator-col-12 \"><div class=\"forminator-field\"><label for=\"forminator-field-consent-1_69d0dc5bc6f8d\" id=\"forminator-field-consent-1_69d0dc5bc6f8d-label\" class=\"forminator-label\">Consent <span class=\"forminator-required\">*<\/span><\/label><div class=\"forminator-checkbox__wrapper\"><label id=\"forminator-field-consent-1_69d0dc5bc6f8d__label\" class=\"forminator-checkbox forminator-consent\" aria-labelledby=\"forminator-field-consent-1_69d0dc5bc6f8d-label\"><input type=\"checkbox\" name=\"consent-1\" id=\"forminator-field-consent-1_69d0dc5bc6f8d\" value=\"checked\" aria-labelledby=\"forminator-field-consent-1_69d0dc5bc6f8d-label\" aria-describedby=\"forminator-field-consent-1_69d0dc5bc6f8d__description\" data-required=\"true\" aria-required=\"true\" \/><span class=\"forminator-checkbox-box\" aria-hidden=\"true\"><\/span><\/label><div id=\"forminator-field-consent-1_69d0dc5bc6f8d__description\" class=\"forminator-checkbox__label forminator-consent__label\"><p>S\u00ed, estoy de acuerdo con <a rel=\"noopener\" target=\"_blank\" href=\"https:\/\/www.biomore.eu\/es\/privacy-information\/\">la pol\u00edtica de privacidad<\/a> y l<a rel=\"noopener\" target=\"_blank\" href=\"https:\/\/www.biomore.eu\/es\/terms-and-conditions\/\">os t\u00e9rminos y condiciones.<\/a><\/p><\/div><\/div><\/div><\/div><\/div><div class=\"forminator-row\"><div id=\"captcha-1\" class=\"forminator-field-captcha forminator-col forminator-col-12 \"><div class=\"forminator-captcha-left forminator-g-recaptcha recaptcha-invisible\" data-theme=\"light\" data-badge=\"bottomright\" data-sitekey=\"6Lc28KYbAAAAAGMSFXgU05HPiFlCJQd8X4y_SB_Z\" data-size=\"invisible\"><\/div> <\/div><\/div><input type=\"hidden\" name=\"referer_url\" value=\"\" \/><div class=\"forminator-row forminator-row-last\"><div class=\"forminator-col\"><div class=\"forminator-field\"><button class=\"forminator-button forminator-button-submit\"><span>Enviar mensaje<\/span><span aria-hidden=\"true\"><\/span><\/button><\/div><\/div><\/div><input type=\"hidden\" id=\"forminator_nonce\" name=\"forminator_nonce\" value=\"7d7e77456c\" \/><input type=\"hidden\" name=\"_wp_http_referer\" value=\"\/es\/wp-json\/wp\/v2\/pages\/908\" \/><input type=\"hidden\" name=\"form_id\" value=\"3989\"><input type=\"hidden\" name=\"page_id\" value=\"908\"><input type=\"hidden\" name=\"form_type\" value=\"default\"><input type=\"hidden\" name=\"current_url\" value=\"https:\/\/www.biomore.eu\/es\/contactenos\/\"><input type=\"hidden\" name=\"render_id\" value=\"0\"><input type=\"hidden\" name=\"action\" value=\"forminator_submit_form_custom-forms\"><label for=\"input_6\" class=\"forminator-hidden\" aria-hidden=\"true\">Por favor, no rellenes este campo. <input id=\"input_6\" type=\"text\" name=\"input_6\" value=\"\" autocomplete=\"off\"><\/label><\/form>\n<\/div>\n<\/div>\n","protected":false},"excerpt":{"rendered":"<p>Biocoherence Nederland Direcci\u00f3nCorreo electr\u00f3nicoTel\u00e9fono Planetenveld 23, 3893 GE, NLinfo@biocoherence.eu+31621100117 P\u00f3ngase en contacto con nosotros<\/p>\n","protected":false},"author":1,"featured_media":0,"parent":0,"menu_order":0,"comment_status":"closed","ping_status":"closed","template":"","meta":{"_uag_custom_page_level_css":"","footnotes":""},"class_list":["post-908","page","type-page","status-publish","hentry"],"yoast_head":"<!-- This site is optimized with the Yoast SEO plugin v26.6 - https:\/\/yoast.com\/wordpress\/plugins\/seo\/ -->\n<title>Contact us<\/title>\n<meta name=\"description\" content=\"Business Information: Address - email and more!\" \/>\n<meta name=\"robots\" content=\"index, follow, max-snippet:-1, max-image-preview:large, max-video-preview:-1\" \/>\n<link rel=\"canonical\" href=\"https:\/\/www.biomore.eu\/es\/contactenos\/\" \/>\n<meta property=\"og:locale\" content=\"es_ES\" \/>\n<meta property=\"og:type\" content=\"article\" \/>\n<meta property=\"og:title\" content=\"Contact us\" \/>\n<meta property=\"og:description\" content=\"Business Information: Address - email and more!\" \/>\n<meta property=\"og:url\" content=\"https:\/\/www.biomore.eu\/es\/contactenos\/\" \/>\n<meta property=\"og:site_name\" content=\"Biomore\" \/>\n<meta property=\"article:modified_time\" content=\"2025-01-22T11:18:03+00:00\" \/>\n<meta property=\"og:image\" content=\"https:\/\/www.biomore.eu\/wp-content\/uploads\/2025\/01\/Planetenveld-23-2.png\" \/>\n\t<meta property=\"og:image:width\" content=\"640\" \/>\n\t<meta property=\"og:image:height\" content=\"499\" \/>\n\t<meta property=\"og:image:type\" content=\"image\/png\" \/>\n<meta name=\"twitter:card\" content=\"summary_large_image\" \/>\n<meta name=\"twitter:label1\" content=\"Tiempo de lectura\" \/>\n\t<meta name=\"twitter:data1\" content=\"1 minuto\" \/>\n<script type=\"application\/ld+json\" class=\"yoast-schema-graph\">{\"@context\":\"https:\/\/schema.org\",\"@graph\":[{\"@type\":\"WebPage\",\"@id\":\"https:\/\/www.biomore.eu\/es\/contactenos\/\",\"url\":\"https:\/\/www.biomore.eu\/es\/contactenos\/\",\"name\":\"Contact us\",\"isPartOf\":{\"@id\":\"https:\/\/www.biomore.eu\/de\/#website\"},\"primaryImageOfPage\":{\"@id\":\"https:\/\/www.biomore.eu\/es\/contactenos\/#primaryimage\"},\"image\":{\"@id\":\"https:\/\/www.biomore.eu\/es\/contactenos\/#primaryimage\"},\"thumbnailUrl\":\"https:\/\/www.biomore.eu\/wp-content\/uploads\/2025\/01\/Planetenveld-23-2.png\",\"datePublished\":\"2018-07-19T20:31:29+00:00\",\"dateModified\":\"2025-01-22T11:18:03+00:00\",\"description\":\"Business Information: Address - email and more!\",\"breadcrumb\":{\"@id\":\"https:\/\/www.biomore.eu\/es\/contactenos\/#breadcrumb\"},\"inLanguage\":\"es\",\"potentialAction\":[{\"@type\":\"ReadAction\",\"target\":[\"https:\/\/www.biomore.eu\/es\/contactenos\/\"]}]},{\"@type\":\"ImageObject\",\"inLanguage\":\"es\",\"@id\":\"https:\/\/www.biomore.eu\/es\/contactenos\/#primaryimage\",\"url\":\"https:\/\/www.biomore.eu\/wp-content\/uploads\/2025\/01\/Planetenveld-23-2.png\",\"contentUrl\":\"https:\/\/www.biomore.eu\/wp-content\/uploads\/2025\/01\/Planetenveld-23-2.png\"},{\"@type\":\"BreadcrumbList\",\"@id\":\"https:\/\/www.biomore.eu\/es\/contactenos\/#breadcrumb\",\"itemListElement\":[{\"@type\":\"ListItem\",\"position\":1,\"name\":\"Home\",\"item\":\"https:\/\/www.biomore.eu\/es\/\"},{\"@type\":\"ListItem\",\"position\":2,\"name\":\"Cont\u00e1ctenos\"}]},{\"@type\":\"WebSite\",\"@id\":\"https:\/\/www.biomore.eu\/de\/#website\",\"url\":\"https:\/\/www.biomore.eu\/de\/\",\"name\":\"Biomore\",\"description\":\"\",\"potentialAction\":[{\"@type\":\"SearchAction\",\"target\":{\"@type\":\"EntryPoint\",\"urlTemplate\":\"https:\/\/www.biomore.eu\/de\/?s={search_term_string}\"},\"query-input\":{\"@type\":\"PropertyValueSpecification\",\"valueRequired\":true,\"valueName\":\"search_term_string\"}}],\"inLanguage\":\"es\"}]}<\/script>\n<!-- \/ Yoast SEO plugin. -->","yoast_head_json":{"title":"Contact us","description":"Business Information: Address - email and more!","robots":{"index":"index","follow":"follow","max-snippet":"max-snippet:-1","max-image-preview":"max-image-preview:large","max-video-preview":"max-video-preview:-1"},"canonical":"https:\/\/www.biomore.eu\/es\/contactenos\/","og_locale":"es_ES","og_type":"article","og_title":"Contact us","og_description":"Business Information: Address - email and more!","og_url":"https:\/\/www.biomore.eu\/es\/contactenos\/","og_site_name":"Biomore","article_modified_time":"2025-01-22T11:18:03+00:00","og_image":[{"width":640,"height":499,"url":"https:\/\/www.biomore.eu\/wp-content\/uploads\/2025\/01\/Planetenveld-23-2.png","type":"image\/png"}],"twitter_card":"summary_large_image","twitter_misc":{"Tiempo de lectura":"1 minuto"},"schema":{"@context":"https:\/\/schema.org","@graph":[{"@type":"WebPage","@id":"https:\/\/www.biomore.eu\/es\/contactenos\/","url":"https:\/\/www.biomore.eu\/es\/contactenos\/","name":"Contact us","isPartOf":{"@id":"https:\/\/www.biomore.eu\/de\/#website"},"primaryImageOfPage":{"@id":"https:\/\/www.biomore.eu\/es\/contactenos\/#primaryimage"},"image":{"@id":"https:\/\/www.biomore.eu\/es\/contactenos\/#primaryimage"},"thumbnailUrl":"https:\/\/www.biomore.eu\/wp-content\/uploads\/2025\/01\/Planetenveld-23-2.png","datePublished":"2018-07-19T20:31:29+00:00","dateModified":"2025-01-22T11:18:03+00:00","description":"Business Information: Address - email and more!","breadcrumb":{"@id":"https:\/\/www.biomore.eu\/es\/contactenos\/#breadcrumb"},"inLanguage":"es","potentialAction":[{"@type":"ReadAction","target":["https:\/\/www.biomore.eu\/es\/contactenos\/"]}]},{"@type":"ImageObject","inLanguage":"es","@id":"https:\/\/www.biomore.eu\/es\/contactenos\/#primaryimage","url":"https:\/\/www.biomore.eu\/wp-content\/uploads\/2025\/01\/Planetenveld-23-2.png","contentUrl":"https:\/\/www.biomore.eu\/wp-content\/uploads\/2025\/01\/Planetenveld-23-2.png"},{"@type":"BreadcrumbList","@id":"https:\/\/www.biomore.eu\/es\/contactenos\/#breadcrumb","itemListElement":[{"@type":"ListItem","position":1,"name":"Home","item":"https:\/\/www.biomore.eu\/es\/"},{"@type":"ListItem","position":2,"name":"Cont\u00e1ctenos"}]},{"@type":"WebSite","@id":"https:\/\/www.biomore.eu\/de\/#website","url":"https:\/\/www.biomore.eu\/de\/","name":"Biomore","description":"","potentialAction":[{"@type":"SearchAction","target":{"@type":"EntryPoint","urlTemplate":"https:\/\/www.biomore.eu\/de\/?s={search_term_string}"},"query-input":{"@type":"PropertyValueSpecification","valueRequired":true,"valueName":"search_term_string"}}],"inLanguage":"es"}]}},"uagb_featured_image_src":{"full":false,"thumbnail":false,"medium":false,"medium_large":false,"large":false,"1536x1536":false,"2048x2048":false,"post-thumbnail":false,"sober-blog-thumbnail":false,"sober-blog-grid":false,"sober-widget-thumbnail":false,"woocommerce_thumbnail":false,"woocommerce_single":false,"woocommerce_gallery_thumbnail":false,"sober_wc_gallery_thumbnail":false},"uagb_author_info":{"display_name":"Jan Pieter","author_link":"https:\/\/www.biomore.eu\/es\/author\/admin\/"},"uagb_comment_info":0,"uagb_excerpt":"Biocoherence Nederland Direcci\u00f3nCorreo electr\u00f3nicoTel\u00e9fono Planetenveld 23, 3893 GE, NLinfo@biocoherence.eu+31621100117 P\u00f3ngase en contacto con nosotros","_links":{"self":[{"href":"https:\/\/www.biomore.eu\/es\/wp-json\/wp\/v2\/pages\/908","targetHints":{"allow":["GET"]}}],"collection":[{"href":"https:\/\/www.biomore.eu\/es\/wp-json\/wp\/v2\/pages"}],"about":[{"href":"https:\/\/www.biomore.eu\/es\/wp-json\/wp\/v2\/types\/page"}],"author":[{"embeddable":true,"href":"https:\/\/www.biomore.eu\/es\/wp-json\/wp\/v2\/users\/1"}],"replies":[{"embeddable":true,"href":"https:\/\/www.biomore.eu\/es\/wp-json\/wp\/v2\/comments?post=908"}],"version-history":[{"count":0,"href":"https:\/\/www.biomore.eu\/es\/wp-json\/wp\/v2\/pages\/908\/revisions"}],"wp:attachment":[{"href":"https:\/\/www.biomore.eu\/es\/wp-json\/wp\/v2\/media?parent=908"}],"curies":[{"name":"wp","href":"https:\/\/api.w.org\/{rel}","templated":true}]}}