{"id":832,"date":"2017-11-24T18:52:35","date_gmt":"2017-11-24T17:52:35","guid":{"rendered":"https:\/\/www.biomore.eu\/product\/relaxxx\/"},"modified":"2025-02-18T12:05:16","modified_gmt":"2025-02-18T11:05:16","slug":"relaxxx","status":"publish","type":"product","link":"https:\/\/www.biomore.eu\/de\/product\/relaxxx\/","title":{"rendered":"Relaxxx &#8211; Magnesiumbicarbonat"},"content":{"rendered":"<p>Ein erwachsener K\u00f6rper enth\u00e4lt ungef\u00e4hr 25 g Magnesium, wobei 50% bis 60% in den Knochen und der gr\u00f6\u00dfte Teil in Weichteilen vorhanden sind. In der t\u00e4glichen Arbeit und Bewegung \/ im Sport spielt Magnesium eine grundlegende Rolle f\u00fcr optimale Muskelfunktionen und den Energiestoffwechsel. Magnesium hilft bei der Verringerung von M\u00fcdigkeit. Magnesium und Calcium sind Antagonisten. Dies bedeutet, dass eine hohe Konzentration an Magnesium dem K\u00f6rper hilft, Kalzium aus den Weichteilen auszuscheiden.<\/p>\n<p><strong>Magnesiumbicarbonat<\/strong> ist der bequemste Weg, um Ihren K\u00f6rper mit der notwendigen Menge Magnesium aufzuf\u00fcllen. Sehr hohe Bioverf\u00fcgbarkeit, kein Kalzium und Bicarbonat tragen zur Aufrechterhaltung des Blut-pH bei. Dieses Produkt hilft dem K\u00f6rper, \u00fcbersch\u00fcssiges Kalzium auszuscheiden. Das in der <a href=\"https:\/\/www.biocoherence.eu\/en\/hair-mineral-analysis\/\" target=\"_blank\" rel=\"noopener\">Haargewebe-Mineralanalyse<\/a> ermittelte Calcium \/ Magnesium-Verh\u00e4ltnis kann innerhalb einiger Monate auf normale Werte eingestellt werden.<\/p>\n<p>Die L\u00f6sung ist ein Konzentrat (37 g \/ l Magnesiumbicarbonat) und muss vor Gebrauch verd\u00fcnnt werden! Diese Flasche entspricht Ihren Bed\u00fcrfnissen w\u00e4hrend 4-8 Wochen, abh\u00e4ngig von der verwendeten Verd\u00fcnnung.<\/p>\n","protected":false},"excerpt":{"rendered":"<p><strong>Magnesiumbicarbonat<\/strong> ist der bequemste Weg, um Ihren K\u00f6rper mit der notwendigen Menge Magnesium aufzuf\u00fcllen. Sehr hohe Bioverf\u00fcgbarkeit, kein Kalzium und Bicarbonat tragen zur Aufrechterhaltung des Blut-pH bei.<\/p>\n<p>Die L\u00f6sung ist ein Konzentrat (37 g \/ l) und muss vor Gebrauch verd\u00fcnnt werden! Diese Flasche entspricht Ihren Bed\u00fcrfnissen w\u00e4hrend 4-8 Wochen, abh\u00e4ngig von der verwendeten Verd\u00fcnnung.<\/p>\n","protected":false},"featured_media":4243,"comment_status":"open","ping_status":"closed","template":"","meta":{"_uag_custom_page_level_css":""},"product_brand":[],"product_cat":[38,37],"product_tag":[],"class_list":{"0":"post-832","1":"product","2":"type-product","3":"status-publish","4":"has-post-thumbnail","6":"product_cat-gelenk-und-knochen","7":"product_cat-muskeln","9":"first","10":"instock","11":"taxable","12":"shipping-taxable","13":"purchasable","14":"product-type-variable","15":"layout-style-2","16":"col-md-4 col-sm-4 col-xs-6","17":"col-lg-3","18":"product-style-quickview"},"yoast_head":"<!-- This site is optimized with the Yoast SEO plugin v26.6 - https:\/\/yoast.com\/wordpress\/plugins\/seo\/ -->\n<title>Relaxxx - Magnesiumbicarbonat<\/title>\n<meta name=\"description\" content=\"Magnesiumbicarbonat ist der bequemste Weg, um Ihren K\u00f6rper mit der notwendigen Menge Magnesium aufzuf\u00fcllen.\" \/>\n<meta name=\"robots\" content=\"index, follow, max-snippet:-1, max-image-preview:large, max-video-preview:-1\" \/>\n<link rel=\"canonical\" href=\"https:\/\/www.biomore.eu\/de\/product\/relaxxx\/\" \/>\n<meta property=\"og:locale\" content=\"de_DE\" \/>\n<meta property=\"og:type\" content=\"article\" \/>\n<meta property=\"og:title\" content=\"Relaxxx - Magnesiumbicarbonat\" \/>\n<meta property=\"og:description\" content=\"Magnesiumbicarbonat ist der bequemste Weg, um Ihren K\u00f6rper mit der notwendigen Menge Magnesium aufzuf\u00fcllen.\" \/>\n<meta property=\"og:url\" content=\"https:\/\/www.biomore.eu\/de\/product\/relaxxx\/\" \/>\n<meta property=\"og:site_name\" content=\"Biomore\" \/>\n<meta property=\"article:modified_time\" content=\"2025-02-18T11:05:16+00:00\" \/>\n<meta property=\"og:image\" content=\"https:\/\/www.biomore.eu\/wp-content\/uploads\/2020\/10\/Relaxxx-duo-UK.png\" \/>\n\t<meta property=\"og:image:width\" content=\"900\" \/>\n\t<meta property=\"og:image:height\" content=\"900\" \/>\n\t<meta property=\"og:image:type\" content=\"image\/png\" \/>\n<meta name=\"twitter:card\" content=\"summary_large_image\" \/>\n<meta name=\"twitter:label1\" content=\"Gesch\u00e4tzte Lesezeit\" \/>\n\t<meta name=\"twitter:data1\" content=\"1\u00a0Minute\" \/>\n<script type=\"application\/ld+json\" class=\"yoast-schema-graph\">{\"@context\":\"https:\/\/schema.org\",\"@graph\":[{\"@type\":\"WebPage\",\"@id\":\"https:\/\/www.biomore.eu\/de\/product\/relaxxx\/\",\"url\":\"https:\/\/www.biomore.eu\/de\/product\/relaxxx\/\",\"name\":\"Relaxxx - Magnesiumbicarbonat\",\"isPartOf\":{\"@id\":\"https:\/\/www.biomore.eu\/de\/#website\"},\"primaryImageOfPage\":{\"@id\":\"https:\/\/www.biomore.eu\/de\/product\/relaxxx\/#primaryimage\"},\"image\":{\"@id\":\"https:\/\/www.biomore.eu\/de\/product\/relaxxx\/#primaryimage\"},\"thumbnailUrl\":\"https:\/\/www.biomore.eu\/wp-content\/uploads\/2025\/07\/Relaxxx-duo-UK.webp\",\"datePublished\":\"2017-11-24T17:52:35+00:00\",\"dateModified\":\"2025-02-18T11:05:16+00:00\",\"description\":\"Magnesiumbicarbonat ist der bequemste Weg, um Ihren K\u00f6rper mit der notwendigen Menge Magnesium aufzuf\u00fcllen.\",\"breadcrumb\":{\"@id\":\"https:\/\/www.biomore.eu\/de\/product\/relaxxx\/#breadcrumb\"},\"inLanguage\":\"de\",\"potentialAction\":[{\"@type\":\"ReadAction\",\"target\":[\"https:\/\/www.biomore.eu\/de\/product\/relaxxx\/\"]}]},{\"@type\":\"ImageObject\",\"inLanguage\":\"de\",\"@id\":\"https:\/\/www.biomore.eu\/de\/product\/relaxxx\/#primaryimage\",\"url\":\"https:\/\/www.biomore.eu\/wp-content\/uploads\/2025\/07\/Relaxxx-duo-UK.webp\",\"contentUrl\":\"https:\/\/www.biomore.eu\/wp-content\/uploads\/2025\/07\/Relaxxx-duo-UK.webp\",\"width\":900,\"height\":900,\"caption\":\"Magnesium bicarbonate\"},{\"@type\":\"BreadcrumbList\",\"@id\":\"https:\/\/www.biomore.eu\/de\/product\/relaxxx\/#breadcrumb\",\"itemListElement\":[{\"@type\":\"ListItem\",\"position\":1,\"name\":\"Home\",\"item\":\"https:\/\/www.biomore.eu\/de\/\"},{\"@type\":\"ListItem\",\"position\":2,\"name\":\"Shop\",\"item\":\"https:\/\/www.biomore.eu\/de\/shop\/\"},{\"@type\":\"ListItem\",\"position\":3,\"name\":\"Relaxxx &#8211; Magnesiumbicarbonat\"}]},{\"@type\":\"WebSite\",\"@id\":\"https:\/\/www.biomore.eu\/de\/#website\",\"url\":\"https:\/\/www.biomore.eu\/de\/\",\"name\":\"Biomore\",\"description\":\"\",\"potentialAction\":[{\"@type\":\"SearchAction\",\"target\":{\"@type\":\"EntryPoint\",\"urlTemplate\":\"https:\/\/www.biomore.eu\/de\/?s={search_term_string}\"},\"query-input\":{\"@type\":\"PropertyValueSpecification\",\"valueRequired\":true,\"valueName\":\"search_term_string\"}}],\"inLanguage\":\"de\"}]}<\/script>\n<!-- \/ Yoast SEO plugin. -->","yoast_head_json":{"title":"Relaxxx - Magnesiumbicarbonat","description":"Magnesiumbicarbonat ist der bequemste Weg, um Ihren K\u00f6rper mit der notwendigen Menge Magnesium aufzuf\u00fcllen.","robots":{"index":"index","follow":"follow","max-snippet":"max-snippet:-1","max-image-preview":"max-image-preview:large","max-video-preview":"max-video-preview:-1"},"canonical":"https:\/\/www.biomore.eu\/de\/product\/relaxxx\/","og_locale":"de_DE","og_type":"article","og_title":"Relaxxx - Magnesiumbicarbonat","og_description":"Magnesiumbicarbonat ist der bequemste Weg, um Ihren K\u00f6rper mit der notwendigen Menge Magnesium aufzuf\u00fcllen.","og_url":"https:\/\/www.biomore.eu\/de\/product\/relaxxx\/","og_site_name":"Biomore","article_modified_time":"2025-02-18T11:05:16+00:00","og_image":[{"width":900,"height":900,"url":"https:\/\/www.biomore.eu\/wp-content\/uploads\/2020\/10\/Relaxxx-duo-UK.png","type":"image\/png"}],"twitter_card":"summary_large_image","twitter_misc":{"Gesch\u00e4tzte Lesezeit":"1\u00a0Minute"},"schema":{"@context":"https:\/\/schema.org","@graph":[{"@type":"WebPage","@id":"https:\/\/www.biomore.eu\/de\/product\/relaxxx\/","url":"https:\/\/www.biomore.eu\/de\/product\/relaxxx\/","name":"Relaxxx - Magnesiumbicarbonat","isPartOf":{"@id":"https:\/\/www.biomore.eu\/de\/#website"},"primaryImageOfPage":{"@id":"https:\/\/www.biomore.eu\/de\/product\/relaxxx\/#primaryimage"},"image":{"@id":"https:\/\/www.biomore.eu\/de\/product\/relaxxx\/#primaryimage"},"thumbnailUrl":"https:\/\/www.biomore.eu\/wp-content\/uploads\/2025\/07\/Relaxxx-duo-UK.webp","datePublished":"2017-11-24T17:52:35+00:00","dateModified":"2025-02-18T11:05:16+00:00","description":"Magnesiumbicarbonat ist der bequemste Weg, um Ihren K\u00f6rper mit der notwendigen Menge Magnesium aufzuf\u00fcllen.","breadcrumb":{"@id":"https:\/\/www.biomore.eu\/de\/product\/relaxxx\/#breadcrumb"},"inLanguage":"de","potentialAction":[{"@type":"ReadAction","target":["https:\/\/www.biomore.eu\/de\/product\/relaxxx\/"]}]},{"@type":"ImageObject","inLanguage":"de","@id":"https:\/\/www.biomore.eu\/de\/product\/relaxxx\/#primaryimage","url":"https:\/\/www.biomore.eu\/wp-content\/uploads\/2025\/07\/Relaxxx-duo-UK.webp","contentUrl":"https:\/\/www.biomore.eu\/wp-content\/uploads\/2025\/07\/Relaxxx-duo-UK.webp","width":900,"height":900,"caption":"Magnesium bicarbonate"},{"@type":"BreadcrumbList","@id":"https:\/\/www.biomore.eu\/de\/product\/relaxxx\/#breadcrumb","itemListElement":[{"@type":"ListItem","position":1,"name":"Home","item":"https:\/\/www.biomore.eu\/de\/"},{"@type":"ListItem","position":2,"name":"Shop","item":"https:\/\/www.biomore.eu\/de\/shop\/"},{"@type":"ListItem","position":3,"name":"Relaxxx &#8211; Magnesiumbicarbonat"}]},{"@type":"WebSite","@id":"https:\/\/www.biomore.eu\/de\/#website","url":"https:\/\/www.biomore.eu\/de\/","name":"Biomore","description":"","potentialAction":[{"@type":"SearchAction","target":{"@type":"EntryPoint","urlTemplate":"https:\/\/www.biomore.eu\/de\/?s={search_term_string}"},"query-input":{"@type":"PropertyValueSpecification","valueRequired":true,"valueName":"search_term_string"}}],"inLanguage":"de"}]}},"uagb_featured_image_src":{"full":["https:\/\/www.biomore.eu\/wp-content\/uploads\/2025\/07\/Relaxxx-duo-UK.webp",900,900,false],"thumbnail":["https:\/\/www.biomore.eu\/wp-content\/uploads\/2025\/07\/Relaxxx-duo-UK-150x150.webp",150,150,true],"medium":["https:\/\/www.biomore.eu\/wp-content\/uploads\/2025\/07\/Relaxxx-duo-UK-300x300.webp",300,300,true],"medium_large":["https:\/\/www.biomore.eu\/wp-content\/uploads\/2025\/07\/Relaxxx-duo-UK-768x768.webp",640,640,true],"large":["https:\/\/www.biomore.eu\/wp-content\/uploads\/2025\/07\/Relaxxx-duo-UK.webp",640,640,false],"1536x1536":["https:\/\/www.biomore.eu\/wp-content\/uploads\/2025\/07\/Relaxxx-duo-UK.webp",900,900,false],"2048x2048":["https:\/\/www.biomore.eu\/wp-content\/uploads\/2025\/07\/Relaxxx-duo-UK.webp",900,900,false],"post-thumbnail":["https:\/\/www.biomore.eu\/wp-content\/uploads\/2025\/07\/Relaxxx-duo-UK-100x100.webp",100,100,true],"sober-blog-thumbnail":["https:\/\/www.biomore.eu\/wp-content\/uploads\/2025\/07\/Relaxxx-duo-UK-750x480.webp",750,480,true],"sober-blog-grid":["https:\/\/www.biomore.eu\/wp-content\/uploads\/2025\/07\/Relaxxx-duo-UK-360x240.webp",360,240,true],"sober-widget-thumbnail":["https:\/\/www.biomore.eu\/wp-content\/uploads\/2025\/07\/Relaxxx-duo-UK-100x100.webp",100,100,true],"woocommerce_thumbnail":["https:\/\/www.biomore.eu\/wp-content\/uploads\/2025\/07\/Relaxxx-duo-UK-433x516.webp",433,516,true],"woocommerce_single":["https:\/\/www.biomore.eu\/wp-content\/uploads\/2025\/07\/Relaxxx-duo-UK-897x897.webp",897,897,true],"woocommerce_gallery_thumbnail":["https:\/\/www.biomore.eu\/wp-content\/uploads\/2025\/07\/Relaxxx-duo-UK-80x100.webp",80,100,true],"sober_wc_gallery_thumbnail":["https:\/\/www.biomore.eu\/wp-content\/uploads\/2025\/07\/Relaxxx-duo-UK-160x200.webp",160,200,true]},"uagb_author_info":{"display_name":"Jan Pieter","author_link":"https:\/\/www.biomore.eu\/de\/author\/"},"uagb_comment_info":2,"uagb_excerpt":"Magnesiumbicarbonat ist der bequemste Weg, um Ihren K\u00f6rper mit der notwendigen Menge Magnesium aufzuf\u00fcllen. Sehr hohe Bioverf\u00fcgbarkeit, kein Kalzium und Bicarbonat tragen zur Aufrechterhaltung des Blut-pH bei. Die L\u00f6sung ist ein Konzentrat (37 g \/ l) und muss vor Gebrauch verd\u00fcnnt werden! Diese Flasche entspricht Ihren Bed\u00fcrfnissen w\u00e4hrend 4-8 Wochen, abh\u00e4ngig von der verwendeten Verd\u00fcnnung.","_links":{"self":[{"href":"https:\/\/www.biomore.eu\/de\/wp-json\/wp\/v2\/product\/832","targetHints":{"allow":["GET"]}}],"collection":[{"href":"https:\/\/www.biomore.eu\/de\/wp-json\/wp\/v2\/product"}],"about":[{"href":"https:\/\/www.biomore.eu\/de\/wp-json\/wp\/v2\/types\/product"}],"replies":[{"embeddable":true,"href":"https:\/\/www.biomore.eu\/de\/wp-json\/wp\/v2\/comments?post=832"}],"wp:featuredmedia":[{"embeddable":true,"href":"https:\/\/www.biomore.eu\/de\/wp-json\/wp\/v2\/media\/4243"}],"wp:attachment":[{"href":"https:\/\/www.biomore.eu\/de\/wp-json\/wp\/v2\/media?parent=832"}],"wp:term":[{"taxonomy":"product_brand","embeddable":true,"href":"https:\/\/www.biomore.eu\/de\/wp-json\/wp\/v2\/product_brand?post=832"},{"taxonomy":"product_cat","embeddable":true,"href":"https:\/\/www.biomore.eu\/de\/wp-json\/wp\/v2\/product_cat?post=832"},{"taxonomy":"product_tag","embeddable":true,"href":"https:\/\/www.biomore.eu\/de\/wp-json\/wp\/v2\/product_tag?post=832"}],"curies":[{"name":"wp","href":"https:\/\/api.w.org\/{rel}","templated":true}]}}