{"id":2871,"date":"2022-10-08T10:44:36","date_gmt":"2022-10-08T09:44:37","guid":{"rendered":"https:\/\/www.biomore.eu\/?post_type=product&#038;p=2871"},"modified":"2023-12-14T13:37:21","modified_gmt":"2023-12-14T12:37:21","slug":"relaxxx-sleep","status":"publish","type":"product","link":"https:\/\/www.biomore.eu\/de\/product\/relaxxx-sleep\/","title":{"rendered":"Relaxxx-sleep 35 g\/L"},"content":{"rendered":"<p><strong>Relaxxx-Sleep ist eine Kombination aus Magnesiumbicarbonat und Magnesiumbisglycinat.<\/strong><\/p>\n<p>Ein erwachsener K\u00f6rper enth\u00e4lt ungef\u00e4hr 25 g Magnesium, von denen 50 bis 60 % in den Knochen und der gr\u00f6\u00dfte Teil des Rests in den Weichteilen vorhanden sind. In der t\u00e4glichen Arbeit und Bewegung \/ Sport spielt Magnesium eine grundlegende Rolle f\u00fcr eine optimale Muskelfunktion und den Energiestoffwechsel. Magnesium hilft bei der Verringerung von M\u00fcdigkeitsgef\u00fchlen. Magnesium und Calcium sind Antagonisten. Das bedeutet, dass eine hohe Magnesiumkonzentration dem K\u00f6rper hilft, Calcium aus den Weichteilen auszuscheiden.<\/p>\n<p><strong>Magnesiumbikarbonat<\/strong> ist die bequemste Art, Ihren K\u00f6rper mit der notwendigen Menge an Magnesium aufzuf\u00fcllen. Sehr hohe Bioverf\u00fcgbarkeit, kein Calcium vorhanden und Bikarbonat hilft, den pH-Wert des Blutes aufrechtzuerhalten. Dieses Produkt ist geeignet, um dem K\u00f6rper zu helfen, \u00fcbersch\u00fcssiges Calcium auszuscheiden. Das in der Haargewebe-Mineralanalyse ermittelte Calcium\/Magnesium-Verh\u00e4ltnis kann innerhalb einiger Monate auf normale Werte eingestellt werden.<\/p>\n<p>In dieser Formel wurde <strong>Magnesiumbisglycinat<\/strong> hinzugef\u00fcgt! Ein Konzentrat von 1 Liter enth\u00e4lt den Inhalt von 33 Tabletten Magnesiumbisglycinat 150 mg. Sie m\u00fcssen also keine schwierigen gro\u00dfen Tabletten mehr schlucken! Glycin ist eine nicht essentielle Aminos\u00e4ure, die f\u00fcr die kompakte Struktur des Proteins Kollagen verantwortlich ist. Der N\u00e4hrstoff normalisiert die Gehirnfunktion und f\u00f6rdert den Schlaf. In Kombination mit Magnesiumbicarbonat ist Relaxxx-Sleep die optimale Formel f\u00fcr einen erholsamen Schlaf!<\/p>\n<p>Das <strong>Relaxxx-Schlafgetr\u00e4nk<\/strong> ist ein Konzentrat (30 g\/L Magnesiumbicarbonat und 5 g\/L Magnesiumbisglycinat) und muss vor Gebrauch verd\u00fcnnt werden! Diese Flasche entspricht Ihren Bed\u00fcrfnissen w\u00e4hrend 4-8 Wochen, abh\u00e4ngig von der angewendeten Verd\u00fcnnung.<\/p>\n<p>Lesen Sie <a href=\"https:\/\/www.biomore.eu\/de\/magnesiumbicarbonat\/\"><strong>MEHR<\/strong><\/a> \u00fcber Magnesiumbicarbonat.<\/p>\n","protected":false},"excerpt":{"rendered":"<p><strong>Magnesiumbicarbonat<\/strong>\u00a0(30\u00a0g\/L) mit <strong>Magnesiumbisglycinat<\/strong>\u00a0(4,5\u00a0g\/L, keine sperrigen Tabletten mehr!)\u00a0ist der bequemste Weg, um Ihren K\u00f6rper mit der notwendigen Menge an Magnesium und Glycin aufzuf\u00fcllen. Ihre Muskeln k\u00f6nnen sich entspannen und Ihre Schlafqualit\u00e4t verbessert sich. Sehr hohe Bioverf\u00fcgbarkeit, kein Calcium vorhanden und Bikarbonat hilft, den pH-Wert des Blutes aufrechtzuerhalten. Die L\u00f6sung ist ein Konzentrat (35 g\/L) und muss vor Gebrauch verd\u00fcnnt werden! Diese Flasche entspricht Ihren Bed\u00fcrfnissen w\u00e4hrend 4-8 Wochen, abh\u00e4ngig von der angewendeten Verd\u00fcnnung.<\/p>\n","protected":false},"featured_media":4321,"comment_status":"open","ping_status":"closed","template":"","meta":{"_uag_custom_page_level_css":""},"product_brand":[],"product_cat":[38,37],"product_tag":[],"class_list":{"0":"post-2871","1":"product","2":"type-product","3":"status-publish","4":"has-post-thumbnail","6":"product_cat-gelenk-und-knochen","7":"product_cat-muskeln","9":"first","10":"instock","11":"taxable","12":"shipping-taxable","13":"purchasable","14":"product-type-variable","15":"layout-style-2","16":"col-md-4 col-sm-4 col-xs-6","17":"col-lg-3","18":"product-style-quickview"},"yoast_head":"<!-- This site is optimized with the Yoast SEO plugin v26.6 - https:\/\/yoast.com\/wordpress\/plugins\/seo\/ -->\n<title>Relaxxx-sleep<\/title>\n<meta name=\"description\" content=\"Relaxxx-Sleep ist eine Kombination aus Magnesiumbicarbonat und Magnesiumbisglycinat.\" \/>\n<meta name=\"robots\" content=\"index, follow, max-snippet:-1, max-image-preview:large, max-video-preview:-1\" \/>\n<link rel=\"canonical\" href=\"https:\/\/www.biomore.eu\/de\/product\/relaxxx-sleep\/\" \/>\n<meta property=\"og:locale\" content=\"de_DE\" \/>\n<meta property=\"og:type\" content=\"article\" \/>\n<meta property=\"og:title\" content=\"Relaxxx-sleep\" \/>\n<meta property=\"og:description\" content=\"Relaxxx-Sleep ist eine Kombination aus Magnesiumbicarbonat und Magnesiumbisglycinat.\" \/>\n<meta property=\"og:url\" content=\"https:\/\/www.biomore.eu\/de\/product\/relaxxx-sleep\/\" \/>\n<meta property=\"og:site_name\" content=\"Biomore\" \/>\n<meta property=\"article:modified_time\" content=\"2023-12-14T12:37:21+00:00\" \/>\n<meta property=\"og:image\" content=\"https:\/\/www.biomore.eu\/wp-content\/uploads\/2025\/07\/Relaxxx-Sleep-duo.webp\" \/>\n\t<meta property=\"og:image:width\" content=\"900\" \/>\n\t<meta property=\"og:image:height\" content=\"900\" \/>\n\t<meta property=\"og:image:type\" content=\"image\/webp\" \/>\n<meta name=\"twitter:card\" content=\"summary_large_image\" \/>\n<meta name=\"twitter:label1\" content=\"Gesch\u00e4tzte Lesezeit\" \/>\n\t<meta name=\"twitter:data1\" content=\"2\u00a0Minuten\" \/>\n<script type=\"application\/ld+json\" class=\"yoast-schema-graph\">{\"@context\":\"https:\/\/schema.org\",\"@graph\":[{\"@type\":\"WebPage\",\"@id\":\"https:\/\/www.biomore.eu\/de\/product\/relaxxx-sleep\/\",\"url\":\"https:\/\/www.biomore.eu\/de\/product\/relaxxx-sleep\/\",\"name\":\"Relaxxx-sleep\",\"isPartOf\":{\"@id\":\"https:\/\/www.biomore.eu\/de\/#website\"},\"primaryImageOfPage\":{\"@id\":\"https:\/\/www.biomore.eu\/de\/product\/relaxxx-sleep\/#primaryimage\"},\"image\":{\"@id\":\"https:\/\/www.biomore.eu\/de\/product\/relaxxx-sleep\/#primaryimage\"},\"thumbnailUrl\":\"https:\/\/www.biomore.eu\/wp-content\/uploads\/2025\/07\/Relaxxx-Sleep-duo.webp\",\"datePublished\":\"2022-10-08T09:44:37+00:00\",\"dateModified\":\"2023-12-14T12:37:21+00:00\",\"description\":\"Relaxxx-Sleep ist eine Kombination aus Magnesiumbicarbonat und Magnesiumbisglycinat.\",\"breadcrumb\":{\"@id\":\"https:\/\/www.biomore.eu\/de\/product\/relaxxx-sleep\/#breadcrumb\"},\"inLanguage\":\"de\",\"potentialAction\":[{\"@type\":\"ReadAction\",\"target\":[\"https:\/\/www.biomore.eu\/de\/product\/relaxxx-sleep\/\"]}]},{\"@type\":\"ImageObject\",\"inLanguage\":\"de\",\"@id\":\"https:\/\/www.biomore.eu\/de\/product\/relaxxx-sleep\/#primaryimage\",\"url\":\"https:\/\/www.biomore.eu\/wp-content\/uploads\/2025\/07\/Relaxxx-Sleep-duo.webp\",\"contentUrl\":\"https:\/\/www.biomore.eu\/wp-content\/uploads\/2025\/07\/Relaxxx-Sleep-duo.webp\",\"width\":900,\"height\":900,\"caption\":\"Relaxxx Sleep duo\"},{\"@type\":\"BreadcrumbList\",\"@id\":\"https:\/\/www.biomore.eu\/de\/product\/relaxxx-sleep\/#breadcrumb\",\"itemListElement\":[{\"@type\":\"ListItem\",\"position\":1,\"name\":\"Home\",\"item\":\"https:\/\/www.biomore.eu\/de\/\"},{\"@type\":\"ListItem\",\"position\":2,\"name\":\"Shop\",\"item\":\"https:\/\/www.biomore.eu\/de\/shop\/\"},{\"@type\":\"ListItem\",\"position\":3,\"name\":\"Relaxxx-sleep 35 g\/L\"}]},{\"@type\":\"WebSite\",\"@id\":\"https:\/\/www.biomore.eu\/de\/#website\",\"url\":\"https:\/\/www.biomore.eu\/de\/\",\"name\":\"Biomore\",\"description\":\"\",\"potentialAction\":[{\"@type\":\"SearchAction\",\"target\":{\"@type\":\"EntryPoint\",\"urlTemplate\":\"https:\/\/www.biomore.eu\/de\/?s={search_term_string}\"},\"query-input\":{\"@type\":\"PropertyValueSpecification\",\"valueRequired\":true,\"valueName\":\"search_term_string\"}}],\"inLanguage\":\"de\"}]}<\/script>\n<!-- \/ Yoast SEO plugin. -->","yoast_head_json":{"title":"Relaxxx-sleep","description":"Relaxxx-Sleep ist eine Kombination aus Magnesiumbicarbonat und Magnesiumbisglycinat.","robots":{"index":"index","follow":"follow","max-snippet":"max-snippet:-1","max-image-preview":"max-image-preview:large","max-video-preview":"max-video-preview:-1"},"canonical":"https:\/\/www.biomore.eu\/de\/product\/relaxxx-sleep\/","og_locale":"de_DE","og_type":"article","og_title":"Relaxxx-sleep","og_description":"Relaxxx-Sleep ist eine Kombination aus Magnesiumbicarbonat und Magnesiumbisglycinat.","og_url":"https:\/\/www.biomore.eu\/de\/product\/relaxxx-sleep\/","og_site_name":"Biomore","article_modified_time":"2023-12-14T12:37:21+00:00","og_image":[{"width":900,"height":900,"url":"https:\/\/www.biomore.eu\/wp-content\/uploads\/2025\/07\/Relaxxx-Sleep-duo.webp","type":"image\/webp"}],"twitter_card":"summary_large_image","twitter_misc":{"Gesch\u00e4tzte Lesezeit":"2\u00a0Minuten"},"schema":{"@context":"https:\/\/schema.org","@graph":[{"@type":"WebPage","@id":"https:\/\/www.biomore.eu\/de\/product\/relaxxx-sleep\/","url":"https:\/\/www.biomore.eu\/de\/product\/relaxxx-sleep\/","name":"Relaxxx-sleep","isPartOf":{"@id":"https:\/\/www.biomore.eu\/de\/#website"},"primaryImageOfPage":{"@id":"https:\/\/www.biomore.eu\/de\/product\/relaxxx-sleep\/#primaryimage"},"image":{"@id":"https:\/\/www.biomore.eu\/de\/product\/relaxxx-sleep\/#primaryimage"},"thumbnailUrl":"https:\/\/www.biomore.eu\/wp-content\/uploads\/2025\/07\/Relaxxx-Sleep-duo.webp","datePublished":"2022-10-08T09:44:37+00:00","dateModified":"2023-12-14T12:37:21+00:00","description":"Relaxxx-Sleep ist eine Kombination aus Magnesiumbicarbonat und Magnesiumbisglycinat.","breadcrumb":{"@id":"https:\/\/www.biomore.eu\/de\/product\/relaxxx-sleep\/#breadcrumb"},"inLanguage":"de","potentialAction":[{"@type":"ReadAction","target":["https:\/\/www.biomore.eu\/de\/product\/relaxxx-sleep\/"]}]},{"@type":"ImageObject","inLanguage":"de","@id":"https:\/\/www.biomore.eu\/de\/product\/relaxxx-sleep\/#primaryimage","url":"https:\/\/www.biomore.eu\/wp-content\/uploads\/2025\/07\/Relaxxx-Sleep-duo.webp","contentUrl":"https:\/\/www.biomore.eu\/wp-content\/uploads\/2025\/07\/Relaxxx-Sleep-duo.webp","width":900,"height":900,"caption":"Relaxxx Sleep duo"},{"@type":"BreadcrumbList","@id":"https:\/\/www.biomore.eu\/de\/product\/relaxxx-sleep\/#breadcrumb","itemListElement":[{"@type":"ListItem","position":1,"name":"Home","item":"https:\/\/www.biomore.eu\/de\/"},{"@type":"ListItem","position":2,"name":"Shop","item":"https:\/\/www.biomore.eu\/de\/shop\/"},{"@type":"ListItem","position":3,"name":"Relaxxx-sleep 35 g\/L"}]},{"@type":"WebSite","@id":"https:\/\/www.biomore.eu\/de\/#website","url":"https:\/\/www.biomore.eu\/de\/","name":"Biomore","description":"","potentialAction":[{"@type":"SearchAction","target":{"@type":"EntryPoint","urlTemplate":"https:\/\/www.biomore.eu\/de\/?s={search_term_string}"},"query-input":{"@type":"PropertyValueSpecification","valueRequired":true,"valueName":"search_term_string"}}],"inLanguage":"de"}]}},"uagb_featured_image_src":{"full":["https:\/\/www.biomore.eu\/wp-content\/uploads\/2025\/07\/Relaxxx-Sleep-duo.webp",900,900,false],"thumbnail":["https:\/\/www.biomore.eu\/wp-content\/uploads\/2025\/07\/Relaxxx-Sleep-duo-150x150.webp",150,150,true],"medium":["https:\/\/www.biomore.eu\/wp-content\/uploads\/2025\/07\/Relaxxx-Sleep-duo-300x300.webp",300,300,true],"medium_large":["https:\/\/www.biomore.eu\/wp-content\/uploads\/2025\/07\/Relaxxx-Sleep-duo-768x768.webp",640,640,true],"large":["https:\/\/www.biomore.eu\/wp-content\/uploads\/2025\/07\/Relaxxx-Sleep-duo.webp",640,640,false],"1536x1536":["https:\/\/www.biomore.eu\/wp-content\/uploads\/2025\/07\/Relaxxx-Sleep-duo.webp",900,900,false],"2048x2048":["https:\/\/www.biomore.eu\/wp-content\/uploads\/2025\/07\/Relaxxx-Sleep-duo.webp",900,900,false],"post-thumbnail":["https:\/\/www.biomore.eu\/wp-content\/uploads\/2025\/07\/Relaxxx-Sleep-duo-100x100.webp",100,100,true],"sober-blog-thumbnail":["https:\/\/www.biomore.eu\/wp-content\/uploads\/2025\/07\/Relaxxx-Sleep-duo-750x480.webp",750,480,true],"sober-blog-grid":["https:\/\/www.biomore.eu\/wp-content\/uploads\/2025\/07\/Relaxxx-Sleep-duo-360x240.webp",360,240,true],"sober-widget-thumbnail":["https:\/\/www.biomore.eu\/wp-content\/uploads\/2025\/07\/Relaxxx-Sleep-duo-100x100.webp",100,100,true],"woocommerce_thumbnail":["https:\/\/www.biomore.eu\/wp-content\/uploads\/2025\/07\/Relaxxx-Sleep-duo-433x516.webp",433,516,true],"woocommerce_single":["https:\/\/www.biomore.eu\/wp-content\/uploads\/2025\/07\/Relaxxx-Sleep-duo-897x897.webp",897,897,true],"woocommerce_gallery_thumbnail":["https:\/\/www.biomore.eu\/wp-content\/uploads\/2025\/07\/Relaxxx-Sleep-duo-80x100.webp",80,100,true],"sober_wc_gallery_thumbnail":["https:\/\/www.biomore.eu\/wp-content\/uploads\/2025\/07\/Relaxxx-Sleep-duo-160x200.webp",160,200,true]},"uagb_author_info":{"display_name":"Jan Pieter","author_link":"https:\/\/www.biomore.eu\/de\/author\/"},"uagb_comment_info":0,"uagb_excerpt":"Magnesiumbicarbonat\u00a0(30\u00a0g\/L) mit Magnesiumbisglycinat\u00a0(4,5\u00a0g\/L, keine sperrigen Tabletten mehr!)\u00a0ist der bequemste Weg, um Ihren K\u00f6rper mit der notwendigen Menge an Magnesium und Glycin aufzuf\u00fcllen. Ihre Muskeln k\u00f6nnen sich entspannen und Ihre Schlafqualit\u00e4t verbessert sich. Sehr hohe Bioverf\u00fcgbarkeit, kein Calcium vorhanden und Bikarbonat hilft, den pH-Wert des Blutes aufrechtzuerhalten. Die L\u00f6sung ist ein Konzentrat (35 g\/L) und muss&hellip;","_links":{"self":[{"href":"https:\/\/www.biomore.eu\/de\/wp-json\/wp\/v2\/product\/2871","targetHints":{"allow":["GET"]}}],"collection":[{"href":"https:\/\/www.biomore.eu\/de\/wp-json\/wp\/v2\/product"}],"about":[{"href":"https:\/\/www.biomore.eu\/de\/wp-json\/wp\/v2\/types\/product"}],"replies":[{"embeddable":true,"href":"https:\/\/www.biomore.eu\/de\/wp-json\/wp\/v2\/comments?post=2871"}],"wp:featuredmedia":[{"embeddable":true,"href":"https:\/\/www.biomore.eu\/de\/wp-json\/wp\/v2\/media\/4321"}],"wp:attachment":[{"href":"https:\/\/www.biomore.eu\/de\/wp-json\/wp\/v2\/media?parent=2871"}],"wp:term":[{"taxonomy":"product_brand","embeddable":true,"href":"https:\/\/www.biomore.eu\/de\/wp-json\/wp\/v2\/product_brand?post=2871"},{"taxonomy":"product_cat","embeddable":true,"href":"https:\/\/www.biomore.eu\/de\/wp-json\/wp\/v2\/product_cat?post=2871"},{"taxonomy":"product_tag","embeddable":true,"href":"https:\/\/www.biomore.eu\/de\/wp-json\/wp\/v2\/product_tag?post=2871"}],"curies":[{"name":"wp","href":"https:\/\/api.w.org\/{rel}","templated":true}]}}