{"id":1426,"date":"2021-01-01T23:34:08","date_gmt":"2021-01-01T22:34:08","guid":{"rendered":"https:\/\/www.biomore.eu\/product\/no-fenol\/"},"modified":"2021-01-03T23:37:18","modified_gmt":"2021-01-03T22:37:18","slug":"no-fenol","status":"publish","type":"product","link":"https:\/\/www.biomore.eu\/de\/product\/no-fenol\/","title":{"rendered":"No-Fenol"},"content":{"rendered":"<p><strong>No-Fenol<\/strong> wurde als Reaktion auf Anfragen nach einem Produkt entwickelt, das die Verdauung von Obst und Gem\u00fcse unterst\u00fctzt, ohne dass die mit Polyphenolverbindungen verbundenen Probleme auftreten. Antworten von Kunden zeigen, dass No-Fenol f\u00fcr viele die Zugabe dieser Lebensmittel zur Di\u00e4t ohne Komplikationen erlaubt.<\/p>\n<p>Alle Pflanzen enthalten einen gewissen Grad an Polyphenolverbindungen (manchmal als &#8222;Phenole&#8220; bezeichnet). Die Polyphenolstruktur selbst ist \u00fcberall in der Natur zu finden und f\u00fcr viele Lebensprozesse von wesentlicher Bedeutung. Gegenw\u00e4rtig wird angenommen, dass einige Menschen, einschlie\u00dflich einer Untergruppe von Kindern im Autismus-Spektrum, Schwierigkeiten bei der Verarbeitung von Polyphenolverbindungen haben. Dies kann zu Verhaltensproblemen und k\u00f6rperlichen Symptomen wie roten Ohren und Wangen sowie dunklen Ringen unter den Augen f\u00fchren.<\/p>\n<p>Obwohl die Gr\u00fcnde nicht genau definiert sind, wird angenommen, dass die Polyphenole in Lebensmitteln m\u00f6glicherweise in einem Teil eines Stoffwechselzyklus &#8222;eingeschlossen&#8220; werden, der vermutlich an verschiedenen Entgiftungswegen beteiligt ist.<\/p>\n<h3><strong>Literatur<\/strong><\/h3>\n<p>Die Forschungsliteratur weist darauf hin, dass einige Polyphenole durch Addition von Kohlenhydratgruppen an ihre Strukturen modifiziert werden, was ihre \u00dcberquerung in Zellen und ihre Metabolisierung hemmen kann. Die derzeitige Hypothese, warum No-Fenol helfen kann, beruht auf der F\u00e4higkeit der Enzyme in diesem Produkt, die Kohlenhydratgruppen aus den Polyphenolen zu entfernen und so eine normale Verarbeitung \u00fcber die Entgiftungswege zu erm\u00f6glichen. Es gibt keine Hinweise darauf, dass No-Fenol die polyphenolischen Strukturen direkt ver\u00e4ndert. Vielmehr kann der Erfolg von No-Fenol, die Zugabe von Polyphenolnahrungsmitteln in die Ern\u00e4hrung einiger zuzulassen, zu einer Neubewertung der Grundlage des Polyphenol- &#8222;Problems&#8220; f\u00fchren.<\/p>\n<h3><strong>Xylanase<\/strong><\/h3>\n<p>Das Enzym Xylanase ist der Hauptbestandteil von No-Fenol und ein Enzym, das zum Abbau der Strukturkomponenten von Pflanzenzellw\u00e4nden verwendet wird, bei denen es sich haupts\u00e4chlich um sehr komplexe Kohlenhydrate handelt. Xylanase wird in der Saftindustrie verwendet, um mehr Saft aus Fruchtfleischfasern zu extrahieren. Mindestens eine Referenz zeigt an, dass Polyphenolverbindungen bei Verwendung von Xylanase tats\u00e4chlich erh\u00f6ht werden. Basierend auf dieser Referenz und der Tatsache, dass No-Fenol es &#8222;phenolempfindlichen&#8220; Personen erm\u00f6glicht hat, polyphenolische Lebensmittel aufzunehmen, ist Houston Enzymes nun der Ansicht, dass das Polyphenolproblem viel komplexer ist als bisher angenommen und m\u00f6glicherweise nicht so sehr auf das Vorhandensein zur\u00fcckzuf\u00fchren ist von Phenolen hinsichtlich der spezifischen Struktur dieser Polyphenole.<\/p>\n<p>Zu den Polyphenolreichen Lebensmitteln geh\u00f6ren: bunte Fr\u00fcchte, buntes Gem\u00fcse, Rotwein, Kaffee. schwarze und gr\u00fcne Tees, Gew\u00fcrze, dunkle Schokolade.<\/p>\n<p>Wird die Einnahme oraler Enzyme dazu f\u00fchren, dass meine Bauchspeicheldr\u00fcse keine Enzyme mehr produziert?<\/p>\n<p>Studien haben gezeigt, dass orale Enzyme die Produktion von Pankreasenzymen kaum oder gar nicht beeinflussen. Die Pankreas-Enzymproduktion wird nicht durch ein R\u00fcckkopplungssystem reguliert und kann nicht feststellen, ob Sie orale Enzyme einnehmen.<\/p>\n<h3><strong>Was ist die Dosierung f\u00fcr No-Fenol?<\/strong><\/h3>\n<p>Keine einzige Dosis ist f\u00fcr alle geeignet. Die Dosierung wird nicht nach Alter oder K\u00f6rpergewicht berechnet, sondern danach, wie viel in einer Mahlzeit gegessen wird. Gro\u00dfe Mahlzeiten oder Mahlzeiten mit Lebensmitteln, die m\u00f6glicherweise nicht gut vertragen werden, erfordern m\u00f6glicherweise h\u00f6here Enzymspiegel. Bei keiner Dosierungsstufe f\u00fcr Enzyme tritt eine Toxizit\u00e4t auf, sodass Sie viele einnehmen k\u00f6nnen, ohne sich um Nebenwirkungen sorgen zu m\u00fcssen. Wir empfehlen einige Experimente, um die Menge zu finden, die f\u00fcr Sie am besten geeignet ist. Eine Dosis von \u00bd bis 1 Kapsel pro Mahlzeit scheint jedoch f\u00fcr die meisten in Ordnung zu sein. Sie k\u00f6nnen nach Bedarf mehr versuchen.<\/p>\n<h3><strong>F\u00fcllstoff<\/strong><\/h3>\n<p>No-Fenol-Kapseln enthalten mikrokristalline Cellulose und mittelkettiges Triglycerid (MCT) -Pulver als F\u00fcllstoff. Das MCT wird aus Palmen- oder Kokos\u00f6l gewonnen, und die Cellulose wird aus europ\u00e4ischen Fichten gewonnen. Die Kapsel ist auch Zellulose.<\/p>\n<p>Sie k\u00f6nnen die No-Fenol-Kapseln \u00f6ffnen und mit Speisen oder Getr\u00e4nken mischen. Schauen Sie sich auch unser TriEnza Chewable an, das einige der Hauptenzyme von No-Fenol sowie andere Enzyme f\u00fcr Kohlenhydrate, Fette und Proteine \u200b\u200benth\u00e4lt.<\/p>\n<h3><strong>Gegenanzeigen f\u00fcr die Enzymerg\u00e4nzung<\/strong><\/h3>\n<p>Dieses Produkt ist m\u00f6glicherweise nicht f\u00fcr Personen mit bekannten Allergien gegen Enzymproteine \u200b\u200bgeeignet, obwohl unspezifische Schimmelpilzallergien die Verwendung von Pilzenzymen nicht unbedingt ausschlie\u00dfen. Fragen Sie Ihren Arzt um weitere Ratschl\u00e4ge und seien Sie vorsichtig. Personen mit bekannten anaphylaktischen allergischen Reaktionen auf Pilzproteine \u200b\u200bsollten KEINE von Pilzen abgeleiteten Enzyme einnehmen.<\/p>\n","protected":false},"excerpt":{"rendered":"<p>Das Enzym Xylanase ist der Hauptbestandteil von No-Fenol und ein Enzym, das zum Abbau der Strukturkomponenten von Pflanzenzellw\u00e4nden verwendet wird, bei denen es sich haupts\u00e4chlich um sehr komplexe Kohlenhydrate handelt. Xylanase wird in der Saftindustrie verwendet, um mehr Saft aus Fruchtfleischfasern zu extrahieren.<\/p>\n<p>&nbsp;<\/p>\n<p>Besserer Abbau von Obst und Gem\u00fcse<br \/>\nHilft bei der Verdauung von Polyphenolen (&#8222;Phenole&#8220;)<br \/>\nNeigt dazu, St\u00fchle zu erweichen<\/p>\n","protected":false},"featured_media":4295,"comment_status":"open","ping_status":"closed","template":"","meta":{"_uag_custom_page_level_css":""},"product_brand":[],"product_cat":[95],"product_tag":[],"class_list":{"0":"post-1426","1":"product","2":"type-product","3":"status-publish","4":"has-post-thumbnail","6":"product_cat-darmgesundheit","8":"first","9":"instock","10":"taxable","11":"shipping-taxable","12":"purchasable","13":"product-type-simple","14":"layout-style-2","15":"col-md-4 col-sm-4 col-xs-6","16":"col-lg-3","17":"product-style-quickview"},"yoast_head":"<!-- This site is optimized with the Yoast SEO plugin v26.6 - https:\/\/yoast.com\/wordpress\/plugins\/seo\/ -->\n<title>No-Fenol - Biomore<\/title>\n<meta name=\"robots\" content=\"index, follow, max-snippet:-1, max-image-preview:large, max-video-preview:-1\" \/>\n<link rel=\"canonical\" href=\"https:\/\/www.biomore.eu\/de\/product\/no-fenol\/\" \/>\n<meta property=\"og:locale\" content=\"de_DE\" \/>\n<meta property=\"og:type\" content=\"article\" \/>\n<meta property=\"og:title\" content=\"No-Fenol - Biomore\" \/>\n<meta property=\"og:description\" content=\"Das Enzym Xylanase ist der Hauptbestandteil von No-Fenol und ein Enzym, das zum Abbau der Strukturkomponenten von Pflanzenzellw\u00e4nden verwendet wird, bei denen es sich haupts\u00e4chlich um sehr komplexe Kohlenhydrate handelt. Xylanase wird in der Saftindustrie verwendet, um mehr Saft aus Fruchtfleischfasern zu extrahieren.  &nbsp;  Besserer Abbau von Obst und Gem\u00fcse Hilft bei der Verdauung von Polyphenolen (&quot;Phenole&quot;) Neigt dazu, St\u00fchle zu erweichen\" \/>\n<meta property=\"og:url\" content=\"https:\/\/www.biomore.eu\/de\/product\/no-fenol\/\" \/>\n<meta property=\"og:site_name\" content=\"Biomore\" \/>\n<meta property=\"article:modified_time\" content=\"2021-01-03T22:37:18+00:00\" \/>\n<meta property=\"og:image\" content=\"https:\/\/www.biomore.eu\/wp-content\/uploads\/2020\/12\/No-Fenol-90-front.png\" \/>\n\t<meta property=\"og:image:width\" content=\"908\" \/>\n\t<meta property=\"og:image:height\" content=\"908\" \/>\n\t<meta property=\"og:image:type\" content=\"image\/png\" \/>\n<meta name=\"twitter:card\" content=\"summary_large_image\" \/>\n<meta name=\"twitter:label1\" content=\"Gesch\u00e4tzte Lesezeit\" \/>\n\t<meta name=\"twitter:data1\" content=\"3\u00a0Minuten\" \/>\n<script type=\"application\/ld+json\" class=\"yoast-schema-graph\">{\"@context\":\"https:\/\/schema.org\",\"@graph\":[{\"@type\":\"WebPage\",\"@id\":\"https:\/\/www.biomore.eu\/de\/product\/no-fenol\/\",\"url\":\"https:\/\/www.biomore.eu\/de\/product\/no-fenol\/\",\"name\":\"No-Fenol - Biomore\",\"isPartOf\":{\"@id\":\"https:\/\/www.biomore.eu\/de\/#website\"},\"primaryImageOfPage\":{\"@id\":\"https:\/\/www.biomore.eu\/de\/product\/no-fenol\/#primaryimage\"},\"image\":{\"@id\":\"https:\/\/www.biomore.eu\/de\/product\/no-fenol\/#primaryimage\"},\"thumbnailUrl\":\"https:\/\/www.biomore.eu\/wp-content\/uploads\/2025\/07\/No-Fenol-90-front.webp\",\"datePublished\":\"2021-01-01T22:34:08+00:00\",\"dateModified\":\"2021-01-03T22:37:18+00:00\",\"breadcrumb\":{\"@id\":\"https:\/\/www.biomore.eu\/de\/product\/no-fenol\/#breadcrumb\"},\"inLanguage\":\"de\",\"potentialAction\":[{\"@type\":\"ReadAction\",\"target\":[\"https:\/\/www.biomore.eu\/de\/product\/no-fenol\/\"]}]},{\"@type\":\"ImageObject\",\"inLanguage\":\"de\",\"@id\":\"https:\/\/www.biomore.eu\/de\/product\/no-fenol\/#primaryimage\",\"url\":\"https:\/\/www.biomore.eu\/wp-content\/uploads\/2025\/07\/No-Fenol-90-front.webp\",\"contentUrl\":\"https:\/\/www.biomore.eu\/wp-content\/uploads\/2025\/07\/No-Fenol-90-front.webp\",\"width\":908,\"height\":908,\"caption\":\"No-Fenol 90\"},{\"@type\":\"BreadcrumbList\",\"@id\":\"https:\/\/www.biomore.eu\/de\/product\/no-fenol\/#breadcrumb\",\"itemListElement\":[{\"@type\":\"ListItem\",\"position\":1,\"name\":\"Home\",\"item\":\"https:\/\/www.biomore.eu\/de\/\"},{\"@type\":\"ListItem\",\"position\":2,\"name\":\"Shop\",\"item\":\"https:\/\/www.biomore.eu\/de\/shop\/\"},{\"@type\":\"ListItem\",\"position\":3,\"name\":\"No-Fenol\"}]},{\"@type\":\"WebSite\",\"@id\":\"https:\/\/www.biomore.eu\/de\/#website\",\"url\":\"https:\/\/www.biomore.eu\/de\/\",\"name\":\"Biomore\",\"description\":\"\",\"potentialAction\":[{\"@type\":\"SearchAction\",\"target\":{\"@type\":\"EntryPoint\",\"urlTemplate\":\"https:\/\/www.biomore.eu\/de\/?s={search_term_string}\"},\"query-input\":{\"@type\":\"PropertyValueSpecification\",\"valueRequired\":true,\"valueName\":\"search_term_string\"}}],\"inLanguage\":\"de\"}]}<\/script>\n<!-- \/ Yoast SEO plugin. -->","yoast_head_json":{"title":"No-Fenol - Biomore","robots":{"index":"index","follow":"follow","max-snippet":"max-snippet:-1","max-image-preview":"max-image-preview:large","max-video-preview":"max-video-preview:-1"},"canonical":"https:\/\/www.biomore.eu\/de\/product\/no-fenol\/","og_locale":"de_DE","og_type":"article","og_title":"No-Fenol - Biomore","og_description":"Das Enzym Xylanase ist der Hauptbestandteil von No-Fenol und ein Enzym, das zum Abbau der Strukturkomponenten von Pflanzenzellw\u00e4nden verwendet wird, bei denen es sich haupts\u00e4chlich um sehr komplexe Kohlenhydrate handelt. Xylanase wird in der Saftindustrie verwendet, um mehr Saft aus Fruchtfleischfasern zu extrahieren.  &nbsp;  Besserer Abbau von Obst und Gem\u00fcse Hilft bei der Verdauung von Polyphenolen (\"Phenole\") Neigt dazu, St\u00fchle zu erweichen","og_url":"https:\/\/www.biomore.eu\/de\/product\/no-fenol\/","og_site_name":"Biomore","article_modified_time":"2021-01-03T22:37:18+00:00","og_image":[{"width":908,"height":908,"url":"https:\/\/www.biomore.eu\/wp-content\/uploads\/2020\/12\/No-Fenol-90-front.png","type":"image\/png"}],"twitter_card":"summary_large_image","twitter_misc":{"Gesch\u00e4tzte Lesezeit":"3\u00a0Minuten"},"schema":{"@context":"https:\/\/schema.org","@graph":[{"@type":"WebPage","@id":"https:\/\/www.biomore.eu\/de\/product\/no-fenol\/","url":"https:\/\/www.biomore.eu\/de\/product\/no-fenol\/","name":"No-Fenol - Biomore","isPartOf":{"@id":"https:\/\/www.biomore.eu\/de\/#website"},"primaryImageOfPage":{"@id":"https:\/\/www.biomore.eu\/de\/product\/no-fenol\/#primaryimage"},"image":{"@id":"https:\/\/www.biomore.eu\/de\/product\/no-fenol\/#primaryimage"},"thumbnailUrl":"https:\/\/www.biomore.eu\/wp-content\/uploads\/2025\/07\/No-Fenol-90-front.webp","datePublished":"2021-01-01T22:34:08+00:00","dateModified":"2021-01-03T22:37:18+00:00","breadcrumb":{"@id":"https:\/\/www.biomore.eu\/de\/product\/no-fenol\/#breadcrumb"},"inLanguage":"de","potentialAction":[{"@type":"ReadAction","target":["https:\/\/www.biomore.eu\/de\/product\/no-fenol\/"]}]},{"@type":"ImageObject","inLanguage":"de","@id":"https:\/\/www.biomore.eu\/de\/product\/no-fenol\/#primaryimage","url":"https:\/\/www.biomore.eu\/wp-content\/uploads\/2025\/07\/No-Fenol-90-front.webp","contentUrl":"https:\/\/www.biomore.eu\/wp-content\/uploads\/2025\/07\/No-Fenol-90-front.webp","width":908,"height":908,"caption":"No-Fenol 90"},{"@type":"BreadcrumbList","@id":"https:\/\/www.biomore.eu\/de\/product\/no-fenol\/#breadcrumb","itemListElement":[{"@type":"ListItem","position":1,"name":"Home","item":"https:\/\/www.biomore.eu\/de\/"},{"@type":"ListItem","position":2,"name":"Shop","item":"https:\/\/www.biomore.eu\/de\/shop\/"},{"@type":"ListItem","position":3,"name":"No-Fenol"}]},{"@type":"WebSite","@id":"https:\/\/www.biomore.eu\/de\/#website","url":"https:\/\/www.biomore.eu\/de\/","name":"Biomore","description":"","potentialAction":[{"@type":"SearchAction","target":{"@type":"EntryPoint","urlTemplate":"https:\/\/www.biomore.eu\/de\/?s={search_term_string}"},"query-input":{"@type":"PropertyValueSpecification","valueRequired":true,"valueName":"search_term_string"}}],"inLanguage":"de"}]}},"uagb_featured_image_src":{"full":["https:\/\/www.biomore.eu\/wp-content\/uploads\/2025\/07\/No-Fenol-90-front.webp",908,908,false],"thumbnail":["https:\/\/www.biomore.eu\/wp-content\/uploads\/2025\/07\/No-Fenol-90-front-150x150.webp",150,150,true],"medium":["https:\/\/www.biomore.eu\/wp-content\/uploads\/2025\/07\/No-Fenol-90-front-300x300.webp",300,300,true],"medium_large":["https:\/\/www.biomore.eu\/wp-content\/uploads\/2025\/07\/No-Fenol-90-front-768x768.webp",640,640,true],"large":["https:\/\/www.biomore.eu\/wp-content\/uploads\/2025\/07\/No-Fenol-90-front.webp",640,640,false],"1536x1536":["https:\/\/www.biomore.eu\/wp-content\/uploads\/2025\/07\/No-Fenol-90-front.webp",908,908,false],"2048x2048":["https:\/\/www.biomore.eu\/wp-content\/uploads\/2025\/07\/No-Fenol-90-front.webp",908,908,false],"post-thumbnail":["https:\/\/www.biomore.eu\/wp-content\/uploads\/2025\/07\/No-Fenol-90-front-100x100.webp",100,100,true],"sober-blog-thumbnail":["https:\/\/www.biomore.eu\/wp-content\/uploads\/2025\/07\/No-Fenol-90-front-750x480.webp",750,480,true],"sober-blog-grid":["https:\/\/www.biomore.eu\/wp-content\/uploads\/2025\/07\/No-Fenol-90-front-360x240.webp",360,240,true],"sober-widget-thumbnail":["https:\/\/www.biomore.eu\/wp-content\/uploads\/2025\/07\/No-Fenol-90-front-100x100.webp",100,100,true],"woocommerce_thumbnail":["https:\/\/www.biomore.eu\/wp-content\/uploads\/2025\/07\/No-Fenol-90-front-433x516.webp",433,516,true],"woocommerce_single":["https:\/\/www.biomore.eu\/wp-content\/uploads\/2025\/07\/No-Fenol-90-front-897x897.webp",897,897,true],"woocommerce_gallery_thumbnail":["https:\/\/www.biomore.eu\/wp-content\/uploads\/2025\/07\/No-Fenol-90-front-80x100.webp",80,100,true],"sober_wc_gallery_thumbnail":["https:\/\/www.biomore.eu\/wp-content\/uploads\/2025\/07\/No-Fenol-90-front-160x200.webp",160,200,true]},"uagb_author_info":{"display_name":"Jan Pieter","author_link":"https:\/\/www.biomore.eu\/de\/author\/"},"uagb_comment_info":0,"uagb_excerpt":"Das Enzym Xylanase ist der Hauptbestandteil von No-Fenol und ein Enzym, das zum Abbau der Strukturkomponenten von Pflanzenzellw\u00e4nden verwendet wird, bei denen es sich haupts\u00e4chlich um sehr komplexe Kohlenhydrate handelt. Xylanase wird in der Saftindustrie verwendet, um mehr Saft aus Fruchtfleischfasern zu extrahieren. &nbsp; Besserer Abbau von Obst und Gem\u00fcse Hilft bei der Verdauung von&hellip;","_links":{"self":[{"href":"https:\/\/www.biomore.eu\/de\/wp-json\/wp\/v2\/product\/1426","targetHints":{"allow":["GET"]}}],"collection":[{"href":"https:\/\/www.biomore.eu\/de\/wp-json\/wp\/v2\/product"}],"about":[{"href":"https:\/\/www.biomore.eu\/de\/wp-json\/wp\/v2\/types\/product"}],"replies":[{"embeddable":true,"href":"https:\/\/www.biomore.eu\/de\/wp-json\/wp\/v2\/comments?post=1426"}],"wp:featuredmedia":[{"embeddable":true,"href":"https:\/\/www.biomore.eu\/de\/wp-json\/wp\/v2\/media\/4295"}],"wp:attachment":[{"href":"https:\/\/www.biomore.eu\/de\/wp-json\/wp\/v2\/media?parent=1426"}],"wp:term":[{"taxonomy":"product_brand","embeddable":true,"href":"https:\/\/www.biomore.eu\/de\/wp-json\/wp\/v2\/product_brand?post=1426"},{"taxonomy":"product_cat","embeddable":true,"href":"https:\/\/www.biomore.eu\/de\/wp-json\/wp\/v2\/product_cat?post=1426"},{"taxonomy":"product_tag","embeddable":true,"href":"https:\/\/www.biomore.eu\/de\/wp-json\/wp\/v2\/product_tag?post=1426"}],"curies":[{"name":"wp","href":"https:\/\/api.w.org\/{rel}","templated":true}]}}