{"id":1424,"date":"2021-01-01T23:25:59","date_gmt":"2021-01-01T22:25:59","guid":{"rendered":"https:\/\/www.biomore.eu\/product\/lypazyme\/"},"modified":"2021-01-03T23:24:31","modified_gmt":"2021-01-03T22:24:31","slug":"lypazyme","status":"publish","type":"product","link":"https:\/\/www.biomore.eu\/de\/product\/lypazyme\/","title":{"rendered":"Lypazyme"},"content":{"rendered":"<p><strong>Lypazyme<\/strong> ist eine Kombination aus 3 verschiedenen Lipaseenzymen, die dabei helfen, Lebensmitteltriglyceride in kurzkettige Fetts\u00e4uren zu zerlegen. Hervorragend geeignet f\u00fcr fettreiche Mahlzeiten oder zur Erg\u00e4nzung mit Fisch\u00f6len und \/ oder Omega-3-Produkten. Fettreiche Di\u00e4ten wie die ketogene Di\u00e4t k\u00f6nnen zu einer langsameren Magenentleerung f\u00fchren, was zu Bl\u00e4hungen und Beschwerden f\u00fchrt. Die s\u00e4urestabilen Lipaseenzyme in Lypazyme wirken im Magen, um die Verdauung von Triglyceridfetten viel fr\u00fcher zu beginnen.<\/p>\n<p><strong>Dosierung:<\/strong><br \/>\nF\u00fcr die orale Enzymerg\u00e4nzung wurde keine Obergrenze festgelegt. Tierstudien zeigen, dass extrem hohe Dosen von Enzymen ohne Toxizit\u00e4t oder negative Wirkung aufgenommen werden k\u00f6nnen. F\u00fcr die Dosierung von Lipaseenzymen wurde keine Obergrenze festgelegt. Die empfohlene Dosierung betr\u00e4gt eine (1) Kapsel pro Mahlzeit, aber zwei (2) Kapseln k\u00f6nnen eingenommen werden, wenn eine Mahlzeit mehr Fett enth\u00e4lt.<\/p>\n","protected":false},"excerpt":{"rendered":"<p><strong>Lypazyme<\/strong> ist eine Kombination aus 3 verschiedenen Lipaseenzymen, um den Abbau der Triglyceridfette in Lebensmitteln und vielen Nahrungserg\u00e4nzungsmitteln besser zu vervollst\u00e4ndigen. Die Verwendung nur eines Lipasetyps kann zur Bildung von Mono- und Di-Triglyceriden f\u00fchren, anstatt vollst\u00e4ndig in kurzkettige Fetts\u00e4uren abzubauen.<\/p>\n<p>&nbsp;<\/p>\n<p>Hilft bei der Verdauung von fettreichen Mahlzeiten oder Fisch\u00f6lerg\u00e4nzungen<br \/>\nZerlegt Lebensmitteltriglyceride in kurzkettige Fetts\u00e4uren<br \/>\nUnterst\u00fctzt die Ketodi\u00e4t<br \/>\nBestehend aus 3 verschiedenen Lipaseenzymen<br \/>\nKleine (# 3) Kapseln<\/p>\n","protected":false},"featured_media":4285,"comment_status":"open","ping_status":"closed","template":"","meta":{"_uag_custom_page_level_css":""},"product_brand":[],"product_cat":[95],"product_tag":[],"class_list":{"0":"post-1424","1":"product","2":"type-product","3":"status-publish","4":"has-post-thumbnail","6":"product_cat-darmgesundheit","8":"first","9":"instock","10":"taxable","11":"shipping-taxable","12":"purchasable","13":"product-type-simple","14":"layout-style-2","15":"col-md-4 col-sm-4 col-xs-6","16":"col-lg-3","17":"product-style-quickview"},"yoast_head":"<!-- This site is optimized with the Yoast SEO plugin v26.6 - https:\/\/yoast.com\/wordpress\/plugins\/seo\/ -->\n<title>Lypazyme - Biomore<\/title>\n<meta name=\"robots\" content=\"index, follow, max-snippet:-1, max-image-preview:large, max-video-preview:-1\" \/>\n<link rel=\"canonical\" href=\"https:\/\/www.biomore.eu\/de\/product\/lypazyme\/\" \/>\n<meta property=\"og:locale\" content=\"de_DE\" \/>\n<meta property=\"og:type\" content=\"article\" \/>\n<meta property=\"og:title\" content=\"Lypazyme - Biomore\" \/>\n<meta property=\"og:description\" content=\"Lypazyme ist eine Kombination aus 3 verschiedenen Lipaseenzymen, um den Abbau der Triglyceridfette in Lebensmitteln und vielen Nahrungserg\u00e4nzungsmitteln besser zu vervollst\u00e4ndigen. Die Verwendung nur eines Lipasetyps kann zur Bildung von Mono- und Di-Triglyceriden f\u00fchren, anstatt vollst\u00e4ndig in kurzkettige Fetts\u00e4uren abzubauen.  &nbsp;  Hilft bei der Verdauung von fettreichen Mahlzeiten oder Fisch\u00f6lerg\u00e4nzungen Zerlegt Lebensmitteltriglyceride in kurzkettige Fetts\u00e4uren Unterst\u00fctzt die Ketodi\u00e4t Bestehend aus 3 verschiedenen Lipaseenzymen Kleine (# 3) Kapseln\" \/>\n<meta property=\"og:url\" content=\"https:\/\/www.biomore.eu\/de\/product\/lypazyme\/\" \/>\n<meta property=\"og:site_name\" content=\"Biomore\" \/>\n<meta property=\"article:modified_time\" content=\"2021-01-03T22:24:31+00:00\" \/>\n<meta property=\"og:image\" content=\"https:\/\/www.biomore.eu\/wp-content\/uploads\/2025\/07\/Lypazyme-120-front.webp\" \/>\n\t<meta property=\"og:image:width\" content=\"908\" \/>\n\t<meta property=\"og:image:height\" content=\"908\" \/>\n\t<meta property=\"og:image:type\" content=\"image\/webp\" \/>\n<meta name=\"twitter:card\" content=\"summary_large_image\" \/>\n<meta name=\"twitter:label1\" content=\"Gesch\u00e4tzte Lesezeit\" \/>\n\t<meta name=\"twitter:data1\" content=\"1\u00a0Minute\" \/>\n<script type=\"application\/ld+json\" class=\"yoast-schema-graph\">{\"@context\":\"https:\/\/schema.org\",\"@graph\":[{\"@type\":\"WebPage\",\"@id\":\"https:\/\/www.biomore.eu\/de\/product\/lypazyme\/\",\"url\":\"https:\/\/www.biomore.eu\/de\/product\/lypazyme\/\",\"name\":\"Lypazyme - Biomore\",\"isPartOf\":{\"@id\":\"https:\/\/www.biomore.eu\/de\/#website\"},\"primaryImageOfPage\":{\"@id\":\"https:\/\/www.biomore.eu\/de\/product\/lypazyme\/#primaryimage\"},\"image\":{\"@id\":\"https:\/\/www.biomore.eu\/de\/product\/lypazyme\/#primaryimage\"},\"thumbnailUrl\":\"https:\/\/www.biomore.eu\/wp-content\/uploads\/2025\/07\/Lypazyme-120-front.webp\",\"datePublished\":\"2021-01-01T22:25:59+00:00\",\"dateModified\":\"2021-01-03T22:24:31+00:00\",\"breadcrumb\":{\"@id\":\"https:\/\/www.biomore.eu\/de\/product\/lypazyme\/#breadcrumb\"},\"inLanguage\":\"de\",\"potentialAction\":[{\"@type\":\"ReadAction\",\"target\":[\"https:\/\/www.biomore.eu\/de\/product\/lypazyme\/\"]}]},{\"@type\":\"ImageObject\",\"inLanguage\":\"de\",\"@id\":\"https:\/\/www.biomore.eu\/de\/product\/lypazyme\/#primaryimage\",\"url\":\"https:\/\/www.biomore.eu\/wp-content\/uploads\/2025\/07\/Lypazyme-120-front.webp\",\"contentUrl\":\"https:\/\/www.biomore.eu\/wp-content\/uploads\/2025\/07\/Lypazyme-120-front.webp\",\"width\":908,\"height\":908,\"caption\":\"Lypazyme 120\"},{\"@type\":\"BreadcrumbList\",\"@id\":\"https:\/\/www.biomore.eu\/de\/product\/lypazyme\/#breadcrumb\",\"itemListElement\":[{\"@type\":\"ListItem\",\"position\":1,\"name\":\"Home\",\"item\":\"https:\/\/www.biomore.eu\/de\/\"},{\"@type\":\"ListItem\",\"position\":2,\"name\":\"Shop\",\"item\":\"https:\/\/www.biomore.eu\/de\/shop\/\"},{\"@type\":\"ListItem\",\"position\":3,\"name\":\"Lypazyme\"}]},{\"@type\":\"WebSite\",\"@id\":\"https:\/\/www.biomore.eu\/de\/#website\",\"url\":\"https:\/\/www.biomore.eu\/de\/\",\"name\":\"Biomore\",\"description\":\"\",\"potentialAction\":[{\"@type\":\"SearchAction\",\"target\":{\"@type\":\"EntryPoint\",\"urlTemplate\":\"https:\/\/www.biomore.eu\/de\/?s={search_term_string}\"},\"query-input\":{\"@type\":\"PropertyValueSpecification\",\"valueRequired\":true,\"valueName\":\"search_term_string\"}}],\"inLanguage\":\"de\"}]}<\/script>\n<!-- \/ Yoast SEO plugin. -->","yoast_head_json":{"title":"Lypazyme - Biomore","robots":{"index":"index","follow":"follow","max-snippet":"max-snippet:-1","max-image-preview":"max-image-preview:large","max-video-preview":"max-video-preview:-1"},"canonical":"https:\/\/www.biomore.eu\/de\/product\/lypazyme\/","og_locale":"de_DE","og_type":"article","og_title":"Lypazyme - Biomore","og_description":"Lypazyme ist eine Kombination aus 3 verschiedenen Lipaseenzymen, um den Abbau der Triglyceridfette in Lebensmitteln und vielen Nahrungserg\u00e4nzungsmitteln besser zu vervollst\u00e4ndigen. Die Verwendung nur eines Lipasetyps kann zur Bildung von Mono- und Di-Triglyceriden f\u00fchren, anstatt vollst\u00e4ndig in kurzkettige Fetts\u00e4uren abzubauen.  &nbsp;  Hilft bei der Verdauung von fettreichen Mahlzeiten oder Fisch\u00f6lerg\u00e4nzungen Zerlegt Lebensmitteltriglyceride in kurzkettige Fetts\u00e4uren Unterst\u00fctzt die Ketodi\u00e4t Bestehend aus 3 verschiedenen Lipaseenzymen Kleine (# 3) Kapseln","og_url":"https:\/\/www.biomore.eu\/de\/product\/lypazyme\/","og_site_name":"Biomore","article_modified_time":"2021-01-03T22:24:31+00:00","og_image":[{"width":908,"height":908,"url":"https:\/\/www.biomore.eu\/wp-content\/uploads\/2025\/07\/Lypazyme-120-front.webp","type":"image\/webp"}],"twitter_card":"summary_large_image","twitter_misc":{"Gesch\u00e4tzte Lesezeit":"1\u00a0Minute"},"schema":{"@context":"https:\/\/schema.org","@graph":[{"@type":"WebPage","@id":"https:\/\/www.biomore.eu\/de\/product\/lypazyme\/","url":"https:\/\/www.biomore.eu\/de\/product\/lypazyme\/","name":"Lypazyme - Biomore","isPartOf":{"@id":"https:\/\/www.biomore.eu\/de\/#website"},"primaryImageOfPage":{"@id":"https:\/\/www.biomore.eu\/de\/product\/lypazyme\/#primaryimage"},"image":{"@id":"https:\/\/www.biomore.eu\/de\/product\/lypazyme\/#primaryimage"},"thumbnailUrl":"https:\/\/www.biomore.eu\/wp-content\/uploads\/2025\/07\/Lypazyme-120-front.webp","datePublished":"2021-01-01T22:25:59+00:00","dateModified":"2021-01-03T22:24:31+00:00","breadcrumb":{"@id":"https:\/\/www.biomore.eu\/de\/product\/lypazyme\/#breadcrumb"},"inLanguage":"de","potentialAction":[{"@type":"ReadAction","target":["https:\/\/www.biomore.eu\/de\/product\/lypazyme\/"]}]},{"@type":"ImageObject","inLanguage":"de","@id":"https:\/\/www.biomore.eu\/de\/product\/lypazyme\/#primaryimage","url":"https:\/\/www.biomore.eu\/wp-content\/uploads\/2025\/07\/Lypazyme-120-front.webp","contentUrl":"https:\/\/www.biomore.eu\/wp-content\/uploads\/2025\/07\/Lypazyme-120-front.webp","width":908,"height":908,"caption":"Lypazyme 120"},{"@type":"BreadcrumbList","@id":"https:\/\/www.biomore.eu\/de\/product\/lypazyme\/#breadcrumb","itemListElement":[{"@type":"ListItem","position":1,"name":"Home","item":"https:\/\/www.biomore.eu\/de\/"},{"@type":"ListItem","position":2,"name":"Shop","item":"https:\/\/www.biomore.eu\/de\/shop\/"},{"@type":"ListItem","position":3,"name":"Lypazyme"}]},{"@type":"WebSite","@id":"https:\/\/www.biomore.eu\/de\/#website","url":"https:\/\/www.biomore.eu\/de\/","name":"Biomore","description":"","potentialAction":[{"@type":"SearchAction","target":{"@type":"EntryPoint","urlTemplate":"https:\/\/www.biomore.eu\/de\/?s={search_term_string}"},"query-input":{"@type":"PropertyValueSpecification","valueRequired":true,"valueName":"search_term_string"}}],"inLanguage":"de"}]}},"uagb_featured_image_src":{"full":["https:\/\/www.biomore.eu\/wp-content\/uploads\/2025\/07\/Lypazyme-120-front.webp",908,908,false],"thumbnail":["https:\/\/www.biomore.eu\/wp-content\/uploads\/2025\/07\/Lypazyme-120-front-150x150.webp",150,150,true],"medium":["https:\/\/www.biomore.eu\/wp-content\/uploads\/2025\/07\/Lypazyme-120-front-300x300.webp",300,300,true],"medium_large":["https:\/\/www.biomore.eu\/wp-content\/uploads\/2025\/07\/Lypazyme-120-front-768x768.webp",640,640,true],"large":["https:\/\/www.biomore.eu\/wp-content\/uploads\/2025\/07\/Lypazyme-120-front.webp",640,640,false],"1536x1536":["https:\/\/www.biomore.eu\/wp-content\/uploads\/2025\/07\/Lypazyme-120-front.webp",908,908,false],"2048x2048":["https:\/\/www.biomore.eu\/wp-content\/uploads\/2025\/07\/Lypazyme-120-front.webp",908,908,false],"post-thumbnail":["https:\/\/www.biomore.eu\/wp-content\/uploads\/2025\/07\/Lypazyme-120-front-100x100.webp",100,100,true],"sober-blog-thumbnail":["https:\/\/www.biomore.eu\/wp-content\/uploads\/2025\/07\/Lypazyme-120-front-750x480.webp",750,480,true],"sober-blog-grid":["https:\/\/www.biomore.eu\/wp-content\/uploads\/2025\/07\/Lypazyme-120-front-360x240.webp",360,240,true],"sober-widget-thumbnail":["https:\/\/www.biomore.eu\/wp-content\/uploads\/2025\/07\/Lypazyme-120-front-100x100.webp",100,100,true],"woocommerce_thumbnail":["https:\/\/www.biomore.eu\/wp-content\/uploads\/2025\/07\/Lypazyme-120-front-433x516.webp",433,516,true],"woocommerce_single":["https:\/\/www.biomore.eu\/wp-content\/uploads\/2025\/07\/Lypazyme-120-front-897x897.webp",897,897,true],"woocommerce_gallery_thumbnail":["https:\/\/www.biomore.eu\/wp-content\/uploads\/2025\/07\/Lypazyme-120-front-80x100.webp",80,100,true],"sober_wc_gallery_thumbnail":["https:\/\/www.biomore.eu\/wp-content\/uploads\/2025\/07\/Lypazyme-120-front-160x200.webp",160,200,true]},"uagb_author_info":{"display_name":"Jan Pieter","author_link":"https:\/\/www.biomore.eu\/de\/author\/"},"uagb_comment_info":0,"uagb_excerpt":"Lypazyme ist eine Kombination aus 3 verschiedenen Lipaseenzymen, um den Abbau der Triglyceridfette in Lebensmitteln und vielen Nahrungserg\u00e4nzungsmitteln besser zu vervollst\u00e4ndigen. Die Verwendung nur eines Lipasetyps kann zur Bildung von Mono- und Di-Triglyceriden f\u00fchren, anstatt vollst\u00e4ndig in kurzkettige Fetts\u00e4uren abzubauen. &nbsp; Hilft bei der Verdauung von fettreichen Mahlzeiten oder Fisch\u00f6lerg\u00e4nzungen Zerlegt Lebensmitteltriglyceride in kurzkettige Fetts\u00e4uren&hellip;","_links":{"self":[{"href":"https:\/\/www.biomore.eu\/de\/wp-json\/wp\/v2\/product\/1424","targetHints":{"allow":["GET"]}}],"collection":[{"href":"https:\/\/www.biomore.eu\/de\/wp-json\/wp\/v2\/product"}],"about":[{"href":"https:\/\/www.biomore.eu\/de\/wp-json\/wp\/v2\/types\/product"}],"replies":[{"embeddable":true,"href":"https:\/\/www.biomore.eu\/de\/wp-json\/wp\/v2\/comments?post=1424"}],"wp:featuredmedia":[{"embeddable":true,"href":"https:\/\/www.biomore.eu\/de\/wp-json\/wp\/v2\/media\/4285"}],"wp:attachment":[{"href":"https:\/\/www.biomore.eu\/de\/wp-json\/wp\/v2\/media?parent=1424"}],"wp:term":[{"taxonomy":"product_brand","embeddable":true,"href":"https:\/\/www.biomore.eu\/de\/wp-json\/wp\/v2\/product_brand?post=1424"},{"taxonomy":"product_cat","embeddable":true,"href":"https:\/\/www.biomore.eu\/de\/wp-json\/wp\/v2\/product_cat?post=1424"},{"taxonomy":"product_tag","embeddable":true,"href":"https:\/\/www.biomore.eu\/de\/wp-json\/wp\/v2\/product_tag?post=1424"}],"curies":[{"name":"wp","href":"https:\/\/api.w.org\/{rel}","templated":true}]}}