{"id":1422,"date":"2021-01-01T23:12:58","date_gmt":"2021-01-01T22:12:58","guid":{"rendered":"https:\/\/www.biomore.eu\/product\/biomuve\/"},"modified":"2024-08-08T17:12:31","modified_gmt":"2024-08-08T16:12:31","slug":"biomuve","status":"publish","type":"product","link":"https:\/\/www.biomore.eu\/de\/product\/biomuve\/","title":{"rendered":"Biomuve"},"content":{"rendered":"<p><strong>Biomuve<\/strong> ist eine Kombination aus Xylanase-Enzym, probiotischen Bakterien (insgesamt 2 Milliarden KBE) und einem pr\u00e4biotischen Pflanzenstoff, der die Regelm\u00e4\u00dfigkeit und gesunde Darmbakterien f\u00f6rdert.<\/p>\n<p><strong>Versand und Lagerung<\/strong><\/p>\n<p>Die neue Formel (verkauft als Kapseln mit 90 St\u00fcck \/ 45 Dosen) muss NICHT gek\u00fchlt werden. F\u00fcr den Versand werden keine Eisbeutel ben\u00f6tigt. Sobald Sie Biomuve erhalten haben, m\u00fcssen Sie es NICHT mehr k\u00fchlen &#8211; die Probiotika in Biomuve sind lagerstabil.<\/p>\n<p><strong>Mehr Details<\/strong><\/p>\n<p>Biomuve enth\u00e4lt Actazin\u00ae, einen Extrakt aus Kiwis, der eine nat\u00fcrliche Quelle f\u00fcr Pr\u00e4biotika, Ballaststoffe und Enzyme ist. Actazin\u00ae bietet Pr\u00e4biotika zur Pflege der in diesem Produkt enthaltenen probiotischen Bakterien.<br \/>\nXylanase wird als Enzym zugesetzt, das Hemicellulose und Nichtst\u00e4rkepolysaccharide abbaut, um N\u00e4hrstoffe aus Lebensmitteln mit hohem Fasergehalt freizusetzen. Dies kann die Menge an Verdauungsbeschwerden verringern, die mit Gem\u00fcse, Getreide und H\u00fclsenfr\u00fcchten verbunden sind.<\/p>\n<p>Biomuve enth\u00e4lt DE111\u00ae, eine probiotische Mischung aus Bacillus subtilis, die zur Unterst\u00fctzung der Regelm\u00e4\u00dfigkeit im Verdauungstrakt beitragen kann.<\/p>\n","protected":false},"excerpt":{"rendered":"<p><strong>Biomuve<\/strong> ist eine Kombination aus Xylanase-Enzym, probiotischen Bakterien (insgesamt 2 Milliarden KBE) und einem pr\u00e4biotischen Pflanzenstoff, der die Regelm\u00e4\u00dfigkeit und gesunde Darmbakterien f\u00f6rdert.<\/p>\n","protected":false},"featured_media":4280,"comment_status":"open","ping_status":"closed","template":"","meta":{"_uag_custom_page_level_css":""},"product_brand":[],"product_cat":[95],"product_tag":[],"class_list":{"0":"post-1422","1":"product","2":"type-product","3":"status-publish","4":"has-post-thumbnail","6":"product_cat-darmgesundheit","8":"first","9":"instock","10":"taxable","11":"shipping-taxable","12":"purchasable","13":"product-type-simple","14":"layout-style-2","15":"col-md-4 col-sm-4 col-xs-6","16":"col-lg-3","17":"product-style-quickview"},"yoast_head":"<!-- This site is optimized with the Yoast SEO plugin v26.6 - https:\/\/yoast.com\/wordpress\/plugins\/seo\/ -->\n<title>Biomuve - Biomore<\/title>\n<meta name=\"robots\" content=\"index, follow, max-snippet:-1, max-image-preview:large, max-video-preview:-1\" \/>\n<link rel=\"canonical\" href=\"https:\/\/www.biomore.eu\/de\/product\/biomuve\/\" \/>\n<meta property=\"og:locale\" content=\"de_DE\" \/>\n<meta property=\"og:type\" content=\"article\" \/>\n<meta property=\"og:title\" content=\"Biomuve - Biomore\" \/>\n<meta property=\"og:description\" content=\"Biomuve ist eine Kombination aus Xylanase-Enzym, probiotischen Bakterien (insgesamt 2 Milliarden KBE) und einem pr\u00e4biotischen Pflanzenstoff, der die Regelm\u00e4\u00dfigkeit und gesunde Darmbakterien f\u00f6rdert.\" \/>\n<meta property=\"og:url\" content=\"https:\/\/www.biomore.eu\/de\/product\/biomuve\/\" \/>\n<meta property=\"og:site_name\" content=\"Biomore\" \/>\n<meta property=\"article:modified_time\" content=\"2024-08-08T16:12:31+00:00\" \/>\n<meta property=\"og:image\" content=\"https:\/\/www.biomore.eu\/wp-content\/uploads\/2020\/12\/Biomuve-90-front.png\" \/>\n\t<meta property=\"og:image:width\" content=\"908\" \/>\n\t<meta property=\"og:image:height\" content=\"908\" \/>\n\t<meta property=\"og:image:type\" content=\"image\/png\" \/>\n<meta name=\"twitter:card\" content=\"summary_large_image\" \/>\n<meta name=\"twitter:label1\" content=\"Gesch\u00e4tzte Lesezeit\" \/>\n\t<meta name=\"twitter:data1\" content=\"1\u00a0Minute\" \/>\n<script type=\"application\/ld+json\" class=\"yoast-schema-graph\">{\"@context\":\"https:\/\/schema.org\",\"@graph\":[{\"@type\":\"WebPage\",\"@id\":\"https:\/\/www.biomore.eu\/de\/product\/biomuve\/\",\"url\":\"https:\/\/www.biomore.eu\/de\/product\/biomuve\/\",\"name\":\"Biomuve - Biomore\",\"isPartOf\":{\"@id\":\"https:\/\/www.biomore.eu\/de\/#website\"},\"primaryImageOfPage\":{\"@id\":\"https:\/\/www.biomore.eu\/de\/product\/biomuve\/#primaryimage\"},\"image\":{\"@id\":\"https:\/\/www.biomore.eu\/de\/product\/biomuve\/#primaryimage\"},\"thumbnailUrl\":\"https:\/\/www.biomore.eu\/wp-content\/uploads\/2025\/07\/Biomuve-90-front.webp\",\"datePublished\":\"2021-01-01T22:12:58+00:00\",\"dateModified\":\"2024-08-08T16:12:31+00:00\",\"breadcrumb\":{\"@id\":\"https:\/\/www.biomore.eu\/de\/product\/biomuve\/#breadcrumb\"},\"inLanguage\":\"de\",\"potentialAction\":[{\"@type\":\"ReadAction\",\"target\":[\"https:\/\/www.biomore.eu\/de\/product\/biomuve\/\"]}]},{\"@type\":\"ImageObject\",\"inLanguage\":\"de\",\"@id\":\"https:\/\/www.biomore.eu\/de\/product\/biomuve\/#primaryimage\",\"url\":\"https:\/\/www.biomore.eu\/wp-content\/uploads\/2025\/07\/Biomuve-90-front.webp\",\"contentUrl\":\"https:\/\/www.biomore.eu\/wp-content\/uploads\/2025\/07\/Biomuve-90-front.webp\",\"width\":908,\"height\":908,\"caption\":\"Biomuve 90\"},{\"@type\":\"BreadcrumbList\",\"@id\":\"https:\/\/www.biomore.eu\/de\/product\/biomuve\/#breadcrumb\",\"itemListElement\":[{\"@type\":\"ListItem\",\"position\":1,\"name\":\"Home\",\"item\":\"https:\/\/www.biomore.eu\/de\/\"},{\"@type\":\"ListItem\",\"position\":2,\"name\":\"Shop\",\"item\":\"https:\/\/www.biomore.eu\/de\/shop\/\"},{\"@type\":\"ListItem\",\"position\":3,\"name\":\"Biomuve\"}]},{\"@type\":\"WebSite\",\"@id\":\"https:\/\/www.biomore.eu\/de\/#website\",\"url\":\"https:\/\/www.biomore.eu\/de\/\",\"name\":\"Biomore\",\"description\":\"\",\"potentialAction\":[{\"@type\":\"SearchAction\",\"target\":{\"@type\":\"EntryPoint\",\"urlTemplate\":\"https:\/\/www.biomore.eu\/de\/?s={search_term_string}\"},\"query-input\":{\"@type\":\"PropertyValueSpecification\",\"valueRequired\":true,\"valueName\":\"search_term_string\"}}],\"inLanguage\":\"de\"}]}<\/script>\n<!-- \/ Yoast SEO plugin. -->","yoast_head_json":{"title":"Biomuve - Biomore","robots":{"index":"index","follow":"follow","max-snippet":"max-snippet:-1","max-image-preview":"max-image-preview:large","max-video-preview":"max-video-preview:-1"},"canonical":"https:\/\/www.biomore.eu\/de\/product\/biomuve\/","og_locale":"de_DE","og_type":"article","og_title":"Biomuve - Biomore","og_description":"Biomuve ist eine Kombination aus Xylanase-Enzym, probiotischen Bakterien (insgesamt 2 Milliarden KBE) und einem pr\u00e4biotischen Pflanzenstoff, der die Regelm\u00e4\u00dfigkeit und gesunde Darmbakterien f\u00f6rdert.","og_url":"https:\/\/www.biomore.eu\/de\/product\/biomuve\/","og_site_name":"Biomore","article_modified_time":"2024-08-08T16:12:31+00:00","og_image":[{"width":908,"height":908,"url":"https:\/\/www.biomore.eu\/wp-content\/uploads\/2020\/12\/Biomuve-90-front.png","type":"image\/png"}],"twitter_card":"summary_large_image","twitter_misc":{"Gesch\u00e4tzte Lesezeit":"1\u00a0Minute"},"schema":{"@context":"https:\/\/schema.org","@graph":[{"@type":"WebPage","@id":"https:\/\/www.biomore.eu\/de\/product\/biomuve\/","url":"https:\/\/www.biomore.eu\/de\/product\/biomuve\/","name":"Biomuve - Biomore","isPartOf":{"@id":"https:\/\/www.biomore.eu\/de\/#website"},"primaryImageOfPage":{"@id":"https:\/\/www.biomore.eu\/de\/product\/biomuve\/#primaryimage"},"image":{"@id":"https:\/\/www.biomore.eu\/de\/product\/biomuve\/#primaryimage"},"thumbnailUrl":"https:\/\/www.biomore.eu\/wp-content\/uploads\/2025\/07\/Biomuve-90-front.webp","datePublished":"2021-01-01T22:12:58+00:00","dateModified":"2024-08-08T16:12:31+00:00","breadcrumb":{"@id":"https:\/\/www.biomore.eu\/de\/product\/biomuve\/#breadcrumb"},"inLanguage":"de","potentialAction":[{"@type":"ReadAction","target":["https:\/\/www.biomore.eu\/de\/product\/biomuve\/"]}]},{"@type":"ImageObject","inLanguage":"de","@id":"https:\/\/www.biomore.eu\/de\/product\/biomuve\/#primaryimage","url":"https:\/\/www.biomore.eu\/wp-content\/uploads\/2025\/07\/Biomuve-90-front.webp","contentUrl":"https:\/\/www.biomore.eu\/wp-content\/uploads\/2025\/07\/Biomuve-90-front.webp","width":908,"height":908,"caption":"Biomuve 90"},{"@type":"BreadcrumbList","@id":"https:\/\/www.biomore.eu\/de\/product\/biomuve\/#breadcrumb","itemListElement":[{"@type":"ListItem","position":1,"name":"Home","item":"https:\/\/www.biomore.eu\/de\/"},{"@type":"ListItem","position":2,"name":"Shop","item":"https:\/\/www.biomore.eu\/de\/shop\/"},{"@type":"ListItem","position":3,"name":"Biomuve"}]},{"@type":"WebSite","@id":"https:\/\/www.biomore.eu\/de\/#website","url":"https:\/\/www.biomore.eu\/de\/","name":"Biomore","description":"","potentialAction":[{"@type":"SearchAction","target":{"@type":"EntryPoint","urlTemplate":"https:\/\/www.biomore.eu\/de\/?s={search_term_string}"},"query-input":{"@type":"PropertyValueSpecification","valueRequired":true,"valueName":"search_term_string"}}],"inLanguage":"de"}]}},"uagb_featured_image_src":{"full":["https:\/\/www.biomore.eu\/wp-content\/uploads\/2025\/07\/Biomuve-90-front.webp",908,908,false],"thumbnail":["https:\/\/www.biomore.eu\/wp-content\/uploads\/2025\/07\/Biomuve-90-front-150x150.webp",150,150,true],"medium":["https:\/\/www.biomore.eu\/wp-content\/uploads\/2025\/07\/Biomuve-90-front-300x300.webp",300,300,true],"medium_large":["https:\/\/www.biomore.eu\/wp-content\/uploads\/2025\/07\/Biomuve-90-front-768x768.webp",640,640,true],"large":["https:\/\/www.biomore.eu\/wp-content\/uploads\/2025\/07\/Biomuve-90-front.webp",640,640,false],"1536x1536":["https:\/\/www.biomore.eu\/wp-content\/uploads\/2025\/07\/Biomuve-90-front.webp",908,908,false],"2048x2048":["https:\/\/www.biomore.eu\/wp-content\/uploads\/2025\/07\/Biomuve-90-front.webp",908,908,false],"post-thumbnail":["https:\/\/www.biomore.eu\/wp-content\/uploads\/2025\/07\/Biomuve-90-front-100x100.webp",100,100,true],"sober-blog-thumbnail":["https:\/\/www.biomore.eu\/wp-content\/uploads\/2025\/07\/Biomuve-90-front-750x480.webp",750,480,true],"sober-blog-grid":["https:\/\/www.biomore.eu\/wp-content\/uploads\/2025\/07\/Biomuve-90-front-360x240.webp",360,240,true],"sober-widget-thumbnail":["https:\/\/www.biomore.eu\/wp-content\/uploads\/2025\/07\/Biomuve-90-front-100x100.webp",100,100,true],"woocommerce_thumbnail":["https:\/\/www.biomore.eu\/wp-content\/uploads\/2025\/07\/Biomuve-90-front-433x516.webp",433,516,true],"woocommerce_single":["https:\/\/www.biomore.eu\/wp-content\/uploads\/2025\/07\/Biomuve-90-front-897x897.webp",897,897,true],"woocommerce_gallery_thumbnail":["https:\/\/www.biomore.eu\/wp-content\/uploads\/2025\/07\/Biomuve-90-front-80x100.webp",80,100,true],"sober_wc_gallery_thumbnail":["https:\/\/www.biomore.eu\/wp-content\/uploads\/2025\/07\/Biomuve-90-front-160x200.webp",160,200,true]},"uagb_author_info":{"display_name":"Jan Pieter","author_link":"https:\/\/www.biomore.eu\/de\/author\/"},"uagb_comment_info":0,"uagb_excerpt":"Biomuve ist eine Kombination aus Xylanase-Enzym, probiotischen Bakterien (insgesamt 2 Milliarden KBE) und einem pr\u00e4biotischen Pflanzenstoff, der die Regelm\u00e4\u00dfigkeit und gesunde Darmbakterien f\u00f6rdert.","_links":{"self":[{"href":"https:\/\/www.biomore.eu\/de\/wp-json\/wp\/v2\/product\/1422","targetHints":{"allow":["GET"]}}],"collection":[{"href":"https:\/\/www.biomore.eu\/de\/wp-json\/wp\/v2\/product"}],"about":[{"href":"https:\/\/www.biomore.eu\/de\/wp-json\/wp\/v2\/types\/product"}],"replies":[{"embeddable":true,"href":"https:\/\/www.biomore.eu\/de\/wp-json\/wp\/v2\/comments?post=1422"}],"wp:featuredmedia":[{"embeddable":true,"href":"https:\/\/www.biomore.eu\/de\/wp-json\/wp\/v2\/media\/4280"}],"wp:attachment":[{"href":"https:\/\/www.biomore.eu\/de\/wp-json\/wp\/v2\/media?parent=1422"}],"wp:term":[{"taxonomy":"product_brand","embeddable":true,"href":"https:\/\/www.biomore.eu\/de\/wp-json\/wp\/v2\/product_brand?post=1422"},{"taxonomy":"product_cat","embeddable":true,"href":"https:\/\/www.biomore.eu\/de\/wp-json\/wp\/v2\/product_cat?post=1422"},{"taxonomy":"product_tag","embeddable":true,"href":"https:\/\/www.biomore.eu\/de\/wp-json\/wp\/v2\/product_tag?post=1422"}],"curies":[{"name":"wp","href":"https:\/\/api.w.org\/{rel}","templated":true}]}}