{"id":1411,"date":"2021-01-01T23:44:08","date_gmt":"2021-01-01T22:44:08","guid":{"rendered":"https:\/\/www.biomore.eu\/product\/zyme-prime\/"},"modified":"2021-01-03T00:28:25","modified_gmt":"2021-01-02T23:28:25","slug":"zyme-prime","status":"publish","type":"product","link":"https:\/\/www.biomore.eu\/de\/product\/zyme-prime\/","title":{"rendered":"Zyme Prime"},"content":{"rendered":"<p><strong>Zyme Prime<\/strong> ist eine Kombination aus 9 Enzymmischungen in hoher Konzentration. Diese Enzyme f\u00f6rdern wirksam den Abbau komplexer Kohlenhydrate, Triglyceridfette, St\u00e4rken und Proteine. Zyme Prime ist zwar nicht so stark im Proteinabbau wie AFP Peptizyde, aber im Kohlenhydratabbau hervorragend. Dies f\u00fchrt zu weniger Bl\u00e4hungen und Gasproduktion und hilft bei bestimmten Lebensmittelproblemen wie Laktoseintoleranz. Die Ergebnisse k\u00f6nnen festere und st\u00e4rker geformte St\u00fchle umfassen.<\/p>\n<p>Es wurde eine gewisse Verbesserung der Vertr\u00e4glichkeit von polyphenolischen Lebensmitteln festgestellt. Es wurde beobachtet, dass Zyme Prime die Gewichtszunahme bei Kindern mit geringer Gr\u00f6\u00dfe h\u00e4ufig erh\u00f6ht, m\u00f6glicherweise durch Erh\u00f6hung der Bioverf\u00fcgbarkeit von Nahrungsmitteln\u00e4hrstoffen.<\/p>\n<p><strong style=\"color: #23232c; font-size: 20px;\">Gegenanzeigen f\u00fcr die Enzymerg\u00e4nzung<\/strong><\/p>\n<p>Dieses Produkt ist m\u00f6glicherweise nicht f\u00fcr Personen mit bekannten Allergien gegen Aspergillus-Enzymproteine geeignet, obwohl unspezifische Schimmelpilzallergien die Verwendung von Pilzenzymen nicht unbedingt ausschlie\u00dfen. Fragen Sie Ihren Arzt um weitere Ratschl\u00e4ge und seien Sie vorsichtig. Personen mit bekannten anaphylaktischen allergischen Reaktionen auf Pilzproteine sollten KEINE von Pilzen abgeleiteten Enzyme einnehmen.<\/p>\n<h3><strong>Welches Produkt ist das beste, Zyme Prime oder ZyCarb?<\/strong><\/h3>\n<p>Es gibt kein &#8222;bestes&#8220; Produkt f\u00fcr alle. W\u00e4hlen Sie das Produkt basierend auf Ihren individuellen Anforderungen basierend auf der Produktbeschreibung. Wenn beispielsweise Verstopfung ein Problem darstellt, w\u00e4hlen Sie ZyCarb anstelle von Zyme Prime.<\/p>\n<h3><strong>Wird die Einnahme oraler Enzyme dazu f\u00fchren, dass meine Bauchspeicheldr\u00fcse keine Enzyme mehr produziert?<\/strong><\/h3>\n<p>Nein. Studien haben gezeigt, dass orale Enzyme die Produktion von Pankreasenzymen kaum oder gar nicht beeinflussen. Die Pankreas-Enzymproduktion wird nicht durch ein R\u00fcckkopplungssystem reguliert und kann nicht feststellen, ob Sie orale Enzyme einnehmen.<\/p>\n<h3><strong>Kann ich Zyme Prime-Produkte mit meinen Medikamenten einnehmen?<\/strong><\/h3>\n<p>Ja. Zyme Prime und ZyCarb k\u00f6nnen zusammen mit anderen Nahrungserg\u00e4nzungsmitteln und Medikamenten eingenommen werden. Bei Cellulase-haltigen Produkten mit Produkten mit verz\u00f6gerter Freisetzung ist Vorsicht geboten. Obwohl keine Vorf\u00e4lle gemeldet wurden, kann Cellulase theoretisch einen durch Cellulose regulierten Freisetzungsmechanismus beeinflussen.<\/p>\n<h3><strong>Was ist die Dosierung f\u00fcr Zyme Prime und ZyCarb?<\/strong><\/h3>\n<p>Keine einzige Dosis ist f\u00fcr alle geeignet. Die Dosierung wird nicht nach Alter oder K\u00f6rpergewicht berechnet, sondern danach, wie viel in einer Mahlzeit gegessen wird. Gro\u00dfe Mahlzeiten oder Mahlzeiten mit Lebensmitteln, die m\u00f6glicherweise nicht gut vertragen werden, erfordern m\u00f6glicherweise h\u00f6here Enzymwerte. Bei keiner Dosierung von Enzymen tritt eine Toxizit\u00e4t auf, sodass Sie viele einnehmen k\u00f6nnen, ohne sich um Nebenwirkungen sorgen zu m\u00fcssen. Wir empfehlen einige Experimente, um die Menge zu finden, die f\u00fcr Sie am besten geeignet ist. 1 oder 2 Kapseln pro Mahlzeit scheinen jedoch f\u00fcr die meisten in Ordnung zu sein. Diese Mahlzeiten mit h\u00f6herem Gehalt an Kohlenhydraten und \/ oder Fetten k\u00f6nnen h\u00f6here Dosen von Zyme Prime erfordern. Aus praktischen Gr\u00fcnden m\u00fcssen nicht mehr als 5 Kapseln gleichzeitig eingenommen werden, wobei nicht mehr als 9 Kapseln in einem Zeitraum von 24 Stunden konsistent eingenommen werden d\u00fcrfen.<\/p>\n","protected":false},"excerpt":{"rendered":"<p><strong>Zyme Prime<\/strong> enth\u00e4lt ca. 1 mg. Cellulose und MCT-\u00d6l pro Kapsel zur Staubkontrolle des Enzympulvers.<\/p>\n<p>&nbsp;<\/p>\n<p>Unterst\u00fctzt die Verdauung von Kohlenhydraten und Fetten<br \/>\nHilft bei Gas und Bl\u00e4hungen durch St\u00e4rke in Gem\u00fcse, Milchprodukten, Bohnen und Getreide<br \/>\nEnth\u00e4lt Laktase gegen Laktoseintoleranz<br \/>\nBietet milde Hilfe f\u00fcr Proteine<br \/>\nNeigt dazu, St\u00fchle zu festigen<\/p>\n","protected":false},"featured_media":4290,"comment_status":"open","ping_status":"closed","template":"","meta":{"_uag_custom_page_level_css":""},"product_brand":[],"product_cat":[95],"product_tag":[],"class_list":{"0":"post-1411","1":"product","2":"type-product","3":"status-publish","4":"has-post-thumbnail","6":"product_cat-darmgesundheit","8":"first","9":"instock","10":"taxable","11":"shipping-taxable","12":"purchasable","13":"product-type-simple","14":"layout-style-2","15":"col-md-4 col-sm-4 col-xs-6","16":"col-lg-3","17":"product-style-quickview"},"yoast_head":"<!-- This site is optimized with the Yoast SEO plugin v26.6 - https:\/\/yoast.com\/wordpress\/plugins\/seo\/ -->\n<title>Zyme Prime - Biomore<\/title>\n<meta name=\"robots\" content=\"index, follow, max-snippet:-1, max-image-preview:large, max-video-preview:-1\" \/>\n<link rel=\"canonical\" href=\"https:\/\/www.biomore.eu\/de\/product\/zyme-prime\/\" \/>\n<meta property=\"og:locale\" content=\"de_DE\" \/>\n<meta property=\"og:type\" content=\"article\" \/>\n<meta property=\"og:title\" content=\"Zyme Prime - Biomore\" \/>\n<meta property=\"og:description\" content=\"Zyme Prime enth\u00e4lt ca. 1 mg. Cellulose und MCT-\u00d6l pro Kapsel zur Staubkontrolle des Enzympulvers.  &nbsp;  Unterst\u00fctzt die Verdauung von Kohlenhydraten und Fetten Hilft bei Gas und Bl\u00e4hungen durch St\u00e4rke in Gem\u00fcse, Milchprodukten, Bohnen und Getreide Enth\u00e4lt Laktase gegen Laktoseintoleranz Bietet milde Hilfe f\u00fcr Proteine Neigt dazu, St\u00fchle zu festigen\" \/>\n<meta property=\"og:url\" content=\"https:\/\/www.biomore.eu\/de\/product\/zyme-prime\/\" \/>\n<meta property=\"og:site_name\" content=\"Biomore\" \/>\n<meta property=\"article:modified_time\" content=\"2021-01-02T23:28:25+00:00\" \/>\n<meta property=\"og:image\" content=\"https:\/\/www.biomore.eu\/wp-content\/uploads\/2020\/12\/Zyme-Prime-90-front.png\" \/>\n\t<meta property=\"og:image:width\" content=\"908\" \/>\n\t<meta property=\"og:image:height\" content=\"908\" \/>\n\t<meta property=\"og:image:type\" content=\"image\/png\" \/>\n<meta name=\"twitter:card\" content=\"summary_large_image\" \/>\n<meta name=\"twitter:label1\" content=\"Gesch\u00e4tzte Lesezeit\" \/>\n\t<meta name=\"twitter:data1\" content=\"2\u00a0Minuten\" \/>\n<script type=\"application\/ld+json\" class=\"yoast-schema-graph\">{\"@context\":\"https:\/\/schema.org\",\"@graph\":[{\"@type\":\"WebPage\",\"@id\":\"https:\/\/www.biomore.eu\/de\/product\/zyme-prime\/\",\"url\":\"https:\/\/www.biomore.eu\/de\/product\/zyme-prime\/\",\"name\":\"Zyme Prime - Biomore\",\"isPartOf\":{\"@id\":\"https:\/\/www.biomore.eu\/de\/#website\"},\"primaryImageOfPage\":{\"@id\":\"https:\/\/www.biomore.eu\/de\/product\/zyme-prime\/#primaryimage\"},\"image\":{\"@id\":\"https:\/\/www.biomore.eu\/de\/product\/zyme-prime\/#primaryimage\"},\"thumbnailUrl\":\"https:\/\/www.biomore.eu\/wp-content\/uploads\/2025\/07\/Zyme-Prime-90-front.webp\",\"datePublished\":\"2021-01-01T22:44:08+00:00\",\"dateModified\":\"2021-01-02T23:28:25+00:00\",\"breadcrumb\":{\"@id\":\"https:\/\/www.biomore.eu\/de\/product\/zyme-prime\/#breadcrumb\"},\"inLanguage\":\"de\",\"potentialAction\":[{\"@type\":\"ReadAction\",\"target\":[\"https:\/\/www.biomore.eu\/de\/product\/zyme-prime\/\"]}]},{\"@type\":\"ImageObject\",\"inLanguage\":\"de\",\"@id\":\"https:\/\/www.biomore.eu\/de\/product\/zyme-prime\/#primaryimage\",\"url\":\"https:\/\/www.biomore.eu\/wp-content\/uploads\/2025\/07\/Zyme-Prime-90-front.webp\",\"contentUrl\":\"https:\/\/www.biomore.eu\/wp-content\/uploads\/2025\/07\/Zyme-Prime-90-front.webp\",\"width\":908,\"height\":908,\"caption\":\"Zyme Prime 90\"},{\"@type\":\"BreadcrumbList\",\"@id\":\"https:\/\/www.biomore.eu\/de\/product\/zyme-prime\/#breadcrumb\",\"itemListElement\":[{\"@type\":\"ListItem\",\"position\":1,\"name\":\"Home\",\"item\":\"https:\/\/www.biomore.eu\/de\/\"},{\"@type\":\"ListItem\",\"position\":2,\"name\":\"Shop\",\"item\":\"https:\/\/www.biomore.eu\/de\/shop\/\"},{\"@type\":\"ListItem\",\"position\":3,\"name\":\"Zyme Prime\"}]},{\"@type\":\"WebSite\",\"@id\":\"https:\/\/www.biomore.eu\/de\/#website\",\"url\":\"https:\/\/www.biomore.eu\/de\/\",\"name\":\"Biomore\",\"description\":\"\",\"potentialAction\":[{\"@type\":\"SearchAction\",\"target\":{\"@type\":\"EntryPoint\",\"urlTemplate\":\"https:\/\/www.biomore.eu\/de\/?s={search_term_string}\"},\"query-input\":{\"@type\":\"PropertyValueSpecification\",\"valueRequired\":true,\"valueName\":\"search_term_string\"}}],\"inLanguage\":\"de\"}]}<\/script>\n<!-- \/ Yoast SEO plugin. -->","yoast_head_json":{"title":"Zyme Prime - Biomore","robots":{"index":"index","follow":"follow","max-snippet":"max-snippet:-1","max-image-preview":"max-image-preview:large","max-video-preview":"max-video-preview:-1"},"canonical":"https:\/\/www.biomore.eu\/de\/product\/zyme-prime\/","og_locale":"de_DE","og_type":"article","og_title":"Zyme Prime - Biomore","og_description":"Zyme Prime enth\u00e4lt ca. 1 mg. Cellulose und MCT-\u00d6l pro Kapsel zur Staubkontrolle des Enzympulvers.  &nbsp;  Unterst\u00fctzt die Verdauung von Kohlenhydraten und Fetten Hilft bei Gas und Bl\u00e4hungen durch St\u00e4rke in Gem\u00fcse, Milchprodukten, Bohnen und Getreide Enth\u00e4lt Laktase gegen Laktoseintoleranz Bietet milde Hilfe f\u00fcr Proteine Neigt dazu, St\u00fchle zu festigen","og_url":"https:\/\/www.biomore.eu\/de\/product\/zyme-prime\/","og_site_name":"Biomore","article_modified_time":"2021-01-02T23:28:25+00:00","og_image":[{"width":908,"height":908,"url":"https:\/\/www.biomore.eu\/wp-content\/uploads\/2020\/12\/Zyme-Prime-90-front.png","type":"image\/png"}],"twitter_card":"summary_large_image","twitter_misc":{"Gesch\u00e4tzte Lesezeit":"2\u00a0Minuten"},"schema":{"@context":"https:\/\/schema.org","@graph":[{"@type":"WebPage","@id":"https:\/\/www.biomore.eu\/de\/product\/zyme-prime\/","url":"https:\/\/www.biomore.eu\/de\/product\/zyme-prime\/","name":"Zyme Prime - Biomore","isPartOf":{"@id":"https:\/\/www.biomore.eu\/de\/#website"},"primaryImageOfPage":{"@id":"https:\/\/www.biomore.eu\/de\/product\/zyme-prime\/#primaryimage"},"image":{"@id":"https:\/\/www.biomore.eu\/de\/product\/zyme-prime\/#primaryimage"},"thumbnailUrl":"https:\/\/www.biomore.eu\/wp-content\/uploads\/2025\/07\/Zyme-Prime-90-front.webp","datePublished":"2021-01-01T22:44:08+00:00","dateModified":"2021-01-02T23:28:25+00:00","breadcrumb":{"@id":"https:\/\/www.biomore.eu\/de\/product\/zyme-prime\/#breadcrumb"},"inLanguage":"de","potentialAction":[{"@type":"ReadAction","target":["https:\/\/www.biomore.eu\/de\/product\/zyme-prime\/"]}]},{"@type":"ImageObject","inLanguage":"de","@id":"https:\/\/www.biomore.eu\/de\/product\/zyme-prime\/#primaryimage","url":"https:\/\/www.biomore.eu\/wp-content\/uploads\/2025\/07\/Zyme-Prime-90-front.webp","contentUrl":"https:\/\/www.biomore.eu\/wp-content\/uploads\/2025\/07\/Zyme-Prime-90-front.webp","width":908,"height":908,"caption":"Zyme Prime 90"},{"@type":"BreadcrumbList","@id":"https:\/\/www.biomore.eu\/de\/product\/zyme-prime\/#breadcrumb","itemListElement":[{"@type":"ListItem","position":1,"name":"Home","item":"https:\/\/www.biomore.eu\/de\/"},{"@type":"ListItem","position":2,"name":"Shop","item":"https:\/\/www.biomore.eu\/de\/shop\/"},{"@type":"ListItem","position":3,"name":"Zyme Prime"}]},{"@type":"WebSite","@id":"https:\/\/www.biomore.eu\/de\/#website","url":"https:\/\/www.biomore.eu\/de\/","name":"Biomore","description":"","potentialAction":[{"@type":"SearchAction","target":{"@type":"EntryPoint","urlTemplate":"https:\/\/www.biomore.eu\/de\/?s={search_term_string}"},"query-input":{"@type":"PropertyValueSpecification","valueRequired":true,"valueName":"search_term_string"}}],"inLanguage":"de"}]}},"uagb_featured_image_src":{"full":["https:\/\/www.biomore.eu\/wp-content\/uploads\/2025\/07\/Zyme-Prime-90-front.webp",908,908,false],"thumbnail":["https:\/\/www.biomore.eu\/wp-content\/uploads\/2025\/07\/Zyme-Prime-90-front-150x150.webp",150,150,true],"medium":["https:\/\/www.biomore.eu\/wp-content\/uploads\/2025\/07\/Zyme-Prime-90-front-300x300.webp",300,300,true],"medium_large":["https:\/\/www.biomore.eu\/wp-content\/uploads\/2025\/07\/Zyme-Prime-90-front-768x768.webp",640,640,true],"large":["https:\/\/www.biomore.eu\/wp-content\/uploads\/2025\/07\/Zyme-Prime-90-front.webp",640,640,false],"1536x1536":["https:\/\/www.biomore.eu\/wp-content\/uploads\/2025\/07\/Zyme-Prime-90-front.webp",908,908,false],"2048x2048":["https:\/\/www.biomore.eu\/wp-content\/uploads\/2025\/07\/Zyme-Prime-90-front.webp",908,908,false],"post-thumbnail":["https:\/\/www.biomore.eu\/wp-content\/uploads\/2025\/07\/Zyme-Prime-90-front-100x100.webp",100,100,true],"sober-blog-thumbnail":["https:\/\/www.biomore.eu\/wp-content\/uploads\/2025\/07\/Zyme-Prime-90-front-750x480.webp",750,480,true],"sober-blog-grid":["https:\/\/www.biomore.eu\/wp-content\/uploads\/2025\/07\/Zyme-Prime-90-front-360x240.webp",360,240,true],"sober-widget-thumbnail":["https:\/\/www.biomore.eu\/wp-content\/uploads\/2025\/07\/Zyme-Prime-90-front-100x100.webp",100,100,true],"woocommerce_thumbnail":["https:\/\/www.biomore.eu\/wp-content\/uploads\/2025\/07\/Zyme-Prime-90-front-433x516.webp",433,516,true],"woocommerce_single":["https:\/\/www.biomore.eu\/wp-content\/uploads\/2025\/07\/Zyme-Prime-90-front-897x897.webp",897,897,true],"woocommerce_gallery_thumbnail":["https:\/\/www.biomore.eu\/wp-content\/uploads\/2025\/07\/Zyme-Prime-90-front-80x100.webp",80,100,true],"sober_wc_gallery_thumbnail":["https:\/\/www.biomore.eu\/wp-content\/uploads\/2025\/07\/Zyme-Prime-90-front-160x200.webp",160,200,true]},"uagb_author_info":{"display_name":"Jan Pieter","author_link":"https:\/\/www.biomore.eu\/de\/author\/"},"uagb_comment_info":0,"uagb_excerpt":"Zyme Prime enth\u00e4lt ca. 1 mg. Cellulose und MCT-\u00d6l pro Kapsel zur Staubkontrolle des Enzympulvers. &nbsp; Unterst\u00fctzt die Verdauung von Kohlenhydraten und Fetten Hilft bei Gas und Bl\u00e4hungen durch St\u00e4rke in Gem\u00fcse, Milchprodukten, Bohnen und Getreide Enth\u00e4lt Laktase gegen Laktoseintoleranz Bietet milde Hilfe f\u00fcr Proteine Neigt dazu, St\u00fchle zu festigen","_links":{"self":[{"href":"https:\/\/www.biomore.eu\/de\/wp-json\/wp\/v2\/product\/1411","targetHints":{"allow":["GET"]}}],"collection":[{"href":"https:\/\/www.biomore.eu\/de\/wp-json\/wp\/v2\/product"}],"about":[{"href":"https:\/\/www.biomore.eu\/de\/wp-json\/wp\/v2\/types\/product"}],"replies":[{"embeddable":true,"href":"https:\/\/www.biomore.eu\/de\/wp-json\/wp\/v2\/comments?post=1411"}],"wp:featuredmedia":[{"embeddable":true,"href":"https:\/\/www.biomore.eu\/de\/wp-json\/wp\/v2\/media\/4290"}],"wp:attachment":[{"href":"https:\/\/www.biomore.eu\/de\/wp-json\/wp\/v2\/media?parent=1411"}],"wp:term":[{"taxonomy":"product_brand","embeddable":true,"href":"https:\/\/www.biomore.eu\/de\/wp-json\/wp\/v2\/product_brand?post=1411"},{"taxonomy":"product_cat","embeddable":true,"href":"https:\/\/www.biomore.eu\/de\/wp-json\/wp\/v2\/product_cat?post=1411"},{"taxonomy":"product_tag","embeddable":true,"href":"https:\/\/www.biomore.eu\/de\/wp-json\/wp\/v2\/product_tag?post=1411"}],"curies":[{"name":"wp","href":"https:\/\/api.w.org\/{rel}","templated":true}]}}