{"id":782,"date":"2018-07-01T23:00:11","date_gmt":"2018-07-01T22:00:11","guid":{"rendered":"https:\/\/www.biomore.eu\/total-living-drinks\/"},"modified":"2018-07-01T23:06:55","modified_gmt":"2018-07-01T22:06:55","slug":"total-living-drinks","status":"publish","type":"page","link":"https:\/\/www.biomore.eu\/de\/total-living-drinks\/","title":{"rendered":"Total Living Drinks"},"content":{"rendered":"<p>[vc_row][vc_column][vc_column_text]<\/p>\n<h3>Warum Total Living Drinks<\/h3>\n<h4>Die Bedeutung des Verzehrs der richtigen Menge an Gem\u00fcse und Fr\u00fcchten ist bekannt. In den letzten Jahren haben wir alle eine wachsende Nachfrage und Interesse an der Herstellung aller Arten von Smoothies zu Hause gesehen.<\/h4>\n<p>Viele Haushalte begannen sehr enthusiastisch. Ein langsamer Entsafter wurde gekauft und Experimente durchgef\u00fchrt, um den richtigen Geschmack und andere Ergebnisse zu finden. Es wurden Taschen voller Obst und Gem\u00fcse verwendet, vorzugsweise aus biologischem Anbau, um m\u00f6gliche Pestizide in Ihrem bunten Smoothie zu vermeiden. Das Endergebnis war oft ein entt\u00e4uschendes Glas Saft, und viel Zellstoff wurde weggeworfen. Nicht \u00fcber die anschlie\u00dfende Reinigung aller verwendeten Ger\u00e4te zu reden. Nach einer Weile wurde alles auf E-Bay verkauft &#8230;..<br \/>\nStellen Sie sich einfach vor, Phyton\u00e4hrstoffe in einer Menge von 7-10 Portionen biologischem Gem\u00fcse und Obst zu einem gesunden Smoothie zu verarbeiten! Dies ist m\u00f6glich mit <strong> Total Living Drinks <\/strong> (TLD). Kein Zellstoff in Ihrem Glas sondern der gefriergetrocknete Saft, nur gut l\u00f6sliche und verf\u00fcgbare Zutaten.<br \/>\nEin einfacher, k\u00f6stlicher und wohlschmeckender Schritt in Ihrer t\u00e4glichen Speisekarte.<br \/>\nEine perfekte Wahl, um 1 Mahlzeit pro Tag zu ersetzen. Diese Mahlzeit enth\u00e4lt 9 verschiedene Kategorien von gesunden Lebensmittelzutaten, die f\u00fcr Ihre t\u00e4gliche Gesundheitspflege und Vitalit\u00e4t ben\u00f6tigt werden. Behalten Sie die Kontrolle mit Ihrer Energie und sparen Sie Geld mit der besten kompletten Super-Food-Formel, die es gibt.[\/vc_column_text][vc_empty_space][\/vc_column][\/vc_row][vc_row][vc_column width=&#8220;1\/3&#8243;][vc_single_image image=&#8220;641&#8243; img_size=&#8220;600&#215;600&#8243; add_caption=&#8220;yes&#8220; style=&#8220;vc_box_shadow&#8220;][vc_empty_space][\/vc_column][vc_column width=&#8220;1\/3&#8243;][vc_empty_space height=&#8220;28px&#8220;][vc_single_image image=&#8220;180&#8243; img_size=&#8220;large&#8220; add_caption=&#8220;yes&#8220; style=&#8220;vc_box_shadow&#8220;][\/vc_column][vc_column width=&#8220;1\/3&#8243;][vc_single_image image=&#8220;638&#8243; img_size=&#8220;600&#215;600&#8243; add_caption=&#8220;yes&#8220; style=&#8220;vc_box_shadow&#8220;][vc_empty_space][\/vc_column][\/vc_row][vc_row][vc_column][vc_row_inner][vc_column_inner][vc_column_text]<\/p>\n<h3>Was ist Total Living Drinks genau?<\/h3>\n<p>Es ist kein spezielles di\u00e4tetisches Lebensmittel, sondern ein Superfood: normales Essen, voll von Phyton\u00e4hrstoffen mit gesundheitsf\u00f6rdernden Eigenschaften. Das Produkt als solches ist aufgrund der sehr gro\u00dfen Vielfalt an Inhaltsstoffen in einer T\u00fcte einzigartig. Einfach gesagt, n\u00e4hrstoffreiche Kalorien, die zu einem gesunden Lebensstil beitragen. Egal, ob Sie einen halben L\u00f6ffel pro Tag (20 Gramm) neben Ihren Mahlzeiten und eine Hand voller Nahrungserg\u00e4nzungsmittel einnehmen, oder Sie ersetzen eine ganze Mahlzeit pro Tag mit 1 Messl\u00f6ffel (40 Gramm). In beiden F\u00e4llen erhalten Sie eine breite Palette an gesunden Lebensmittelzutaten auf einfache Art und zu einem vern\u00fcnftigen Preis! Reines, konzentriertes Essen in einem Glas.[\/vc_column_text][\/vc_column_inner][\/vc_row_inner][vc_empty_space][\/vc_column][\/vc_row][vc_row][vc_column][vc_column_text]<\/p>\n<h4><span style=\"font-size: 14pt;\">Jede Portion Total Living Drinks enth\u00e4lt:<\/span><\/h4>\n<ul>\n<li><em> Protein <\/em> &#8211; um Muskelmasse aufzubauen<\/li>\n<li><em> Fr\u00fcchte und Gem\u00fcse, Gr\u00e4ser und Algen <\/em> &#8211; beladen mit lebensspendenden N\u00e4hrstoffen und n\u00e4hrstoffreichen Kalorien<\/li>\n<li><em> Enzyme <\/em> &#8211; f\u00fcr eine bessere Verdauung und Kalorienausnutzung<\/li>\n<li><em> Probiotika <\/em> &#8211; f\u00fcr ein gesundes Darm\u00f6kosystem<\/li>\n<li><em> Aminos\u00e4uren <\/em> f\u00fcr allgemeine Gesundheit und Energie<\/li>\n<li><em> Antioxidantien <\/em> f\u00fcr eine verbesserte Immunfunktion<\/li>\n<li><em> Kr\u00e4uter <\/em> &#8211; f\u00fcr Darm-, Blut- und innere Organreinigung<\/li>\n<li><em> Vitamine <\/em> &#8211; die Bausteine der Ern\u00e4hrung<\/li>\n<li><em> Mineralien <\/em> &#8211; um das Leben zu erhalten und die K\u00f6rperfunktionen zu verbessern<\/li>\n<\/ul>\n<p>[\/vc_column_text][\/vc_column][\/vc_row][vc_row][vc_column][vc_column_text]<\/p>\n<h3>Kann ich mit Total Living Drinks abnehmen?<\/h3>\n<p>Ja, du kannst. Aber bitte beachten Sie, Gewichtsverlust und Kontrolle ist ein komplexer Prozess, der nicht durch weniger essen gel\u00f6st werden kann! Die meisten Di\u00e4ten, die sich auf den strukturellen Kalorienverlust konzentrieren, machen alle den gleichen Fehler: Sie f\u00fchren zu einer Verz\u00f6gerung des Ruhestoffwechsels des K\u00f6rpers. Der ber\u00fchmte Jojo-Effekt ist das Endergebnis.<br \/>\nEin effektiver Weg ist das intermittierende Fasten, wie es der englische Arzt und Dokumentarfilmer der BBC, Dr. Michael Mosley, entwickelt hat. Die Kombination von <strong> Total Living Drinks <\/strong> mit der 2: 5 Fasten Di\u00e4t ist sehr effektiv, Sie werden keine N\u00e4hrstoffverluste haben und es ist eine sehr einfache Methode. Keine Kalorien z\u00e4hlen, keine zeitraubenden Rezepte, sondern an nur 2 Tagen einen Shake mit <strong> Total Living Drinks<\/strong>.<br \/>\n[\/vc_column_text][vc_empty_space][\/vc_column][\/vc_row][vc_row][vc_column width=&#8220;1\/6&#8243;][\/vc_column][vc_column width=&#8220;2\/3&#8243;][vc_column_text]<\/p>\n<h3>H\u00e4ufig gestellte Fragen<\/h3>\n<p>[\/vc_column_text][vc_empty_space]<div class=\"sober-faq  \">\n\t\t\t\t<div class=\"question\">\n\t\t\t\t\t<span class=\"question-label\">Question<\/span>\n\t\t\t\t\t<span class=\"question-icon\"><span class=\"toggle-icon\"><\/span><\/span>\n\t\t\t\t\t<span class=\"question-title\">Ist Total Living Drinks ein Di\u00e4tprodukt?<\/span>\n\t\t\t\t<\/div>\n\t\t\t\t<div class=\"answer\"><span class=\"answer-label\">Answer<\/span><strong> Total Living Drinks <\/strong> ist kein Di\u00e4tprodukt, sondern kann wie jede andere Art von Essen verwendet werden, um das Gewicht zu reduzieren. Erhalten Sie weniger Kalorien in Ihrem K\u00f6rper, dann verbrennen Sie jeden Tag.<\/div>\n\t\t\t<\/div><div class=\"sober-faq  \">\n\t\t\t\t<div class=\"question\">\n\t\t\t\t\t<span class=\"question-label\">Question<\/span>\n\t\t\t\t\t<span class=\"question-icon\"><span class=\"toggle-icon\"><\/span><\/span>\n\t\t\t\t\t<span class=\"question-title\">Welche Zutaten gibt es in Total Living Drinks?<\/span>\n\t\t\t\t<\/div>\n\t\t\t\t<div class=\"answer\"><span class=\"answer-label\">Answer<\/span><strong> Total Living Drinks <\/strong> enth\u00e4lt 9 verschiedene Produktkategorien: Proteine, Vitamine Mineralien, Aminos\u00e4uren, Gem\u00fcse und Obst, Antioxidantien, Probiotika, Enzyme und Kr\u00e4uter. Die vollst\u00e4ndige Zutatenliste finden Sie in der Produktbeschreibung in unserem Webshop. Die Vitamin- und Mineralstoffliste ist gem\u00e4\u00df dem <a href=\"http:\/\/www.efsa.europa.eu\/en\/aboutefsa\/\">European Food Safety Authority (EFSA)<\/a>.<\/div>\n\t\t\t<\/div><div class=\"sober-faq  \">\n\t\t\t\t<div class=\"question\">\n\t\t\t\t\t<span class=\"question-label\">Question<\/span>\n\t\t\t\t\t<span class=\"question-icon\"><span class=\"toggle-icon\"><\/span><\/span>\n\t\t\t\t\t<span class=\"question-title\">Was ist mit Allergien?<\/span>\n\t\t\t\t<\/div>\n\t\t\t\t<div class=\"answer\"><span class=\"answer-label\">Answer<\/span>Guter Punkt!<\/p>\n<p><strong> Total Living Drinks <\/strong> ist laktosefrei und erdnussfrei. Wir arbeiten hart daran, das Produkt glutenfrei zu machen. Wir hoffen, das bald gel\u00f6st zu haben.<\/div>\n\t\t\t<\/div><div class=\"sober-faq  \">\n\t\t\t\t<div class=\"question\">\n\t\t\t\t\t<span class=\"question-label\">Question<\/span>\n\t\t\t\t\t<span class=\"question-icon\"><span class=\"toggle-icon\"><\/span><\/span>\n\t\t\t\t\t<span class=\"question-title\">Ich bin Vegetarier, was jetzt?<\/span>\n\t\t\t\t<\/div>\n\t\t\t\t<div class=\"answer\"><span class=\"answer-label\">Answer<\/span>Dies ist kein Problem. <strong> Total Living Drinks <\/strong> enth\u00e4lt keine tierischen Inhaltsstoffe.<\/div>\n\t\t\t<\/div><div class=\"sober-faq  \">\n\t\t\t\t<div class=\"question\">\n\t\t\t\t\t<span class=\"question-label\">Question<\/span>\n\t\t\t\t\t<span class=\"question-icon\"><span class=\"toggle-icon\"><\/span><\/span>\n\t\t\t\t\t<span class=\"question-title\">Wie viele Smoothies trinke ich pro Tag?<\/span>\n\t\t\t\t<\/div>\n\t\t\t\t<div class=\"answer\"><span class=\"answer-label\">Answer<\/span>Das entscheiden Sie selbst. Es wird empfohlen, 1 Mahlzeit pro Tag durch Total Living Drinks mit einem Messl\u00f6ffel (40 g) zu ersetzen. Es ist auch m\u00f6glich, das Produkt als Extra mit Ihrer t\u00e4glichen Nahrung zu verwenden, wenn Sie v\u00f6llig gesund sind und Ihre t\u00e4gliche Portion Nahrungserg\u00e4nzungsmittel (20-40 g \/ Tag) ersetzen.<\/div>\n\t\t\t<\/div><div class=\"sober-faq  \">\n\t\t\t\t<div class=\"question\">\n\t\t\t\t\t<span class=\"question-label\">Question<\/span>\n\t\t\t\t\t<span class=\"question-icon\"><span class=\"toggle-icon\"><\/span><\/span>\n\t\t\t\t\t<span class=\"question-title\">Wie bereite ich den Smoothie zu?<\/span>\n\t\t\t\t<\/div>\n\t\t\t\t<div class=\"answer\"><span class=\"answer-label\">Answer<\/span>Das ist sehr einfach. Nehmen Sie die Menge, die Sie verbrauchen m\u00f6chten, und f\u00fcgen Sie sie zu einem Glas Wasser oder Fruchtsaft hinzu, sch\u00fctteln Sie es, fertig! Das Mischen des Pulvers mit dem Saft von 2 Orangen und 1 Zitrone ist ebenfalls eine h\u00e4ufig verwendete Kombination.<\/div>\n\t\t\t<\/div>[\/vc_column][vc_column width=&#8220;1\/6&#8243;][\/vc_column][\/vc_row]<\/p>\n","protected":false},"excerpt":{"rendered":"<p>[vc_row][vc_column][vc_column_text] Warum Total Living Drinks Die Bedeutung des Verzehrs der richtigen Menge an Gem\u00fcse und Fr\u00fcchten ist bekannt. In den letzten Jahren haben wir alle eine wachsende Nachfrage und Interesse an der Herstellung aller Arten von Smoothies zu Hause gesehen. Viele Haushalte begannen sehr enthusiastisch. Ein langsamer Entsafter wurde gekauft und Experimente durchgef\u00fchrt, um den richtigen Geschmack und andere Ergebnisse zu finden. Es wurden Taschen voller Obst und Gem\u00fcse verwendet, vorzugsweise aus biologischem Anbau, um&hellip;<\/p>\n","protected":false},"author":1,"featured_media":0,"parent":0,"menu_order":0,"comment_status":"closed","ping_status":"closed","template":"","meta":{"_uag_custom_page_level_css":"","footnotes":""},"class_list":["post-782","page","type-page","status-publish","hentry"],"yoast_head":"<!-- This site is optimized with the Yoast SEO plugin v26.6 - https:\/\/yoast.com\/wordpress\/plugins\/seo\/ -->\n<title>Super gesundes Getr\u00e4nk Essen<\/title>\n<meta name=\"description\" content=\"Phyton\u00e4hrstoffe aus der Menge von 7-10 Portionen biologisches Gem\u00fcse und Obst in einen gesunden Smoothie umwandeln!\" \/>\n<meta name=\"robots\" content=\"index, follow, max-snippet:-1, max-image-preview:large, max-video-preview:-1\" \/>\n<link rel=\"canonical\" href=\"https:\/\/www.biomore.eu\/de\/total-living-drinks\/\" \/>\n<meta property=\"og:locale\" content=\"de_DE\" \/>\n<meta property=\"og:type\" content=\"article\" \/>\n<meta property=\"og:title\" content=\"Super gesundes Getr\u00e4nk Essen\" \/>\n<meta property=\"og:description\" content=\"Phyton\u00e4hrstoffe aus der Menge von 7-10 Portionen biologisches Gem\u00fcse und Obst in einen gesunden Smoothie umwandeln!\" \/>\n<meta property=\"og:url\" content=\"https:\/\/www.biomore.eu\/de\/total-living-drinks\/\" \/>\n<meta property=\"og:site_name\" content=\"Biomore\" \/>\n<meta property=\"article:modified_time\" content=\"2018-07-01T22:06:55+00:00\" \/>\n<meta name=\"twitter:card\" content=\"summary_large_image\" \/>\n<meta name=\"twitter:label1\" content=\"Gesch\u00e4tzte Lesezeit\" \/>\n\t<meta name=\"twitter:data1\" content=\"5\u00a0Minuten\" \/>\n<script type=\"application\/ld+json\" class=\"yoast-schema-graph\">{\"@context\":\"https:\/\/schema.org\",\"@graph\":[{\"@type\":\"WebPage\",\"@id\":\"https:\/\/www.biomore.eu\/de\/total-living-drinks\/\",\"url\":\"https:\/\/www.biomore.eu\/de\/total-living-drinks\/\",\"name\":\"Super gesundes Getr\u00e4nk Essen\",\"isPartOf\":{\"@id\":\"https:\/\/www.biomore.eu\/de\/#website\"},\"datePublished\":\"2018-07-01T22:00:11+00:00\",\"dateModified\":\"2018-07-01T22:06:55+00:00\",\"description\":\"Phyton\u00e4hrstoffe aus der Menge von 7-10 Portionen biologisches Gem\u00fcse und Obst in einen gesunden Smoothie umwandeln!\",\"breadcrumb\":{\"@id\":\"https:\/\/www.biomore.eu\/de\/total-living-drinks\/#breadcrumb\"},\"inLanguage\":\"de\",\"potentialAction\":[{\"@type\":\"ReadAction\",\"target\":[\"https:\/\/www.biomore.eu\/de\/total-living-drinks\/\"]}]},{\"@type\":\"BreadcrumbList\",\"@id\":\"https:\/\/www.biomore.eu\/de\/total-living-drinks\/#breadcrumb\",\"itemListElement\":[{\"@type\":\"ListItem\",\"position\":1,\"name\":\"Home\",\"item\":\"https:\/\/www.biomore.eu\/de\/\"},{\"@type\":\"ListItem\",\"position\":2,\"name\":\"Total Living Drinks\"}]},{\"@type\":\"WebSite\",\"@id\":\"https:\/\/www.biomore.eu\/de\/#website\",\"url\":\"https:\/\/www.biomore.eu\/de\/\",\"name\":\"Biomore\",\"description\":\"\",\"potentialAction\":[{\"@type\":\"SearchAction\",\"target\":{\"@type\":\"EntryPoint\",\"urlTemplate\":\"https:\/\/www.biomore.eu\/de\/?s={search_term_string}\"},\"query-input\":{\"@type\":\"PropertyValueSpecification\",\"valueRequired\":true,\"valueName\":\"search_term_string\"}}],\"inLanguage\":\"de\"}]}<\/script>\n<!-- \/ Yoast SEO plugin. -->","yoast_head_json":{"title":"Super gesundes Getr\u00e4nk Essen","description":"Phyton\u00e4hrstoffe aus der Menge von 7-10 Portionen biologisches Gem\u00fcse und Obst in einen gesunden Smoothie umwandeln!","robots":{"index":"index","follow":"follow","max-snippet":"max-snippet:-1","max-image-preview":"max-image-preview:large","max-video-preview":"max-video-preview:-1"},"canonical":"https:\/\/www.biomore.eu\/de\/total-living-drinks\/","og_locale":"de_DE","og_type":"article","og_title":"Super gesundes Getr\u00e4nk Essen","og_description":"Phyton\u00e4hrstoffe aus der Menge von 7-10 Portionen biologisches Gem\u00fcse und Obst in einen gesunden Smoothie umwandeln!","og_url":"https:\/\/www.biomore.eu\/de\/total-living-drinks\/","og_site_name":"Biomore","article_modified_time":"2018-07-01T22:06:55+00:00","twitter_card":"summary_large_image","twitter_misc":{"Gesch\u00e4tzte Lesezeit":"5\u00a0Minuten"},"schema":{"@context":"https:\/\/schema.org","@graph":[{"@type":"WebPage","@id":"https:\/\/www.biomore.eu\/de\/total-living-drinks\/","url":"https:\/\/www.biomore.eu\/de\/total-living-drinks\/","name":"Super gesundes Getr\u00e4nk Essen","isPartOf":{"@id":"https:\/\/www.biomore.eu\/de\/#website"},"datePublished":"2018-07-01T22:00:11+00:00","dateModified":"2018-07-01T22:06:55+00:00","description":"Phyton\u00e4hrstoffe aus der Menge von 7-10 Portionen biologisches Gem\u00fcse und Obst in einen gesunden Smoothie umwandeln!","breadcrumb":{"@id":"https:\/\/www.biomore.eu\/de\/total-living-drinks\/#breadcrumb"},"inLanguage":"de","potentialAction":[{"@type":"ReadAction","target":["https:\/\/www.biomore.eu\/de\/total-living-drinks\/"]}]},{"@type":"BreadcrumbList","@id":"https:\/\/www.biomore.eu\/de\/total-living-drinks\/#breadcrumb","itemListElement":[{"@type":"ListItem","position":1,"name":"Home","item":"https:\/\/www.biomore.eu\/de\/"},{"@type":"ListItem","position":2,"name":"Total Living Drinks"}]},{"@type":"WebSite","@id":"https:\/\/www.biomore.eu\/de\/#website","url":"https:\/\/www.biomore.eu\/de\/","name":"Biomore","description":"","potentialAction":[{"@type":"SearchAction","target":{"@type":"EntryPoint","urlTemplate":"https:\/\/www.biomore.eu\/de\/?s={search_term_string}"},"query-input":{"@type":"PropertyValueSpecification","valueRequired":true,"valueName":"search_term_string"}}],"inLanguage":"de"}]}},"uagb_featured_image_src":{"full":false,"thumbnail":false,"medium":false,"medium_large":false,"large":false,"1536x1536":false,"2048x2048":false,"post-thumbnail":false,"sober-blog-thumbnail":false,"sober-blog-grid":false,"sober-widget-thumbnail":false,"woocommerce_thumbnail":false,"woocommerce_single":false,"woocommerce_gallery_thumbnail":false,"sober_wc_gallery_thumbnail":false},"uagb_author_info":{"display_name":"Jan Pieter","author_link":"https:\/\/www.biomore.eu\/de\/author\/admin\/"},"uagb_comment_info":0,"uagb_excerpt":"[vc_row][vc_column][vc_column_text] Warum Total Living Drinks Die Bedeutung des Verzehrs der richtigen Menge an Gem\u00fcse und Fr\u00fcchten ist bekannt. In den letzten Jahren haben wir alle eine wachsende Nachfrage und Interesse an der Herstellung aller Arten von Smoothies zu Hause gesehen. Viele Haushalte begannen sehr enthusiastisch. Ein langsamer Entsafter wurde gekauft und Experimente durchgef\u00fchrt, um den&hellip;","_links":{"self":[{"href":"https:\/\/www.biomore.eu\/de\/wp-json\/wp\/v2\/pages\/782","targetHints":{"allow":["GET"]}}],"collection":[{"href":"https:\/\/www.biomore.eu\/de\/wp-json\/wp\/v2\/pages"}],"about":[{"href":"https:\/\/www.biomore.eu\/de\/wp-json\/wp\/v2\/types\/page"}],"author":[{"embeddable":true,"href":"https:\/\/www.biomore.eu\/de\/wp-json\/wp\/v2\/users\/1"}],"replies":[{"embeddable":true,"href":"https:\/\/www.biomore.eu\/de\/wp-json\/wp\/v2\/comments?post=782"}],"version-history":[{"count":0,"href":"https:\/\/www.biomore.eu\/de\/wp-json\/wp\/v2\/pages\/782\/revisions"}],"wp:attachment":[{"href":"https:\/\/www.biomore.eu\/de\/wp-json\/wp\/v2\/media?parent=782"}],"curies":[{"name":"wp","href":"https:\/\/api.w.org\/{rel}","templated":true}]}}