{"id":667,"date":"2018-06-27T13:23:25","date_gmt":"2018-06-27T12:23:25","guid":{"rendered":"https:\/\/www.biomore.eu\/reinigen\/"},"modified":"2025-08-04T20:23:53","modified_gmt":"2025-08-04T19:23:53","slug":"reinigen","status":"publish","type":"page","link":"https:\/\/www.biomore.eu\/de\/reinigen\/","title":{"rendered":"Reinigen"},"content":{"rendered":"\n<h3 class=\"wp-block-heading\">Warum ist die Entfernung von toxischen Verbindungen aus Ihrem K\u00f6rper so wichtig?<\/h3>\n\n\n\n<p>Von Anfang an ist Ihr K\u00f6rper allen Arten von toxischen Schwermetallen ausgesetzt. Diese Verbindungen sind schlecht wasserl\u00f6slich, so dass der Prozess der Aufnahme und Akkumulation sehr langsam abl\u00e4uft. Aber fr\u00fcher oder sp\u00e4ter sind die Schwermetalle f\u00fcr Ungleichgewichte in der Physiologie in Ihrem K\u00f6rper verantwortlich, weil sie lebenswichtige Teile von Rezeptoren blockieren. Gemeinsame toxische Metalle sind Kupfer, Quecksilber, Blei, Aluminium, Arsen, Bor, Lithium, Cadmium, Nickel, Kobalt, Molybd\u00e4n.<\/p>\n\n\n\n<p>Abgesehen von der Exposition gegen\u00fcber Schwermetallen ist Ihr K\u00f6rper PCB-Pestiziden, Herbiziden und Viren ausgesetzt. Ihnen ist gemeinsam, dass sie Ihr Immunsystem schw\u00e4chen.<\/p>\n\n\n\n<p>Biomore hat eine sehr wirksame Entgiftungsl\u00f6sung f\u00fcr Ihren K\u00f6rper; Fulvos\u00e4ure. Dieses Molek\u00fcl hat eine vielseitige Funktion, indem es alle Arten von Molek\u00fclen bindet und durch den K\u00f6rper transportiert. Es f\u00fchrt zu einer Eliminierung aller Arten von unerw\u00fcnschten Molek\u00fclen, besonders derjenigen, die sich in den Geweben ablagern und schlecht l\u00f6slich sind!<\/p>\n\n\n\n<h3 class=\"wp-block-heading\">Was ist Fulvos\u00e4ure?<\/h3>\n\n\n\n<p>Fulvos\u00e4ure ist eine von zwei Klassen von Humus-sauren, organischen Verbindungen, die in den B\u00f6den und Gew\u00e4ssern der Erde vorkommen. In den letzten Jahrzehnten haben wir viel mehr dar\u00fcber gelernt, wie Huminstoffe im Schmutz, einschlie\u00dflich Fulvos\u00e4ure, die Gesundheit des menschlichen Darms und damit die Immunfunktionen verbessern k\u00f6nnen.<\/p>\n\n\n\n<p>Der Erwerb von gen\u00fcgend Elektrolyten und anderen Spurenelementen ist wichtig f\u00fcr die richtigen Stoffwechselfunktionen, Verdauung und N\u00e4hrstoffaufnahme. Neben der Bereitstellung von N\u00e4hrstoffen transportiert Fulvos\u00e4ure Mineralien und andere N\u00e4hrstoffe effektiver in die Zellen, erh\u00f6ht die Absorptionsrate von N\u00e4hrstoffen, indem sie Zellen durchl\u00e4ssiger macht, und spielt eine wichtige Rolle in den Verdauungsorganen.<\/p>\n\n\n\n<p>Ein weiterer Vorteil der Einnahme von Fulvos\u00e4ure als Erg\u00e4nzung ist, dass es hilft, den optimalen pH-Wert des K\u00f6rpers wiederherzustellen. Durch die Alkalisierung des K\u00f6rpers und die Bildung einer zu sauren Umgebung k\u00f6nnen Humins\u00e4uren helfen, den Blut-pH-Wert in Ihrem K\u00f6rper zu halten.<\/p>\n\n\n\n<p>Humins\u00e4uren sind aufgrund ihrer entgiftenden Eigenschaften f\u00f6rderlich f\u00fcr die Verdauung und verbessern die Energie. Humins\u00e4uren k\u00f6nnen sich an Giftstoffe und Metalle binden, die durch Nahrung, Wasser, verschreibungspflichtige Medikamente, Haushaltsprodukte und Luftverschmutzung in den K\u00f6rper gelangen.<\/p>\n\n\n\n<p>Fulvins\u00e4uren enthalten Antioxidantien, die den Auswirkungen freier Radikale entgegenwirken und auch dazu beitragen, den K\u00f6rper von vielen Giftstoffen zu entgiften, die zu dem Problem beitragen: Chemikalien, die beispielsweise in der Landwirtschaft, radioaktiven Abf\u00e4llen und Schwermetallen verwendet werden. Es tr\u00e4gt auch dazu bei, die Durchl\u00e4ssigkeit und das Leben der Zellen zu verl\u00e4ngern, indem es Elektrolyte bereitstellt, die zahlreiche Funktionen im Herzen, in den Muskeln, im Gehirn und im Verdauungstrakt haben.<\/p>\n\n\n\n<h3 class=\"wp-block-heading\">Wie funktioniert Fulvos\u00e4ure?<\/h3>\n\n\n<div class=\"wp-block-image\">\n<figure class=\"alignright\"><a href=\"https:\/\/www.biomore.eu\/wp-content\/uploads\/2017\/12\/fulvicacid_molecule.jpg\"><img decoding=\"async\" src=\"https:\/\/www.biomore.eu\/wp-content\/uploads\/2025\/07\/fulvicacid_molecule.webp\" alt=\"\" class=\"wp-image-291\"\/><\/a><\/figure>\n<\/div>\n\n\n<p>Seine Struktur besteht aus aromatischen, organischen Polymeren mit vielen Carboxylgruppen, die Wasserstoffionen freisetzen, was zu einer elektrischen Ladung f\u00fchrt, die freie Radikale, Schwermetalle und andere Toxine im K\u00f6rper anlockt, so dass es wie ein &#8222;Reinigungs&#8220; agent wirkt. Sobald es mit Metallen reagiert, hilft Fulvos\u00e4ure ihnen, in Wasser besser l\u00f6slich zu sein, was bedeutet, dass sie leichter aus dem K\u00f6rper getragen werden.<\/p>\n\n\n\n<p>Als eine wichtige Quelle f\u00fcr wichtige Elektrolyte und Antioxidantien wurde gezeigt, dass es verschiedene zellul\u00e4re Prozesse, Muskelfunktionen, Verdauungsf\u00e4higkeiten, Herz- und Gehirngesundheit verbessert. Fulvos\u00e4ure hilft Zellen, die Menge an Mineralien zu absorbieren, die sie ben\u00f6tigen, und Abf\u00e4lle zu verwerfen, indem sie als Ionentransporter wirken.<\/p>\n\n\n\n<h3 class=\"wp-block-heading has-text-align-center\">2 Produktversionen &#8211; sowohl einmalig als auch effektiv<\/h3>\n\n\n\n<div class=\"wp-block-uagb-container uagb-block-2086dcb2 alignfull uagb-is-root-container\"><div class=\"uagb-container-inner-blocks-wrap\">\n<div class=\"wp-block-uagb-container uagb-block-e73058c7\"><div data-background-color=\"black\" data-block-name=\"woocommerce\/featured-product\" data-dim-ratio=\"0\" data-edit-mode=\"false\" data-image-fit=\"cover\" data-product-id=\"820\" data-show-desc=\"false\" data-show-price=\"false\" data-style=\"{&quot;elements&quot;:{&quot;link&quot;:{&quot;color&quot;:{&quot;text&quot;:&quot;var:preset|color|white&quot;}}}}\" data-text-color=\"white\" class=\"wc-block-featured-product alignnone has-background has-black-background-color has-text-color has-white-color wp-elements-5f0c5603d2ba9a33fd9e4239dd15ce8a wp-block-woocommerce-featured-product\" style=\"min-height:500px;\"><div class=\"wc-block-featured-product__wrapper\"><div class=\"background-dim__overlay\" style=\"background-color: #000000\"><\/div><img decoding=\"async\" alt=\"Fulvic Acid (drink)\" class=\"wc-block-featured-product__background-image\" src=\"https:\/\/www.biomore.eu\/wp-content\/uploads\/2025\/07\/Fulvic-Acid-Drink-0.5L.webp\" style=\"object-fit: cover;object-position: 50% 50%;\" \/><h2 class=\"wc-block-featured-product__title\">Fulvic Acid (drink)<\/h2><div class=\"wc-block-featured-product__inner-blocks\">\n\n<div class=\"wp-block-buttons is-content-justification-center is-layout-flex wp-container-core-buttons-is-layout-16018d1d wp-block-buttons-is-layout-flex\">\n<div class=\"wp-block-button\"><a class=\"wp-block-button__link has-white-color has-black-background-color has-text-color has-background has-link-color has-small-font-size has-custom-font-size wp-element-button\" href=\"https:\/\/www.biomore.eu\/de\/product\/fulvic-acid-drink\/\">Shop now<\/a><\/div>\n<\/div>\n\n<\/div><\/div><\/div><\/div>\n\n\n\n<div class=\"wp-block-uagb-container uagb-block-496d0fdf\"><div data-background-color=\"black\" data-block-name=\"woocommerce\/featured-product\" data-dim-ratio=\"0\" data-edit-mode=\"false\" data-image-fit=\"cover\" data-product-id=\"814\" data-show-desc=\"false\" data-show-price=\"false\" data-style=\"{&quot;elements&quot;:{&quot;link&quot;:{&quot;color&quot;:{&quot;text&quot;:&quot;var:preset|color|white&quot;}}}}\" data-text-color=\"white\" class=\"wc-block-featured-product alignnone has-background has-black-background-color has-text-color has-white-color wp-elements-bfa0eb5e795a6bbeb431559d5e8e9648 wp-block-woocommerce-featured-product\" style=\"min-height:500px;\"><div class=\"wc-block-featured-product__wrapper\"><div class=\"background-dim__overlay\" style=\"background-color: #000000\"><\/div><img decoding=\"async\" alt=\"Fulvins\u00e4ure (inhalation)\" class=\"wc-block-featured-product__background-image\" src=\"https:\/\/www.biomore.eu\/wp-content\/uploads\/2025\/07\/Fulvic-acid-0.5L-inhalation.webp\" style=\"object-fit: cover;object-position: 50% 50%;\" \/><h2 class=\"wc-block-featured-product__title\">Fulvins\u00e4ure (inhalation)<\/h2><div class=\"wc-block-featured-product__inner-blocks\">\n\n<div class=\"wp-block-buttons is-content-justification-center is-layout-flex wp-container-core-buttons-is-layout-16018d1d wp-block-buttons-is-layout-flex\">\n<div class=\"wp-block-button\"><a class=\"wp-block-button__link has-white-color has-black-background-color has-text-color has-background has-link-color has-small-font-size has-custom-font-size wp-element-button\" href=\"https:\/\/www.biomore.eu\/de\/product\/fulvic-acid-inhalation\/\">Shop now<\/a><\/div>\n<\/div>\n\n<\/div><\/div><\/div><\/div>\n<\/div><\/div>\n\n\n\n<div class=\"wp-block-uagb-container uagb-block-72e913fc alignfull uagb-is-root-container\"><div class=\"uagb-container-inner-blocks-wrap\">\n<div class=\"wp-block-uagb-container uagb-block-6517e641\">\n<div class=\"sober-product sober-product--link-behaviour light-scheme woocommerce  \">\n\t\t\t\t<div class=\"product-image\" style=\"\">\n\t\t\t\t\t<img decoding=\"async\" alt=\"\" src=\"\">\n\t\t\t\t<\/div>\n\t\t\t\t<div class=\"product-info\">\n\t\t\t\t\t<h3 class=\"product-title\"><\/h3>\n\t\t\t\t\t<div class=\"product-desc\"><\/div>\n\t\t\t\t\t<div class=\"product-price\">\n\t\t\t\t\t\t<span class=\"price\"><span class=\"woocommerce-Price-amount amount\"><bdi><span class=\"woocommerce-Price-currencySymbol\">&euro;<\/span>24,29<\/bdi><\/span><\/span>\n\t\t\t\t\t\t<span class=\"button\">Fulvic Acid (inhalation)<\/span>\n\t\t\t\t\t<\/div>\n\t\t\t\t<\/div>\n\t\t\t\t<a href=\"https:\/\/www.biomore.eu\/de\/produkt\/fulvic-acid-inhalation\/\" target=\"\" rel=\"\" class=\"overlink\">View Product<\/a>\n\t\t\t<\/div>\n<\/div>\n\n\n\n<div class=\"wp-block-uagb-container uagb-block-1a08bbbb\">\n<div class=\"sober-product sober-product--link-behaviour light-scheme woocommerce  \">\n\t\t\t\t<div class=\"product-image\" style=\"\">\n\t\t\t\t\t<img decoding=\"async\" alt=\"\" src=\"\">\n\t\t\t\t<\/div>\n\t\t\t\t<div class=\"product-info\">\n\t\t\t\t\t<h3 class=\"product-title\"><\/h3>\n\t\t\t\t\t<div class=\"product-desc\"><\/div>\n\t\t\t\t\t<div class=\"product-price\">\n\t\t\t\t\t\t<span class=\"price\"><span class=\"woocommerce-Price-amount amount\"><bdi><span class=\"woocommerce-Price-currencySymbol\">&euro;<\/span>22,11<\/bdi><\/span><\/span>\n\t\t\t\t\t\t<span class=\"button\">Fulvic Acid (drink)<\/span>\n\t\t\t\t\t<\/div>\n\t\t\t\t<\/div>\n\t\t\t\t<a href=\"https:\/\/www.biomore.eu\/de\/produkt\/fulvic-acid-drink\/\" target=\"\" rel=\"\" class=\"overlink\">View Product<\/a>\n\t\t\t<\/div>\n<\/div>\n\n\n\n<div class=\"wp-block-uagb-container uagb-block-7f507c59\">\n<h3 class=\"wp-block-heading\">Warum ist Biomore Fulvos\u00e4ure so einzigartig?<\/h3>\n\n\n\n<p>Im Laufe der Jahre verwendeten die Menschen nat\u00fcrliche Quellen, um Fulvos\u00e4ure zu verwenden. Aufgrund der weltweiten Umweltverschmutzung durch Schwermetalle, PCB, Pestizide und Herbizide ist es nicht mehr m\u00f6glich, wirklich saubere Quellen zu finden. Heutzutage sind alle aus der Natur gewonnenen Fulvos\u00e4uren kontaminiert, was das Produkt vor 100 Jahren weniger wertvoll macht. Sobald toxische Metalle an dieses Molek\u00fcl gebunden sind, ist es unm\u00f6glich, es zu entfernen. Anstatt einer Entgiftung wird Ihr K\u00f6rper mit Molek\u00fclen konfrontiert, die Sie tats\u00e4chlich entfernen m\u00f6chten!<br><br>Wir haben daher ein Verfahren entwickelt, bei dem Fulvos\u00e4ure 100 % sauber und frei von Schwermetallen, PCB, Pestiziden und Herbiziden hergestellt wird. Wir sind das einzige Unternehmen, das dieses Produkt in Europa verkauft.<\/p>\n<\/div>\n\n\n\n<div class=\"wp-block-uagb-container uagb-block-2fc1d88e\">\n<h3 class=\"wp-block-heading\">Funktionen<\/h3>\n\n\n\n<p>\u2714\ufe0f Verbessert die Bioverf\u00fcgbarkeit von Lebensmittelzutaten<\/p>\n\n\n\n<p><br>\u2714\ufe0f Hilft bei der Freisetzung von Schwermetallen, PCB und Pestiziden aus dem K\u00f6rper<\/p>\n\n\n\n<p>\u2714\ufe0f Inhalationsformel f\u00fcr den Sinus<\/p>\n\n\n\n<p>\u2714\ufe0f Trinken Sie Formel f\u00fcr K\u00f6rpergewebe und Organe<\/p>\n<\/div>\n<\/div><\/div>\n","protected":false},"excerpt":{"rendered":"<p>Warum ist die Entfernung von toxischen Verbindungen aus Ihrem K\u00f6rper so wichtig? Von Anfang an ist Ihr K\u00f6rper allen Arten von toxischen Schwermetallen ausgesetzt. Diese Verbindungen sind schlecht wasserl\u00f6slich, so dass der Prozess der Aufnahme und Akkumulation sehr langsam abl\u00e4uft. Aber fr\u00fcher oder sp\u00e4ter sind die Schwermetalle f\u00fcr Ungleichgewichte in der Physiologie in Ihrem K\u00f6rper verantwortlich, weil sie lebenswichtige Teile von Rezeptoren blockieren. Gemeinsame toxische Metalle sind Kupfer, Quecksilber, Blei, Aluminium, Arsen, Bor, Lithium, Cadmium,&hellip;<\/p>\n","protected":false},"author":1,"featured_media":0,"parent":0,"menu_order":0,"comment_status":"closed","ping_status":"closed","template":"","meta":{"_uag_custom_page_level_css":"","footnotes":""},"class_list":["post-667","page","type-page","status-publish","hentry"],"yoast_head":"<!-- This site is optimized with the Yoast SEO plugin v26.6 - https:\/\/yoast.com\/wordpress\/plugins\/seo\/ -->\n<title>Reinige deinen K\u00f6rper<\/title>\n<meta name=\"description\" content=\"Sobald es mit Metallen reagiert, hilft Fulvos\u00e4ure ihnen, in Wasser besser l\u00f6slich zu sein, was bedeutet, dass sie leichter aus dem K\u00f6rper getragen werden.\" \/>\n<meta name=\"robots\" content=\"index, follow, max-snippet:-1, max-image-preview:large, max-video-preview:-1\" \/>\n<link rel=\"canonical\" href=\"https:\/\/www.biomore.eu\/de\/reinigen\/\" \/>\n<meta property=\"og:locale\" content=\"de_DE\" \/>\n<meta property=\"og:type\" content=\"article\" \/>\n<meta property=\"og:title\" content=\"Reinige deinen K\u00f6rper\" \/>\n<meta property=\"og:description\" content=\"Sobald es mit Metallen reagiert, hilft Fulvos\u00e4ure ihnen, in Wasser besser l\u00f6slich zu sein, was bedeutet, dass sie leichter aus dem K\u00f6rper getragen werden.\" \/>\n<meta property=\"og:url\" content=\"https:\/\/www.biomore.eu\/de\/reinigen\/\" \/>\n<meta property=\"og:site_name\" content=\"Biomore\" \/>\n<meta property=\"article:modified_time\" content=\"2025-08-04T19:23:53+00:00\" \/>\n<meta name=\"twitter:card\" content=\"summary_large_image\" \/>\n<meta name=\"twitter:label1\" content=\"Gesch\u00e4tzte Lesezeit\" \/>\n\t<meta name=\"twitter:data1\" content=\"4\u00a0Minuten\" \/>\n<script type=\"application\/ld+json\" class=\"yoast-schema-graph\">{\"@context\":\"https:\/\/schema.org\",\"@graph\":[{\"@type\":\"WebPage\",\"@id\":\"https:\/\/www.biomore.eu\/de\/reinigen\/\",\"url\":\"https:\/\/www.biomore.eu\/de\/reinigen\/\",\"name\":\"Reinige deinen K\u00f6rper\",\"isPartOf\":{\"@id\":\"https:\/\/www.biomore.eu\/de\/#website\"},\"primaryImageOfPage\":{\"@id\":\"https:\/\/www.biomore.eu\/de\/reinigen\/#primaryimage\"},\"image\":{\"@id\":\"https:\/\/www.biomore.eu\/de\/reinigen\/#primaryimage\"},\"thumbnailUrl\":\"https:\/\/www.biomore.eu\/wp-content\/uploads\/2025\/07\/fulvicacid_molecule.webp\",\"datePublished\":\"2018-06-27T12:23:25+00:00\",\"dateModified\":\"2025-08-04T19:23:53+00:00\",\"description\":\"Sobald es mit Metallen reagiert, hilft Fulvos\u00e4ure ihnen, in Wasser besser l\u00f6slich zu sein, was bedeutet, dass sie leichter aus dem K\u00f6rper getragen werden.\",\"breadcrumb\":{\"@id\":\"https:\/\/www.biomore.eu\/de\/reinigen\/#breadcrumb\"},\"inLanguage\":\"de\",\"potentialAction\":[{\"@type\":\"ReadAction\",\"target\":[\"https:\/\/www.biomore.eu\/de\/reinigen\/\"]}]},{\"@type\":\"ImageObject\",\"inLanguage\":\"de\",\"@id\":\"https:\/\/www.biomore.eu\/de\/reinigen\/#primaryimage\",\"url\":\"https:\/\/www.biomore.eu\/wp-content\/uploads\/2025\/07\/fulvicacid_molecule.webp\",\"contentUrl\":\"https:\/\/www.biomore.eu\/wp-content\/uploads\/2025\/07\/fulvicacid_molecule.webp\"},{\"@type\":\"BreadcrumbList\",\"@id\":\"https:\/\/www.biomore.eu\/de\/reinigen\/#breadcrumb\",\"itemListElement\":[{\"@type\":\"ListItem\",\"position\":1,\"name\":\"Home\",\"item\":\"https:\/\/www.biomore.eu\/de\/\"},{\"@type\":\"ListItem\",\"position\":2,\"name\":\"Reinigen\"}]},{\"@type\":\"WebSite\",\"@id\":\"https:\/\/www.biomore.eu\/de\/#website\",\"url\":\"https:\/\/www.biomore.eu\/de\/\",\"name\":\"Biomore\",\"description\":\"\",\"potentialAction\":[{\"@type\":\"SearchAction\",\"target\":{\"@type\":\"EntryPoint\",\"urlTemplate\":\"https:\/\/www.biomore.eu\/de\/?s={search_term_string}\"},\"query-input\":{\"@type\":\"PropertyValueSpecification\",\"valueRequired\":true,\"valueName\":\"search_term_string\"}}],\"inLanguage\":\"de\"}]}<\/script>\n<!-- \/ Yoast SEO plugin. -->","yoast_head_json":{"title":"Reinige deinen K\u00f6rper","description":"Sobald es mit Metallen reagiert, hilft Fulvos\u00e4ure ihnen, in Wasser besser l\u00f6slich zu sein, was bedeutet, dass sie leichter aus dem K\u00f6rper getragen werden.","robots":{"index":"index","follow":"follow","max-snippet":"max-snippet:-1","max-image-preview":"max-image-preview:large","max-video-preview":"max-video-preview:-1"},"canonical":"https:\/\/www.biomore.eu\/de\/reinigen\/","og_locale":"de_DE","og_type":"article","og_title":"Reinige deinen K\u00f6rper","og_description":"Sobald es mit Metallen reagiert, hilft Fulvos\u00e4ure ihnen, in Wasser besser l\u00f6slich zu sein, was bedeutet, dass sie leichter aus dem K\u00f6rper getragen werden.","og_url":"https:\/\/www.biomore.eu\/de\/reinigen\/","og_site_name":"Biomore","article_modified_time":"2025-08-04T19:23:53+00:00","twitter_card":"summary_large_image","twitter_misc":{"Gesch\u00e4tzte Lesezeit":"4\u00a0Minuten"},"schema":{"@context":"https:\/\/schema.org","@graph":[{"@type":"WebPage","@id":"https:\/\/www.biomore.eu\/de\/reinigen\/","url":"https:\/\/www.biomore.eu\/de\/reinigen\/","name":"Reinige deinen K\u00f6rper","isPartOf":{"@id":"https:\/\/www.biomore.eu\/de\/#website"},"primaryImageOfPage":{"@id":"https:\/\/www.biomore.eu\/de\/reinigen\/#primaryimage"},"image":{"@id":"https:\/\/www.biomore.eu\/de\/reinigen\/#primaryimage"},"thumbnailUrl":"https:\/\/www.biomore.eu\/wp-content\/uploads\/2025\/07\/fulvicacid_molecule.webp","datePublished":"2018-06-27T12:23:25+00:00","dateModified":"2025-08-04T19:23:53+00:00","description":"Sobald es mit Metallen reagiert, hilft Fulvos\u00e4ure ihnen, in Wasser besser l\u00f6slich zu sein, was bedeutet, dass sie leichter aus dem K\u00f6rper getragen werden.","breadcrumb":{"@id":"https:\/\/www.biomore.eu\/de\/reinigen\/#breadcrumb"},"inLanguage":"de","potentialAction":[{"@type":"ReadAction","target":["https:\/\/www.biomore.eu\/de\/reinigen\/"]}]},{"@type":"ImageObject","inLanguage":"de","@id":"https:\/\/www.biomore.eu\/de\/reinigen\/#primaryimage","url":"https:\/\/www.biomore.eu\/wp-content\/uploads\/2025\/07\/fulvicacid_molecule.webp","contentUrl":"https:\/\/www.biomore.eu\/wp-content\/uploads\/2025\/07\/fulvicacid_molecule.webp"},{"@type":"BreadcrumbList","@id":"https:\/\/www.biomore.eu\/de\/reinigen\/#breadcrumb","itemListElement":[{"@type":"ListItem","position":1,"name":"Home","item":"https:\/\/www.biomore.eu\/de\/"},{"@type":"ListItem","position":2,"name":"Reinigen"}]},{"@type":"WebSite","@id":"https:\/\/www.biomore.eu\/de\/#website","url":"https:\/\/www.biomore.eu\/de\/","name":"Biomore","description":"","potentialAction":[{"@type":"SearchAction","target":{"@type":"EntryPoint","urlTemplate":"https:\/\/www.biomore.eu\/de\/?s={search_term_string}"},"query-input":{"@type":"PropertyValueSpecification","valueRequired":true,"valueName":"search_term_string"}}],"inLanguage":"de"}]}},"uagb_featured_image_src":{"full":false,"thumbnail":false,"medium":false,"medium_large":false,"large":false,"1536x1536":false,"2048x2048":false,"post-thumbnail":false,"sober-blog-thumbnail":false,"sober-blog-grid":false,"sober-widget-thumbnail":false,"woocommerce_thumbnail":false,"woocommerce_single":false,"woocommerce_gallery_thumbnail":false,"sober_wc_gallery_thumbnail":false},"uagb_author_info":{"display_name":"Jan Pieter","author_link":"https:\/\/www.biomore.eu\/de\/author\/admin\/"},"uagb_comment_info":0,"uagb_excerpt":"Warum ist die Entfernung von toxischen Verbindungen aus Ihrem K\u00f6rper so wichtig? Von Anfang an ist Ihr K\u00f6rper allen Arten von toxischen Schwermetallen ausgesetzt. Diese Verbindungen sind schlecht wasserl\u00f6slich, so dass der Prozess der Aufnahme und Akkumulation sehr langsam abl\u00e4uft. Aber fr\u00fcher oder sp\u00e4ter sind die Schwermetalle f\u00fcr Ungleichgewichte in der Physiologie in Ihrem K\u00f6rper&hellip;","_links":{"self":[{"href":"https:\/\/www.biomore.eu\/de\/wp-json\/wp\/v2\/pages\/667","targetHints":{"allow":["GET"]}}],"collection":[{"href":"https:\/\/www.biomore.eu\/de\/wp-json\/wp\/v2\/pages"}],"about":[{"href":"https:\/\/www.biomore.eu\/de\/wp-json\/wp\/v2\/types\/page"}],"author":[{"embeddable":true,"href":"https:\/\/www.biomore.eu\/de\/wp-json\/wp\/v2\/users\/1"}],"replies":[{"embeddable":true,"href":"https:\/\/www.biomore.eu\/de\/wp-json\/wp\/v2\/comments?post=667"}],"version-history":[{"count":1,"href":"https:\/\/www.biomore.eu\/de\/wp-json\/wp\/v2\/pages\/667\/revisions"}],"predecessor-version":[{"id":4405,"href":"https:\/\/www.biomore.eu\/de\/wp-json\/wp\/v2\/pages\/667\/revisions\/4405"}],"wp:attachment":[{"href":"https:\/\/www.biomore.eu\/de\/wp-json\/wp\/v2\/media?parent=667"}],"curies":[{"name":"wp","href":"https:\/\/api.w.org\/{rel}","templated":true}]}}