{"id":1711,"date":"2021-07-31T15:05:26","date_gmt":"2021-07-31T14:05:26","guid":{"rendered":"https:\/\/www.biomore.eu\/product\/vitamin-b12-5-mg\/"},"modified":"2025-06-02T14:10:31","modified_gmt":"2025-06-02T13:10:31","slug":"vitamin-b12-5-mg","status":"publish","type":"product","link":"https:\/\/www.biomore.eu\/da\/product\/vitamin-b12-5-mg\/","title":{"rendered":"Vitamin B12 &#8211; 5 mg"},"content":{"rendered":"<p><strong>Vitamin B12<\/strong> findes almindeligt i produkter af animalsk oprindelse, s\u00e5som mejeriprodukter og \u00e6g. Vegetarer er derfor mere tilb\u00f8jelige til at have en vitamin B12 -mangel. Det er ogs\u00e5 kendt, at en vitamin B12 -mangel ofte opst\u00e5r med aldring. Der er sk\u00f8n over, at 10-30% af befolkningen over 50 \u00e5r ikke l\u00e6ngere korrekt kan omdanne vitamin B12.<\/p>\n<p>De mest absorberbare former for vitamin B12 er methylcobalamin og adenosylcobalamin. Begge er biologisk aktive former, der ikke l\u00e6ngere skal konverteres af maven og tarmene. B\u00e5de methylcobalamin og adenosylcobalamin har vigtige fordele i forhold til andre inaktive former for vitamin B12. vitamin B12 vitamin, er aktiv i centralnervesystemet. Det er vigtigt for cellev\u00e6kst og reproduktion. Hos nogle mennesker omdannes cyanocobalamin (den mest almindeligt anvendte billige form for vitamin B12) ikke af leveren til passende m\u00e6ngder methylcobalamin. Methylcobalamin og adenosylcobalamin bruges derfor af os til st\u00f8tte for nervesystemets funktion og st\u00f8tte for et godt homocystein -niveau.<\/p>\n","protected":false},"excerpt":{"rendered":"<p><strong>Vitamin B12<\/strong> findes almindeligt i produkter af animalsk oprindelse, s\u00e5som mejeriprodukter og \u00e6g. Vegetarer er derfor mere tilb\u00f8jelige til at have en vitamin B12 -mangel. Det er ogs\u00e5 kendt, at en vitamin B12 -mangel ofte opst\u00e5r med aldring. Der er sk\u00f8n over, at 10-30% af befolkningen over 50 \u00e5r ikke l\u00e6ngere korrekt kan omdanne vitamin B12.<\/p>\n","protected":false},"featured_media":4153,"comment_status":"open","ping_status":"closed","template":"","meta":{"_uag_custom_page_level_css":""},"product_brand":[],"product_cat":[78],"product_tag":[],"class_list":{"0":"post-1711","1":"product","2":"type-product","3":"status-publish","4":"has-post-thumbnail","6":"product_cat-resistance-da","8":"first","9":"instock","10":"taxable","11":"shipping-taxable","12":"purchasable","13":"product-type-simple","14":"layout-style-2","15":"col-md-4 col-sm-4 col-xs-6","16":"col-lg-3","17":"product-style-quickview"},"yoast_head":"<!-- This site is optimized with the Yoast SEO plugin v26.6 - https:\/\/yoast.com\/wordpress\/plugins\/seo\/ -->\n<title>Vitamin B12 - 5 mg - Biomore<\/title>\n<meta name=\"description\" content=\"De mest absorberbare former for vitamin B12 er methylcobalamin og adenosylcobalamin.\" \/>\n<meta name=\"robots\" content=\"index, follow, max-snippet:-1, max-image-preview:large, max-video-preview:-1\" \/>\n<link rel=\"canonical\" href=\"https:\/\/www.biomore.eu\/da\/product\/vitamin-b12-5-mg\/\" \/>\n<meta property=\"og:locale\" content=\"da_DK\" \/>\n<meta property=\"og:type\" content=\"article\" \/>\n<meta property=\"og:title\" content=\"Vitamin B12 - 5 mg - Biomore\" \/>\n<meta property=\"og:description\" content=\"De mest absorberbare former for vitamin B12 er methylcobalamin og adenosylcobalamin.\" \/>\n<meta property=\"og:url\" content=\"https:\/\/www.biomore.eu\/da\/product\/vitamin-b12-5-mg\/\" \/>\n<meta property=\"og:site_name\" content=\"Biomore\" \/>\n<meta property=\"article:modified_time\" content=\"2025-06-02T13:10:31+00:00\" \/>\n<meta property=\"og:image\" content=\"https:\/\/www.biomore.eu\/wp-content\/uploads\/2025\/06\/Vitamin-B12.webp\" \/>\n\t<meta property=\"og:image:width\" content=\"908\" \/>\n\t<meta property=\"og:image:height\" content=\"908\" \/>\n\t<meta property=\"og:image:type\" content=\"image\/webp\" \/>\n<meta name=\"twitter:card\" content=\"summary_large_image\" \/>\n<meta name=\"twitter:label1\" content=\"Estimeret l\u00e6setid\" \/>\n\t<meta name=\"twitter:data1\" content=\"1 minut\" \/>\n<script type=\"application\/ld+json\" class=\"yoast-schema-graph\">{\"@context\":\"https:\/\/schema.org\",\"@graph\":[{\"@type\":\"WebPage\",\"@id\":\"https:\/\/www.biomore.eu\/da\/product\/vitamin-b12-5-mg\/\",\"url\":\"https:\/\/www.biomore.eu\/da\/product\/vitamin-b12-5-mg\/\",\"name\":\"Vitamin B12 - 5 mg - Biomore\",\"isPartOf\":{\"@id\":\"https:\/\/www.biomore.eu\/de\/#website\"},\"primaryImageOfPage\":{\"@id\":\"https:\/\/www.biomore.eu\/da\/product\/vitamin-b12-5-mg\/#primaryimage\"},\"image\":{\"@id\":\"https:\/\/www.biomore.eu\/da\/product\/vitamin-b12-5-mg\/#primaryimage\"},\"thumbnailUrl\":\"https:\/\/www.biomore.eu\/wp-content\/uploads\/2025\/06\/Vitamin-B12.webp\",\"datePublished\":\"2021-07-31T14:05:26+00:00\",\"dateModified\":\"2025-06-02T13:10:31+00:00\",\"description\":\"De mest absorberbare former for vitamin B12 er methylcobalamin og adenosylcobalamin.\",\"breadcrumb\":{\"@id\":\"https:\/\/www.biomore.eu\/da\/product\/vitamin-b12-5-mg\/#breadcrumb\"},\"inLanguage\":\"da-DK\",\"potentialAction\":[{\"@type\":\"ReadAction\",\"target\":[\"https:\/\/www.biomore.eu\/da\/product\/vitamin-b12-5-mg\/\"]}]},{\"@type\":\"ImageObject\",\"inLanguage\":\"da-DK\",\"@id\":\"https:\/\/www.biomore.eu\/da\/product\/vitamin-b12-5-mg\/#primaryimage\",\"url\":\"https:\/\/www.biomore.eu\/wp-content\/uploads\/2025\/06\/Vitamin-B12.webp\",\"contentUrl\":\"https:\/\/www.biomore.eu\/wp-content\/uploads\/2025\/06\/Vitamin-B12.webp\",\"width\":908,\"height\":908,\"caption\":\"Vitamin B12 - 5mg\"},{\"@type\":\"BreadcrumbList\",\"@id\":\"https:\/\/www.biomore.eu\/da\/product\/vitamin-b12-5-mg\/#breadcrumb\",\"itemListElement\":[{\"@type\":\"ListItem\",\"position\":1,\"name\":\"Home\",\"item\":\"https:\/\/www.biomore.eu\/da\/\"},{\"@type\":\"ListItem\",\"position\":2,\"name\":\"Shop\",\"item\":\"https:\/\/www.biomore.eu\/da\/shop\/\"},{\"@type\":\"ListItem\",\"position\":3,\"name\":\"Vitamin B12 &#8211; 5 mg\"}]},{\"@type\":\"WebSite\",\"@id\":\"https:\/\/www.biomore.eu\/de\/#website\",\"url\":\"https:\/\/www.biomore.eu\/de\/\",\"name\":\"Biomore\",\"description\":\"\",\"potentialAction\":[{\"@type\":\"SearchAction\",\"target\":{\"@type\":\"EntryPoint\",\"urlTemplate\":\"https:\/\/www.biomore.eu\/de\/?s={search_term_string}\"},\"query-input\":{\"@type\":\"PropertyValueSpecification\",\"valueRequired\":true,\"valueName\":\"search_term_string\"}}],\"inLanguage\":\"da-DK\"}]}<\/script>\n<!-- \/ Yoast SEO plugin. -->","yoast_head_json":{"title":"Vitamin B12 - 5 mg - Biomore","description":"De mest absorberbare former for vitamin B12 er methylcobalamin og adenosylcobalamin.","robots":{"index":"index","follow":"follow","max-snippet":"max-snippet:-1","max-image-preview":"max-image-preview:large","max-video-preview":"max-video-preview:-1"},"canonical":"https:\/\/www.biomore.eu\/da\/product\/vitamin-b12-5-mg\/","og_locale":"da_DK","og_type":"article","og_title":"Vitamin B12 - 5 mg - Biomore","og_description":"De mest absorberbare former for vitamin B12 er methylcobalamin og adenosylcobalamin.","og_url":"https:\/\/www.biomore.eu\/da\/product\/vitamin-b12-5-mg\/","og_site_name":"Biomore","article_modified_time":"2025-06-02T13:10:31+00:00","og_image":[{"width":908,"height":908,"url":"https:\/\/www.biomore.eu\/wp-content\/uploads\/2025\/06\/Vitamin-B12.webp","type":"image\/webp"}],"twitter_card":"summary_large_image","twitter_misc":{"Estimeret l\u00e6setid":"1 minut"},"schema":{"@context":"https:\/\/schema.org","@graph":[{"@type":"WebPage","@id":"https:\/\/www.biomore.eu\/da\/product\/vitamin-b12-5-mg\/","url":"https:\/\/www.biomore.eu\/da\/product\/vitamin-b12-5-mg\/","name":"Vitamin B12 - 5 mg - Biomore","isPartOf":{"@id":"https:\/\/www.biomore.eu\/de\/#website"},"primaryImageOfPage":{"@id":"https:\/\/www.biomore.eu\/da\/product\/vitamin-b12-5-mg\/#primaryimage"},"image":{"@id":"https:\/\/www.biomore.eu\/da\/product\/vitamin-b12-5-mg\/#primaryimage"},"thumbnailUrl":"https:\/\/www.biomore.eu\/wp-content\/uploads\/2025\/06\/Vitamin-B12.webp","datePublished":"2021-07-31T14:05:26+00:00","dateModified":"2025-06-02T13:10:31+00:00","description":"De mest absorberbare former for vitamin B12 er methylcobalamin og adenosylcobalamin.","breadcrumb":{"@id":"https:\/\/www.biomore.eu\/da\/product\/vitamin-b12-5-mg\/#breadcrumb"},"inLanguage":"da-DK","potentialAction":[{"@type":"ReadAction","target":["https:\/\/www.biomore.eu\/da\/product\/vitamin-b12-5-mg\/"]}]},{"@type":"ImageObject","inLanguage":"da-DK","@id":"https:\/\/www.biomore.eu\/da\/product\/vitamin-b12-5-mg\/#primaryimage","url":"https:\/\/www.biomore.eu\/wp-content\/uploads\/2025\/06\/Vitamin-B12.webp","contentUrl":"https:\/\/www.biomore.eu\/wp-content\/uploads\/2025\/06\/Vitamin-B12.webp","width":908,"height":908,"caption":"Vitamin B12 - 5mg"},{"@type":"BreadcrumbList","@id":"https:\/\/www.biomore.eu\/da\/product\/vitamin-b12-5-mg\/#breadcrumb","itemListElement":[{"@type":"ListItem","position":1,"name":"Home","item":"https:\/\/www.biomore.eu\/da\/"},{"@type":"ListItem","position":2,"name":"Shop","item":"https:\/\/www.biomore.eu\/da\/shop\/"},{"@type":"ListItem","position":3,"name":"Vitamin B12 &#8211; 5 mg"}]},{"@type":"WebSite","@id":"https:\/\/www.biomore.eu\/de\/#website","url":"https:\/\/www.biomore.eu\/de\/","name":"Biomore","description":"","potentialAction":[{"@type":"SearchAction","target":{"@type":"EntryPoint","urlTemplate":"https:\/\/www.biomore.eu\/de\/?s={search_term_string}"},"query-input":{"@type":"PropertyValueSpecification","valueRequired":true,"valueName":"search_term_string"}}],"inLanguage":"da-DK"}]}},"uagb_featured_image_src":{"full":["https:\/\/www.biomore.eu\/wp-content\/uploads\/2025\/06\/Vitamin-B12.webp",908,908,false],"thumbnail":["https:\/\/www.biomore.eu\/wp-content\/uploads\/2025\/06\/Vitamin-B12-150x150.webp",150,150,true],"medium":["https:\/\/www.biomore.eu\/wp-content\/uploads\/2025\/06\/Vitamin-B12-300x300.webp",300,300,true],"medium_large":["https:\/\/www.biomore.eu\/wp-content\/uploads\/2025\/06\/Vitamin-B12-768x768.webp",640,640,true],"large":["https:\/\/www.biomore.eu\/wp-content\/uploads\/2025\/06\/Vitamin-B12.webp",640,640,false],"1536x1536":["https:\/\/www.biomore.eu\/wp-content\/uploads\/2025\/06\/Vitamin-B12.webp",908,908,false],"2048x2048":["https:\/\/www.biomore.eu\/wp-content\/uploads\/2025\/06\/Vitamin-B12.webp",908,908,false],"post-thumbnail":["https:\/\/www.biomore.eu\/wp-content\/uploads\/2025\/06\/Vitamin-B12-100x100.webp",100,100,true],"sober-blog-thumbnail":["https:\/\/www.biomore.eu\/wp-content\/uploads\/2025\/06\/Vitamin-B12-750x480.webp",750,480,true],"sober-blog-grid":["https:\/\/www.biomore.eu\/wp-content\/uploads\/2025\/06\/Vitamin-B12-360x240.webp",360,240,true],"sober-widget-thumbnail":["https:\/\/www.biomore.eu\/wp-content\/uploads\/2025\/06\/Vitamin-B12-100x100.webp",100,100,true],"woocommerce_thumbnail":["https:\/\/www.biomore.eu\/wp-content\/uploads\/2025\/06\/Vitamin-B12-433x516.webp",433,516,true],"woocommerce_single":["https:\/\/www.biomore.eu\/wp-content\/uploads\/2025\/06\/Vitamin-B12-897x897.webp",897,897,true],"woocommerce_gallery_thumbnail":["https:\/\/www.biomore.eu\/wp-content\/uploads\/2025\/06\/Vitamin-B12-80x100.webp",80,100,true],"sober_wc_gallery_thumbnail":["https:\/\/www.biomore.eu\/wp-content\/uploads\/2025\/06\/Vitamin-B12-160x200.webp",160,200,true]},"uagb_author_info":{"display_name":"Jan Pieter","author_link":"https:\/\/www.biomore.eu\/da\/author\/"},"uagb_comment_info":0,"uagb_excerpt":"Vitamin B12 findes almindeligt i produkter af animalsk oprindelse, s\u00e5som mejeriprodukter og \u00e6g. Vegetarer er derfor mere tilb\u00f8jelige til at have en vitamin B12 -mangel. Det er ogs\u00e5 kendt, at en vitamin B12 -mangel ofte opst\u00e5r med aldring. Der er sk\u00f8n over, at 10-30% af befolkningen over 50 \u00e5r ikke l\u00e6ngere korrekt kan omdanne vitamin&hellip;","_links":{"self":[{"href":"https:\/\/www.biomore.eu\/da\/wp-json\/wp\/v2\/product\/1711","targetHints":{"allow":["GET"]}}],"collection":[{"href":"https:\/\/www.biomore.eu\/da\/wp-json\/wp\/v2\/product"}],"about":[{"href":"https:\/\/www.biomore.eu\/da\/wp-json\/wp\/v2\/types\/product"}],"replies":[{"embeddable":true,"href":"https:\/\/www.biomore.eu\/da\/wp-json\/wp\/v2\/comments?post=1711"}],"wp:featuredmedia":[{"embeddable":true,"href":"https:\/\/www.biomore.eu\/da\/wp-json\/wp\/v2\/media\/4153"}],"wp:attachment":[{"href":"https:\/\/www.biomore.eu\/da\/wp-json\/wp\/v2\/media?parent=1711"}],"wp:term":[{"taxonomy":"product_brand","embeddable":true,"href":"https:\/\/www.biomore.eu\/da\/wp-json\/wp\/v2\/product_brand?post=1711"},{"taxonomy":"product_cat","embeddable":true,"href":"https:\/\/www.biomore.eu\/da\/wp-json\/wp\/v2\/product_cat?post=1711"},{"taxonomy":"product_tag","embeddable":true,"href":"https:\/\/www.biomore.eu\/da\/wp-json\/wp\/v2\/product_tag?post=1711"}],"curies":[{"name":"wp","href":"https:\/\/api.w.org\/{rel}","templated":true}]}}