{"id":1683,"date":"2021-07-31T14:08:48","date_gmt":"2021-07-31T13:08:48","guid":{"rendered":"https:\/\/www.biomore.eu\/product\/vitamin-life\/"},"modified":"2025-06-02T13:39:46","modified_gmt":"2025-06-02T12:39:46","slug":"vitamin-life","status":"publish","type":"product","link":"https:\/\/www.biomore.eu\/da\/product\/vitamin-life\/","title":{"rendered":"Vitamin Life"},"content":{"rendered":"<p><strong>Vitamin Life<\/strong> indeholder en m\u00e6ngde og kvalitet af n\u00e6ringsstoffer, der ikke kan f\u00e5s nogen steder. Mange &#8220;en gang dagligt&#8221; apotekstilskud indeholder meget lave koncentrationer af aktive stoffer. Sammenlignet med dette er dette produkt en reel undtagelse, det indeholder koncentrationer, der nogle gange er 50 gange h\u00f8jere. Till\u00e6gget &#8220;apotek&#8221; indeholder ofte billige former for n\u00e6ringsstoffer, der bidrager lidt til sundheden. Se bare p\u00e5 kvaliteten og m\u00e6ngden af B -vitaminer, kvaliteten af folsyren og alfa -liponsyren. Vitamin Life indeholder ogs\u00e5 letoptagelige mineraler og quercetin.<\/p>\n","protected":false},"excerpt":{"rendered":"<p><strong>Vitamin Life<\/strong> indeholder en m\u00e6ngde og kvalitet af n\u00e6ringsstoffer, der ikke kan f\u00e5s nogen steder. Mange &#8220;en gang dagligt&#8221; apotekstilskud indeholder meget lave koncentrationer af aktive stoffer. Sammenlignet med dette er dette produkt en reel undtagelse, det indeholder koncentrationer, der nogle gange er 50 gange h\u00f8jere.<\/p>\n","protected":false},"featured_media":4299,"comment_status":"open","ping_status":"closed","template":"","meta":{"_uag_custom_page_level_css":""},"product_brand":[],"product_cat":[78],"product_tag":[],"class_list":{"0":"post-1683","1":"product","2":"type-product","3":"status-publish","4":"has-post-thumbnail","6":"product_cat-resistance-da","8":"first","9":"instock","10":"taxable","11":"shipping-taxable","12":"purchasable","13":"product-type-simple","14":"layout-style-2","15":"col-md-4 col-sm-4 col-xs-6","16":"col-lg-3","17":"product-style-quickview"},"yoast_head":"<!-- This site is optimized with the Yoast SEO plugin v26.6 - https:\/\/yoast.com\/wordpress\/plugins\/seo\/ -->\n<title>Vitamin Life - Biomore<\/title>\n<meta name=\"description\" content=\"Vitamin Life indeholder en m\u00e6ngde og kvalitet af n\u00e6ringsstoffer, der ikke kan f\u00e5s nogen steder.\" \/>\n<meta name=\"robots\" content=\"index, follow, max-snippet:-1, max-image-preview:large, max-video-preview:-1\" \/>\n<link rel=\"canonical\" href=\"https:\/\/www.biomore.eu\/da\/product\/vitamin-life\/\" \/>\n<meta property=\"og:locale\" content=\"da_DK\" \/>\n<meta property=\"og:type\" content=\"article\" \/>\n<meta property=\"og:title\" content=\"Vitamin Life - Biomore\" \/>\n<meta property=\"og:description\" content=\"Vitamin Life indeholder en m\u00e6ngde og kvalitet af n\u00e6ringsstoffer, der ikke kan f\u00e5s nogen steder.\" \/>\n<meta property=\"og:url\" content=\"https:\/\/www.biomore.eu\/da\/product\/vitamin-life\/\" \/>\n<meta property=\"og:site_name\" content=\"Biomore\" \/>\n<meta property=\"article:modified_time\" content=\"2025-06-02T12:39:46+00:00\" \/>\n<meta property=\"og:image\" content=\"https:\/\/www.biomore.eu\/wp-content\/uploads\/2025\/06\/Vitamin-Life-120-caps-Biomore-UK.webp\" \/>\n\t<meta property=\"og:image:width\" content=\"908\" \/>\n\t<meta property=\"og:image:height\" content=\"908\" \/>\n\t<meta property=\"og:image:type\" content=\"image\/webp\" \/>\n<meta name=\"twitter:card\" content=\"summary_large_image\" \/>\n<meta name=\"twitter:label1\" content=\"Estimeret l\u00e6setid\" \/>\n\t<meta name=\"twitter:data1\" content=\"1 minut\" \/>\n<script type=\"application\/ld+json\" class=\"yoast-schema-graph\">{\"@context\":\"https:\/\/schema.org\",\"@graph\":[{\"@type\":\"WebPage\",\"@id\":\"https:\/\/www.biomore.eu\/da\/product\/vitamin-life\/\",\"url\":\"https:\/\/www.biomore.eu\/da\/product\/vitamin-life\/\",\"name\":\"Vitamin Life - Biomore\",\"isPartOf\":{\"@id\":\"https:\/\/www.biomore.eu\/de\/#website\"},\"primaryImageOfPage\":{\"@id\":\"https:\/\/www.biomore.eu\/da\/product\/vitamin-life\/#primaryimage\"},\"image\":{\"@id\":\"https:\/\/www.biomore.eu\/da\/product\/vitamin-life\/#primaryimage\"},\"thumbnailUrl\":\"https:\/\/www.biomore.eu\/wp-content\/uploads\/2025\/07\/Vitamin-Life-120.webp\",\"datePublished\":\"2021-07-31T13:08:48+00:00\",\"dateModified\":\"2025-06-02T12:39:46+00:00\",\"description\":\"Vitamin Life indeholder en m\u00e6ngde og kvalitet af n\u00e6ringsstoffer, der ikke kan f\u00e5s nogen steder.\",\"breadcrumb\":{\"@id\":\"https:\/\/www.biomore.eu\/da\/product\/vitamin-life\/#breadcrumb\"},\"inLanguage\":\"da-DK\",\"potentialAction\":[{\"@type\":\"ReadAction\",\"target\":[\"https:\/\/www.biomore.eu\/da\/product\/vitamin-life\/\"]}]},{\"@type\":\"ImageObject\",\"inLanguage\":\"da-DK\",\"@id\":\"https:\/\/www.biomore.eu\/da\/product\/vitamin-life\/#primaryimage\",\"url\":\"https:\/\/www.biomore.eu\/wp-content\/uploads\/2025\/07\/Vitamin-Life-120.webp\",\"contentUrl\":\"https:\/\/www.biomore.eu\/wp-content\/uploads\/2025\/07\/Vitamin-Life-120.webp\",\"width\":908,\"height\":908,\"caption\":\"Vitamin Life\"},{\"@type\":\"BreadcrumbList\",\"@id\":\"https:\/\/www.biomore.eu\/da\/product\/vitamin-life\/#breadcrumb\",\"itemListElement\":[{\"@type\":\"ListItem\",\"position\":1,\"name\":\"Home\",\"item\":\"https:\/\/www.biomore.eu\/da\/\"},{\"@type\":\"ListItem\",\"position\":2,\"name\":\"Shop\",\"item\":\"https:\/\/www.biomore.eu\/da\/shop\/\"},{\"@type\":\"ListItem\",\"position\":3,\"name\":\"Vitamin Life\"}]},{\"@type\":\"WebSite\",\"@id\":\"https:\/\/www.biomore.eu\/de\/#website\",\"url\":\"https:\/\/www.biomore.eu\/de\/\",\"name\":\"Biomore\",\"description\":\"\",\"potentialAction\":[{\"@type\":\"SearchAction\",\"target\":{\"@type\":\"EntryPoint\",\"urlTemplate\":\"https:\/\/www.biomore.eu\/de\/?s={search_term_string}\"},\"query-input\":{\"@type\":\"PropertyValueSpecification\",\"valueRequired\":true,\"valueName\":\"search_term_string\"}}],\"inLanguage\":\"da-DK\"}]}<\/script>\n<!-- \/ Yoast SEO plugin. -->","yoast_head_json":{"title":"Vitamin Life - Biomore","description":"Vitamin Life indeholder en m\u00e6ngde og kvalitet af n\u00e6ringsstoffer, der ikke kan f\u00e5s nogen steder.","robots":{"index":"index","follow":"follow","max-snippet":"max-snippet:-1","max-image-preview":"max-image-preview:large","max-video-preview":"max-video-preview:-1"},"canonical":"https:\/\/www.biomore.eu\/da\/product\/vitamin-life\/","og_locale":"da_DK","og_type":"article","og_title":"Vitamin Life - Biomore","og_description":"Vitamin Life indeholder en m\u00e6ngde og kvalitet af n\u00e6ringsstoffer, der ikke kan f\u00e5s nogen steder.","og_url":"https:\/\/www.biomore.eu\/da\/product\/vitamin-life\/","og_site_name":"Biomore","article_modified_time":"2025-06-02T12:39:46+00:00","og_image":[{"width":908,"height":908,"url":"https:\/\/www.biomore.eu\/wp-content\/uploads\/2025\/06\/Vitamin-Life-120-caps-Biomore-UK.webp","type":"image\/webp"}],"twitter_card":"summary_large_image","twitter_misc":{"Estimeret l\u00e6setid":"1 minut"},"schema":{"@context":"https:\/\/schema.org","@graph":[{"@type":"WebPage","@id":"https:\/\/www.biomore.eu\/da\/product\/vitamin-life\/","url":"https:\/\/www.biomore.eu\/da\/product\/vitamin-life\/","name":"Vitamin Life - Biomore","isPartOf":{"@id":"https:\/\/www.biomore.eu\/de\/#website"},"primaryImageOfPage":{"@id":"https:\/\/www.biomore.eu\/da\/product\/vitamin-life\/#primaryimage"},"image":{"@id":"https:\/\/www.biomore.eu\/da\/product\/vitamin-life\/#primaryimage"},"thumbnailUrl":"https:\/\/www.biomore.eu\/wp-content\/uploads\/2025\/07\/Vitamin-Life-120.webp","datePublished":"2021-07-31T13:08:48+00:00","dateModified":"2025-06-02T12:39:46+00:00","description":"Vitamin Life indeholder en m\u00e6ngde og kvalitet af n\u00e6ringsstoffer, der ikke kan f\u00e5s nogen steder.","breadcrumb":{"@id":"https:\/\/www.biomore.eu\/da\/product\/vitamin-life\/#breadcrumb"},"inLanguage":"da-DK","potentialAction":[{"@type":"ReadAction","target":["https:\/\/www.biomore.eu\/da\/product\/vitamin-life\/"]}]},{"@type":"ImageObject","inLanguage":"da-DK","@id":"https:\/\/www.biomore.eu\/da\/product\/vitamin-life\/#primaryimage","url":"https:\/\/www.biomore.eu\/wp-content\/uploads\/2025\/07\/Vitamin-Life-120.webp","contentUrl":"https:\/\/www.biomore.eu\/wp-content\/uploads\/2025\/07\/Vitamin-Life-120.webp","width":908,"height":908,"caption":"Vitamin Life"},{"@type":"BreadcrumbList","@id":"https:\/\/www.biomore.eu\/da\/product\/vitamin-life\/#breadcrumb","itemListElement":[{"@type":"ListItem","position":1,"name":"Home","item":"https:\/\/www.biomore.eu\/da\/"},{"@type":"ListItem","position":2,"name":"Shop","item":"https:\/\/www.biomore.eu\/da\/shop\/"},{"@type":"ListItem","position":3,"name":"Vitamin Life"}]},{"@type":"WebSite","@id":"https:\/\/www.biomore.eu\/de\/#website","url":"https:\/\/www.biomore.eu\/de\/","name":"Biomore","description":"","potentialAction":[{"@type":"SearchAction","target":{"@type":"EntryPoint","urlTemplate":"https:\/\/www.biomore.eu\/de\/?s={search_term_string}"},"query-input":{"@type":"PropertyValueSpecification","valueRequired":true,"valueName":"search_term_string"}}],"inLanguage":"da-DK"}]}},"uagb_featured_image_src":{"full":["https:\/\/www.biomore.eu\/wp-content\/uploads\/2025\/07\/Vitamin-Life-120.webp",908,908,false],"thumbnail":["https:\/\/www.biomore.eu\/wp-content\/uploads\/2025\/07\/Vitamin-Life-120-150x150.webp",150,150,true],"medium":["https:\/\/www.biomore.eu\/wp-content\/uploads\/2025\/07\/Vitamin-Life-120-300x300.webp",300,300,true],"medium_large":["https:\/\/www.biomore.eu\/wp-content\/uploads\/2025\/07\/Vitamin-Life-120-768x768.webp",640,640,true],"large":["https:\/\/www.biomore.eu\/wp-content\/uploads\/2025\/07\/Vitamin-Life-120.webp",640,640,false],"1536x1536":["https:\/\/www.biomore.eu\/wp-content\/uploads\/2025\/07\/Vitamin-Life-120.webp",908,908,false],"2048x2048":["https:\/\/www.biomore.eu\/wp-content\/uploads\/2025\/07\/Vitamin-Life-120.webp",908,908,false],"post-thumbnail":["https:\/\/www.biomore.eu\/wp-content\/uploads\/2025\/07\/Vitamin-Life-120-100x100.webp",100,100,true],"sober-blog-thumbnail":["https:\/\/www.biomore.eu\/wp-content\/uploads\/2025\/07\/Vitamin-Life-120-750x480.webp",750,480,true],"sober-blog-grid":["https:\/\/www.biomore.eu\/wp-content\/uploads\/2025\/07\/Vitamin-Life-120-360x240.webp",360,240,true],"sober-widget-thumbnail":["https:\/\/www.biomore.eu\/wp-content\/uploads\/2025\/07\/Vitamin-Life-120-100x100.webp",100,100,true],"woocommerce_thumbnail":["https:\/\/www.biomore.eu\/wp-content\/uploads\/2025\/07\/Vitamin-Life-120-433x516.webp",433,516,true],"woocommerce_single":["https:\/\/www.biomore.eu\/wp-content\/uploads\/2025\/07\/Vitamin-Life-120-897x897.webp",897,897,true],"woocommerce_gallery_thumbnail":["https:\/\/www.biomore.eu\/wp-content\/uploads\/2025\/07\/Vitamin-Life-120-80x100.webp",80,100,true],"sober_wc_gallery_thumbnail":["https:\/\/www.biomore.eu\/wp-content\/uploads\/2025\/07\/Vitamin-Life-120-160x200.webp",160,200,true]},"uagb_author_info":{"display_name":"Jan Pieter","author_link":"https:\/\/www.biomore.eu\/da\/author\/"},"uagb_comment_info":0,"uagb_excerpt":"Vitamin Life indeholder en m\u00e6ngde og kvalitet af n\u00e6ringsstoffer, der ikke kan f\u00e5s nogen steder. Mange \"en gang dagligt\" apotekstilskud indeholder meget lave koncentrationer af aktive stoffer. Sammenlignet med dette er dette produkt en reel undtagelse, det indeholder koncentrationer, der nogle gange er 50 gange h\u00f8jere.","_links":{"self":[{"href":"https:\/\/www.biomore.eu\/da\/wp-json\/wp\/v2\/product\/1683","targetHints":{"allow":["GET"]}}],"collection":[{"href":"https:\/\/www.biomore.eu\/da\/wp-json\/wp\/v2\/product"}],"about":[{"href":"https:\/\/www.biomore.eu\/da\/wp-json\/wp\/v2\/types\/product"}],"replies":[{"embeddable":true,"href":"https:\/\/www.biomore.eu\/da\/wp-json\/wp\/v2\/comments?post=1683"}],"wp:featuredmedia":[{"embeddable":true,"href":"https:\/\/www.biomore.eu\/da\/wp-json\/wp\/v2\/media\/4299"}],"wp:attachment":[{"href":"https:\/\/www.biomore.eu\/da\/wp-json\/wp\/v2\/media?parent=1683"}],"wp:term":[{"taxonomy":"product_brand","embeddable":true,"href":"https:\/\/www.biomore.eu\/da\/wp-json\/wp\/v2\/product_brand?post=1683"},{"taxonomy":"product_cat","embeddable":true,"href":"https:\/\/www.biomore.eu\/da\/wp-json\/wp\/v2\/product_cat?post=1683"},{"taxonomy":"product_tag","embeddable":true,"href":"https:\/\/www.biomore.eu\/da\/wp-json\/wp\/v2\/product_tag?post=1683"}],"curies":[{"name":"wp","href":"https:\/\/api.w.org\/{rel}","templated":true}]}}