{"id":1482,"date":"2021-01-01T17:39:49","date_gmt":"2021-01-01T16:39:49","guid":{"rendered":"https:\/\/www.biomore.eu\/product\/trienza\/"},"modified":"2024-01-02T15:45:09","modified_gmt":"2024-01-02T14:45:09","slug":"trienza","status":"publish","type":"product","link":"https:\/\/www.biomore.eu\/da\/product\/trienza\/","title":{"rendered":"TriEnza"},"content":{"rendered":"<p><strong>TriEnza<\/strong> giver ford\u00f8jelsesst\u00f8tte til en bred vifte af f\u00f8devarer. Den unikke blanding af enzymer i TriEnza nedbryder f\u00f8devarer for at forhindre lejlighedsvis ford\u00f8jelsesbesv\u00e6r fra madintolerancer.<\/p>\n<p><strong>Enzymerne i TriEnza tilbyder st\u00f8tte til:<\/strong><\/p>\n<p>F\u00f8devareproteiner, Gluten, Kasein i mejeriprodukter, Kulhydrater, Sukker, Laktose, Polyfenoliske gr\u00f8ntsager og frugter, Fedt i f\u00f8devarer og kosttilskud, Fiber<\/p>\n<p>De \u00e6ndringer, der for nylig er foretaget i TriEnza, b\u00f8r resultere i et produkt, der er bedre i stand til at:<\/p>\n<p>Nedbryde gluten, mejeri kasein, soja og k\u00f8dprotein.<\/p>\n<p>St\u00f8t ford\u00f8jelsen af \u200b\u200bsukkeret saccharose og maltose, hvilket ogs\u00e5 vil v\u00e6re nyttigt for tarmmikrobiomet.<\/p>\n<p>Hj\u00e6lp med lejlighedsvis gas og oppustethed gennem fibernedbrydning.<\/p>\n<p><strong>Protease udveksles.<\/strong><br \/>\nVi udvekslede en af \u200b\u200bproteaserne, et enzym for proteiner, med en bestemt nyere protease, som er mere effektiv til nedbrydning af gluten, mejeriprodukter, soja og andre f\u00f8devareproteiner. Dette enzym er angivet som &#8220;protease&#8221; p\u00e5 TriEnza-m\u00e6rket.<\/p>\n<p><strong>DPP IV reduceres.<\/strong><br \/>\nFor at tilf\u00f8je den nye protease reduceres m\u00e6ngden af \u200b\u200bet andet enzym til proteiner, ben\u00e6vnt &#8220;peptidase med DPP IV&#8221;. Med tilf\u00f8jelsen af \u200b\u200bden nye protease er behovet for DPP IV-peptidaseenzym mindre.<br \/>\nVi mener ogs\u00e5, at DPP IV Peptidase kan v\u00e6re et enzym, som nogle forbrugere ikke t\u00e5ler. Vi h\u00e5ber at reducere m\u00e6ngden af \u200b\u200bdette enzym uden tab af evnen til at nedbryde proteiner vil give andre mulighed for bedre at tolerere TriEnza.<\/p>\n<p><strong>Invertase tilf\u00f8jes.<\/strong><br \/>\nVi har tilf\u00f8jet enzymet Invertase for bedre at nedbryde bordsukker, kendt som saccharose.<\/p>\n<p><strong>Diastase tilf\u00f8jes.<\/strong><br \/>\nFor at hj\u00e6lpe med et andet almindeligt sukker, maltose, har TriEnza nu enzymet Diastase p\u00e5 etiketten. Diastase arbejder p\u00e5 at nedbryde maltosen, der skyldes stivelsesstivelse.<\/p>\n<p><strong>Cellulase \u00f8ges.<\/strong><br \/>\nMest gas og oppustethed fra m\u00e5ltider skyldes faktisk den tilstedev\u00e6rende fiber. For at hj\u00e6lpe med dette problem tilf\u00f8jes Cellulase. Cellulase kan arbejde p\u00e5 fiber sammen med de to andre fiberenzymer, der allerede findes i TriEnza (Xylanase og Beta-glucanase).<br \/>\nFiberopdeling bidrager til et sundt milj\u00f8 for tarmbakterier. TriEnza kan hj\u00e6lpe med at reducere m\u00e6ngden af \u200b\u200bgas og oppustethed ved at g\u00f8re fibrene mere opl\u00f8selige (opl\u00f8selige i vand) og ford\u00f8jelige.<\/p>\n<p><strong>Alpha-galactosidase fjernes.<\/strong><br \/>\nTriEnzas opdatering inkluderer fjernelse af enzymet Alpha-galactosidase, som muliggjorde for\u00f8gelse af cellulasen. Dette enzym er begr\u00e6nset til at arbejde p\u00e5 to af stivelserne, der findes i b\u00f8nner, blomk\u00e5l og broccoli. Andre produkter med alfa-galactosidase er let tilg\u00e6ngelige for forbrugere, der s\u00f8ger det p\u00e5g\u00e6ldende enzym, s\u00e5som ZyCarb eller Zyme Prime.<\/p>\n<h3><strong>TriEnza er det l\u00e6nge ventede enzymprodukt, der kombinerer det bedste af AFP-Peptizyde, Zyme Prime og No-Fenol til et produkt!<\/strong><\/h3>\n<p>To (2) kapsler eller fire (4) tyggetabletter af TriEnza indeholder:<br \/>\nAlle proteaseenzymer til ford\u00f8jelse af proteiner fra AFP-Peptizyde<br \/>\nAlle enzymerne (undtagen cellulase) fra Zyme Prime<br \/>\n1\/2 enzymerne fra No-Fenol (xylanase) til visse frugter og gr\u00f8ntsager med h\u00f8jt indhold af phenoler<br \/>\nF\u00e5s nu i tyggetabletversion med ananas \/ tutti frutti naturlig smag<br \/>\nDerudover tilf\u00f8jes ingen fyldstoffer til kapselversionen. 1 mg MCT-olie tils\u00e6ttes pr. Kapsel som hj\u00e6lpestof for at forhindre, at enzympulveret bliver luftf\u00f8dt, hvis kapslen \u00e5bnes. Olien sikrer ogs\u00e5 korrekte indkapslingsv\u00e6gte under fremstillingen. MCT olie stammer fra kokosolie. Cellulaseenzym blev ikke f\u00f8jet til dette produkt, s\u00e5 du beh\u00f8ver ikke bekymre dig om at bruge TriEnza med tidsfrigivende medicin.<br \/>\nIkke flere opdelingskapsler for at f\u00e5 &#8220;halve doser&#8221;. En kapsel (en halv dosis) g\u00f8r det lettere at starte enzymer.<\/p>\n<h3><strong>Hvem skal bruge TriEnza?<\/strong><\/h3>\n<p>Enhver, der bruger to af vores nuv\u00e6rende enzymprodukter (Peptizyde, AFP Peptizyde, Zyme Prime, HN-Zyme Prime og No-Fenol) vil sandsynligvis drage fordel af et omkostningsbesparende synspunkt. Hvis en kunde bruger 3 eller flere HNI-enzymprodukter, opn\u00e5s en bestemt omkostningsbesparelse.<\/p>\n<h3><strong>Kontraindikationer for enzymtilskud<\/strong><\/h3>\n<p>Disse enzymer b\u00f8r bruges med forsigtighed i tilf\u00e6lde af aktiv mave- eller duodenals\u00e5r, sv\u00e6r tarmbet\u00e6ndelse (karakteriseret ved blod i aff\u00f8ring), h\u00e6mofili og andre bl\u00f8dningsforstyrrelser eller inden for en uge efter planlagt operation. Dette produkt er muligvis ikke egnet til dem med kendte allergier over for Aspergillus-enzymproteiner, selvom ikke-specifikke skimmelallergier ikke n\u00f8dvendigvis udelukker brug af svampenzymer. Kontakt din l\u00e6ge for yderligere r\u00e5dgivning, og g\u00e5 p\u00e5 den side af forsigtighed. Dem med kendte anafylaktiske allergiske reaktioner p\u00e5 svampeproteiner b\u00f8r IKKE indtage svampeafledte enzymer.<\/p>\n<p>TriEnza er stadig vores bedste bredspektrede enzymprodukt til protein, gluten, mejeriprodukter, stivelse, kulhydrater, fedt, fiber og polyfenoliske f\u00f8devarer.<\/p>\n","protected":false},"excerpt":{"rendered":"<p>Den unikke blanding af enzymer i <strong>TriEnza<\/strong> nedbryder madvarer for at forhindre lejlighedsvis ford\u00f8jelsesbesv\u00e6r fra madintolerancer.<\/p>\n<p>&nbsp;<\/p>\n<p><strong>Ny &amp; forbedret formel!<\/strong><\/p>\n<p>Enzymprodukt til flere f\u00f8devareintoleranser<\/p>\n<p>Underst\u00f8tter ford\u00f8jelsen af gluten, mejeriprodukter, proteiner, kulhydrater, polyfenoler og fedtstoffer<\/p>\n<p>Inkluderer DPP IV (&#8220;DPP 4&#8221;) enzymet til underst\u00f8ttelse af ford\u00f8jelsen af gluteomorphin (fra gluten) og casomorphin (fra mejeri kasein)<\/p>\n<p>Reducerer lejlighedsvis gas og oppustethed<\/p>\n<p>F\u00e5s i kapsler, tyggetabletter<\/p>\n","protected":false},"featured_media":4458,"comment_status":"open","ping_status":"closed","template":"","meta":{"_uag_custom_page_level_css":""},"product_brand":[],"product_cat":[96],"product_tag":[],"class_list":{"0":"post-1482","1":"product","2":"type-product","3":"status-publish","4":"has-post-thumbnail","6":"product_cat-tarmsundhed","8":"first","9":"instock","10":"sale","11":"taxable","12":"shipping-taxable","13":"purchasable","14":"product-type-variable","15":"layout-style-2","16":"col-md-4 col-sm-4 col-xs-6","17":"col-lg-3","18":"product-style-quickview"},"yoast_head":"<!-- This site is optimized with the Yoast SEO plugin v26.6 - https:\/\/yoast.com\/wordpress\/plugins\/seo\/ -->\n<title>TriEnza - Biomore<\/title>\n<meta name=\"robots\" content=\"index, follow, max-snippet:-1, max-image-preview:large, max-video-preview:-1\" \/>\n<link rel=\"canonical\" href=\"https:\/\/www.biomore.eu\/da\/product\/trienza\/\" \/>\n<meta property=\"og:locale\" content=\"da_DK\" \/>\n<meta property=\"og:type\" content=\"article\" \/>\n<meta property=\"og:title\" content=\"TriEnza - Biomore\" \/>\n<meta property=\"og:description\" content=\"Den unikke blanding af enzymer i TriEnza nedbryder madvarer for at forhindre lejlighedsvis ford\u00f8jelsesbesv\u00e6r fra madintolerancer.  &nbsp;  Ny &amp; forbedret formel!  Enzymprodukt til flere f\u00f8devareintoleranser  Underst\u00f8tter ford\u00f8jelsen af gluten, mejeriprodukter, proteiner, kulhydrater, polyfenoler og fedtstoffer  Inkluderer DPP IV (&quot;DPP 4&quot;) enzymet til underst\u00f8ttelse af ford\u00f8jelsen af gluteomorphin (fra gluten) og casomorphin (fra mejeri kasein)  Reducerer lejlighedsvis gas og oppustethed  F\u00e5s i kapsler, tyggetabletter\" \/>\n<meta property=\"og:url\" content=\"https:\/\/www.biomore.eu\/da\/product\/trienza\/\" \/>\n<meta property=\"og:site_name\" content=\"Biomore\" \/>\n<meta property=\"article:modified_time\" content=\"2024-01-02T14:45:09+00:00\" \/>\n<meta property=\"og:image\" content=\"https:\/\/www.biomore.eu\/wp-content\/uploads\/2020\/12\/TriEnza-180-front.png\" \/>\n\t<meta property=\"og:image:width\" content=\"908\" \/>\n\t<meta property=\"og:image:height\" content=\"908\" \/>\n\t<meta property=\"og:image:type\" content=\"image\/png\" \/>\n<meta name=\"twitter:card\" content=\"summary_large_image\" \/>\n<meta name=\"twitter:label1\" content=\"Estimeret l\u00e6setid\" \/>\n\t<meta name=\"twitter:data1\" content=\"4 minutter\" \/>\n<script type=\"application\/ld+json\" class=\"yoast-schema-graph\">{\"@context\":\"https:\/\/schema.org\",\"@graph\":[{\"@type\":\"WebPage\",\"@id\":\"https:\/\/www.biomore.eu\/da\/product\/trienza\/\",\"url\":\"https:\/\/www.biomore.eu\/da\/product\/trienza\/\",\"name\":\"TriEnza - Biomore\",\"isPartOf\":{\"@id\":\"https:\/\/www.biomore.eu\/de\/#website\"},\"primaryImageOfPage\":{\"@id\":\"https:\/\/www.biomore.eu\/da\/product\/trienza\/#primaryimage\"},\"image\":{\"@id\":\"https:\/\/www.biomore.eu\/da\/product\/trienza\/#primaryimage\"},\"thumbnailUrl\":\"https:\/\/www.biomore.eu\/wp-content\/uploads\/2025\/10\/TriEnza-180-2025.webp\",\"datePublished\":\"2021-01-01T16:39:49+00:00\",\"dateModified\":\"2024-01-02T14:45:09+00:00\",\"breadcrumb\":{\"@id\":\"https:\/\/www.biomore.eu\/da\/product\/trienza\/#breadcrumb\"},\"inLanguage\":\"da-DK\",\"potentialAction\":[{\"@type\":\"ReadAction\",\"target\":[\"https:\/\/www.biomore.eu\/da\/product\/trienza\/\"]}]},{\"@type\":\"ImageObject\",\"inLanguage\":\"da-DK\",\"@id\":\"https:\/\/www.biomore.eu\/da\/product\/trienza\/#primaryimage\",\"url\":\"https:\/\/www.biomore.eu\/wp-content\/uploads\/2025\/10\/TriEnza-180-2025.webp\",\"contentUrl\":\"https:\/\/www.biomore.eu\/wp-content\/uploads\/2025\/10\/TriEnza-180-2025.webp\",\"width\":908,\"height\":908,\"caption\":\"TriEnza 180\"},{\"@type\":\"BreadcrumbList\",\"@id\":\"https:\/\/www.biomore.eu\/da\/product\/trienza\/#breadcrumb\",\"itemListElement\":[{\"@type\":\"ListItem\",\"position\":1,\"name\":\"Home\",\"item\":\"https:\/\/www.biomore.eu\/da\/\"},{\"@type\":\"ListItem\",\"position\":2,\"name\":\"Shop\",\"item\":\"https:\/\/www.biomore.eu\/da\/shop\/\"},{\"@type\":\"ListItem\",\"position\":3,\"name\":\"TriEnza\"}]},{\"@type\":\"WebSite\",\"@id\":\"https:\/\/www.biomore.eu\/de\/#website\",\"url\":\"https:\/\/www.biomore.eu\/de\/\",\"name\":\"Biomore\",\"description\":\"\",\"potentialAction\":[{\"@type\":\"SearchAction\",\"target\":{\"@type\":\"EntryPoint\",\"urlTemplate\":\"https:\/\/www.biomore.eu\/de\/?s={search_term_string}\"},\"query-input\":{\"@type\":\"PropertyValueSpecification\",\"valueRequired\":true,\"valueName\":\"search_term_string\"}}],\"inLanguage\":\"da-DK\"}]}<\/script>\n<!-- \/ Yoast SEO plugin. -->","yoast_head_json":{"title":"TriEnza - Biomore","robots":{"index":"index","follow":"follow","max-snippet":"max-snippet:-1","max-image-preview":"max-image-preview:large","max-video-preview":"max-video-preview:-1"},"canonical":"https:\/\/www.biomore.eu\/da\/product\/trienza\/","og_locale":"da_DK","og_type":"article","og_title":"TriEnza - Biomore","og_description":"Den unikke blanding af enzymer i TriEnza nedbryder madvarer for at forhindre lejlighedsvis ford\u00f8jelsesbesv\u00e6r fra madintolerancer.  &nbsp;  Ny &amp; forbedret formel!  Enzymprodukt til flere f\u00f8devareintoleranser  Underst\u00f8tter ford\u00f8jelsen af gluten, mejeriprodukter, proteiner, kulhydrater, polyfenoler og fedtstoffer  Inkluderer DPP IV (\"DPP 4\") enzymet til underst\u00f8ttelse af ford\u00f8jelsen af gluteomorphin (fra gluten) og casomorphin (fra mejeri kasein)  Reducerer lejlighedsvis gas og oppustethed  F\u00e5s i kapsler, tyggetabletter","og_url":"https:\/\/www.biomore.eu\/da\/product\/trienza\/","og_site_name":"Biomore","article_modified_time":"2024-01-02T14:45:09+00:00","og_image":[{"width":908,"height":908,"url":"https:\/\/www.biomore.eu\/wp-content\/uploads\/2020\/12\/TriEnza-180-front.png","type":"image\/png"}],"twitter_card":"summary_large_image","twitter_misc":{"Estimeret l\u00e6setid":"4 minutter"},"schema":{"@context":"https:\/\/schema.org","@graph":[{"@type":"WebPage","@id":"https:\/\/www.biomore.eu\/da\/product\/trienza\/","url":"https:\/\/www.biomore.eu\/da\/product\/trienza\/","name":"TriEnza - Biomore","isPartOf":{"@id":"https:\/\/www.biomore.eu\/de\/#website"},"primaryImageOfPage":{"@id":"https:\/\/www.biomore.eu\/da\/product\/trienza\/#primaryimage"},"image":{"@id":"https:\/\/www.biomore.eu\/da\/product\/trienza\/#primaryimage"},"thumbnailUrl":"https:\/\/www.biomore.eu\/wp-content\/uploads\/2025\/10\/TriEnza-180-2025.webp","datePublished":"2021-01-01T16:39:49+00:00","dateModified":"2024-01-02T14:45:09+00:00","breadcrumb":{"@id":"https:\/\/www.biomore.eu\/da\/product\/trienza\/#breadcrumb"},"inLanguage":"da-DK","potentialAction":[{"@type":"ReadAction","target":["https:\/\/www.biomore.eu\/da\/product\/trienza\/"]}]},{"@type":"ImageObject","inLanguage":"da-DK","@id":"https:\/\/www.biomore.eu\/da\/product\/trienza\/#primaryimage","url":"https:\/\/www.biomore.eu\/wp-content\/uploads\/2025\/10\/TriEnza-180-2025.webp","contentUrl":"https:\/\/www.biomore.eu\/wp-content\/uploads\/2025\/10\/TriEnza-180-2025.webp","width":908,"height":908,"caption":"TriEnza 180"},{"@type":"BreadcrumbList","@id":"https:\/\/www.biomore.eu\/da\/product\/trienza\/#breadcrumb","itemListElement":[{"@type":"ListItem","position":1,"name":"Home","item":"https:\/\/www.biomore.eu\/da\/"},{"@type":"ListItem","position":2,"name":"Shop","item":"https:\/\/www.biomore.eu\/da\/shop\/"},{"@type":"ListItem","position":3,"name":"TriEnza"}]},{"@type":"WebSite","@id":"https:\/\/www.biomore.eu\/de\/#website","url":"https:\/\/www.biomore.eu\/de\/","name":"Biomore","description":"","potentialAction":[{"@type":"SearchAction","target":{"@type":"EntryPoint","urlTemplate":"https:\/\/www.biomore.eu\/de\/?s={search_term_string}"},"query-input":{"@type":"PropertyValueSpecification","valueRequired":true,"valueName":"search_term_string"}}],"inLanguage":"da-DK"}]}},"uagb_featured_image_src":{"full":["https:\/\/www.biomore.eu\/wp-content\/uploads\/2025\/10\/TriEnza-180-2025.webp",908,908,false],"thumbnail":["https:\/\/www.biomore.eu\/wp-content\/uploads\/2025\/10\/TriEnza-180-2025-150x150.webp",150,150,true],"medium":["https:\/\/www.biomore.eu\/wp-content\/uploads\/2025\/10\/TriEnza-180-2025-300x300.webp",300,300,true],"medium_large":["https:\/\/www.biomore.eu\/wp-content\/uploads\/2025\/10\/TriEnza-180-2025-768x768.webp",640,640,true],"large":["https:\/\/www.biomore.eu\/wp-content\/uploads\/2025\/10\/TriEnza-180-2025.webp",640,640,false],"1536x1536":["https:\/\/www.biomore.eu\/wp-content\/uploads\/2025\/10\/TriEnza-180-2025.webp",908,908,false],"2048x2048":["https:\/\/www.biomore.eu\/wp-content\/uploads\/2025\/10\/TriEnza-180-2025.webp",908,908,false],"post-thumbnail":["https:\/\/www.biomore.eu\/wp-content\/uploads\/2025\/10\/TriEnza-180-2025-100x100.webp",100,100,true],"sober-blog-thumbnail":["https:\/\/www.biomore.eu\/wp-content\/uploads\/2025\/10\/TriEnza-180-2025-750x480.webp",750,480,true],"sober-blog-grid":["https:\/\/www.biomore.eu\/wp-content\/uploads\/2025\/10\/TriEnza-180-2025-360x240.webp",360,240,true],"sober-widget-thumbnail":["https:\/\/www.biomore.eu\/wp-content\/uploads\/2025\/10\/TriEnza-180-2025-100x100.webp",100,100,true],"woocommerce_thumbnail":["https:\/\/www.biomore.eu\/wp-content\/uploads\/2025\/10\/TriEnza-180-2025-433x516.webp",433,516,true],"woocommerce_single":["https:\/\/www.biomore.eu\/wp-content\/uploads\/2025\/10\/TriEnza-180-2025-897x897.webp",897,897,true],"woocommerce_gallery_thumbnail":["https:\/\/www.biomore.eu\/wp-content\/uploads\/2025\/10\/TriEnza-180-2025-80x100.webp",80,100,true],"sober_wc_gallery_thumbnail":["https:\/\/www.biomore.eu\/wp-content\/uploads\/2025\/10\/TriEnza-180-2025-160x200.webp",160,200,true]},"uagb_author_info":{"display_name":"Jan Pieter","author_link":"https:\/\/www.biomore.eu\/da\/author\/"},"uagb_comment_info":0,"uagb_excerpt":"Den unikke blanding af enzymer i TriEnza nedbryder madvarer for at forhindre lejlighedsvis ford\u00f8jelsesbesv\u00e6r fra madintolerancer. &nbsp; Ny &amp; forbedret formel! Enzymprodukt til flere f\u00f8devareintoleranser Underst\u00f8tter ford\u00f8jelsen af gluten, mejeriprodukter, proteiner, kulhydrater, polyfenoler og fedtstoffer Inkluderer DPP IV (\"DPP 4\") enzymet til underst\u00f8ttelse af ford\u00f8jelsen af gluteomorphin (fra gluten) og casomorphin (fra mejeri kasein) Reducerer&hellip;","_links":{"self":[{"href":"https:\/\/www.biomore.eu\/da\/wp-json\/wp\/v2\/product\/1482","targetHints":{"allow":["GET"]}}],"collection":[{"href":"https:\/\/www.biomore.eu\/da\/wp-json\/wp\/v2\/product"}],"about":[{"href":"https:\/\/www.biomore.eu\/da\/wp-json\/wp\/v2\/types\/product"}],"replies":[{"embeddable":true,"href":"https:\/\/www.biomore.eu\/da\/wp-json\/wp\/v2\/comments?post=1482"}],"wp:featuredmedia":[{"embeddable":true,"href":"https:\/\/www.biomore.eu\/da\/wp-json\/wp\/v2\/media\/4458"}],"wp:attachment":[{"href":"https:\/\/www.biomore.eu\/da\/wp-json\/wp\/v2\/media?parent=1482"}],"wp:term":[{"taxonomy":"product_brand","embeddable":true,"href":"https:\/\/www.biomore.eu\/da\/wp-json\/wp\/v2\/product_brand?post=1482"},{"taxonomy":"product_cat","embeddable":true,"href":"https:\/\/www.biomore.eu\/da\/wp-json\/wp\/v2\/product_cat?post=1482"},{"taxonomy":"product_tag","embeddable":true,"href":"https:\/\/www.biomore.eu\/da\/wp-json\/wp\/v2\/product_tag?post=1482"}],"curies":[{"name":"wp","href":"https:\/\/api.w.org\/{rel}","templated":true}]}}