{"id":1478,"date":"2021-01-01T18:10:36","date_gmt":"2021-01-01T17:10:36","guid":{"rendered":"https:\/\/www.biomore.eu\/product\/afp-peptizyde\/"},"modified":"2021-01-19T23:40:40","modified_gmt":"2021-01-19T22:40:40","slug":"afp-peptizyde","status":"publish","type":"product","link":"https:\/\/www.biomore.eu\/da\/product\/afp-peptizyde\/","title":{"rendered":"AFP Peptizyde"},"content":{"rendered":"<p><strong>AFP Peptizyde<\/strong>\u00a0er en kombination af tre forskellige enzymer, der nedbryder protein. Disse enzymer isoleres og oprenses fra svampekilder. Kombinationen af \u200b\u200bdisse specifikke enzymer tillader meget mere effektive midler til hurtig og grundig nedbrydning (hydrolysering) af proteiner til mindre komponenter. Enzymerne i AFP Peptizyde virker kun p\u00e5 f\u00f8devareproteiner, ikke kulhydrater, fedtstoffer eller andre forbindelser og forstyrrer ikke medicin eller andre kosttilskud (medmindre de ogs\u00e5 er proteiner, hvilket er yderst usandsynligt). AFP Peptizyde kan anvendes i kombination med andre enzymprodukter.<\/p>\n<p>Enzymet dipeptidylpeptidase IV eller DPP IV er i stand til at nedbryde og inaktivere exorphinpeptid-casomorphinet fra mejeriprodukter. For maksimal proteinopdeling er DPP IV imidlertid ikke anvendelig alene og b\u00f8r kombineres med andre proteaser med forskellig og mindre streng peptidbindingsspecificitet. Af denne grund indeholder AFP Peptizyde to andre svampeafledte proteaser med h\u00f8j aktivitet under sure forhold. Disse enzymer er til stede i AFP Peptizyde i store m\u00e6ngder med det form\u00e5l hurtigt at hydrolysere (nedbryde) proteiner, mens maden stadig er i maven.<\/p>\n<p>AFP Peptizyde-enzymers evne til at modst\u00e5 den lave pH i maven og forblive aktiv under sure forhold tillader nedbrydning af kasein og gluten inden indf\u00f8ring i tyndtarmen. Kasein og gluten kan i n\u00e6rv\u00e6relse af bugspytkirtlenzymer i tyndtarmen producere exorphinpeptider, der let kan absorberes fra tarmen (disse peptider absorberes ikke fra maven).<\/p>\n<p>AFP Peptizyde supplerer den &#8220;normale&#8221; nedbrydning af kasein, gluten og andre f\u00f8devareproteiner, s\u00e5ledes at exorphinpeptiderne ikke produceres, fordi det specifikke spaltningsm\u00f8nster til at producere disse peptider \u00e6ndres. AFP Peptizyde indeholder ogs\u00e5 kun de enzymer, der er n\u00f8dvendige til proteinhydrolyse. Ingen andre enzymer er tilf\u00f8jet. Dette giver dig mulighed for at tilpasse enzymtilskud til dine specifikke behov.<\/p>\n<p>En anden fordel ved denne fremgangsm\u00e5de er, at der er mindre potentiale for intoleransreaktioner p\u00e5 grund af yderligere og m\u00e5ske un\u00f8dvendige enzymproteiner. Ved kun kun at bruge tre enzymblandinger i AFP Peptizyde kan st\u00f8rre m\u00e6ngder af hvert enzym tils\u00e6ttes pr. Kapsel. Dette sikrer, at mere hydrolyse af madprotein kan finde sted p\u00e5 den korte tid, mad er i maven. AFP Peptizyde adskiller sig ogs\u00e5 fra andre virksomheders produkter, idet det har givet mange familier mulighed for sikkert at \u00e6ndre eller endda opgive den glutenfri, kaseinfri (GFCF) di\u00e6t, hvilket giver familierne flere valgmuligheder i tilg\u00e6ngelige f\u00f8devarer, bedre ern\u00e6ring (ved at -inkorporerer vigtige proteinkilder tilbage i familiens di\u00e6t) og meget mindre stress og bekymring af frygt for madreaktioner.<\/p>\n<p>Appetit kan \u00f8ges s\u00e5vel som at vise mere interesse for andre typer f\u00f8devarer. AFP Peptizyde kan muligvis genindf\u00f8re mejeriprodukter og hvedeprodukter i kosten uden unormal adf\u00e6rd. Fordelene ved AFP Peptizyde varierer for hver enkelt person og kan blive p\u00e5virket af andre kosttilskud og di\u00e6t. Andre kosttilskud, is\u00e6r vitamin og mineraler, kan neds\u00e6ttes i doseringsm\u00e6ngde eller hyppighed, da mere ern\u00e6ring stammer fra di\u00e6t med enzymer.<\/p>\n<p>AFP Peptizyde anbefales til kostholdige proteiner og atletisk tr\u00e6ning; og dosering kan \u00f8ges for de m\u00e5ltider, der indeholder h\u00f8jere k\u00f8dprotein.<\/p>\n<h3><strong>Brug af AFP Peptizyde som et alternativ til GFCF-dietten<\/strong><\/h3>\n<p>Den procedure, der anbefales af de fleste for\u00e6ldre, der med succes har forladt GFCF-dietten (glutenfri, kaseinfri) ved hj\u00e6lp af AFP Peptizyde, er at bruge enzymerne, mens di\u00e6tet opretholdes i en periode p\u00e5 mindst 2 m\u00e5neder. N\u00e5r du udfordrer med f\u00f8devarer, der vides at v\u00e6re et problem, skal du f\u00f8rst bruge sm\u00e5 portioner med 1 eller 2 kapsler AFP Peptizyde. Hensigten er at give mere end nok AFP Peptizyde til at im\u00f8deg\u00e5 virkningerne af kasein \/ gluten.<br \/>\nHvis udfordringen var vellykket, kan det fors\u00f8ges at \u00f8ge m\u00e6ngden af \u200b\u200bgivet mad under hensyntagen til, at mere AFP Peptizyde kan v\u00e6re n\u00f8dvendigt for at im\u00f8deg\u00e5 den \u00f8gede st\u00f8rrelse af madudfordringen. Til lejlighedsvis brug kan der gives op til 4 kapsler til overtr\u00e6delser, mere end det vil sandsynligvis ikke give nogen yderligere fordel.<\/p>\n<h3><strong>Kontraindikationer for enzymtilskud<\/strong><\/h3>\n<p>Disse enzymer b\u00f8r bruges med forsigtighed i tilf\u00e6lde af aktiv mave- eller duodenals\u00e5r, sv\u00e6r tarmbet\u00e6ndelse (karakteriseret ved blod i aff\u00f8ring), h\u00e6mofili og andre bl\u00f8dningsforstyrrelser eller inden for en uge efter planlagt operation. Dette produkt er muligvis ikke egnet til dem med kendte allergier over for Aspergillus-enzymproteiner, selvom ikke-specifikke skimmelallergier ikke n\u00f8dvendigvis udelukker brug af svampenzymer. Kontakt din l\u00e6ge for yderligere r\u00e5dgivning, og g\u00e5 p\u00e5 den side af forsigtighed. Dem med kendte anafylaktiske allergiske reaktioner p\u00e5 svampeproteiner b\u00f8r IKKE indtage svampeafledte enzymer.<\/p>\n<h3><strong>Dosering<\/strong><\/h3>\n<p>Der er ikke etableret nogen \u00f8vre gr\u00e6nse for enzymdosering, og dyrefors\u00f8g med lignende enzymer fandt ingen toksicitet ved dosering s\u00e5 h\u00f8jt som 2000 milligram pr. Kg kropsv\u00e6gt pr. Dag i 90 dage. De fleste finder anvendelse af 1 til 2 kapsler pr. M\u00e5ltid tilstr\u00e6kkelig, og sandsynligvis vil der ikke forekomme yderligere fordele ved h\u00f8jere dosering, selvom der kan gives mere til de sj\u00e6ldne og store madudfordringer. Hver person er forskellig, s\u00e5 vi opfordrer til nogle eksperimenter for at finde den dosis, der bedst hj\u00e6lper hver person.<\/p>\n","protected":false},"excerpt":{"rendered":"<p><strong>AFP Peptizyde<\/strong>\u00ae er en kombination af tre forskellige enzymer, der nedbryder protein. Disse enzymer isoleres og oprenses fra svampekilder.<\/p>\n<p>Kombinationen af disse specifikke enzymer tillader meget mere effektive midler til hurtig og grundig nedbrydning (hydrolysering) af proteiner til mindre komponenter. Enzymerne i AFP Peptizyde virker kun p\u00e5 f\u00f8devareproteiner, ikke kulhydrater, fedtstoffer eller andre forbindelser og forstyrrer ikke medicin eller andre kosttilskud (medmindre de ogs\u00e5 er proteiner, hvilket er yderst usandsynligt). AFP Peptizyde kan anvendes i kombination med andre enzymprodukter.<\/p>\n","protected":false},"featured_media":4273,"comment_status":"open","ping_status":"closed","template":"","meta":{"_uag_custom_page_level_css":""},"product_brand":[],"product_cat":[96],"product_tag":[],"class_list":{"0":"post-1478","1":"product","2":"type-product","3":"status-publish","4":"has-post-thumbnail","6":"product_cat-tarmsundhed","8":"first","9":"instock","10":"taxable","11":"shipping-taxable","12":"purchasable","13":"product-type-simple","14":"layout-style-2","15":"col-md-4 col-sm-4 col-xs-6","16":"col-lg-3","17":"product-style-quickview"},"yoast_head":"<!-- This site is optimized with the Yoast SEO plugin v26.6 - https:\/\/yoast.com\/wordpress\/plugins\/seo\/ -->\n<title>AFP Peptizyde - Biomore<\/title>\n<meta name=\"robots\" content=\"index, follow, max-snippet:-1, max-image-preview:large, max-video-preview:-1\" \/>\n<link rel=\"canonical\" href=\"https:\/\/www.biomore.eu\/da\/product\/afp-peptizyde\/\" \/>\n<meta property=\"og:locale\" content=\"da_DK\" \/>\n<meta property=\"og:type\" content=\"article\" \/>\n<meta property=\"og:title\" content=\"AFP Peptizyde - Biomore\" \/>\n<meta property=\"og:description\" content=\"AFP Peptizyde\u00ae er en kombination af tre forskellige enzymer, der nedbryder protein. Disse enzymer isoleres og oprenses fra svampekilder.  Kombinationen af disse specifikke enzymer tillader meget mere effektive midler til hurtig og grundig nedbrydning (hydrolysering) af proteiner til mindre komponenter. Enzymerne i AFP Peptizyde virker kun p\u00e5 f\u00f8devareproteiner, ikke kulhydrater, fedtstoffer eller andre forbindelser og forstyrrer ikke medicin eller andre kosttilskud (medmindre de ogs\u00e5 er proteiner, hvilket er yderst usandsynligt). AFP Peptizyde kan anvendes i kombination med andre enzymprodukter.\" \/>\n<meta property=\"og:url\" content=\"https:\/\/www.biomore.eu\/da\/product\/afp-peptizyde\/\" \/>\n<meta property=\"og:site_name\" content=\"Biomore\" \/>\n<meta property=\"article:modified_time\" content=\"2021-01-19T22:40:40+00:00\" \/>\n<meta property=\"og:image\" content=\"https:\/\/www.biomore.eu\/wp-content\/uploads\/2020\/12\/AFP-Peptizyde-90-front.png\" \/>\n\t<meta property=\"og:image:width\" content=\"908\" \/>\n\t<meta property=\"og:image:height\" content=\"908\" \/>\n\t<meta property=\"og:image:type\" content=\"image\/png\" \/>\n<meta name=\"twitter:card\" content=\"summary_large_image\" \/>\n<meta name=\"twitter:label1\" content=\"Estimeret l\u00e6setid\" \/>\n\t<meta name=\"twitter:data1\" content=\"4 minutter\" \/>\n<script type=\"application\/ld+json\" class=\"yoast-schema-graph\">{\"@context\":\"https:\/\/schema.org\",\"@graph\":[{\"@type\":\"WebPage\",\"@id\":\"https:\/\/www.biomore.eu\/da\/product\/afp-peptizyde\/\",\"url\":\"https:\/\/www.biomore.eu\/da\/product\/afp-peptizyde\/\",\"name\":\"AFP Peptizyde - Biomore\",\"isPartOf\":{\"@id\":\"https:\/\/www.biomore.eu\/de\/#website\"},\"primaryImageOfPage\":{\"@id\":\"https:\/\/www.biomore.eu\/da\/product\/afp-peptizyde\/#primaryimage\"},\"image\":{\"@id\":\"https:\/\/www.biomore.eu\/da\/product\/afp-peptizyde\/#primaryimage\"},\"thumbnailUrl\":\"https:\/\/www.biomore.eu\/wp-content\/uploads\/2025\/07\/AFP-Peptizyde-90-front.webp\",\"datePublished\":\"2021-01-01T17:10:36+00:00\",\"dateModified\":\"2021-01-19T22:40:40+00:00\",\"breadcrumb\":{\"@id\":\"https:\/\/www.biomore.eu\/da\/product\/afp-peptizyde\/#breadcrumb\"},\"inLanguage\":\"da-DK\",\"potentialAction\":[{\"@type\":\"ReadAction\",\"target\":[\"https:\/\/www.biomore.eu\/da\/product\/afp-peptizyde\/\"]}]},{\"@type\":\"ImageObject\",\"inLanguage\":\"da-DK\",\"@id\":\"https:\/\/www.biomore.eu\/da\/product\/afp-peptizyde\/#primaryimage\",\"url\":\"https:\/\/www.biomore.eu\/wp-content\/uploads\/2025\/07\/AFP-Peptizyde-90-front.webp\",\"contentUrl\":\"https:\/\/www.biomore.eu\/wp-content\/uploads\/2025\/07\/AFP-Peptizyde-90-front.webp\",\"width\":908,\"height\":908,\"caption\":\"AFP Peptizyde 90\"},{\"@type\":\"BreadcrumbList\",\"@id\":\"https:\/\/www.biomore.eu\/da\/product\/afp-peptizyde\/#breadcrumb\",\"itemListElement\":[{\"@type\":\"ListItem\",\"position\":1,\"name\":\"Home\",\"item\":\"https:\/\/www.biomore.eu\/da\/\"},{\"@type\":\"ListItem\",\"position\":2,\"name\":\"Shop\",\"item\":\"https:\/\/www.biomore.eu\/da\/shop\/\"},{\"@type\":\"ListItem\",\"position\":3,\"name\":\"AFP Peptizyde\"}]},{\"@type\":\"WebSite\",\"@id\":\"https:\/\/www.biomore.eu\/de\/#website\",\"url\":\"https:\/\/www.biomore.eu\/de\/\",\"name\":\"Biomore\",\"description\":\"\",\"potentialAction\":[{\"@type\":\"SearchAction\",\"target\":{\"@type\":\"EntryPoint\",\"urlTemplate\":\"https:\/\/www.biomore.eu\/de\/?s={search_term_string}\"},\"query-input\":{\"@type\":\"PropertyValueSpecification\",\"valueRequired\":true,\"valueName\":\"search_term_string\"}}],\"inLanguage\":\"da-DK\"}]}<\/script>\n<!-- \/ Yoast SEO plugin. -->","yoast_head_json":{"title":"AFP Peptizyde - Biomore","robots":{"index":"index","follow":"follow","max-snippet":"max-snippet:-1","max-image-preview":"max-image-preview:large","max-video-preview":"max-video-preview:-1"},"canonical":"https:\/\/www.biomore.eu\/da\/product\/afp-peptizyde\/","og_locale":"da_DK","og_type":"article","og_title":"AFP Peptizyde - Biomore","og_description":"AFP Peptizyde\u00ae er en kombination af tre forskellige enzymer, der nedbryder protein. Disse enzymer isoleres og oprenses fra svampekilder.  Kombinationen af disse specifikke enzymer tillader meget mere effektive midler til hurtig og grundig nedbrydning (hydrolysering) af proteiner til mindre komponenter. Enzymerne i AFP Peptizyde virker kun p\u00e5 f\u00f8devareproteiner, ikke kulhydrater, fedtstoffer eller andre forbindelser og forstyrrer ikke medicin eller andre kosttilskud (medmindre de ogs\u00e5 er proteiner, hvilket er yderst usandsynligt). AFP Peptizyde kan anvendes i kombination med andre enzymprodukter.","og_url":"https:\/\/www.biomore.eu\/da\/product\/afp-peptizyde\/","og_site_name":"Biomore","article_modified_time":"2021-01-19T22:40:40+00:00","og_image":[{"width":908,"height":908,"url":"https:\/\/www.biomore.eu\/wp-content\/uploads\/2020\/12\/AFP-Peptizyde-90-front.png","type":"image\/png"}],"twitter_card":"summary_large_image","twitter_misc":{"Estimeret l\u00e6setid":"4 minutter"},"schema":{"@context":"https:\/\/schema.org","@graph":[{"@type":"WebPage","@id":"https:\/\/www.biomore.eu\/da\/product\/afp-peptizyde\/","url":"https:\/\/www.biomore.eu\/da\/product\/afp-peptizyde\/","name":"AFP Peptizyde - Biomore","isPartOf":{"@id":"https:\/\/www.biomore.eu\/de\/#website"},"primaryImageOfPage":{"@id":"https:\/\/www.biomore.eu\/da\/product\/afp-peptizyde\/#primaryimage"},"image":{"@id":"https:\/\/www.biomore.eu\/da\/product\/afp-peptizyde\/#primaryimage"},"thumbnailUrl":"https:\/\/www.biomore.eu\/wp-content\/uploads\/2025\/07\/AFP-Peptizyde-90-front.webp","datePublished":"2021-01-01T17:10:36+00:00","dateModified":"2021-01-19T22:40:40+00:00","breadcrumb":{"@id":"https:\/\/www.biomore.eu\/da\/product\/afp-peptizyde\/#breadcrumb"},"inLanguage":"da-DK","potentialAction":[{"@type":"ReadAction","target":["https:\/\/www.biomore.eu\/da\/product\/afp-peptizyde\/"]}]},{"@type":"ImageObject","inLanguage":"da-DK","@id":"https:\/\/www.biomore.eu\/da\/product\/afp-peptizyde\/#primaryimage","url":"https:\/\/www.biomore.eu\/wp-content\/uploads\/2025\/07\/AFP-Peptizyde-90-front.webp","contentUrl":"https:\/\/www.biomore.eu\/wp-content\/uploads\/2025\/07\/AFP-Peptizyde-90-front.webp","width":908,"height":908,"caption":"AFP Peptizyde 90"},{"@type":"BreadcrumbList","@id":"https:\/\/www.biomore.eu\/da\/product\/afp-peptizyde\/#breadcrumb","itemListElement":[{"@type":"ListItem","position":1,"name":"Home","item":"https:\/\/www.biomore.eu\/da\/"},{"@type":"ListItem","position":2,"name":"Shop","item":"https:\/\/www.biomore.eu\/da\/shop\/"},{"@type":"ListItem","position":3,"name":"AFP Peptizyde"}]},{"@type":"WebSite","@id":"https:\/\/www.biomore.eu\/de\/#website","url":"https:\/\/www.biomore.eu\/de\/","name":"Biomore","description":"","potentialAction":[{"@type":"SearchAction","target":{"@type":"EntryPoint","urlTemplate":"https:\/\/www.biomore.eu\/de\/?s={search_term_string}"},"query-input":{"@type":"PropertyValueSpecification","valueRequired":true,"valueName":"search_term_string"}}],"inLanguage":"da-DK"}]}},"uagb_featured_image_src":{"full":["https:\/\/www.biomore.eu\/wp-content\/uploads\/2025\/07\/AFP-Peptizyde-90-front.webp",908,908,false],"thumbnail":["https:\/\/www.biomore.eu\/wp-content\/uploads\/2025\/07\/AFP-Peptizyde-90-front-150x150.webp",150,150,true],"medium":["https:\/\/www.biomore.eu\/wp-content\/uploads\/2025\/07\/AFP-Peptizyde-90-front-300x300.webp",300,300,true],"medium_large":["https:\/\/www.biomore.eu\/wp-content\/uploads\/2025\/07\/AFP-Peptizyde-90-front-768x768.webp",640,640,true],"large":["https:\/\/www.biomore.eu\/wp-content\/uploads\/2025\/07\/AFP-Peptizyde-90-front.webp",640,640,false],"1536x1536":["https:\/\/www.biomore.eu\/wp-content\/uploads\/2025\/07\/AFP-Peptizyde-90-front.webp",908,908,false],"2048x2048":["https:\/\/www.biomore.eu\/wp-content\/uploads\/2025\/07\/AFP-Peptizyde-90-front.webp",908,908,false],"post-thumbnail":["https:\/\/www.biomore.eu\/wp-content\/uploads\/2025\/07\/AFP-Peptizyde-90-front-100x100.webp",100,100,true],"sober-blog-thumbnail":["https:\/\/www.biomore.eu\/wp-content\/uploads\/2025\/07\/AFP-Peptizyde-90-front-750x480.webp",750,480,true],"sober-blog-grid":["https:\/\/www.biomore.eu\/wp-content\/uploads\/2025\/07\/AFP-Peptizyde-90-front-360x240.webp",360,240,true],"sober-widget-thumbnail":["https:\/\/www.biomore.eu\/wp-content\/uploads\/2025\/07\/AFP-Peptizyde-90-front-100x100.webp",100,100,true],"woocommerce_thumbnail":["https:\/\/www.biomore.eu\/wp-content\/uploads\/2025\/07\/AFP-Peptizyde-90-front-433x516.webp",433,516,true],"woocommerce_single":["https:\/\/www.biomore.eu\/wp-content\/uploads\/2025\/07\/AFP-Peptizyde-90-front-897x897.webp",897,897,true],"woocommerce_gallery_thumbnail":["https:\/\/www.biomore.eu\/wp-content\/uploads\/2025\/07\/AFP-Peptizyde-90-front-80x100.webp",80,100,true],"sober_wc_gallery_thumbnail":["https:\/\/www.biomore.eu\/wp-content\/uploads\/2025\/07\/AFP-Peptizyde-90-front-160x200.webp",160,200,true]},"uagb_author_info":{"display_name":"Jan Pieter","author_link":"https:\/\/www.biomore.eu\/da\/author\/"},"uagb_comment_info":0,"uagb_excerpt":"AFP Peptizyde\u00ae er en kombination af tre forskellige enzymer, der nedbryder protein. Disse enzymer isoleres og oprenses fra svampekilder. Kombinationen af disse specifikke enzymer tillader meget mere effektive midler til hurtig og grundig nedbrydning (hydrolysering) af proteiner til mindre komponenter. Enzymerne i AFP Peptizyde virker kun p\u00e5 f\u00f8devareproteiner, ikke kulhydrater, fedtstoffer eller andre forbindelser og&hellip;","_links":{"self":[{"href":"https:\/\/www.biomore.eu\/da\/wp-json\/wp\/v2\/product\/1478","targetHints":{"allow":["GET"]}}],"collection":[{"href":"https:\/\/www.biomore.eu\/da\/wp-json\/wp\/v2\/product"}],"about":[{"href":"https:\/\/www.biomore.eu\/da\/wp-json\/wp\/v2\/types\/product"}],"replies":[{"embeddable":true,"href":"https:\/\/www.biomore.eu\/da\/wp-json\/wp\/v2\/comments?post=1478"}],"wp:featuredmedia":[{"embeddable":true,"href":"https:\/\/www.biomore.eu\/da\/wp-json\/wp\/v2\/media\/4273"}],"wp:attachment":[{"href":"https:\/\/www.biomore.eu\/da\/wp-json\/wp\/v2\/media?parent=1478"}],"wp:term":[{"taxonomy":"product_brand","embeddable":true,"href":"https:\/\/www.biomore.eu\/da\/wp-json\/wp\/v2\/product_brand?post=1478"},{"taxonomy":"product_cat","embeddable":true,"href":"https:\/\/www.biomore.eu\/da\/wp-json\/wp\/v2\/product_cat?post=1478"},{"taxonomy":"product_tag","embeddable":true,"href":"https:\/\/www.biomore.eu\/da\/wp-json\/wp\/v2\/product_tag?post=1478"}],"curies":[{"name":"wp","href":"https:\/\/api.w.org\/{rel}","templated":true}]}}