{"id":875,"date":"2018-07-14T21:25:58","date_gmt":"2018-07-14T20:25:58","guid":{"rendered":"https:\/\/www.biomore.eu\/rens\/"},"modified":"2025-08-04T20:43:27","modified_gmt":"2025-08-04T19:43:27","slug":"rens","status":"publish","type":"page","link":"https:\/\/www.biomore.eu\/da\/rens\/","title":{"rendered":"Rens"},"content":{"rendered":"\n<h3 class=\"wp-block-heading\">Hvorfor er fjernelsen af giftige stoffer fra din krop s\u00e5 vigtig?<\/h3>\n\n\n\n<p>Fra begyndelsen af dit liv er din krop udsat for alle slags forskellige giftige tungmetaller. Disse forbindelser er d\u00e5rligt vandopl\u00f8selige, s\u00e5 processen for indtagelse og akkumulering g\u00e5r meget langsomt. Men f\u00f8r eller senere er tungmetallerne ansvarlige for ubalancer i fysiologien i din krop, fordi de blokkerer vitale dele af receptorer. F\u00e6lles toksiske metaller er kobber, kviks\u00f8lv, bly, aluminium, arsenik, bore, lithium, cadmium, nikkel, kobolt, molybd\u00e6n.<\/p>\n\n\n\n<p>Udover uds\u00e6ttelse for tungmetaller er din krop udsat for PCB&#8217;s pesticider, herbicider og vira. De har til f\u00e6lles, at de sv\u00e6kker dit immunsystem.<\/p>\n\n\n\n<p>Biomore har en meget effektiv detox l\u00f8sning til din krop; fulvinsyre. Dette molekyle har en meget alsidig funktion ved at binde alle slags al molekyler og transportere det gennem din krop. Det resulterer i en eliminering af alle slags u\u00f8nskede molekyler, is\u00e6r dem, der er deponeret i v\u00e6vet og d\u00e5rligt opl\u00f8selige!<\/p>\n\n\n\n<h3 class=\"wp-block-heading\">Hvad er Fulvinsyre?<\/h3>\n\n\n\n<p>Fulvinsyre er en af to klasser af humursyre, organiske forbindelser, der findes i jordens jordbund og vandkroppe. I l\u00f8bet af de sidste \u00e5rtier har vi l\u00e6rt meget mere om, hvordan hum\u00e6re stoffer, der findes i snavs, herunder fulvinsyre, faktisk kan forbedre menneskers tarmenes sundhed og dermed immunfunktioner.<\/p>\n\n\n\n<p>Erhvervelse af nok elektrolytter og andre spormineraler er vigtigt for korrekt metaboliske funktioner, ford\u00f8jelseshygiejne og n\u00e6ringsassimilering. Udover at give r\u00e5 n\u00e6ringsstoffer, fulvinsyre <strong> transporterer mineraler og andre n\u00e6ringsstoffer <\/strong> til celler mere effektivt, \u00f8ger absorptionshastigheden af n\u00e6ringsstoffer ved at g\u00f8re celler mere gennemtr\u00e6ngelige og spiller en vigtig rolle i ford\u00f8jelseskanalerne.<\/p>\n\n\n\n<p>En anden fordel ved at tage fulvinsyre som et supplement er, at det hj\u00e6lper med at genoprette kroppens <strong> optimale pH-v\u00e6rdi. <\/strong> Ved at alkalisere kroppen og forhindre, at et alt for surt milj\u00f8 dannes, kan humic syrer v\u00e6re i stand til at hj\u00e6lpe med at holde blodets pH i kroppen.<\/p>\n\n\n\n<p>Humic syrer er gavnlige for ford\u00f8jelsen og forbedring af energi p\u00e5 grund af deres afgiftende evner. Humic syrer er i stand til at binde til toksiner og metaller, der kommer ind i kroppen gennem f\u00f8devareforsyningen, vand, receptpligtige l\u00e6gemidler, husholdningsartikler og luftforurening.<\/p>\n\n\n\n<p>Fulvinsyrer indeholder antioxidanter, som modvirker virkningerne af frie radikaler og hj\u00e6lper ogs\u00e5 med at afgifte kroppen af mange toksiner, der bidrager til problemet: For eksempel anvendes kemikalier til landbrug, radioaktivt affald og tungmetaller. Det hj\u00e6lper ogs\u00e5 med at udvide permeabiliteten og levetiden af celler ved at give elektrolytter, der har talrige funktioner i hjertet, musklerne, hjernen og ford\u00f8jelseskanalen.<\/p>\n\n\n\n<h3 class=\"wp-block-heading\">Hvordan virker Fulvinsyre?<a href=\"https:\/\/www.biomore.eu\/wp-content\/uploads\/2017\/12\/fulvicacid_molecule.jpg\"><img loading=\"lazy\" decoding=\"async\" class=\"alignright size-full wp-image-291\" src=\"https:\/\/www.biomore.eu\/wp-content\/uploads\/2025\/07\/fulvicacid_molecule.webp\" alt=\"\" width=\"537\" height=\"291\"><\/a><\/h3>\n\n\n\n<p>Dens struktur best\u00e5r af aromatiske, organiske polymerer med mange carboxylgrupper, der frigiver hydrogenioner, hvilket resulterer i en elektrisk ladning, der hj\u00e6lper med at tiltr\u00e6kke frie radikaler, tungmetaller og andre toksiner i kroppen, s\u00e5 det kan virke som et &#8220;reng\u00f8ringsmiddel&#8221;. N\u00e5r det bliver reaktivt med metaller, hj\u00e6lper fulvinsyre dem med at blive mere opl\u00f8selige i vand, hvilket betyder, at de lettere udf\u00f8res i kroppen.<\/p>\n\n\n\n<p>Som en vigtig kilde til n\u00f8gleelektrolytter og antioxidanter har det vist sig at forbedre forskellige cellul\u00e6re processer, muskelfunktioner, ford\u00f8jelsesevne, hjerte og hjerne sundhed. Fulvinsyre hj\u00e6lper celler med at absorbere m\u00e6ngden af mineraler, de har brug for, og kassere affald ved at fungere som iontransport\u00f8r.<\/p>\n\n\n\n<h3 class=\"wp-block-heading has-text-align-center\">2 produktversioner &#8211; b\u00e5de unikke og effektive<\/h3>\n\n\n\n<div class=\"wp-block-uagb-container uagb-block-2086dcb2 alignfull uagb-is-root-container\"><div class=\"uagb-container-inner-blocks-wrap\">\n<div class=\"wp-block-uagb-container uagb-block-e73058c7\">\n<p>En <strong>wellness drikke lageropl\u00f8sning <\/strong>, der skal fortyndes f\u00f8r brug, og bruges som drikke. Du kan v\u00e6lge mellem vand eller kulsyreholdigt vand og endda en frugtsaft. Drik 1 liter fortyndet Fulvinsyre i l\u00f8bet af dagen.<\/p>\n<\/div>\n\n\n\n<div class=\"wp-block-uagb-container uagb-block-496d0fdf\">\n<p>En <strong> inhalations stamopl\u00f8sning <\/strong>, der skal fortyndes f\u00f8r brug og ind\u00e5ndes. Dette produkt er specielt designet til reng\u00f8ring af dine sines. Sinus er et hulrum inden for en knogle eller et andet v\u00e6v, is\u00e6r en i ansigtsbenet eller kraniet, der forbinder med n\u00e6sehulen.<\/p>\n<\/div>\n<\/div><\/div>\n\n\n\n<div class=\"wp-block-uagb-container uagb-block-72e913fc alignfull uagb-is-root-container\"><div class=\"uagb-container-inner-blocks-wrap\">\n<div class=\"wp-block-uagb-container uagb-block-6517e641\"><div data-background-color=\"black\" data-block-name=\"woocommerce\/featured-product\" data-dim-ratio=\"0\" data-edit-mode=\"false\" data-image-fit=\"cover\" data-product-id=\"1050\" data-show-desc=\"false\" data-show-price=\"false\" data-style=\"{&quot;elements&quot;:{&quot;link&quot;:{&quot;color&quot;:{&quot;text&quot;:&quot;var:preset|color|white&quot;}}}}\" data-text-color=\"white\" class=\"wc-block-featured-product alignnone has-background has-black-background-color has-text-color has-white-color wp-elements-8a8114866be5baed3a7b2fd1b5bc0b1e wp-block-woocommerce-featured-product\" style=\"min-height:500px;\"><div class=\"wc-block-featured-product__wrapper\"><div class=\"background-dim__overlay\" style=\"background-color: #000000\"><\/div><img decoding=\"async\" alt=\"Fulvic Acid (drink)\" class=\"wc-block-featured-product__background-image\" src=\"https:\/\/www.biomore.eu\/wp-content\/uploads\/2025\/07\/Fulvic-Acid-Drink-0.5L.webp\" style=\"object-fit: cover;object-position: 50% 50%;\" \/><h2 class=\"wc-block-featured-product__title\">Fulvic Acid (drink)<\/h2><div class=\"wc-block-featured-product__inner-blocks\">\n\n<div class=\"wp-block-buttons is-content-justification-center is-layout-flex wp-container-core-buttons-is-layout-16018d1d wp-block-buttons-is-layout-flex\">\n<div class=\"wp-block-button\"><a class=\"wp-block-button__link has-white-color has-black-background-color has-text-color has-background has-link-color has-small-font-size has-custom-font-size wp-element-button\" href=\"https:\/\/www.biomore.eu\/da\/product\/fulvic-acid-drink\/\">Shop now<\/a><\/div>\n<\/div>\n\n<\/div><\/div><\/div><\/div>\n\n\n\n<div class=\"wp-block-uagb-container uagb-block-1a08bbbb\"><div data-background-color=\"black\" data-block-name=\"woocommerce\/featured-product\" data-dim-ratio=\"0\" data-edit-mode=\"false\" data-image-fit=\"cover\" data-product-id=\"1042\" data-show-desc=\"false\" data-show-price=\"false\" data-style=\"{&quot;elements&quot;:{&quot;link&quot;:{&quot;color&quot;:{&quot;text&quot;:&quot;var:preset|color|white&quot;}}}}\" data-text-color=\"white\" class=\"wc-block-featured-product alignnone has-background has-black-background-color has-text-color has-white-color wp-elements-9b335f06b4f405e66b6f24b15ef6d66c wp-block-woocommerce-featured-product\" style=\"min-height:500px;\"><div class=\"wc-block-featured-product__wrapper\"><div class=\"background-dim__overlay\" style=\"background-color: #000000\"><\/div><img decoding=\"async\" alt=\"Fulvic Acid (inhalation)\" class=\"wc-block-featured-product__background-image\" src=\"https:\/\/www.biomore.eu\/wp-content\/uploads\/2025\/07\/Fulvic-acid-0.5L-inhalation.webp\" style=\"object-fit: cover;object-position: 50% 50%;\" \/><h2 class=\"wc-block-featured-product__title\">Fulvic Acid (inhalation)<\/h2><div class=\"wc-block-featured-product__inner-blocks\">\n\n<div class=\"wp-block-buttons is-content-justification-center is-layout-flex wp-container-core-buttons-is-layout-16018d1d wp-block-buttons-is-layout-flex\">\n<div class=\"wp-block-button\"><a class=\"wp-block-button__link has-white-color has-black-background-color has-text-color has-background has-link-color has-small-font-size has-custom-font-size wp-element-button\" href=\"https:\/\/www.biomore.eu\/da\/product\/fulvic-acid-inhalation\/\">Shop now<\/a><\/div>\n<\/div>\n\n<\/div><\/div><\/div><\/div>\n\n\n\n<div class=\"wp-block-uagb-container uagb-block-7f507c59\">\n<h3 class=\"wp-block-heading\">Hvorfor er Biomore Fulvinsyre s\u00e5 unik?<\/h3>\n\n\n\n<p>Gennem \u00e5rene har folk brugt naturlige kilder til brug af fulvinsyre. P\u00e5 grund af den verdensomsp\u00e6ndende forurening i naturen med tungmetaller, printplader, pesticider og herbicider er det ikke l\u00e6ngere muligt at finde rigtig rene kilder. I dag er alle naturafledte fulvinsyrer forurenet, hvilket g\u00f8r produktet mindre v\u00e6rdifuldt for 100 \u00e5r siden. N\u00e5r giftige metaller er bundet af dette molekyle, er det umuligt at fjerne det. S\u00e5 i stedet for en detox er din krop udsat for molekyler, du rent faktisk vil fjerne!<br><br>Vi har derfor udviklet en proces, hvor fulvinsyre fremstilles som 100% ren og fri for tungmetaller, PCB, pesticider og herbicider. Vi er det eneste firma, der s\u00e6lger dette produkt i Europa.<\/p>\n<\/div>\n\n\n\n<div class=\"wp-block-uagb-container uagb-block-2fc1d88e\">\n<h3 class=\"wp-block-heading\">Funktioner<\/h3>\n\n\n\n<p>\u2714\ufe0f Forbedrer biotilg\u00e6ngeligheden af f\u00f8devareingredienser<\/p>\n\n\n\n<p>\u2714\ufe0f Hj\u00e6lper med at frigive tungmetaller, PCB&#8217;s og pesticider fra kroppen<\/p>\n\n\n\n<p>\u2714\ufe0f Ind\u00e5ndingsformel for sinus<\/p>\n\n\n\n<p>\u2714\ufe0f Drikke formel til kropsv\u00e6v og organer<\/p>\n<\/div>\n<\/div><\/div>\n","protected":false},"excerpt":{"rendered":"<p>Hvorfor er fjernelsen af giftige stoffer fra din krop s\u00e5 vigtig? Fra begyndelsen af dit liv er din krop udsat for alle slags forskellige giftige tungmetaller. Disse forbindelser er d\u00e5rligt vandopl\u00f8selige, s\u00e5 processen for indtagelse og akkumulering g\u00e5r meget langsomt. Men f\u00f8r eller senere er tungmetallerne ansvarlige for ubalancer i fysiologien i din krop, fordi de blokkerer vitale dele af receptorer. F\u00e6lles toksiske metaller er kobber, kviks\u00f8lv, bly, aluminium, arsenik, bore, lithium, cadmium, nikkel, kobolt,&hellip;<\/p>\n","protected":false},"author":1,"featured_media":0,"parent":0,"menu_order":0,"comment_status":"closed","ping_status":"closed","template":"","meta":{"_uag_custom_page_level_css":"","footnotes":""},"class_list":["post-875","page","type-page","status-publish","hentry"],"yoast_head":"<!-- This site is optimized with the Yoast SEO plugin v26.6 - https:\/\/yoast.com\/wordpress\/plugins\/seo\/ -->\n<title>Rens din krop<\/title>\n<meta name=\"description\" content=\"N\u00e5r det bliver reaktivt med metaller, hj\u00e6lper fulvinsyre dem med at blive mere opl\u00f8selige i vand, hvilket betyder, at de lettere udf\u00f8res i kroppen.\" \/>\n<meta name=\"robots\" content=\"index, follow, max-snippet:-1, max-image-preview:large, max-video-preview:-1\" \/>\n<link rel=\"canonical\" href=\"https:\/\/www.biomore.eu\/da\/rens\/\" \/>\n<meta property=\"og:locale\" content=\"da_DK\" \/>\n<meta property=\"og:type\" content=\"article\" \/>\n<meta property=\"og:title\" content=\"Rens din krop\" \/>\n<meta property=\"og:description\" content=\"N\u00e5r det bliver reaktivt med metaller, hj\u00e6lper fulvinsyre dem med at blive mere opl\u00f8selige i vand, hvilket betyder, at de lettere udf\u00f8res i kroppen.\" \/>\n<meta property=\"og:url\" content=\"https:\/\/www.biomore.eu\/da\/rens\/\" \/>\n<meta property=\"og:site_name\" content=\"Biomore\" \/>\n<meta property=\"article:modified_time\" content=\"2025-08-04T19:43:27+00:00\" \/>\n<meta name=\"twitter:card\" content=\"summary_large_image\" \/>\n<meta name=\"twitter:label1\" content=\"Estimeret l\u00e6setid\" \/>\n\t<meta name=\"twitter:data1\" content=\"4 minutter\" \/>\n<script type=\"application\/ld+json\" class=\"yoast-schema-graph\">{\"@context\":\"https:\/\/schema.org\",\"@graph\":[{\"@type\":\"WebPage\",\"@id\":\"https:\/\/www.biomore.eu\/da\/rens\/\",\"url\":\"https:\/\/www.biomore.eu\/da\/rens\/\",\"name\":\"Rens din krop\",\"isPartOf\":{\"@id\":\"https:\/\/www.biomore.eu\/de\/#website\"},\"primaryImageOfPage\":{\"@id\":\"https:\/\/www.biomore.eu\/da\/rens\/#primaryimage\"},\"image\":{\"@id\":\"https:\/\/www.biomore.eu\/da\/rens\/#primaryimage\"},\"thumbnailUrl\":\"https:\/\/www.biomore.eu\/wp-content\/uploads\/2025\/07\/fulvicacid_molecule.webp\",\"datePublished\":\"2018-07-14T20:25:58+00:00\",\"dateModified\":\"2025-08-04T19:43:27+00:00\",\"description\":\"N\u00e5r det bliver reaktivt med metaller, hj\u00e6lper fulvinsyre dem med at blive mere opl\u00f8selige i vand, hvilket betyder, at de lettere udf\u00f8res i kroppen.\",\"breadcrumb\":{\"@id\":\"https:\/\/www.biomore.eu\/da\/rens\/#breadcrumb\"},\"inLanguage\":\"da-DK\",\"potentialAction\":[{\"@type\":\"ReadAction\",\"target\":[\"https:\/\/www.biomore.eu\/da\/rens\/\"]}]},{\"@type\":\"ImageObject\",\"inLanguage\":\"da-DK\",\"@id\":\"https:\/\/www.biomore.eu\/da\/rens\/#primaryimage\",\"url\":\"https:\/\/www.biomore.eu\/wp-content\/uploads\/2025\/07\/fulvicacid_molecule.webp\",\"contentUrl\":\"https:\/\/www.biomore.eu\/wp-content\/uploads\/2025\/07\/fulvicacid_molecule.webp\"},{\"@type\":\"BreadcrumbList\",\"@id\":\"https:\/\/www.biomore.eu\/da\/rens\/#breadcrumb\",\"itemListElement\":[{\"@type\":\"ListItem\",\"position\":1,\"name\":\"Home\",\"item\":\"https:\/\/www.biomore.eu\/da\/\"},{\"@type\":\"ListItem\",\"position\":2,\"name\":\"Rens\"}]},{\"@type\":\"WebSite\",\"@id\":\"https:\/\/www.biomore.eu\/de\/#website\",\"url\":\"https:\/\/www.biomore.eu\/de\/\",\"name\":\"Biomore\",\"description\":\"\",\"potentialAction\":[{\"@type\":\"SearchAction\",\"target\":{\"@type\":\"EntryPoint\",\"urlTemplate\":\"https:\/\/www.biomore.eu\/de\/?s={search_term_string}\"},\"query-input\":{\"@type\":\"PropertyValueSpecification\",\"valueRequired\":true,\"valueName\":\"search_term_string\"}}],\"inLanguage\":\"da-DK\"}]}<\/script>\n<!-- \/ Yoast SEO plugin. -->","yoast_head_json":{"title":"Rens din krop","description":"N\u00e5r det bliver reaktivt med metaller, hj\u00e6lper fulvinsyre dem med at blive mere opl\u00f8selige i vand, hvilket betyder, at de lettere udf\u00f8res i kroppen.","robots":{"index":"index","follow":"follow","max-snippet":"max-snippet:-1","max-image-preview":"max-image-preview:large","max-video-preview":"max-video-preview:-1"},"canonical":"https:\/\/www.biomore.eu\/da\/rens\/","og_locale":"da_DK","og_type":"article","og_title":"Rens din krop","og_description":"N\u00e5r det bliver reaktivt med metaller, hj\u00e6lper fulvinsyre dem med at blive mere opl\u00f8selige i vand, hvilket betyder, at de lettere udf\u00f8res i kroppen.","og_url":"https:\/\/www.biomore.eu\/da\/rens\/","og_site_name":"Biomore","article_modified_time":"2025-08-04T19:43:27+00:00","twitter_card":"summary_large_image","twitter_misc":{"Estimeret l\u00e6setid":"4 minutter"},"schema":{"@context":"https:\/\/schema.org","@graph":[{"@type":"WebPage","@id":"https:\/\/www.biomore.eu\/da\/rens\/","url":"https:\/\/www.biomore.eu\/da\/rens\/","name":"Rens din krop","isPartOf":{"@id":"https:\/\/www.biomore.eu\/de\/#website"},"primaryImageOfPage":{"@id":"https:\/\/www.biomore.eu\/da\/rens\/#primaryimage"},"image":{"@id":"https:\/\/www.biomore.eu\/da\/rens\/#primaryimage"},"thumbnailUrl":"https:\/\/www.biomore.eu\/wp-content\/uploads\/2025\/07\/fulvicacid_molecule.webp","datePublished":"2018-07-14T20:25:58+00:00","dateModified":"2025-08-04T19:43:27+00:00","description":"N\u00e5r det bliver reaktivt med metaller, hj\u00e6lper fulvinsyre dem med at blive mere opl\u00f8selige i vand, hvilket betyder, at de lettere udf\u00f8res i kroppen.","breadcrumb":{"@id":"https:\/\/www.biomore.eu\/da\/rens\/#breadcrumb"},"inLanguage":"da-DK","potentialAction":[{"@type":"ReadAction","target":["https:\/\/www.biomore.eu\/da\/rens\/"]}]},{"@type":"ImageObject","inLanguage":"da-DK","@id":"https:\/\/www.biomore.eu\/da\/rens\/#primaryimage","url":"https:\/\/www.biomore.eu\/wp-content\/uploads\/2025\/07\/fulvicacid_molecule.webp","contentUrl":"https:\/\/www.biomore.eu\/wp-content\/uploads\/2025\/07\/fulvicacid_molecule.webp"},{"@type":"BreadcrumbList","@id":"https:\/\/www.biomore.eu\/da\/rens\/#breadcrumb","itemListElement":[{"@type":"ListItem","position":1,"name":"Home","item":"https:\/\/www.biomore.eu\/da\/"},{"@type":"ListItem","position":2,"name":"Rens"}]},{"@type":"WebSite","@id":"https:\/\/www.biomore.eu\/de\/#website","url":"https:\/\/www.biomore.eu\/de\/","name":"Biomore","description":"","potentialAction":[{"@type":"SearchAction","target":{"@type":"EntryPoint","urlTemplate":"https:\/\/www.biomore.eu\/de\/?s={search_term_string}"},"query-input":{"@type":"PropertyValueSpecification","valueRequired":true,"valueName":"search_term_string"}}],"inLanguage":"da-DK"}]}},"uagb_featured_image_src":{"full":false,"thumbnail":false,"medium":false,"medium_large":false,"large":false,"1536x1536":false,"2048x2048":false,"post-thumbnail":false,"sober-blog-thumbnail":false,"sober-blog-grid":false,"sober-widget-thumbnail":false,"woocommerce_thumbnail":false,"woocommerce_single":false,"woocommerce_gallery_thumbnail":false,"sober_wc_gallery_thumbnail":false},"uagb_author_info":{"display_name":"Jan Pieter","author_link":"https:\/\/www.biomore.eu\/da\/author\/admin\/"},"uagb_comment_info":0,"uagb_excerpt":"Hvorfor er fjernelsen af giftige stoffer fra din krop s\u00e5 vigtig? Fra begyndelsen af dit liv er din krop udsat for alle slags forskellige giftige tungmetaller. Disse forbindelser er d\u00e5rligt vandopl\u00f8selige, s\u00e5 processen for indtagelse og akkumulering g\u00e5r meget langsomt. Men f\u00f8r eller senere er tungmetallerne ansvarlige for ubalancer i fysiologien i din krop, fordi&hellip;","_links":{"self":[{"href":"https:\/\/www.biomore.eu\/da\/wp-json\/wp\/v2\/pages\/875","targetHints":{"allow":["GET"]}}],"collection":[{"href":"https:\/\/www.biomore.eu\/da\/wp-json\/wp\/v2\/pages"}],"about":[{"href":"https:\/\/www.biomore.eu\/da\/wp-json\/wp\/v2\/types\/page"}],"author":[{"embeddable":true,"href":"https:\/\/www.biomore.eu\/da\/wp-json\/wp\/v2\/users\/1"}],"replies":[{"embeddable":true,"href":"https:\/\/www.biomore.eu\/da\/wp-json\/wp\/v2\/comments?post=875"}],"version-history":[{"count":1,"href":"https:\/\/www.biomore.eu\/da\/wp-json\/wp\/v2\/pages\/875\/revisions"}],"predecessor-version":[{"id":4409,"href":"https:\/\/www.biomore.eu\/da\/wp-json\/wp\/v2\/pages\/875\/revisions\/4409"}],"wp:attachment":[{"href":"https:\/\/www.biomore.eu\/da\/wp-json\/wp\/v2\/media?parent=875"}],"curies":[{"name":"wp","href":"https:\/\/api.w.org\/{rel}","templated":true}]}}